{"id":101,"date":"2015-05-27T15:38:52","date_gmt":"2015-05-27T13:38:52","guid":{"rendered":"http:\/\/amante-menden.de\/wordpress\/?page_id=101"},"modified":"2025-01-25T21:57:26","modified_gmt":"2025-01-25T19:57:26","slug":"notenwart","status":"publish","type":"page","link":"https:\/\/www.amante-menden.de\/?page_id=101","title":{"rendered":"1. Notenwartin"},"content":{"rendered":"<p><a href=\"http:\/\/www.amante-menden.de\/wordpress\/wp-content\/uploads\/2015\/05\/sabine-150x150.jpg\" rel=\"attachment wp-att-2719\"><img loading=\"lazy\" decoding=\"async\" class=\"alignnone wp-image-2743 size-thumbnail\" src=\"http:\/\/www.amante-menden.de\/wordpress\/wp-content\/uploads\/2015\/05\/sabine-150x150.jpg\" alt=\" \" width=\"150\" height=\"150\" \/><\/a><br \/>\n<strong>Sabine Baschista<br \/>\n<\/strong><\/p>\n<p>Sabine Baschista singt seit 2012 im Sopran von amante della musica menden und war 2017 Schnuppermitglied im Vorstand. 2019 wurde sie zur 2. Notenwartin gew\u00e4hlt und wechselte 2020 in das Amt der 1. Notenwartin. Die Mitgliederversammlung best\u00e4tigte sie am 18. Januar 2025 f\u00fcr zwei weitere Jahre in ihrem Amt.<\/p>\n","protected":false},"excerpt":{"rendered":"<p>Sabine Baschista Sabine Baschista singt seit 2012 im Sopran von amante della musica menden und war 2017 Schnuppermitglied im Vorstand. 2019 wurde sie zur 2. Notenwartin gew\u00e4hlt und wechselte 2020 in das Amt der 1. Notenwartin. Die Mitgliederversammlung best\u00e4tigte sie &hellip; <a href=\"https:\/\/www.amante-menden.de\/?page_id=101\">Weiterlesen <span class=\"meta-nav\">&rarr;<\/span><\/a><\/p>\n","protected":false},"author":1,"featured_media":0,"parent":230,"menu_order":7,"comment_status":"closed","ping_status":"closed","template":"","meta":{"footnotes":""},"class_list":["post-101","page","type-page","status-publish","hentry"],"_links":{"self":[{"href":"https:\/\/www.amante-menden.de\/index.php?rest_route=\/wp\/v2\/pages\/101","targetHints":{"allow":["GET"]}}],"collection":[{"href":"https:\/\/www.amante-menden.de\/index.php?rest_route=\/wp\/v2\/pages"}],"about":[{"href":"https:\/\/www.amante-menden.de\/index.php?rest_route=\/wp\/v2\/types\/page"}],"author":[{"embeddable":true,"href":"https:\/\/www.amante-menden.de\/index.php?rest_route=\/wp\/v2\/users\/1"}],"replies":[{"embeddable":true,"href":"https:\/\/www.amante-menden.de\/index.php?rest_route=%2Fwp%2Fv2%2Fcomments&post=101"}],"version-history":[{"count":9,"href":"https:\/\/www.amante-menden.de\/index.php?rest_route=\/wp\/v2\/pages\/101\/revisions"}],"predecessor-version":[{"id":5020,"href":"https:\/\/www.amante-menden.de\/index.php?rest_route=\/wp\/v2\/pages\/101\/revisions\/5020"}],"up":[{"embeddable":true,"href":"https:\/\/www.amante-menden.de\/index.php?rest_route=\/wp\/v2\/pages\/230"}],"wp:attachment":[{"href":"https:\/\/www.amante-menden.de\/index.php?rest_route=%2Fwp%2Fv2%2Fmedia&parent=101"}],"curies":[{"name":"wp","href":"https:\/\/api.w.org\/{rel}","templated":true}]}}