{"id":1024,"date":"2015-06-17T11:42:12","date_gmt":"2015-06-17T09:42:12","guid":{"rendered":"http:\/\/amante-menden.de\/?page_id=1024"},"modified":"2015-06-17T11:42:12","modified_gmt":"2015-06-17T09:42:12","slug":"menden-lendringsen-karibisches-wetter-und-beste-laune","status":"publish","type":"page","link":"https:\/\/www.amante-menden.de\/?page_id=1024","title":{"rendered":"Menden-Lendringsen \u2013 karibisches Wetter und beste Laune"},"content":{"rendered":"<h3>Der Bieberberg bei Lendringsen gilt seit der WDR4-Matin\u00e9e am 4. Juli 2010 als der \u201eZuckerhut\u201c des n\u00f6rdlichen Sauerlands.<\/h3>\n<p><a href=\"http:\/\/amante-menden.de\/wordpress\/wp-content\/uploads\/2015\/06\/gruppenphoto-roberto.jpg\"><img loading=\"lazy\" decoding=\"async\" class=\" size-full wp-image-1023 aligncenter\" src=\"http:\/\/amante-menden.de\/wordpress\/wp-content\/uploads\/2015\/06\/gruppenphoto-roberto.jpg\" alt=\"gruppenphoto-roberto\" width=\"676\" height=\"400\" srcset=\"https:\/\/www.amante-menden.de\/wordpress\/wp-content\/uploads\/2015\/06\/gruppenphoto-roberto.jpg 676w, https:\/\/www.amante-menden.de\/wordpress\/wp-content\/uploads\/2015\/06\/gruppenphoto-roberto-300x178.jpg 300w\" sizes=\"auto, (max-width: 676px) 100vw, 676px\" \/><\/a><\/p>\n<p>Bei hochsommerlichem Wetter feierten Nadja Ziehm und Reinhard Becker mit 600 bestgelaunten Fans im herausgeputzten Freizeitpark. Charlotte und J\u00fcrgen Wendling, Die Trenkwalder und Roberto Blanco rissen das Publikum von den Sitzen. Der Chor \u201eamante della musica\u201c feierte ein Heimspiel, die wuchtigen Kl\u00e4nge vom Fanfaren-Corps Kolping Lendringsen umrahmten die Veranstaltung. Ulla Scholz kochte Sauerl\u00e4nder Leckereien f\u00fcr alle. Ein gelungener Live-Matin\u00e9e-Auftakt f\u00fcr diesen Sommer.<\/p>\n<p align=\"justify\">Roberto Blanco f\u00fchlte sich bei subtropischen Temperaturen richtig wohl und lief sofort zu Hochform auf. Mit seinem Percussionisten Pablo Ramirez zauberte er karibisches Flair ins \u201eBieberland\u201c und als das Publikum lauthals \u201eGuantanamera\u201c mitgesungen hatte, ernannte er die Lendringser kurzerhand zu Kubanern und erkl\u00e4rte den Ort zu seiner neuen Heimat.Das Trompetenduo Nr. 1 in Deutschland, Charlotte und J\u00fcrgen Wendling, hatte als besondere \u00dcberraschung ein Medley mit Melodien aus fast allen bei der WM ausgeschiedenen L\u00e4ndern mitgebracht. Am Tag nach dem denkw\u00fcrdigen 4:0 Sieg fehlte nur \u201eDon\u2019t Cry for Me, Argentina\u201c. Daf\u00fcr griffen die beiden Trompetenvirtuosen kurzerhand zu zwei Vuvuzelas, die handsigniert von allen Stars der Veranstaltung zu einzigartigen Erinnerungsst\u00fccken f\u00fcr zwei Schlagerfans aus Lendringsen wurden.<\/p>\n<p align=\"justify\">Die Trenkwalder f\u00fchlten sich in Lendringsen so wohl, dass sie verk\u00fcndeten: \u201eDas Sauerland ist a bisserl unser Land g\u2019worden\u201c. Bei ihrem Hit \u201eZ\u00e4hl deine Freunde\u201c war sofort klar, dass die Kultband aus Tirol die Zahl ihrer Freunde im WDR4-Sendegebiet wieder mal deutlich nach oben korrigieren musste.<\/p>\n<p align=\"justify\">W\u00e4hrend der gesamten Veranstaltung zog der verf\u00fchrerische Duft von \u201ePotthucke\u201c \u00fcber das Gel\u00e4nde, denn WDR4-K\u00f6chin Ulla Scholz sorgte mit diesem f\u00fcr die Region typischen Kartoffelgericht perfekt f\u00fcr den kulinarischen Teil der Veranstaltung \u2013 und selbstverst\u00e4ndlich daf\u00fcr, dass die beiden Moderatoren Nadja Ziehm, Reinhard Becker und jeder im Publikum probieren durfte.<\/p>\n<p align=\"justify\">Bericht und Bilder von WDR 4<\/p>\n<div id='gallery-1' class='gallery galleryid-1024 gallery-columns-3 gallery-size-thumbnail'><dl class='gallery-item'>\n\t\t\t<dt class='gallery-icon landscape'>\n\t\t\t\t<a href='https:\/\/www.amante-menden.de\/?attachment_id=1022'><img loading=\"lazy\" decoding=\"async\" width=\"150\" height=\"150\" src=\"https:\/\/www.amante-menden.de\/wordpress\/wp-content\/uploads\/2015\/06\/106-150x150.jpg\" class=\"attachment-thumbnail size-thumbnail\" alt=\"\" aria-describedby=\"gallery-1-1022\" srcset=\"https:\/\/www.amante-menden.de\/wordpress\/wp-content\/uploads\/2015\/06\/106-150x150.jpg 150w, https:\/\/www.amante-menden.de\/wordpress\/wp-content\/uploads\/2015\/06\/106-144x144.jpg 144w\" sizes=\"auto, (max-width: 150px) 100vw, 150px\" \/><\/a>\n\t\t\t<\/dt>\n\t\t\t\t<dd class='wp-caption-text gallery-caption' id='gallery-1-1022'>\n\t\t\t\tWDR4 Matin\u008ee 04.07.2010 Menden\n\t\t\t\t<\/dd><\/dl><dl class='gallery-item'>\n\t\t\t<dt class='gallery-icon landscape'>\n\t\t\t\t<a href='https:\/\/www.amante-menden.de\/?attachment_id=1021'><img loading=\"lazy\" decoding=\"async\" width=\"150\" height=\"150\" src=\"https:\/\/www.amante-menden.de\/wordpress\/wp-content\/uploads\/2015\/06\/96-150x150.jpg\" class=\"attachment-thumbnail size-thumbnail\" alt=\"\" aria-describedby=\"gallery-1-1021\" srcset=\"https:\/\/www.amante-menden.de\/wordpress\/wp-content\/uploads\/2015\/06\/96-150x150.jpg 150w, https:\/\/www.amante-menden.de\/wordpress\/wp-content\/uploads\/2015\/06\/96-144x144.jpg 144w\" sizes=\"auto, (max-width: 150px) 100vw, 150px\" \/><\/a>\n\t\t\t<\/dt>\n\t\t\t\t<dd class='wp-caption-text gallery-caption' id='gallery-1-1021'>\n\t\t\t\tWDR4 Matin\u008ee 04.07.2010 Menden\n\t\t\t\t<\/dd><\/dl><dl class='gallery-item'>\n\t\t\t<dt class='gallery-icon landscape'>\n\t\t\t\t<a href='https:\/\/www.amante-menden.de\/?attachment_id=1020'><img loading=\"lazy\" decoding=\"async\" width=\"150\" height=\"150\" src=\"https:\/\/www.amante-menden.de\/wordpress\/wp-content\/uploads\/2015\/06\/87-150x150.jpg\" class=\"attachment-thumbnail size-thumbnail\" alt=\"\" aria-describedby=\"gallery-1-1020\" srcset=\"https:\/\/www.amante-menden.de\/wordpress\/wp-content\/uploads\/2015\/06\/87-150x150.jpg 150w, https:\/\/www.amante-menden.de\/wordpress\/wp-content\/uploads\/2015\/06\/87-144x144.jpg 144w\" sizes=\"auto, (max-width: 150px) 100vw, 150px\" \/><\/a>\n\t\t\t<\/dt>\n\t\t\t\t<dd class='wp-caption-text gallery-caption' id='gallery-1-1020'>\n\t\t\t\tWDR4 Matin\u008ee 04.07.2010 Menden\n\t\t\t\t<\/dd><\/dl><br style=\"clear: both\" \/><dl class='gallery-item'>\n\t\t\t<dt class='gallery-icon landscape'>\n\t\t\t\t<a href='https:\/\/www.amante-menden.de\/?attachment_id=1019'><img loading=\"lazy\" decoding=\"async\" width=\"150\" height=\"150\" src=\"https:\/\/www.amante-menden.de\/wordpress\/wp-content\/uploads\/2015\/06\/78-150x150.jpg\" class=\"attachment-thumbnail size-thumbnail\" alt=\"\" aria-describedby=\"gallery-1-1019\" srcset=\"https:\/\/www.amante-menden.de\/wordpress\/wp-content\/uploads\/2015\/06\/78-150x150.jpg 150w, https:\/\/www.amante-menden.de\/wordpress\/wp-content\/uploads\/2015\/06\/78-144x144.jpg 144w\" sizes=\"auto, (max-width: 150px) 100vw, 150px\" \/><\/a>\n\t\t\t<\/dt>\n\t\t\t\t<dd class='wp-caption-text gallery-caption' id='gallery-1-1019'>\n\t\t\t\tWDR4 Matin\u008ee 04.07.2010 Menden\n\t\t\t\t<\/dd><\/dl><dl class='gallery-item'>\n\t\t\t<dt class='gallery-icon landscape'>\n\t\t\t\t<a href='https:\/\/www.amante-menden.de\/?attachment_id=1018'><img loading=\"lazy\" decoding=\"async\" width=\"150\" height=\"150\" src=\"https:\/\/www.amante-menden.de\/wordpress\/wp-content\/uploads\/2015\/06\/610-150x150.jpg\" class=\"attachment-thumbnail size-thumbnail\" alt=\"\" aria-describedby=\"gallery-1-1018\" srcset=\"https:\/\/www.amante-menden.de\/wordpress\/wp-content\/uploads\/2015\/06\/610-150x150.jpg 150w, https:\/\/www.amante-menden.de\/wordpress\/wp-content\/uploads\/2015\/06\/610-144x144.jpg 144w\" sizes=\"auto, (max-width: 150px) 100vw, 150px\" \/><\/a>\n\t\t\t<\/dt>\n\t\t\t\t<dd class='wp-caption-text gallery-caption' id='gallery-1-1018'>\n\t\t\t\tWDR4 Matin\u008ee 04.07.2010 Menden\n\t\t\t\t<\/dd><\/dl><dl class='gallery-item'>\n\t\t\t<dt class='gallery-icon landscape'>\n\t\t\t\t<a href='https:\/\/www.amante-menden.de\/?attachment_id=1017'><img loading=\"lazy\" decoding=\"async\" width=\"150\" height=\"150\" src=\"https:\/\/www.amante-menden.de\/wordpress\/wp-content\/uploads\/2015\/06\/512-150x150.jpg\" class=\"attachment-thumbnail size-thumbnail\" alt=\"\" aria-describedby=\"gallery-1-1017\" srcset=\"https:\/\/www.amante-menden.de\/wordpress\/wp-content\/uploads\/2015\/06\/512-150x150.jpg 150w, https:\/\/www.amante-menden.de\/wordpress\/wp-content\/uploads\/2015\/06\/512-144x144.jpg 144w\" sizes=\"auto, (max-width: 150px) 100vw, 150px\" \/><\/a>\n\t\t\t<\/dt>\n\t\t\t\t<dd class='wp-caption-text gallery-caption' id='gallery-1-1017'>\n\t\t\t\tWDR4 Matin\u008ee 04.07.2010 Menden\n\t\t\t\t<\/dd><\/dl><br style=\"clear: both\" \/><dl class='gallery-item'>\n\t\t\t<dt class='gallery-icon landscape'>\n\t\t\t\t<a href='https:\/\/www.amante-menden.de\/?attachment_id=1016'><img loading=\"lazy\" decoding=\"async\" width=\"150\" height=\"150\" src=\"https:\/\/www.amante-menden.de\/wordpress\/wp-content\/uploads\/2015\/06\/412-150x150.jpg\" class=\"attachment-thumbnail size-thumbnail\" alt=\"\" aria-describedby=\"gallery-1-1016\" srcset=\"https:\/\/www.amante-menden.de\/wordpress\/wp-content\/uploads\/2015\/06\/412-150x150.jpg 150w, https:\/\/www.amante-menden.de\/wordpress\/wp-content\/uploads\/2015\/06\/412-144x144.jpg 144w\" sizes=\"auto, (max-width: 150px) 100vw, 150px\" \/><\/a>\n\t\t\t<\/dt>\n\t\t\t\t<dd class='wp-caption-text gallery-caption' id='gallery-1-1016'>\n\t\t\t\tWDR4 Matin\u008ee 04.07.2010 Menden\n\t\t\t\t<\/dd><\/dl><dl class='gallery-item'>\n\t\t\t<dt class='gallery-icon landscape'>\n\t\t\t\t<a href='https:\/\/www.amante-menden.de\/?attachment_id=1015'><img loading=\"lazy\" decoding=\"async\" width=\"150\" height=\"150\" src=\"https:\/\/www.amante-menden.de\/wordpress\/wp-content\/uploads\/2015\/06\/314-150x150.jpg\" class=\"attachment-thumbnail size-thumbnail\" alt=\"\" aria-describedby=\"gallery-1-1015\" srcset=\"https:\/\/www.amante-menden.de\/wordpress\/wp-content\/uploads\/2015\/06\/314-150x150.jpg 150w, https:\/\/www.amante-menden.de\/wordpress\/wp-content\/uploads\/2015\/06\/314-144x144.jpg 144w\" sizes=\"auto, (max-width: 150px) 100vw, 150px\" \/><\/a>\n\t\t\t<\/dt>\n\t\t\t\t<dd class='wp-caption-text gallery-caption' id='gallery-1-1015'>\n\t\t\t\tWDR4 Matin\u008ee 04.07.2010 Menden\n\t\t\t\t<\/dd><\/dl><dl class='gallery-item'>\n\t\t\t<dt class='gallery-icon landscape'>\n\t\t\t\t<a href='https:\/\/www.amante-menden.de\/?attachment_id=1014'><img loading=\"lazy\" decoding=\"async\" width=\"150\" height=\"150\" src=\"https:\/\/www.amante-menden.de\/wordpress\/wp-content\/uploads\/2015\/06\/218-150x150.jpg\" class=\"attachment-thumbnail size-thumbnail\" alt=\"\" aria-describedby=\"gallery-1-1014\" srcset=\"https:\/\/www.amante-menden.de\/wordpress\/wp-content\/uploads\/2015\/06\/218-150x150.jpg 150w, https:\/\/www.amante-menden.de\/wordpress\/wp-content\/uploads\/2015\/06\/218-144x144.jpg 144w\" sizes=\"auto, (max-width: 150px) 100vw, 150px\" \/><\/a>\n\t\t\t<\/dt>\n\t\t\t\t<dd class='wp-caption-text gallery-caption' id='gallery-1-1014'>\n\t\t\t\tWDR4 Matin\u008ee 04.07.2010 Menden\n\t\t\t\t<\/dd><\/dl><br style=\"clear: both\" \/><dl class='gallery-item'>\n\t\t\t<dt class='gallery-icon landscape'>\n\t\t\t\t<a href='https:\/\/www.amante-menden.de\/?attachment_id=1013'><img loading=\"lazy\" decoding=\"async\" width=\"150\" height=\"150\" src=\"https:\/\/www.amante-menden.de\/wordpress\/wp-content\/uploads\/2015\/06\/129-150x150.jpg\" class=\"attachment-thumbnail size-thumbnail\" alt=\"\" aria-describedby=\"gallery-1-1013\" srcset=\"https:\/\/www.amante-menden.de\/wordpress\/wp-content\/uploads\/2015\/06\/129-150x150.jpg 150w, https:\/\/www.amante-menden.de\/wordpress\/wp-content\/uploads\/2015\/06\/129-144x144.jpg 144w\" sizes=\"auto, (max-width: 150px) 100vw, 150px\" \/><\/a>\n\t\t\t<\/dt>\n\t\t\t\t<dd class='wp-caption-text gallery-caption' id='gallery-1-1013'>\n\t\t\t\tWDR4 Matin\u008ee 04.07.2010 Menden\n\t\t\t\t<\/dd><\/dl>\n\t\t\t<br style='clear: both' \/>\n\t\t<\/div>\n\n","protected":false},"excerpt":{"rendered":"<p>Der Bieberberg bei Lendringsen gilt seit der WDR4-Matin\u00e9e am 4. Juli 2010 als der \u201eZuckerhut\u201c des n\u00f6rdlichen Sauerlands. Bei hochsommerlichem Wetter feierten Nadja Ziehm und Reinhard Becker mit 600 bestgelaunten Fans im herausgeputzten Freizeitpark. Charlotte und J\u00fcrgen Wendling, Die Trenkwalder &hellip; <a href=\"https:\/\/www.amante-menden.de\/?page_id=1024\">Weiterlesen <span class=\"meta-nav\">&rarr;<\/span><\/a><\/p>\n","protected":false},"author":1,"featured_media":0,"parent":156,"menu_order":109,"comment_status":"closed","ping_status":"closed","template":"","meta":{"footnotes":""},"class_list":["post-1024","page","type-page","status-publish","hentry"],"_links":{"self":[{"href":"https:\/\/www.amante-menden.de\/index.php?rest_route=\/wp\/v2\/pages\/1024","targetHints":{"allow":["GET"]}}],"collection":[{"href":"https:\/\/www.amante-menden.de\/index.php?rest_route=\/wp\/v2\/pages"}],"about":[{"href":"https:\/\/www.amante-menden.de\/index.php?rest_route=\/wp\/v2\/types\/page"}],"author":[{"embeddable":true,"href":"https:\/\/www.amante-menden.de\/index.php?rest_route=\/wp\/v2\/users\/1"}],"replies":[{"embeddable":true,"href":"https:\/\/www.amante-menden.de\/index.php?rest_route=%2Fwp%2Fv2%2Fcomments&post=1024"}],"version-history":[{"count":1,"href":"https:\/\/www.amante-menden.de\/index.php?rest_route=\/wp\/v2\/pages\/1024\/revisions"}],"predecessor-version":[{"id":1025,"href":"https:\/\/www.amante-menden.de\/index.php?rest_route=\/wp\/v2\/pages\/1024\/revisions\/1025"}],"up":[{"embeddable":true,"href":"https:\/\/www.amante-menden.de\/index.php?rest_route=\/wp\/v2\/pages\/156"}],"wp:attachment":[{"href":"https:\/\/www.amante-menden.de\/index.php?rest_route=%2Fwp%2Fv2%2Fmedia&parent=1024"}],"curies":[{"name":"wp","href":"https:\/\/api.w.org\/{rel}","templated":true}]}}