{"id":103,"date":"2015-05-27T15:41:06","date_gmt":"2015-05-27T13:41:06","guid":{"rendered":"http:\/\/amante-menden.de\/wordpress\/?page_id=103"},"modified":"2026-01-31T22:01:11","modified_gmt":"2026-01-31T20:01:11","slug":"schnuppermitglied","status":"publish","type":"page","link":"https:\/\/www.amante-menden.de\/?page_id=103","title":{"rendered":"Schnuppermitglied"},"content":{"rendered":"\n<p>Die Position des Schnuppermitgliedes wurde in diesem Jahr nicht besetzt.<\/p>\n\n\n\n<p><em><strong>Was ist eigentlich ein Schnuppermitglied im Vorstand von amante della musica menden?<\/strong><\/em><br><br>Die Position des Schnuppermitgliedes wurde 2012 eingerichtet, um den an der Vorstandsarbeit interessierten Mitgliedern die M\u00f6glichkeit zu geben, in die Arbeit des Vorstands hineinzuschnuppern und ihn in seiner Arbeit zu unterst\u00fctzen. Es nimmt an den Vorstandssitzungen teil und ist in vollem Umfang in die Organisation eingebunden. Das Schnuppermitglied wird durch die Mitgliederversammlung f\u00fcr ein Jahr in den Vorstand gew\u00e4hlt.<\/p>\n\n\n\n<p><strong>Bisherige Schnuppermitglieder:<\/strong><br><br>2012 &#8211; Silke H\u00fchner<br>2013 &#8211; Sabrina Rimpler<br>2014 &#8211; Anja Sch\u00fcrmann<br>2015 &#8211; Thorsten G\u00fcnner<br>2016 &#8211; Martina Stabenau<br>2017 &#8211; Sabine Baschista<br>2018 &#8211; Dominik Wallot<br>2019 &#8211; Matthias Nagel<br>2020\/2021 &#8211; Astrid Blankenhagen<br>2022 &#8211; Sarah Brinkmann<br>2023 &#8211; Rafael Wallot<br>2024 &#8211; Laura Radoch<br>2025 &#8211; Pia G\u00f6dde<\/p>\n","protected":false},"excerpt":{"rendered":"<p>Die Position des Schnuppermitgliedes wurde in diesem Jahr nicht besetzt. Was ist eigentlich ein Schnuppermitglied im Vorstand von amante della musica menden? Die Position des Schnuppermitgliedes wurde 2012 eingerichtet, um den an der Vorstandsarbeit interessierten Mitgliedern die M\u00f6glichkeit zu geben, &hellip; <a href=\"https:\/\/www.amante-menden.de\/?page_id=103\">Weiterlesen <span class=\"meta-nav\">&rarr;<\/span><\/a><\/p>\n","protected":false},"author":1,"featured_media":0,"parent":230,"menu_order":9,"comment_status":"closed","ping_status":"closed","template":"","meta":{"footnotes":""},"class_list":["post-103","page","type-page","status-publish","hentry"],"_links":{"self":[{"href":"https:\/\/www.amante-menden.de\/index.php?rest_route=\/wp\/v2\/pages\/103","targetHints":{"allow":["GET"]}}],"collection":[{"href":"https:\/\/www.amante-menden.de\/index.php?rest_route=\/wp\/v2\/pages"}],"about":[{"href":"https:\/\/www.amante-menden.de\/index.php?rest_route=\/wp\/v2\/types\/page"}],"author":[{"embeddable":true,"href":"https:\/\/www.amante-menden.de\/index.php?rest_route=\/wp\/v2\/users\/1"}],"replies":[{"embeddable":true,"href":"https:\/\/www.amante-menden.de\/index.php?rest_route=%2Fwp%2Fv2%2Fcomments&post=103"}],"version-history":[{"count":27,"href":"https:\/\/www.amante-menden.de\/index.php?rest_route=\/wp\/v2\/pages\/103\/revisions"}],"predecessor-version":[{"id":5094,"href":"https:\/\/www.amante-menden.de\/index.php?rest_route=\/wp\/v2\/pages\/103\/revisions\/5094"}],"up":[{"embeddable":true,"href":"https:\/\/www.amante-menden.de\/index.php?rest_route=\/wp\/v2\/pages\/230"}],"wp:attachment":[{"href":"https:\/\/www.amante-menden.de\/index.php?rest_route=%2Fwp%2Fv2%2Fmedia&parent=103"}],"curies":[{"name":"wp","href":"https:\/\/api.w.org\/{rel}","templated":true}]}}