{"id":105,"date":"2015-05-27T15:44:26","date_gmt":"2015-05-27T13:44:26","guid":{"rendered":"http:\/\/amante-menden.de\/wordpress\/?page_id=105"},"modified":"2022-02-09T16:14:57","modified_gmt":"2022-02-09T14:14:57","slug":"chorleiter","status":"publish","type":"page","link":"https:\/\/www.amante-menden.de\/?page_id=105","title":{"rendered":"Chorleiter"},"content":{"rendered":"<p><a href=\"http:\/\/www.amante-menden.de\/wordpress\/wp-content\/uploads\/2022\/02\/DSC_0498-scaled.jpg\"><img loading=\"lazy\" decoding=\"async\" class=\"alignnone wp-image-4408 \" src=\"http:\/\/www.amante-menden.de\/wordpress\/wp-content\/uploads\/2022\/02\/DSC_0498-234x300.jpg\" alt=\"\" width=\"173\" height=\"222\" srcset=\"https:\/\/www.amante-menden.de\/wordpress\/wp-content\/uploads\/2022\/02\/DSC_0498-234x300.jpg 234w, https:\/\/www.amante-menden.de\/wordpress\/wp-content\/uploads\/2022\/02\/DSC_0498-798x1024.jpg 798w, https:\/\/www.amante-menden.de\/wordpress\/wp-content\/uploads\/2022\/02\/DSC_0498-768x985.jpg 768w, https:\/\/www.amante-menden.de\/wordpress\/wp-content\/uploads\/2022\/02\/DSC_0498-1198x1536.jpg 1198w, https:\/\/www.amante-menden.de\/wordpress\/wp-content\/uploads\/2022\/02\/DSC_0498-1597x2048.jpg 1597w, https:\/\/www.amante-menden.de\/wordpress\/wp-content\/uploads\/2022\/02\/DSC_0498-scaled.jpg 1996w\" sizes=\"auto, (max-width: 173px) 100vw, 173px\" \/><\/a><br \/>\n<strong>Stefan Risse <\/strong><\/p>\n<p style=\"text-align: justify;\">Stefan Risse, Jahrgang 1963, lebt in Ense-H\u00f6ingen. Der verheiratete Familienvater entdeckte seine Leidenschaft f\u00fcr die Chormusik bereits als 15-J\u00e4hriger, als er im M\u00e4nnerchor zu singen begann. Mit 20 Jahren wurde er Chorleiter, so dass er inzwischen schon seit mehr als drei Jahrzehnten in Ch\u00f6ren aller Gattungen (Frauen-, M\u00e4nner-, gemischter, Kinder- und Jugendchor) im wahrsten Sinne des Wortes den Ton angibt. Er \u00fcbernahm die Leitung von amante della musica menden zum Februar 2015 und f\u00fchrte den Chor 2019 zum sechsten Meisterchortitel.<\/p>\n","protected":false},"excerpt":{"rendered":"<p>Stefan Risse Stefan Risse, Jahrgang 1963, lebt in Ense-H\u00f6ingen. Der verheiratete Familienvater entdeckte seine Leidenschaft f\u00fcr die Chormusik bereits als 15-J\u00e4hriger, als er im M\u00e4nnerchor zu singen begann. Mit 20 Jahren wurde er Chorleiter, so dass er inzwischen schon seit &hellip; <a href=\"https:\/\/www.amante-menden.de\/?page_id=105\">Weiterlesen <span class=\"meta-nav\">&rarr;<\/span><\/a><\/p>\n","protected":false},"author":1,"featured_media":0,"parent":230,"menu_order":10,"comment_status":"closed","ping_status":"closed","template":"","meta":{"footnotes":""},"class_list":["post-105","page","type-page","status-publish","hentry"],"_links":{"self":[{"href":"https:\/\/www.amante-menden.de\/index.php?rest_route=\/wp\/v2\/pages\/105","targetHints":{"allow":["GET"]}}],"collection":[{"href":"https:\/\/www.amante-menden.de\/index.php?rest_route=\/wp\/v2\/pages"}],"about":[{"href":"https:\/\/www.amante-menden.de\/index.php?rest_route=\/wp\/v2\/types\/page"}],"author":[{"embeddable":true,"href":"https:\/\/www.amante-menden.de\/index.php?rest_route=\/wp\/v2\/users\/1"}],"replies":[{"embeddable":true,"href":"https:\/\/www.amante-menden.de\/index.php?rest_route=%2Fwp%2Fv2%2Fcomments&post=105"}],"version-history":[{"count":8,"href":"https:\/\/www.amante-menden.de\/index.php?rest_route=\/wp\/v2\/pages\/105\/revisions"}],"predecessor-version":[{"id":4411,"href":"https:\/\/www.amante-menden.de\/index.php?rest_route=\/wp\/v2\/pages\/105\/revisions\/4411"}],"up":[{"embeddable":true,"href":"https:\/\/www.amante-menden.de\/index.php?rest_route=\/wp\/v2\/pages\/230"}],"wp:attachment":[{"href":"https:\/\/www.amante-menden.de\/index.php?rest_route=%2Fwp%2Fv2%2Fmedia&parent=105"}],"curies":[{"name":"wp","href":"https:\/\/api.w.org\/{rel}","templated":true}]}}