{"id":1086,"date":"2015-07-02T15:11:30","date_gmt":"2015-07-02T13:11:30","guid":{"rendered":"http:\/\/amante-menden.de\/?page_id=1086"},"modified":"2017-01-18T12:39:32","modified_gmt":"2017-01-18T10:39:32","slug":"amante-gewinnt-1-000-euro","status":"publish","type":"page","link":"https:\/\/www.amante-menden.de\/?page_id=1086","title":{"rendered":"amante gewinnt 1.000 Euro"},"content":{"rendered":"<p style=\"text-align: justify;\"><a href=\"http:\/\/amante-menden.de\/wordpress\/wp-content\/uploads\/2015\/07\/11222126_1091905827506200_5422118259450464485_n.jpg\"><img loading=\"lazy\" decoding=\"async\" class=\" size-full wp-image-1084 alignleft\" src=\"http:\/\/amante-menden.de\/wordpress\/wp-content\/uploads\/2015\/07\/11222126_1091905827506200_5422118259450464485_n.jpg\" alt=\"11222126_1091905827506200_5422118259450464485_n\" width=\"336\" height=\"422\" srcset=\"https:\/\/www.amante-menden.de\/wordpress\/wp-content\/uploads\/2015\/07\/11222126_1091905827506200_5422118259450464485_n.jpg 336w, https:\/\/www.amante-menden.de\/wordpress\/wp-content\/uploads\/2015\/07\/11222126_1091905827506200_5422118259450464485_n-239x300.jpg 239w\" sizes=\"auto, (max-width: 336px) 100vw, 336px\" \/><\/a>Der mit insgesamt 1 Million Euro dotierte Vereinswettbewerb der ING Diba ist am 30.07.2015\u00a0um 12 Uhr zu Ende gegangen. 1.000 Vereine aus ganz Deutschland haben jeweils 1.000 Euro gewonnen &#8211; wir auch! In der Kategorie 76-200 Mitglieder haben wir mit 1501 Punkten Platz 129 erreicht, wir mussten unter die Top 200 kommen.<\/p>\n<p style=\"text-align: justify;\">Der unerwartete Erl\u00f6s flie\u00dft zu 100 Prozent in die Anschaffung von schwarzen Vereins-Fleecejacken mit Br<span class=\"text_exposed_show\">ust- und R\u00fcckenbestickung f\u00fcr alle Aktiven und Chorleiter Stefan Risse. Damit sind wir insbesondere auch f\u00fcr die k\u00e4ltere Jahreszeit und die Reise zum Deutschen Chorfest 2016 in Stuttgart top ausgestattet.<\/span><\/p>\n","protected":false},"excerpt":{"rendered":"<p>Der mit insgesamt 1 Million Euro dotierte Vereinswettbewerb der ING Diba ist am 30.07.2015\u00a0um 12 Uhr zu Ende gegangen. 1.000 Vereine aus ganz Deutschland haben jeweils 1.000 Euro gewonnen &#8211; wir auch! In der Kategorie 76-200 Mitglieder haben wir mit &hellip; <a href=\"https:\/\/www.amante-menden.de\/?page_id=1086\">Weiterlesen <span class=\"meta-nav\">&rarr;<\/span><\/a><\/p>\n","protected":false},"author":1,"featured_media":0,"parent":3225,"menu_order":155,"comment_status":"closed","ping_status":"closed","template":"","meta":{"footnotes":""},"class_list":["post-1086","page","type-page","status-publish","hentry"],"_links":{"self":[{"href":"https:\/\/www.amante-menden.de\/index.php?rest_route=\/wp\/v2\/pages\/1086","targetHints":{"allow":["GET"]}}],"collection":[{"href":"https:\/\/www.amante-menden.de\/index.php?rest_route=\/wp\/v2\/pages"}],"about":[{"href":"https:\/\/www.amante-menden.de\/index.php?rest_route=\/wp\/v2\/types\/page"}],"author":[{"embeddable":true,"href":"https:\/\/www.amante-menden.de\/index.php?rest_route=\/wp\/v2\/users\/1"}],"replies":[{"embeddable":true,"href":"https:\/\/www.amante-menden.de\/index.php?rest_route=%2Fwp%2Fv2%2Fcomments&post=1086"}],"version-history":[{"count":1,"href":"https:\/\/www.amante-menden.de\/index.php?rest_route=\/wp\/v2\/pages\/1086\/revisions"}],"predecessor-version":[{"id":1087,"href":"https:\/\/www.amante-menden.de\/index.php?rest_route=\/wp\/v2\/pages\/1086\/revisions\/1087"}],"up":[{"embeddable":true,"href":"https:\/\/www.amante-menden.de\/index.php?rest_route=\/wp\/v2\/pages\/3225"}],"wp:attachment":[{"href":"https:\/\/www.amante-menden.de\/index.php?rest_route=%2Fwp%2Fv2%2Fmedia&parent=1086"}],"curies":[{"name":"wp","href":"https:\/\/api.w.org\/{rel}","templated":true}]}}