{"id":1287,"date":"2015-10-06T11:39:26","date_gmt":"2015-10-06T09:39:26","guid":{"rendered":"http:\/\/www.amante-menden.de\/?page_id=1287"},"modified":"2017-01-18T12:56:00","modified_gmt":"2017-01-18T10:56:00","slug":"musikalische-einheit-begeistert-zum-einheitstag","status":"publish","type":"page","link":"https:\/\/www.amante-menden.de\/?page_id=1287","title":{"rendered":"Musikalische Einheit begeistert zum Einheitstag"},"content":{"rendered":"<h3 style=\"text-align: justify;\" align=\"LEFT\"><strong>\u201eamante della musica\u201c und Orchesterverein Hemer \u00fcberzeugen auf Wilhelmsh\u00f6he<\/strong><\/h3>\n<p><a href=\"http:\/\/www.amante-menden.de\/wordpress\/wp-content\/uploads\/2015\/04\/amante.jpg\"><img loading=\"lazy\" decoding=\"async\" class=\"size-large wp-image-1279\" src=\"http:\/\/www.amante-menden.de\/wordpress\/wp-content\/uploads\/2015\/04\/amante-1024x682.jpg\" alt=\"amante della musica \/ Benefizkonzert \/ Wilhelmsh\u00f6he\" width=\"640\" height=\"426\" srcset=\"https:\/\/www.amante-menden.de\/wordpress\/wp-content\/uploads\/2015\/04\/amante-1024x682.jpg 1024w, https:\/\/www.amante-menden.de\/wordpress\/wp-content\/uploads\/2015\/04\/amante-300x200.jpg 300w, https:\/\/www.amante-menden.de\/wordpress\/wp-content\/uploads\/2015\/04\/amante-900x600.jpg 900w, https:\/\/www.amante-menden.de\/wordpress\/wp-content\/uploads\/2015\/04\/amante.jpg 1276w\" sizes=\"auto, (max-width: 640px) 100vw, 640px\" \/><\/a><\/p>\n<p style=\"text-align: justify;\">Bericht Marcel M\u00fcller \/ Fotos Frank Saul\u00a0\/ Hellweger Anzeiger<\/p>\n<p style=\"text-align: justify;\"><strong>Menden<\/strong>. Musik der Extraklasse, Satire und gleichzeitig Gutes tun: Der Meisterchor \u201eamante della musica\u201c gestaltete gemeinsam mit dem Orchesterverein Hemer ein facettenreiches Benefiz-Konzert zum Einheitstag.<\/p>\n<p style=\"text-align: justify;\">\u201eDer Tag der Deutschen Einheit ist ein Feiertag \u2013 und wir verstehen ihn als solchen\u201c, machte Lars Becker, Vorsitzender von \u201eamante della musica\u201c, gleich zu Beginn des Konzerts deutlich Richtungsweisende Worte, wie im Laufe des Benefizkonzerts auf der nahezu voll besetzten Wilhelmsh\u00f6he am Samstagabend deutlich wurde. Denn der Mendene Meisterchor und der Orchesterverein Hemer feierten mit ihren Darbietungen nicht nur die Vereinigung der beiden deutschen Staaten, die sich zum 25. Mal j\u00e4hrte \u2013 sondern zelebrierten gleichwohl eine musikalische Einheit.<\/p>\n<div id=\"attachment_1280\" style=\"width: 310px\" class=\"wp-caption alignleft\"><a href=\"http:\/\/www.amante-menden.de\/wordpress\/wp-content\/uploads\/2015\/04\/ClemensSchulteVierk\u00f6tter.jpg\"><img loading=\"lazy\" decoding=\"async\" aria-describedby=\"caption-attachment-1280\" class=\"size-medium wp-image-1280\" src=\"http:\/\/www.amante-menden.de\/wordpress\/wp-content\/uploads\/2015\/04\/ClemensSchulteVierk\u00f6tter-300x300.jpg\" alt=\"amante della musica \/ Benefizkonzert \/ Wilhelmsh\u00f6he \/ Clemens Schulte-Vierk\u00f6tter\" width=\"300\" height=\"300\" srcset=\"https:\/\/www.amante-menden.de\/wordpress\/wp-content\/uploads\/2015\/04\/ClemensSchulteVierk\u00f6tter-300x300.jpg 300w, https:\/\/www.amante-menden.de\/wordpress\/wp-content\/uploads\/2015\/04\/ClemensSchulteVierk\u00f6tter-150x150.jpg 150w, https:\/\/www.amante-menden.de\/wordpress\/wp-content\/uploads\/2015\/04\/ClemensSchulteVierk\u00f6tter-144x144.jpg 144w, https:\/\/www.amante-menden.de\/wordpress\/wp-content\/uploads\/2015\/04\/ClemensSchulteVierk\u00f6tter-900x900.jpg 900w, https:\/\/www.amante-menden.de\/wordpress\/wp-content\/uploads\/2015\/04\/ClemensSchulteVierk\u00f6tter.jpg 951w\" sizes=\"auto, (max-width: 300px) 100vw, 300px\" \/><\/a><p id=\"caption-attachment-1280\" class=\"wp-caption-text\">Clemens Schulte-Vierk\u00f6tter<\/p><\/div>\n<p style=\"text-align: justify;\">Mit Anton Bruckners \u201eLocus iste\u201c und \u201eUbi Caritas\u201c von Maurice Durufl\u00e9 konzentrierte sich der Chor zun\u00e4chst auf geistliche Musik. Zwei Lobges\u00e4nge auf die Gr\u00f6\u00dfe und Liebe Gottes, in denen die S\u00e4nger unter der Leitung von Stefan Risse gleich zu Beginn ihre hohe Qualit\u00e4t durch raumf\u00fcllenden, gef\u00fchlvollen Klang unter Beweis stellten. Gleichwohl zeigte der Chor aber auch seine Vielseitigkeit. So kam etwa mit dem sehr beschwingten \u201eHave a nice day\u201c ordentlich Bewegung in die Reihen der S\u00e4nger, bis hin zu einer kleinen Choreografie.<\/p>\n<p style=\"text-align: justify;\">Daf\u00fcr gab es schon zwischendurch Lorbeeren von einem Musikus erster G\u00fcte. Bauer Klemens Schulte-Vierk\u00f6tter, alias Bodo Schulte, f\u00fchrte durch den Abend und pr\u00e4sentierte sich als wahres Talent: \u201eIch kann die Mundorgel singen und spielen, bin also Gesang und Orchester in einem.\u201c Grund genug f\u00fcr \u201eamante\u201c ihn als Moderator zu verpflichten. Zumal Schulte-Vierk\u00f6tter auch mit Erfahrungen im gemischten M\u00e4nnerchor aufwartete:\u201eDie eine H\u00e4lfte kann singen, die andere nicht.\u201c<\/p>\n<p style=\"text-align: justify;\">Viel Lob gab es vom Profi auch f\u00fcr den Orchesterverein Hemer, der ebenfalls mit Vielseitigkeit und Spielfreude auftrumpfte. So brachten die Musiker etwa die flotte ZDF-Fernsehmelodie von 1961 oder ein Medley mit St\u00fccken von Udo J\u00fcrgens zu Geh\u00f6r. Die musikalische Aktivit\u00e4t gipfelte schlie\u00dflich im \u201eHalleluja\u201c von Georg Friedrich H\u00e4ndel und der Deutschen Nationalhymne.<\/p>\n<div id=\"attachment_1281\" style=\"width: 310px\" class=\"wp-caption alignright\"><a href=\"http:\/\/www.amante-menden.de\/wordpress\/wp-content\/uploads\/2015\/04\/Scheck\u00fcbergabe.jpg\"><img loading=\"lazy\" decoding=\"async\" aria-describedby=\"caption-attachment-1281\" class=\"size-medium wp-image-1281\" src=\"http:\/\/www.amante-menden.de\/wordpress\/wp-content\/uploads\/2015\/04\/Scheck\u00fcbergabe-300x200.jpg\" alt=\"amante della musica \/ Benefizkonzert \/ Wilhelmsh\u00f6he \/ Scheck\u00fcbergabe \/ v.l.: Melanie Wrona (amante), Bettina Kniewel (Kinderhospiz), Norbert Oehlenberg (SKM), Cordula Passlack (Tierhilfe), Lars Becker (amante)\" width=\"300\" height=\"200\" srcset=\"https:\/\/www.amante-menden.de\/wordpress\/wp-content\/uploads\/2015\/04\/Scheck\u00fcbergabe-300x200.jpg 300w, https:\/\/www.amante-menden.de\/wordpress\/wp-content\/uploads\/2015\/04\/Scheck\u00fcbergabe-1024x682.jpg 1024w, https:\/\/www.amante-menden.de\/wordpress\/wp-content\/uploads\/2015\/04\/Scheck\u00fcbergabe-900x600.jpg 900w, https:\/\/www.amante-menden.de\/wordpress\/wp-content\/uploads\/2015\/04\/Scheck\u00fcbergabe.jpg 1276w\" sizes=\"auto, (max-width: 300px) 100vw, 300px\" \/><\/a><p id=\"caption-attachment-1281\" class=\"wp-caption-text\">Scheck\u00fcbergabe \/ v.l.: Melanie Wrona (amante), Bettina Kniewel (Kinderhospiz), Norbert Oehlenberg (SKM), Cordula Passlack (Tierhilfe), Lars Becker (amante)<\/p><\/div>\n<p style=\"text-align: justify;\">Mit den Erl\u00f6sen des Konzerts unterst\u00fctzte \u201eamante della musica\u201c erneut zwei lokale und ein regionales Projekt. So erhielten Vertreter des sozialen Warenkorbs \u201eDe-Cent\u201c, der Mendener Tierhilfe und des Kinderund Jugendhospizes Balthasar in Olpe jeweils 1000 Euro, aufgestockt aus der Chor-Kasse.<\/p>\n","protected":false},"excerpt":{"rendered":"<p>\u201eamante della musica\u201c und Orchesterverein Hemer \u00fcberzeugen auf Wilhelmsh\u00f6he Bericht Marcel M\u00fcller \/ Fotos Frank Saul\u00a0\/ Hellweger Anzeiger Menden. Musik der Extraklasse, Satire und gleichzeitig Gutes tun: Der Meisterchor \u201eamante della musica\u201c gestaltete gemeinsam mit dem Orchesterverein Hemer ein facettenreiches &hellip; <a href=\"https:\/\/www.amante-menden.de\/?page_id=1287\">Weiterlesen <span class=\"meta-nav\">&rarr;<\/span><\/a><\/p>\n","protected":false},"author":1,"featured_media":0,"parent":3225,"menu_order":1513,"comment_status":"closed","ping_status":"closed","template":"","meta":{"footnotes":""},"class_list":["post-1287","page","type-page","status-publish","hentry"],"_links":{"self":[{"href":"https:\/\/www.amante-menden.de\/index.php?rest_route=\/wp\/v2\/pages\/1287","targetHints":{"allow":["GET"]}}],"collection":[{"href":"https:\/\/www.amante-menden.de\/index.php?rest_route=\/wp\/v2\/pages"}],"about":[{"href":"https:\/\/www.amante-menden.de\/index.php?rest_route=\/wp\/v2\/types\/page"}],"author":[{"embeddable":true,"href":"https:\/\/www.amante-menden.de\/index.php?rest_route=\/wp\/v2\/users\/1"}],"replies":[{"embeddable":true,"href":"https:\/\/www.amante-menden.de\/index.php?rest_route=%2Fwp%2Fv2%2Fcomments&post=1287"}],"version-history":[{"count":2,"href":"https:\/\/www.amante-menden.de\/index.php?rest_route=\/wp\/v2\/pages\/1287\/revisions"}],"predecessor-version":[{"id":1290,"href":"https:\/\/www.amante-menden.de\/index.php?rest_route=\/wp\/v2\/pages\/1287\/revisions\/1290"}],"up":[{"embeddable":true,"href":"https:\/\/www.amante-menden.de\/index.php?rest_route=\/wp\/v2\/pages\/3225"}],"wp:attachment":[{"href":"https:\/\/www.amante-menden.de\/index.php?rest_route=%2Fwp%2Fv2%2Fmedia&parent=1287"}],"curies":[{"name":"wp","href":"https:\/\/api.w.org\/{rel}","templated":true}]}}