{"id":1406,"date":"2016-01-05T09:35:11","date_gmt":"2016-01-05T07:35:11","guid":{"rendered":"http:\/\/www.amante-menden.de\/?page_id=1406"},"modified":"2016-01-05T10:15:29","modified_gmt":"2016-01-05T08:15:29","slug":"jahreshauptversammlung-2009","status":"publish","type":"page","link":"https:\/\/www.amante-menden.de\/?page_id=1406","title":{"rendered":"Jahreshauptversammlung 2009"},"content":{"rendered":"<h3>Mit dem bew\u00e4hrten Vorstand, einer solide ausgestatteten Vereinskasse und einem prall gef\u00fcllten Terminkalender gehen die S\u00e4ngerinnen und S\u00e4nger von amante della musica menden das Kalenderjahr 2009 an.<\/h3>\n<p><a href=\"http:\/\/www.amante-menden.de\/wordpress\/wp-content\/uploads\/2016\/01\/gruppe.jpg\" rel=\"attachment wp-att-1413\"><img loading=\"lazy\" decoding=\"async\" class=\"size-medium wp-image-1413 aligncenter\" src=\"http:\/\/www.amante-menden.de\/wordpress\/wp-content\/uploads\/2016\/01\/gruppe-300x190.jpg\" alt=\"gruppe\" width=\"300\" height=\"190\" srcset=\"https:\/\/www.amante-menden.de\/wordpress\/wp-content\/uploads\/2016\/01\/gruppe-300x190.jpg 300w, https:\/\/www.amante-menden.de\/wordpress\/wp-content\/uploads\/2016\/01\/gruppe.jpg 474w\" sizes=\"auto, (max-width: 300px) 100vw, 300px\" \/><\/a><\/p>\n<p style=\"text-align: justify;\">Am Samstag, 17. Januar, im Rahmen der Jahreshauptversammlung mit mehr als 50 Mitgliedern in der Lendringser Gastst\u00e4tte H\u00fcnnies wurde Lars Becker erneut einstimmig als 1. Vorsitzender best\u00e4tigt. Er geht damit ebenso in seine sechste Amtszeit wie die ebenfalls einstimmig best\u00e4tigte Sandra Weier-Kordes als 1. Kassiererin. Beide Funktion\u00e4re wurden f\u00fcr ihr jetzt zehnj\u00e4hriges Engagement in ihren \u00c4mtern mit einer Urkunde und einem Pr\u00e4sent \u00fcberrascht.<\/p>\n<p align=\"justify\">Nicht zur Wiederwahl stellte sich aus privaten Gr\u00fcnden Marie-Thres Paul, die mit einem Pr\u00e4sent aus ihrer hervorragenden Vorstandst\u00e4tigkeit verabschiedet wurde. Neuer 1. Schriftf\u00fchrer f\u00fcr zwei Jahre ist Josef Drautzburg, w\u00e4hrend Tobias Holz ebenfalls einstimmig f\u00fcr zwei Jahre als Notenwart wiedergew\u00e4hlt wurde. Neuer Kassenpr\u00fcfer f\u00fcr zwei Jahre ist Gordon Blankenhagen.<\/p>\n<p align=\"justify\">Zu Beginn der harmonisch wie lebendig gef\u00fchrten Tagung durfte die 2. Vorsitzende Melanie Ferber verdiente Aktive auszeichnen. Seit 20 Jahren halten Sandra Weier-Kordes und Ralf Zablotny amante die Treue, f\u00fcr 15-j\u00e4hrige Mitgliedschaft wurden Steffi Schulz, Julia Brock und Edith Orlich geehrt. Seit zehn Jahren ist Tobias Holz dabei, f\u00fcnf Jahre singen Josef Drautzburg, Sabrina H\u00f6mberg und Eva Weische bei amante. Julia Brock wurde au\u00dferdem f\u00fcr ihre 100-prozentige Teilnahme an Proben und Auftritten &#8211; immerhin 50 an der Zahl &#8211; mit einem Pr\u00e4sent bedacht. Au\u00dferdem bedankte sich Lars Becker mit einer s\u00fc\u00dfen \u00dcberraschung bei Chorleiter Michael Oel f\u00fcr dessen Engagement in 2008.<\/p>\n<p align=\"justify\">Nach den Regularien stimmten Becker und Oel die Chorgemeinschaft auf die kommenden Aufgaben und Termine ein. So wird nach wie vor die Teilnahme am Landeschorwettbewerb in Bonn im November erwogen, au\u00dferdem pr\u00e4sentiert sich amante della musica am 28. M\u00e4rz zum dritten Mal gemeinsam mit dem Blasorchester Menden in einem Konzert. Der Chor singt beim Jahresempfang der Stadt Menden am 14. Februar auf der Wilhelmsh\u00f6he, au\u00dferdem in Holzen und Volkringhausen sowie evtl. beim 2. Sunderner Festival &#8222;S(w)ing a cappella&#8220;. Dazu kommen das Probewochenende vom 1. bis 3. Mai in der Kolpingbildungsst\u00e4tte Weberhaus Nieheim, die einw\u00f6chige Reise nach M\u00fcnchen vom 10. bis 17. Oktober und das Adventskonzert am 5. Dezember in der Kapelle des St. Vincenz-Krankenhauses.<\/p>\n<div id='gallery-1' class='gallery galleryid-1406 gallery-columns-3 gallery-size-thumbnail'><dl class='gallery-item'>\n\t\t\t<dt class='gallery-icon landscape'>\n\t\t\t\t<a href='https:\/\/www.amante-menden.de\/?attachment_id=1412'><img loading=\"lazy\" decoding=\"async\" width=\"150\" height=\"150\" src=\"https:\/\/www.amante-menden.de\/wordpress\/wp-content\/uploads\/2016\/01\/6-150x150.jpg\" class=\"attachment-thumbnail size-thumbnail\" alt=\"\" srcset=\"https:\/\/www.amante-menden.de\/wordpress\/wp-content\/uploads\/2016\/01\/6-150x150.jpg 150w, https:\/\/www.amante-menden.de\/wordpress\/wp-content\/uploads\/2016\/01\/6-144x144.jpg 144w\" sizes=\"auto, (max-width: 150px) 100vw, 150px\" \/><\/a>\n\t\t\t<\/dt><\/dl><dl class='gallery-item'>\n\t\t\t<dt class='gallery-icon landscape'>\n\t\t\t\t<a href='https:\/\/www.amante-menden.de\/?attachment_id=1411'><img loading=\"lazy\" decoding=\"async\" width=\"150\" height=\"150\" src=\"https:\/\/www.amante-menden.de\/wordpress\/wp-content\/uploads\/2016\/01\/5-150x150.jpg\" class=\"attachment-thumbnail size-thumbnail\" alt=\"\" srcset=\"https:\/\/www.amante-menden.de\/wordpress\/wp-content\/uploads\/2016\/01\/5-150x150.jpg 150w, https:\/\/www.amante-menden.de\/wordpress\/wp-content\/uploads\/2016\/01\/5-144x144.jpg 144w\" sizes=\"auto, (max-width: 150px) 100vw, 150px\" \/><\/a>\n\t\t\t<\/dt><\/dl><dl class='gallery-item'>\n\t\t\t<dt class='gallery-icon portrait'>\n\t\t\t\t<a href='https:\/\/www.amante-menden.de\/?attachment_id=1410'><img loading=\"lazy\" decoding=\"async\" width=\"141\" height=\"150\" src=\"https:\/\/www.amante-menden.de\/wordpress\/wp-content\/uploads\/2016\/01\/4-141x150.jpg\" class=\"attachment-thumbnail size-thumbnail\" alt=\"\" \/><\/a>\n\t\t\t<\/dt><\/dl><br style=\"clear: both\" \/><dl class='gallery-item'>\n\t\t\t<dt class='gallery-icon landscape'>\n\t\t\t\t<a href='https:\/\/www.amante-menden.de\/?attachment_id=1409'><img loading=\"lazy\" decoding=\"async\" width=\"150\" height=\"150\" src=\"https:\/\/www.amante-menden.de\/wordpress\/wp-content\/uploads\/2016\/01\/3-150x150.jpg\" class=\"attachment-thumbnail size-thumbnail\" alt=\"\" srcset=\"https:\/\/www.amante-menden.de\/wordpress\/wp-content\/uploads\/2016\/01\/3-150x150.jpg 150w, https:\/\/www.amante-menden.de\/wordpress\/wp-content\/uploads\/2016\/01\/3-144x144.jpg 144w\" sizes=\"auto, (max-width: 150px) 100vw, 150px\" \/><\/a>\n\t\t\t<\/dt><\/dl><dl class='gallery-item'>\n\t\t\t<dt class='gallery-icon portrait'>\n\t\t\t\t<a href='https:\/\/www.amante-menden.de\/?attachment_id=1408'><img loading=\"lazy\" decoding=\"async\" width=\"120\" height=\"150\" src=\"https:\/\/www.amante-menden.de\/wordpress\/wp-content\/uploads\/2016\/01\/2-120x150.jpg\" class=\"attachment-thumbnail size-thumbnail\" alt=\"\" \/><\/a>\n\t\t\t<\/dt><\/dl><dl class='gallery-item'>\n\t\t\t<dt class='gallery-icon landscape'>\n\t\t\t\t<a href='https:\/\/www.amante-menden.de\/?attachment_id=1407'><img loading=\"lazy\" decoding=\"async\" width=\"150\" height=\"150\" src=\"https:\/\/www.amante-menden.de\/wordpress\/wp-content\/uploads\/2016\/01\/1-150x150.jpg\" class=\"attachment-thumbnail size-thumbnail\" alt=\"\" srcset=\"https:\/\/www.amante-menden.de\/wordpress\/wp-content\/uploads\/2016\/01\/1-150x150.jpg 150w, https:\/\/www.amante-menden.de\/wordpress\/wp-content\/uploads\/2016\/01\/1-144x144.jpg 144w\" sizes=\"auto, (max-width: 150px) 100vw, 150px\" \/><\/a>\n\t\t\t<\/dt><\/dl><br style=\"clear: both\" \/>\n\t\t<\/div>\n\n","protected":false},"excerpt":{"rendered":"<p>Mit dem bew\u00e4hrten Vorstand, einer solide ausgestatteten Vereinskasse und einem prall gef\u00fcllten Terminkalender gehen die S\u00e4ngerinnen und S\u00e4nger von amante della musica menden das Kalenderjahr 2009 an. Am Samstag, 17. Januar, im Rahmen der Jahreshauptversammlung mit mehr als 50 Mitgliedern &hellip; <a href=\"https:\/\/www.amante-menden.de\/?page_id=1406\">Weiterlesen <span class=\"meta-nav\">&rarr;<\/span><\/a><\/p>\n","protected":false},"author":1,"featured_media":0,"parent":159,"menu_order":91,"comment_status":"closed","ping_status":"closed","template":"","meta":{"footnotes":""},"class_list":["post-1406","page","type-page","status-publish","hentry"],"_links":{"self":[{"href":"https:\/\/www.amante-menden.de\/index.php?rest_route=\/wp\/v2\/pages\/1406","targetHints":{"allow":["GET"]}}],"collection":[{"href":"https:\/\/www.amante-menden.de\/index.php?rest_route=\/wp\/v2\/pages"}],"about":[{"href":"https:\/\/www.amante-menden.de\/index.php?rest_route=\/wp\/v2\/types\/page"}],"author":[{"embeddable":true,"href":"https:\/\/www.amante-menden.de\/index.php?rest_route=\/wp\/v2\/users\/1"}],"replies":[{"embeddable":true,"href":"https:\/\/www.amante-menden.de\/index.php?rest_route=%2Fwp%2Fv2%2Fcomments&post=1406"}],"version-history":[{"count":3,"href":"https:\/\/www.amante-menden.de\/index.php?rest_route=\/wp\/v2\/pages\/1406\/revisions"}],"predecessor-version":[{"id":1567,"href":"https:\/\/www.amante-menden.de\/index.php?rest_route=\/wp\/v2\/pages\/1406\/revisions\/1567"}],"up":[{"embeddable":true,"href":"https:\/\/www.amante-menden.de\/index.php?rest_route=\/wp\/v2\/pages\/159"}],"wp:attachment":[{"href":"https:\/\/www.amante-menden.de\/index.php?rest_route=%2Fwp%2Fv2%2Fmedia&parent=1406"}],"curies":[{"name":"wp","href":"https:\/\/api.w.org\/{rel}","templated":true}]}}