{"id":1502,"date":"2016-01-05T09:56:08","date_gmt":"2016-01-05T07:56:08","guid":{"rendered":"http:\/\/www.amante-menden.de\/?page_id=1502"},"modified":"2016-01-05T09:56:08","modified_gmt":"2016-01-05T07:56:08","slug":"sommerfete-2009","status":"publish","type":"page","link":"https:\/\/www.amante-menden.de\/?page_id=1502","title":{"rendered":"Sommerfete 2009"},"content":{"rendered":"<h3>Und im Oktober geht&#8217;s nach M\u00fcnchen!<\/h3>\n<h3>Am 05.09.2009 stimmte sich amante am H\u00fcnenk\u00f6pfchen mit bayerischen Trachten, Spielen, Bier und Essen auf die Chorfahrt nach M\u00fcnchen ein!<br \/>\nBierkrugstemmen &#8212; Weizenbier &#8212; Fleischk\u00e4se &#8212; Lederhose &#8212; Dirndl<\/h3>\n<div id='gallery-1' class='gallery galleryid-1502 gallery-columns-3 gallery-size-thumbnail'><dl class='gallery-item'>\n\t\t\t<dt class='gallery-icon landscape'>\n\t\t\t\t<a href='https:\/\/www.amante-menden.de\/?attachment_id=1503'><img loading=\"lazy\" decoding=\"async\" width=\"150\" height=\"150\" src=\"https:\/\/www.amante-menden.de\/wordpress\/wp-content\/uploads\/2016\/01\/0-1-150x150.jpg\" class=\"attachment-thumbnail size-thumbnail\" alt=\"\" srcset=\"https:\/\/www.amante-menden.de\/wordpress\/wp-content\/uploads\/2016\/01\/0-1-150x150.jpg 150w, https:\/\/www.amante-menden.de\/wordpress\/wp-content\/uploads\/2016\/01\/0-1-144x144.jpg 144w\" sizes=\"auto, (max-width: 150px) 100vw, 150px\" \/><\/a>\n\t\t\t<\/dt><\/dl><dl class='gallery-item'>\n\t\t\t<dt class='gallery-icon landscape'>\n\t\t\t\t<a href='https:\/\/www.amante-menden.de\/?attachment_id=1504'><img loading=\"lazy\" decoding=\"async\" width=\"150\" height=\"150\" src=\"https:\/\/www.amante-menden.de\/wordpress\/wp-content\/uploads\/2016\/01\/0a-150x150.jpg\" class=\"attachment-thumbnail size-thumbnail\" alt=\"\" srcset=\"https:\/\/www.amante-menden.de\/wordpress\/wp-content\/uploads\/2016\/01\/0a-150x150.jpg 150w, https:\/\/www.amante-menden.de\/wordpress\/wp-content\/uploads\/2016\/01\/0a-144x144.jpg 144w\" sizes=\"auto, (max-width: 150px) 100vw, 150px\" \/><\/a>\n\t\t\t<\/dt><\/dl><dl class='gallery-item'>\n\t\t\t<dt class='gallery-icon landscape'>\n\t\t\t\t<a href='https:\/\/www.amante-menden.de\/?attachment_id=1505'><img loading=\"lazy\" decoding=\"async\" width=\"150\" height=\"150\" src=\"https:\/\/www.amante-menden.de\/wordpress\/wp-content\/uploads\/2016\/01\/1-5-150x150.jpg\" class=\"attachment-thumbnail size-thumbnail\" alt=\"\" srcset=\"https:\/\/www.amante-menden.de\/wordpress\/wp-content\/uploads\/2016\/01\/1-5-150x150.jpg 150w, https:\/\/www.amante-menden.de\/wordpress\/wp-content\/uploads\/2016\/01\/1-5-144x144.jpg 144w\" sizes=\"auto, (max-width: 150px) 100vw, 150px\" \/><\/a>\n\t\t\t<\/dt><\/dl><br style=\"clear: both\" \/><dl class='gallery-item'>\n\t\t\t<dt class='gallery-icon landscape'>\n\t\t\t\t<a href='https:\/\/www.amante-menden.de\/?attachment_id=1506'><img loading=\"lazy\" decoding=\"async\" width=\"150\" height=\"150\" src=\"https:\/\/www.amante-menden.de\/wordpress\/wp-content\/uploads\/2016\/01\/2-5-150x150.jpg\" class=\"attachment-thumbnail size-thumbnail\" alt=\"\" srcset=\"https:\/\/www.amante-menden.de\/wordpress\/wp-content\/uploads\/2016\/01\/2-5-150x150.jpg 150w, https:\/\/www.amante-menden.de\/wordpress\/wp-content\/uploads\/2016\/01\/2-5-144x144.jpg 144w\" sizes=\"auto, (max-width: 150px) 100vw, 150px\" \/><\/a>\n\t\t\t<\/dt><\/dl><dl class='gallery-item'>\n\t\t\t<dt class='gallery-icon landscape'>\n\t\t\t\t<a href='https:\/\/www.amante-menden.de\/?attachment_id=1507'><img loading=\"lazy\" decoding=\"async\" width=\"150\" height=\"150\" src=\"https:\/\/www.amante-menden.de\/wordpress\/wp-content\/uploads\/2016\/01\/3-4-150x150.jpg\" class=\"attachment-thumbnail size-thumbnail\" alt=\"\" srcset=\"https:\/\/www.amante-menden.de\/wordpress\/wp-content\/uploads\/2016\/01\/3-4-150x150.jpg 150w, https:\/\/www.amante-menden.de\/wordpress\/wp-content\/uploads\/2016\/01\/3-4-144x144.jpg 144w\" sizes=\"auto, (max-width: 150px) 100vw, 150px\" \/><\/a>\n\t\t\t<\/dt><\/dl><dl class='gallery-item'>\n\t\t\t<dt class='gallery-icon landscape'>\n\t\t\t\t<a href='https:\/\/www.amante-menden.de\/?attachment_id=1508'><img loading=\"lazy\" decoding=\"async\" width=\"150\" height=\"150\" src=\"https:\/\/www.amante-menden.de\/wordpress\/wp-content\/uploads\/2016\/01\/4-4-150x150.jpg\" class=\"attachment-thumbnail size-thumbnail\" alt=\"\" srcset=\"https:\/\/www.amante-menden.de\/wordpress\/wp-content\/uploads\/2016\/01\/4-4-150x150.jpg 150w, https:\/\/www.amante-menden.de\/wordpress\/wp-content\/uploads\/2016\/01\/4-4-144x144.jpg 144w\" sizes=\"auto, (max-width: 150px) 100vw, 150px\" \/><\/a>\n\t\t\t<\/dt><\/dl><br style=\"clear: both\" \/><dl class='gallery-item'>\n\t\t\t<dt class='gallery-icon portrait'>\n\t\t\t\t<a href='https:\/\/www.amante-menden.de\/?attachment_id=1509'><img loading=\"lazy\" decoding=\"async\" width=\"150\" height=\"150\" src=\"https:\/\/www.amante-menden.de\/wordpress\/wp-content\/uploads\/2016\/01\/5-4-150x150.jpg\" class=\"attachment-thumbnail size-thumbnail\" alt=\"\" srcset=\"https:\/\/www.amante-menden.de\/wordpress\/wp-content\/uploads\/2016\/01\/5-4-150x150.jpg 150w, https:\/\/www.amante-menden.de\/wordpress\/wp-content\/uploads\/2016\/01\/5-4-144x144.jpg 144w\" sizes=\"auto, (max-width: 150px) 100vw, 150px\" \/><\/a>\n\t\t\t<\/dt><\/dl><dl class='gallery-item'>\n\t\t\t<dt class='gallery-icon landscape'>\n\t\t\t\t<a href='https:\/\/www.amante-menden.de\/?attachment_id=1510'><img loading=\"lazy\" decoding=\"async\" width=\"150\" height=\"150\" src=\"https:\/\/www.amante-menden.de\/wordpress\/wp-content\/uploads\/2016\/01\/6-4-150x150.jpg\" class=\"attachment-thumbnail size-thumbnail\" alt=\"\" srcset=\"https:\/\/www.amante-menden.de\/wordpress\/wp-content\/uploads\/2016\/01\/6-4-150x150.jpg 150w, https:\/\/www.amante-menden.de\/wordpress\/wp-content\/uploads\/2016\/01\/6-4-144x144.jpg 144w\" sizes=\"auto, (max-width: 150px) 100vw, 150px\" \/><\/a>\n\t\t\t<\/dt><\/dl><dl class='gallery-item'>\n\t\t\t<dt class='gallery-icon landscape'>\n\t\t\t\t<a href='https:\/\/www.amante-menden.de\/?attachment_id=1511'><img loading=\"lazy\" decoding=\"async\" width=\"150\" height=\"150\" src=\"https:\/\/www.amante-menden.de\/wordpress\/wp-content\/uploads\/2016\/01\/7-3-150x150.jpg\" class=\"attachment-thumbnail size-thumbnail\" alt=\"\" srcset=\"https:\/\/www.amante-menden.de\/wordpress\/wp-content\/uploads\/2016\/01\/7-3-150x150.jpg 150w, https:\/\/www.amante-menden.de\/wordpress\/wp-content\/uploads\/2016\/01\/7-3-144x144.jpg 144w\" sizes=\"auto, (max-width: 150px) 100vw, 150px\" \/><\/a>\n\t\t\t<\/dt><\/dl><br style=\"clear: both\" \/><dl class='gallery-item'>\n\t\t\t<dt class='gallery-icon landscape'>\n\t\t\t\t<a href='https:\/\/www.amante-menden.de\/?attachment_id=1512'><img loading=\"lazy\" decoding=\"async\" width=\"150\" height=\"150\" src=\"https:\/\/www.amante-menden.de\/wordpress\/wp-content\/uploads\/2016\/01\/8-3-150x150.jpg\" class=\"attachment-thumbnail size-thumbnail\" alt=\"\" srcset=\"https:\/\/www.amante-menden.de\/wordpress\/wp-content\/uploads\/2016\/01\/8-3-150x150.jpg 150w, https:\/\/www.amante-menden.de\/wordpress\/wp-content\/uploads\/2016\/01\/8-3-144x144.jpg 144w\" sizes=\"auto, (max-width: 150px) 100vw, 150px\" \/><\/a>\n\t\t\t<\/dt><\/dl><dl class='gallery-item'>\n\t\t\t<dt class='gallery-icon landscape'>\n\t\t\t\t<a href='https:\/\/www.amante-menden.de\/?attachment_id=1513'><img loading=\"lazy\" decoding=\"async\" width=\"150\" height=\"150\" src=\"https:\/\/www.amante-menden.de\/wordpress\/wp-content\/uploads\/2016\/01\/9-2-150x150.jpg\" class=\"attachment-thumbnail size-thumbnail\" alt=\"\" srcset=\"https:\/\/www.amante-menden.de\/wordpress\/wp-content\/uploads\/2016\/01\/9-2-150x150.jpg 150w, https:\/\/www.amante-menden.de\/wordpress\/wp-content\/uploads\/2016\/01\/9-2-144x144.jpg 144w\" sizes=\"auto, (max-width: 150px) 100vw, 150px\" \/><\/a>\n\t\t\t<\/dt><\/dl><dl class='gallery-item'>\n\t\t\t<dt class='gallery-icon landscape'>\n\t\t\t\t<a href='https:\/\/www.amante-menden.de\/?attachment_id=1514'><img loading=\"lazy\" decoding=\"async\" width=\"150\" height=\"150\" src=\"https:\/\/www.amante-menden.de\/wordpress\/wp-content\/uploads\/2016\/01\/10-2-150x150.jpg\" class=\"attachment-thumbnail size-thumbnail\" alt=\"\" srcset=\"https:\/\/www.amante-menden.de\/wordpress\/wp-content\/uploads\/2016\/01\/10-2-150x150.jpg 150w, https:\/\/www.amante-menden.de\/wordpress\/wp-content\/uploads\/2016\/01\/10-2-144x144.jpg 144w\" sizes=\"auto, (max-width: 150px) 100vw, 150px\" \/><\/a>\n\t\t\t<\/dt><\/dl><br style=\"clear: both\" \/><dl class='gallery-item'>\n\t\t\t<dt class='gallery-icon landscape'>\n\t\t\t\t<a href='https:\/\/www.amante-menden.de\/?attachment_id=1515'><img loading=\"lazy\" decoding=\"async\" width=\"150\" height=\"150\" src=\"https:\/\/www.amante-menden.de\/wordpress\/wp-content\/uploads\/2016\/01\/11-1-150x150.jpg\" class=\"attachment-thumbnail size-thumbnail\" alt=\"\" srcset=\"https:\/\/www.amante-menden.de\/wordpress\/wp-content\/uploads\/2016\/01\/11-1-150x150.jpg 150w, https:\/\/www.amante-menden.de\/wordpress\/wp-content\/uploads\/2016\/01\/11-1-144x144.jpg 144w\" sizes=\"auto, (max-width: 150px) 100vw, 150px\" \/><\/a>\n\t\t\t<\/dt><\/dl><dl class='gallery-item'>\n\t\t\t<dt class='gallery-icon landscape'>\n\t\t\t\t<a href='https:\/\/www.amante-menden.de\/?attachment_id=1516'><img loading=\"lazy\" decoding=\"async\" width=\"150\" height=\"150\" src=\"https:\/\/www.amante-menden.de\/wordpress\/wp-content\/uploads\/2016\/01\/12-1-150x150.jpg\" class=\"attachment-thumbnail size-thumbnail\" alt=\"\" srcset=\"https:\/\/www.amante-menden.de\/wordpress\/wp-content\/uploads\/2016\/01\/12-1-150x150.jpg 150w, https:\/\/www.amante-menden.de\/wordpress\/wp-content\/uploads\/2016\/01\/12-1-144x144.jpg 144w\" sizes=\"auto, (max-width: 150px) 100vw, 150px\" \/><\/a>\n\t\t\t<\/dt><\/dl><dl class='gallery-item'>\n\t\t\t<dt class='gallery-icon landscape'>\n\t\t\t\t<a href='https:\/\/www.amante-menden.de\/?attachment_id=1517'><img loading=\"lazy\" decoding=\"async\" width=\"150\" height=\"150\" src=\"https:\/\/www.amante-menden.de\/wordpress\/wp-content\/uploads\/2016\/01\/13-150x150.jpg\" class=\"attachment-thumbnail size-thumbnail\" alt=\"\" srcset=\"https:\/\/www.amante-menden.de\/wordpress\/wp-content\/uploads\/2016\/01\/13-150x150.jpg 150w, https:\/\/www.amante-menden.de\/wordpress\/wp-content\/uploads\/2016\/01\/13-144x144.jpg 144w\" sizes=\"auto, (max-width: 150px) 100vw, 150px\" \/><\/a>\n\t\t\t<\/dt><\/dl><br style=\"clear: both\" \/><dl class='gallery-item'>\n\t\t\t<dt class='gallery-icon landscape'>\n\t\t\t\t<a href='https:\/\/www.amante-menden.de\/?attachment_id=1518'><img loading=\"lazy\" decoding=\"async\" width=\"150\" height=\"150\" src=\"https:\/\/www.amante-menden.de\/wordpress\/wp-content\/uploads\/2016\/01\/14-150x150.jpg\" class=\"attachment-thumbnail size-thumbnail\" alt=\"\" srcset=\"https:\/\/www.amante-menden.de\/wordpress\/wp-content\/uploads\/2016\/01\/14-150x150.jpg 150w, https:\/\/www.amante-menden.de\/wordpress\/wp-content\/uploads\/2016\/01\/14-144x144.jpg 144w\" sizes=\"auto, (max-width: 150px) 100vw, 150px\" \/><\/a>\n\t\t\t<\/dt><\/dl><dl class='gallery-item'>\n\t\t\t<dt class='gallery-icon landscape'>\n\t\t\t\t<a href='https:\/\/www.amante-menden.de\/?attachment_id=1519'><img loading=\"lazy\" decoding=\"async\" width=\"150\" height=\"150\" src=\"https:\/\/www.amante-menden.de\/wordpress\/wp-content\/uploads\/2016\/01\/15-150x150.jpg\" class=\"attachment-thumbnail size-thumbnail\" alt=\"\" srcset=\"https:\/\/www.amante-menden.de\/wordpress\/wp-content\/uploads\/2016\/01\/15-150x150.jpg 150w, https:\/\/www.amante-menden.de\/wordpress\/wp-content\/uploads\/2016\/01\/15-144x144.jpg 144w\" sizes=\"auto, (max-width: 150px) 100vw, 150px\" \/><\/a>\n\t\t\t<\/dt><\/dl><dl class='gallery-item'>\n\t\t\t<dt class='gallery-icon portrait'>\n\t\t\t\t<a href='https:\/\/www.amante-menden.de\/?attachment_id=1520'><img loading=\"lazy\" decoding=\"async\" width=\"150\" height=\"150\" src=\"https:\/\/www.amante-menden.de\/wordpress\/wp-content\/uploads\/2016\/01\/16-150x150.jpg\" class=\"attachment-thumbnail size-thumbnail\" alt=\"\" srcset=\"https:\/\/www.amante-menden.de\/wordpress\/wp-content\/uploads\/2016\/01\/16-150x150.jpg 150w, https:\/\/www.amante-menden.de\/wordpress\/wp-content\/uploads\/2016\/01\/16-144x144.jpg 144w\" sizes=\"auto, (max-width: 150px) 100vw, 150px\" \/><\/a>\n\t\t\t<\/dt><\/dl><br style=\"clear: both\" \/><dl class='gallery-item'>\n\t\t\t<dt class='gallery-icon landscape'>\n\t\t\t\t<a href='https:\/\/www.amante-menden.de\/?attachment_id=1521'><img loading=\"lazy\" decoding=\"async\" width=\"150\" height=\"150\" src=\"https:\/\/www.amante-menden.de\/wordpress\/wp-content\/uploads\/2016\/01\/startseite-150x150.jpg\" class=\"attachment-thumbnail size-thumbnail\" alt=\"\" srcset=\"https:\/\/www.amante-menden.de\/wordpress\/wp-content\/uploads\/2016\/01\/startseite-150x150.jpg 150w, https:\/\/www.amante-menden.de\/wordpress\/wp-content\/uploads\/2016\/01\/startseite-144x144.jpg 144w\" sizes=\"auto, (max-width: 150px) 100vw, 150px\" \/><\/a>\n\t\t\t<\/dt><\/dl>\n\t\t\t<br style='clear: both' \/>\n\t\t<\/div>\n\n","protected":false},"excerpt":{"rendered":"<p>Und im Oktober geht&#8217;s nach M\u00fcnchen! Am 05.09.2009 stimmte sich amante am H\u00fcnenk\u00f6pfchen mit bayerischen Trachten, Spielen, Bier und Essen auf die Chorfahrt nach M\u00fcnchen ein! Bierkrugstemmen &#8212; Weizenbier &#8212; Fleischk\u00e4se &#8212; Lederhose &#8212; Dirndl<\/p>\n","protected":false},"author":1,"featured_media":0,"parent":159,"menu_order":99,"comment_status":"closed","ping_status":"closed","template":"","meta":{"footnotes":""},"class_list":["post-1502","page","type-page","status-publish","hentry"],"_links":{"self":[{"href":"https:\/\/www.amante-menden.de\/index.php?rest_route=\/wp\/v2\/pages\/1502","targetHints":{"allow":["GET"]}}],"collection":[{"href":"https:\/\/www.amante-menden.de\/index.php?rest_route=\/wp\/v2\/pages"}],"about":[{"href":"https:\/\/www.amante-menden.de\/index.php?rest_route=\/wp\/v2\/types\/page"}],"author":[{"embeddable":true,"href":"https:\/\/www.amante-menden.de\/index.php?rest_route=\/wp\/v2\/users\/1"}],"replies":[{"embeddable":true,"href":"https:\/\/www.amante-menden.de\/index.php?rest_route=%2Fwp%2Fv2%2Fcomments&post=1502"}],"version-history":[{"count":1,"href":"https:\/\/www.amante-menden.de\/index.php?rest_route=\/wp\/v2\/pages\/1502\/revisions"}],"predecessor-version":[{"id":1522,"href":"https:\/\/www.amante-menden.de\/index.php?rest_route=\/wp\/v2\/pages\/1502\/revisions\/1522"}],"up":[{"embeddable":true,"href":"https:\/\/www.amante-menden.de\/index.php?rest_route=\/wp\/v2\/pages\/159"}],"wp:attachment":[{"href":"https:\/\/www.amante-menden.de\/index.php?rest_route=%2Fwp%2Fv2%2Fmedia&parent=1502"}],"curies":[{"name":"wp","href":"https:\/\/api.w.org\/{rel}","templated":true}]}}