{"id":1523,"date":"2016-01-05T09:58:05","date_gmt":"2016-01-05T07:58:05","guid":{"rendered":"http:\/\/www.amante-menden.de\/?page_id=1523"},"modified":"2016-01-05T09:58:14","modified_gmt":"2016-01-05T07:58:14","slug":"pop-u-jazz-konzert-popchorn-in-ense-hoeingen","status":"publish","type":"page","link":"https:\/\/www.amante-menden.de\/?page_id=1523","title":{"rendered":"Pop- u. Jazz-Konzert popCHORn in Ense-H\u00f6ingen"},"content":{"rendered":"<h3>am 03.10.2009 wurde amante von belcanto zum Konzert eingeladen<\/h3>\n<p style=\"text-align: justify;\">Am Samstag, 3. Oktober, war amante della musica menden gemeinsam mit dem Ensemble Vocalissimo Ense, dem Frauenchor Frizzante Soest, dem Kinderchor Young Generation sowie den Bands Blue Huhn und Bitter-Trio beim Konzert &#8222;popCHORn&#8220; zu Gast bei Meisterchor Belcanto H\u00f6ingen in der H\u00f6inger Sch\u00fctzenhalle. Fast vier Stunden lang reihte sich ein Ohrwurm an den anderen, zwei Mal stand amante mit 42 S\u00e4ngerinnen und S\u00e4ngern (darunter einige neue Aktive) unter der Leitung von Michael Oel auf der B\u00fchne. Im ersten Teil pr\u00e4sentierte der Mendener Chor Lionel Richies Liebesballade &#8222;Hello&#8220;, &#8222;I get around&#8220; von den Beach Boys sowie &#8222;A whiter shade of pale&#8220; (Procol Harum) und &#8222;Mein hungriges Herz&#8220; (Mia). Nach der Pause rockte amante endg\u00fcltig die Halle &#8211; mit &#8222;Coming home&#8220; (Sasha), dem One-Hit-Wonder &#8222;Don&#8217;t worry be happy&#8220; von Bobby McFerrin und der &#8222;Bohemian Rhapsody&#8220; von Queen samt Halbplayback. Nat\u00fcrlich geh\u00f6rte bei einigen St\u00fccken auch die einstudierte Choreographie dazu. Als Zugabe gab&#8217;s schlie\u00dflich noch den Gospel &#8222;Soon ah will be done&#8220; &#8211; und ganz viel Applaus vom begeisterten Publikum.<\/p>\n<div id='gallery-1' class='gallery galleryid-1523 gallery-columns-3 gallery-size-thumbnail'><dl class='gallery-item'>\n\t\t\t<dt class='gallery-icon landscape'>\n\t\t\t\t<a href='https:\/\/www.amante-menden.de\/?attachment_id=1524'><img loading=\"lazy\" decoding=\"async\" width=\"150\" height=\"150\" src=\"https:\/\/www.amante-menden.de\/wordpress\/wp-content\/uploads\/2016\/01\/1-6-150x150.jpg\" class=\"attachment-thumbnail size-thumbnail\" alt=\"\" srcset=\"https:\/\/www.amante-menden.de\/wordpress\/wp-content\/uploads\/2016\/01\/1-6-150x150.jpg 150w, https:\/\/www.amante-menden.de\/wordpress\/wp-content\/uploads\/2016\/01\/1-6-144x144.jpg 144w\" sizes=\"auto, (max-width: 150px) 100vw, 150px\" \/><\/a>\n\t\t\t<\/dt><\/dl><dl class='gallery-item'>\n\t\t\t<dt class='gallery-icon landscape'>\n\t\t\t\t<a href='https:\/\/www.amante-menden.de\/?attachment_id=1525'><img loading=\"lazy\" decoding=\"async\" width=\"150\" height=\"150\" src=\"https:\/\/www.amante-menden.de\/wordpress\/wp-content\/uploads\/2016\/01\/2-6-150x150.jpg\" class=\"attachment-thumbnail size-thumbnail\" alt=\"\" srcset=\"https:\/\/www.amante-menden.de\/wordpress\/wp-content\/uploads\/2016\/01\/2-6-150x150.jpg 150w, https:\/\/www.amante-menden.de\/wordpress\/wp-content\/uploads\/2016\/01\/2-6-144x144.jpg 144w\" sizes=\"auto, (max-width: 150px) 100vw, 150px\" \/><\/a>\n\t\t\t<\/dt><\/dl><dl class='gallery-item'>\n\t\t\t<dt class='gallery-icon landscape'>\n\t\t\t\t<a href='https:\/\/www.amante-menden.de\/?attachment_id=1526'><img loading=\"lazy\" decoding=\"async\" width=\"150\" height=\"150\" src=\"https:\/\/www.amante-menden.de\/wordpress\/wp-content\/uploads\/2016\/01\/3-5-150x150.jpg\" class=\"attachment-thumbnail size-thumbnail\" alt=\"\" srcset=\"https:\/\/www.amante-menden.de\/wordpress\/wp-content\/uploads\/2016\/01\/3-5-150x150.jpg 150w, https:\/\/www.amante-menden.de\/wordpress\/wp-content\/uploads\/2016\/01\/3-5-144x144.jpg 144w\" sizes=\"auto, (max-width: 150px) 100vw, 150px\" \/><\/a>\n\t\t\t<\/dt><\/dl><br style=\"clear: both\" \/><dl class='gallery-item'>\n\t\t\t<dt class='gallery-icon portrait'>\n\t\t\t\t<a href='https:\/\/www.amante-menden.de\/?attachment_id=1527'><img loading=\"lazy\" decoding=\"async\" width=\"150\" height=\"150\" src=\"https:\/\/www.amante-menden.de\/wordpress\/wp-content\/uploads\/2016\/01\/4-5-150x150.jpg\" class=\"attachment-thumbnail size-thumbnail\" alt=\"\" srcset=\"https:\/\/www.amante-menden.de\/wordpress\/wp-content\/uploads\/2016\/01\/4-5-150x150.jpg 150w, https:\/\/www.amante-menden.de\/wordpress\/wp-content\/uploads\/2016\/01\/4-5-144x144.jpg 144w\" sizes=\"auto, (max-width: 150px) 100vw, 150px\" \/><\/a>\n\t\t\t<\/dt><\/dl><dl class='gallery-item'>\n\t\t\t<dt class='gallery-icon landscape'>\n\t\t\t\t<a href='https:\/\/www.amante-menden.de\/?attachment_id=1528'><img loading=\"lazy\" decoding=\"async\" width=\"150\" height=\"150\" src=\"https:\/\/www.amante-menden.de\/wordpress\/wp-content\/uploads\/2016\/01\/5-5-150x150.jpg\" class=\"attachment-thumbnail size-thumbnail\" alt=\"\" srcset=\"https:\/\/www.amante-menden.de\/wordpress\/wp-content\/uploads\/2016\/01\/5-5-150x150.jpg 150w, https:\/\/www.amante-menden.de\/wordpress\/wp-content\/uploads\/2016\/01\/5-5-144x144.jpg 144w, https:\/\/www.amante-menden.de\/wordpress\/wp-content\/uploads\/2016\/01\/5-5.jpg 202w\" sizes=\"auto, (max-width: 150px) 100vw, 150px\" \/><\/a>\n\t\t\t<\/dt><\/dl><dl class='gallery-item'>\n\t\t\t<dt class='gallery-icon landscape'>\n\t\t\t\t<a href='https:\/\/www.amante-menden.de\/?attachment_id=1529'><img loading=\"lazy\" decoding=\"async\" width=\"150\" height=\"150\" src=\"https:\/\/www.amante-menden.de\/wordpress\/wp-content\/uploads\/2016\/01\/6-5-150x150.jpg\" class=\"attachment-thumbnail size-thumbnail\" alt=\"\" srcset=\"https:\/\/www.amante-menden.de\/wordpress\/wp-content\/uploads\/2016\/01\/6-5-150x150.jpg 150w, https:\/\/www.amante-menden.de\/wordpress\/wp-content\/uploads\/2016\/01\/6-5-144x144.jpg 144w\" sizes=\"auto, (max-width: 150px) 100vw, 150px\" \/><\/a>\n\t\t\t<\/dt><\/dl><br style=\"clear: both\" \/><dl class='gallery-item'>\n\t\t\t<dt class='gallery-icon landscape'>\n\t\t\t\t<a href='https:\/\/www.amante-menden.de\/?attachment_id=1530'><img loading=\"lazy\" decoding=\"async\" width=\"150\" height=\"150\" src=\"https:\/\/www.amante-menden.de\/wordpress\/wp-content\/uploads\/2016\/01\/7-4-150x150.jpg\" class=\"attachment-thumbnail size-thumbnail\" alt=\"\" srcset=\"https:\/\/www.amante-menden.de\/wordpress\/wp-content\/uploads\/2016\/01\/7-4-150x150.jpg 150w, https:\/\/www.amante-menden.de\/wordpress\/wp-content\/uploads\/2016\/01\/7-4-144x144.jpg 144w\" sizes=\"auto, (max-width: 150px) 100vw, 150px\" \/><\/a>\n\t\t\t<\/dt><\/dl><dl class='gallery-item'>\n\t\t\t<dt class='gallery-icon landscape'>\n\t\t\t\t<a href='https:\/\/www.amante-menden.de\/?attachment_id=1531'><img loading=\"lazy\" decoding=\"async\" width=\"150\" height=\"150\" src=\"https:\/\/www.amante-menden.de\/wordpress\/wp-content\/uploads\/2016\/01\/8-4-150x150.jpg\" class=\"attachment-thumbnail size-thumbnail\" alt=\"\" srcset=\"https:\/\/www.amante-menden.de\/wordpress\/wp-content\/uploads\/2016\/01\/8-4-150x150.jpg 150w, https:\/\/www.amante-menden.de\/wordpress\/wp-content\/uploads\/2016\/01\/8-4-144x144.jpg 144w\" sizes=\"auto, (max-width: 150px) 100vw, 150px\" \/><\/a>\n\t\t\t<\/dt><\/dl><dl class='gallery-item'>\n\t\t\t<dt class='gallery-icon landscape'>\n\t\t\t\t<a href='https:\/\/www.amante-menden.de\/?attachment_id=1532'><img loading=\"lazy\" decoding=\"async\" width=\"150\" height=\"150\" src=\"https:\/\/www.amante-menden.de\/wordpress\/wp-content\/uploads\/2016\/01\/9-3-150x150.jpg\" class=\"attachment-thumbnail size-thumbnail\" alt=\"\" srcset=\"https:\/\/www.amante-menden.de\/wordpress\/wp-content\/uploads\/2016\/01\/9-3-150x150.jpg 150w, https:\/\/www.amante-menden.de\/wordpress\/wp-content\/uploads\/2016\/01\/9-3-144x144.jpg 144w\" sizes=\"auto, (max-width: 150px) 100vw, 150px\" \/><\/a>\n\t\t\t<\/dt><\/dl><br style=\"clear: both\" \/><dl class='gallery-item'>\n\t\t\t<dt class='gallery-icon landscape'>\n\t\t\t\t<a href='https:\/\/www.amante-menden.de\/?attachment_id=1533'><img loading=\"lazy\" decoding=\"async\" width=\"150\" height=\"150\" src=\"https:\/\/www.amante-menden.de\/wordpress\/wp-content\/uploads\/2016\/01\/gruppe-2-150x150.jpg\" class=\"attachment-thumbnail size-thumbnail\" alt=\"\" srcset=\"https:\/\/www.amante-menden.de\/wordpress\/wp-content\/uploads\/2016\/01\/gruppe-2-150x150.jpg 150w, https:\/\/www.amante-menden.de\/wordpress\/wp-content\/uploads\/2016\/01\/gruppe-2-144x144.jpg 144w\" sizes=\"auto, (max-width: 150px) 100vw, 150px\" \/><\/a>\n\t\t\t<\/dt><\/dl><dl class='gallery-item'>\n\t\t\t<dt class='gallery-icon portrait'>\n\t\t\t\t<a href='https:\/\/www.amante-menden.de\/?attachment_id=1534'><img loading=\"lazy\" decoding=\"async\" width=\"150\" height=\"150\" src=\"https:\/\/www.amante-menden.de\/wordpress\/wp-content\/uploads\/2016\/01\/PopChorn-150x150.jpg\" class=\"attachment-thumbnail size-thumbnail\" alt=\"\" srcset=\"https:\/\/www.amante-menden.de\/wordpress\/wp-content\/uploads\/2016\/01\/PopChorn-150x150.jpg 150w, https:\/\/www.amante-menden.de\/wordpress\/wp-content\/uploads\/2016\/01\/PopChorn-144x144.jpg 144w\" sizes=\"auto, (max-width: 150px) 100vw, 150px\" \/><\/a>\n\t\t\t<\/dt><\/dl>\n\t\t\t<br style='clear: both' \/>\n\t\t<\/div>\n\n","protected":false},"excerpt":{"rendered":"<p>am 03.10.2009 wurde amante von belcanto zum Konzert eingeladen Am Samstag, 3. Oktober, war amante della musica menden gemeinsam mit dem Ensemble Vocalissimo Ense, dem Frauenchor Frizzante Soest, dem Kinderchor Young Generation sowie den Bands Blue Huhn und Bitter-Trio beim &hellip; <a href=\"https:\/\/www.amante-menden.de\/?page_id=1523\">Weiterlesen <span class=\"meta-nav\">&rarr;<\/span><\/a><\/p>\n","protected":false},"author":1,"featured_media":0,"parent":159,"menu_order":910,"comment_status":"closed","ping_status":"closed","template":"","meta":{"footnotes":""},"class_list":["post-1523","page","type-page","status-publish","hentry"],"_links":{"self":[{"href":"https:\/\/www.amante-menden.de\/index.php?rest_route=\/wp\/v2\/pages\/1523","targetHints":{"allow":["GET"]}}],"collection":[{"href":"https:\/\/www.amante-menden.de\/index.php?rest_route=\/wp\/v2\/pages"}],"about":[{"href":"https:\/\/www.amante-menden.de\/index.php?rest_route=\/wp\/v2\/types\/page"}],"author":[{"embeddable":true,"href":"https:\/\/www.amante-menden.de\/index.php?rest_route=\/wp\/v2\/users\/1"}],"replies":[{"embeddable":true,"href":"https:\/\/www.amante-menden.de\/index.php?rest_route=%2Fwp%2Fv2%2Fcomments&post=1523"}],"version-history":[{"count":1,"href":"https:\/\/www.amante-menden.de\/index.php?rest_route=\/wp\/v2\/pages\/1523\/revisions"}],"predecessor-version":[{"id":1535,"href":"https:\/\/www.amante-menden.de\/index.php?rest_route=\/wp\/v2\/pages\/1523\/revisions\/1535"}],"up":[{"embeddable":true,"href":"https:\/\/www.amante-menden.de\/index.php?rest_route=\/wp\/v2\/pages\/159"}],"wp:attachment":[{"href":"https:\/\/www.amante-menden.de\/index.php?rest_route=%2Fwp%2Fv2%2Fmedia&parent=1523"}],"curies":[{"name":"wp","href":"https:\/\/api.w.org\/{rel}","templated":true}]}}