{"id":1536,"date":"2016-01-05T10:04:07","date_gmt":"2016-01-05T08:04:07","guid":{"rendered":"http:\/\/www.amante-menden.de\/?page_id=1536"},"modified":"2016-01-05T10:04:16","modified_gmt":"2016-01-05T08:04:16","slug":"muenchenfahrt-im-oktober-2009","status":"publish","type":"page","link":"https:\/\/www.amante-menden.de\/?page_id=1536","title":{"rendered":"M\u00fcnchenfahrt im Oktober 2009"},"content":{"rendered":"<h3>Vom 10. bis 17. Oktober war amante in M\u00fcnchen<\/h3>\n<p><a href=\"http:\/\/www.amante-menden.de\/wordpress\/wp-content\/uploads\/2016\/01\/chormuenchen.jpg\" rel=\"attachment wp-att-1537\"><img loading=\"lazy\" decoding=\"async\" class=\"size-medium wp-image-1537 aligncenter\" src=\"http:\/\/www.amante-menden.de\/wordpress\/wp-content\/uploads\/2016\/01\/chormuenchen-300x159.jpg\" alt=\"chormuenchen\" width=\"300\" height=\"159\" srcset=\"https:\/\/www.amante-menden.de\/wordpress\/wp-content\/uploads\/2016\/01\/chormuenchen-300x159.jpg 300w, https:\/\/www.amante-menden.de\/wordpress\/wp-content\/uploads\/2016\/01\/chormuenchen.jpg 450w\" sizes=\"auto, (max-width: 300px) 100vw, 300px\" \/><\/a><\/p>\n<p style=\"text-align: justify;\"><b>Bericht: Lars Becker<\/b> Viel beachtetes Kurzkonzert in der sehr gut gef\u00fcllten Frauenkirche, imposante Klangprobe in jenem Hubertus-Konzertsaal von Schloss Nymphenburg, in dem schon der junge Mozart gewirkt hatte, dazu die Gottesdienst-Gestaltung samt lang anhaltendem Applaus und Zugabe in St. Stephan: Die drei Auftritte von amante della musica menden im Rahmen der achtt\u00e4gigen Chorfahrt nach M\u00fcnchen waren allesamt ganz besondere Momente f\u00fcr Aktive, Chorleiter Michael Oel sowie die zahlreich mitgereisten Partner, Familien und Freunde.<\/p>\n<p align=\"justify\">Mit insgesamt 51 Personen war der Mendener Meisterchor am Samstag, 10. Oktober, per Bahn von Hagen gen Bayern gereist. Untergebracht war die Reisegruppe im Osten der Stadt im Vier-Sterne-Haus &#8222;EuroHotel &amp; Suites&#8220;. Von hier aus ging es nach einem vielseitigen Fr\u00fchst\u00fcck mit den \u00f6ffentlichen Verkehrsmitteln in die City oder aber zu den Reise- und Ausflugszielen im Umland.<\/p>\n<p><img loading=\"lazy\" decoding=\"async\" src=\"file:\/\/\/D:\/Homepage\/amante\/cc\/2009\/muenchen\/m11.jpg\" alt=\"\" width=\"300\" height=\"200\" align=\"right\" border=\"0\" \/><\/p>\n<p align=\"justify\">Am Sonntag musste das Fr\u00fchst\u00fcck sehr zeitig erfolgen, weil schon um 10 Uhr die heilige Messe in St. Stephan (im Westen M\u00fcnchens gelegen) begann, die amante mit den drei Titeln &#8222;Sperent in te&#8220;, &#8222;Gott segne dich&#8220; und &#8222;Soon ah will be done&#8220; gestaltete. Die Gottesdienst-Besucher waren vom Mendener &#8222;Ensemble-Klang&#8220; (knapp 25 Aktive waren mitgefahren) wie Pfarrer und Organist so angetan, dass amante erst nach einer Zugabe (&#8222;Tebje pajom&#8220;) gehen durfte. Im Anschluss erlebten die Teilnehmer im Olympiastadion den stimmungsvollen Zieleinlauf des M\u00fcnchen-Marathons.<\/p>\n<p align=\"justify\">Am Montagmorgen durfte die Singgemeinschaft dann im &#8222;Dom zu Unserer Lieben Frau&#8220; in der Altstadt auftreten. Weil es gerade am Vormittag stark regnete, hatten sich viele Touristen die Frauenkirche f\u00fcr eine Besichtigung ausgesucht &#8211; und lie\u00dfen sich gerne von amante della musica musikalisch unterhalten. Zur \u00dcberraschung der mehrk\u00f6pfigen Domaufsicht schallte mehrfach lauter Beifall durch das Kirchenschiff, als sich Zuh\u00f6rer aus aller Welt symbolisch bedankten &#8211; bewegende Momente f\u00fcr Chorleiter und Aktive, die von der herrlichen Akkustik gar nicht genug bekommen konnten.<\/p>\n<p align=\"justify\">Ausfl\u00fcge f\u00fchrten die Mendener ins Kloster Andechs (Dienstag) sowie in den ersten Schnee von Bad T\u00f6lz und Lenggries (Donnerstag).<\/p>\n<p align=\"justify\">F\u00fcr Mittwochvormittag war es dem Vorstand von amante della musica gelungen, in Eigenregie (die Fahrt wurde nicht \u00fcber einen Reiseveranstalter, sondern komplett selbst organisiert) einen Auftritt im Schloss Nymphenburg auf die Beine zu stellen. Prof. Dr. Eckard Heintz, seines Zeichens Leiter des Instituts f\u00fcr Internationales Kulturmanagement (INK\/verantwortlich f\u00fcr alle Veranstaltungen im Hubertussaal von Schloss Nymphenburg), f\u00fchrte amante in die interessante Geschichte des Schlosses ein. Heutzutage finden hier die renommierten Musikfeste &#8222;Nymphenburger Sommer&#8220; und &#8222;Nymphenburger Winter&#8220; statt.<\/p>\n<p align=\"justify\">Prof. Dr. Heintz war voll des Lobes f\u00fcr amante: &#8222;Sie singen mit einer beeindruckenden Intonation. Ich liebe Chormusik a cappella und werde meine Freunde vom Konzerthaus in Dortmund anrufen, dass man sie dort zu einem Konzert verpflichtet. Leider kann ich das hier in M\u00fcnchen nicht tun&#8220;, sagte der INK-Leiter. Am letzten Tag vor der Heimfahrt besichtigte ein Teil der Gruppe die Allianz Arena in Fr\u00f6ttmaning samt Umkleiden des FC Bayern, ehe am Abend im Brauhaus &#8222;Bayrischer Donisl&#8220; alle Teilnehmer der Fahrt zusammenkamen, um die frischen Eindr\u00fccke von festen Programmpunkten und viel Freizeit auszutauschen. Nat\u00fcrlich wurde bei diesem z\u00fcnftigen Abend ebenso kr\u00e4ftig gesungen und gefeiert wie bei einem Abstecher ins Nachtleben.<\/p>\n<p align=\"justify\">Nach einer letzten \u00dcbernachtung im &#8222;EuroHotel &amp; Suites&#8220; ging es dann am Samstagmittag zum M\u00fcnchner Hauptbahnhof. Im ICE 516 nach Hagen war ein ganzes Abteil fest in Mendener Hand. Sechs Stunden sp\u00e4ter war die erste Chorfahrt von amante mit Chorleiter Michael Oel dann offiziell beendet.<\/p>\n<p align=\"justify\">Schon bei der Weihnachtsfeier am 5. Dezember im Anschluss an das zweite amante-Konzert in der Kapelle des St. Vincenz-Krankenhauses (17 Uhr) werden die externen Teilnehmer die Aktiven wieder treffen und gemeinsame Erinnerungen an eine gelungene Reise austauschen.<\/p>\n<div id='gallery-1' class='gallery galleryid-1536 gallery-columns-3 gallery-size-thumbnail'><dl class='gallery-item'>\n\t\t\t<dt class='gallery-icon landscape'>\n\t\t\t\t<a href='https:\/\/www.amante-menden.de\/?attachment_id=1538'><img loading=\"lazy\" decoding=\"async\" width=\"150\" height=\"150\" src=\"https:\/\/www.amante-menden.de\/wordpress\/wp-content\/uploads\/2016\/01\/m2-150x150.jpg\" class=\"attachment-thumbnail size-thumbnail\" alt=\"\" srcset=\"https:\/\/www.amante-menden.de\/wordpress\/wp-content\/uploads\/2016\/01\/m2-150x150.jpg 150w, https:\/\/www.amante-menden.de\/wordpress\/wp-content\/uploads\/2016\/01\/m2-144x144.jpg 144w\" sizes=\"auto, (max-width: 150px) 100vw, 150px\" \/><\/a>\n\t\t\t<\/dt><\/dl><dl class='gallery-item'>\n\t\t\t<dt class='gallery-icon portrait'>\n\t\t\t\t<a href='https:\/\/www.amante-menden.de\/?attachment_id=1551'><img loading=\"lazy\" decoding=\"async\" width=\"143\" height=\"150\" src=\"https:\/\/www.amante-menden.de\/wordpress\/wp-content\/uploads\/2016\/01\/m18-143x150.jpg\" class=\"attachment-thumbnail size-thumbnail\" alt=\"\" \/><\/a>\n\t\t\t<\/dt><\/dl><dl class='gallery-item'>\n\t\t\t<dt class='gallery-icon landscape'>\n\t\t\t\t<a href='https:\/\/www.amante-menden.de\/?attachment_id=1550'><img loading=\"lazy\" decoding=\"async\" width=\"150\" height=\"150\" src=\"https:\/\/www.amante-menden.de\/wordpress\/wp-content\/uploads\/2016\/01\/m17-150x150.jpg\" class=\"attachment-thumbnail size-thumbnail\" alt=\"\" srcset=\"https:\/\/www.amante-menden.de\/wordpress\/wp-content\/uploads\/2016\/01\/m17-150x150.jpg 150w, https:\/\/www.amante-menden.de\/wordpress\/wp-content\/uploads\/2016\/01\/m17-144x144.jpg 144w\" sizes=\"auto, (max-width: 150px) 100vw, 150px\" \/><\/a>\n\t\t\t<\/dt><\/dl><br style=\"clear: both\" \/><dl class='gallery-item'>\n\t\t\t<dt class='gallery-icon portrait'>\n\t\t\t\t<a href='https:\/\/www.amante-menden.de\/?attachment_id=1549'><img loading=\"lazy\" decoding=\"async\" width=\"150\" height=\"150\" src=\"https:\/\/www.amante-menden.de\/wordpress\/wp-content\/uploads\/2016\/01\/m16-150x150.jpg\" class=\"attachment-thumbnail size-thumbnail\" alt=\"\" srcset=\"https:\/\/www.amante-menden.de\/wordpress\/wp-content\/uploads\/2016\/01\/m16-150x150.jpg 150w, https:\/\/www.amante-menden.de\/wordpress\/wp-content\/uploads\/2016\/01\/m16-144x144.jpg 144w\" sizes=\"auto, (max-width: 150px) 100vw, 150px\" \/><\/a>\n\t\t\t<\/dt><\/dl><dl class='gallery-item'>\n\t\t\t<dt class='gallery-icon landscape'>\n\t\t\t\t<a href='https:\/\/www.amante-menden.de\/?attachment_id=1548'><img loading=\"lazy\" decoding=\"async\" width=\"150\" height=\"150\" src=\"https:\/\/www.amante-menden.de\/wordpress\/wp-content\/uploads\/2016\/01\/m15-150x150.jpg\" class=\"attachment-thumbnail size-thumbnail\" alt=\"\" srcset=\"https:\/\/www.amante-menden.de\/wordpress\/wp-content\/uploads\/2016\/01\/m15-150x150.jpg 150w, https:\/\/www.amante-menden.de\/wordpress\/wp-content\/uploads\/2016\/01\/m15-144x144.jpg 144w\" sizes=\"auto, (max-width: 150px) 100vw, 150px\" \/><\/a>\n\t\t\t<\/dt><\/dl><dl class='gallery-item'>\n\t\t\t<dt class='gallery-icon portrait'>\n\t\t\t\t<a href='https:\/\/www.amante-menden.de\/?attachment_id=1547'><img loading=\"lazy\" decoding=\"async\" width=\"133\" height=\"150\" src=\"https:\/\/www.amante-menden.de\/wordpress\/wp-content\/uploads\/2016\/01\/m14-133x150.jpg\" class=\"attachment-thumbnail size-thumbnail\" alt=\"\" \/><\/a>\n\t\t\t<\/dt><\/dl><br style=\"clear: both\" \/><dl class='gallery-item'>\n\t\t\t<dt class='gallery-icon landscape'>\n\t\t\t\t<a href='https:\/\/www.amante-menden.de\/?attachment_id=1546'><img loading=\"lazy\" decoding=\"async\" width=\"150\" height=\"150\" src=\"https:\/\/www.amante-menden.de\/wordpress\/wp-content\/uploads\/2016\/01\/m12-150x150.jpg\" class=\"attachment-thumbnail size-thumbnail\" alt=\"\" srcset=\"https:\/\/www.amante-menden.de\/wordpress\/wp-content\/uploads\/2016\/01\/m12-150x150.jpg 150w, https:\/\/www.amante-menden.de\/wordpress\/wp-content\/uploads\/2016\/01\/m12-144x144.jpg 144w\" sizes=\"auto, (max-width: 150px) 100vw, 150px\" \/><\/a>\n\t\t\t<\/dt><\/dl><dl class='gallery-item'>\n\t\t\t<dt class='gallery-icon landscape'>\n\t\t\t\t<a href='https:\/\/www.amante-menden.de\/?attachment_id=1545'><img loading=\"lazy\" decoding=\"async\" width=\"150\" height=\"150\" src=\"https:\/\/www.amante-menden.de\/wordpress\/wp-content\/uploads\/2016\/01\/m11-150x150.jpg\" class=\"attachment-thumbnail size-thumbnail\" alt=\"\" srcset=\"https:\/\/www.amante-menden.de\/wordpress\/wp-content\/uploads\/2016\/01\/m11-150x150.jpg 150w, https:\/\/www.amante-menden.de\/wordpress\/wp-content\/uploads\/2016\/01\/m11-144x144.jpg 144w\" sizes=\"auto, (max-width: 150px) 100vw, 150px\" \/><\/a>\n\t\t\t<\/dt><\/dl><dl class='gallery-item'>\n\t\t\t<dt class='gallery-icon landscape'>\n\t\t\t\t<a href='https:\/\/www.amante-menden.de\/?attachment_id=1544'><img loading=\"lazy\" decoding=\"async\" width=\"150\" height=\"150\" src=\"https:\/\/www.amante-menden.de\/wordpress\/wp-content\/uploads\/2016\/01\/m10-150x150.jpg\" class=\"attachment-thumbnail size-thumbnail\" alt=\"\" srcset=\"https:\/\/www.amante-menden.de\/wordpress\/wp-content\/uploads\/2016\/01\/m10-150x150.jpg 150w, https:\/\/www.amante-menden.de\/wordpress\/wp-content\/uploads\/2016\/01\/m10-144x144.jpg 144w\" sizes=\"auto, (max-width: 150px) 100vw, 150px\" \/><\/a>\n\t\t\t<\/dt><\/dl><br style=\"clear: both\" \/><dl class='gallery-item'>\n\t\t\t<dt class='gallery-icon landscape'>\n\t\t\t\t<a href='https:\/\/www.amante-menden.de\/?attachment_id=1543'><img loading=\"lazy\" decoding=\"async\" width=\"150\" height=\"150\" src=\"https:\/\/www.amante-menden.de\/wordpress\/wp-content\/uploads\/2016\/01\/m7-150x150.jpg\" class=\"attachment-thumbnail size-thumbnail\" alt=\"\" srcset=\"https:\/\/www.amante-menden.de\/wordpress\/wp-content\/uploads\/2016\/01\/m7-150x150.jpg 150w, https:\/\/www.amante-menden.de\/wordpress\/wp-content\/uploads\/2016\/01\/m7-144x144.jpg 144w\" sizes=\"auto, (max-width: 150px) 100vw, 150px\" \/><\/a>\n\t\t\t<\/dt><\/dl><dl class='gallery-item'>\n\t\t\t<dt class='gallery-icon landscape'>\n\t\t\t\t<a href='https:\/\/www.amante-menden.de\/?attachment_id=1542'><img loading=\"lazy\" decoding=\"async\" width=\"150\" height=\"150\" src=\"https:\/\/www.amante-menden.de\/wordpress\/wp-content\/uploads\/2016\/01\/m6-150x150.jpg\" class=\"attachment-thumbnail size-thumbnail\" alt=\"\" srcset=\"https:\/\/www.amante-menden.de\/wordpress\/wp-content\/uploads\/2016\/01\/m6-150x150.jpg 150w, https:\/\/www.amante-menden.de\/wordpress\/wp-content\/uploads\/2016\/01\/m6-144x144.jpg 144w\" sizes=\"auto, (max-width: 150px) 100vw, 150px\" \/><\/a>\n\t\t\t<\/dt><\/dl><dl class='gallery-item'>\n\t\t\t<dt class='gallery-icon landscape'>\n\t\t\t\t<a href='https:\/\/www.amante-menden.de\/?attachment_id=1541'><img loading=\"lazy\" decoding=\"async\" width=\"150\" height=\"150\" src=\"https:\/\/www.amante-menden.de\/wordpress\/wp-content\/uploads\/2016\/01\/m5-150x150.jpg\" class=\"attachment-thumbnail size-thumbnail\" alt=\"\" srcset=\"https:\/\/www.amante-menden.de\/wordpress\/wp-content\/uploads\/2016\/01\/m5-150x150.jpg 150w, https:\/\/www.amante-menden.de\/wordpress\/wp-content\/uploads\/2016\/01\/m5-144x144.jpg 144w\" sizes=\"auto, (max-width: 150px) 100vw, 150px\" \/><\/a>\n\t\t\t<\/dt><\/dl><br style=\"clear: both\" \/><dl class='gallery-item'>\n\t\t\t<dt class='gallery-icon landscape'>\n\t\t\t\t<a href='https:\/\/www.amante-menden.de\/?attachment_id=1540'><img loading=\"lazy\" decoding=\"async\" width=\"150\" height=\"150\" src=\"https:\/\/www.amante-menden.de\/wordpress\/wp-content\/uploads\/2016\/01\/m4-150x150.jpg\" class=\"attachment-thumbnail size-thumbnail\" alt=\"\" srcset=\"https:\/\/www.amante-menden.de\/wordpress\/wp-content\/uploads\/2016\/01\/m4-150x150.jpg 150w, https:\/\/www.amante-menden.de\/wordpress\/wp-content\/uploads\/2016\/01\/m4-144x144.jpg 144w\" sizes=\"auto, (max-width: 150px) 100vw, 150px\" \/><\/a>\n\t\t\t<\/dt><\/dl><dl class='gallery-item'>\n\t\t\t<dt class='gallery-icon landscape'>\n\t\t\t\t<a href='https:\/\/www.amante-menden.de\/?attachment_id=1539'><img loading=\"lazy\" decoding=\"async\" width=\"150\" height=\"150\" src=\"https:\/\/www.amante-menden.de\/wordpress\/wp-content\/uploads\/2016\/01\/m3-150x150.jpg\" class=\"attachment-thumbnail size-thumbnail\" alt=\"\" srcset=\"https:\/\/www.amante-menden.de\/wordpress\/wp-content\/uploads\/2016\/01\/m3-150x150.jpg 150w, https:\/\/www.amante-menden.de\/wordpress\/wp-content\/uploads\/2016\/01\/m3-144x144.jpg 144w\" sizes=\"auto, (max-width: 150px) 100vw, 150px\" \/><\/a>\n\t\t\t<\/dt><\/dl>\n\t\t\t<br style='clear: both' \/>\n\t\t<\/div>\n\n","protected":false},"excerpt":{"rendered":"<p>Vom 10. bis 17. Oktober war amante in M\u00fcnchen Bericht: Lars Becker Viel beachtetes Kurzkonzert in der sehr gut gef\u00fcllten Frauenkirche, imposante Klangprobe in jenem Hubertus-Konzertsaal von Schloss Nymphenburg, in dem schon der junge Mozart gewirkt hatte, dazu die Gottesdienst-Gestaltung &hellip; <a href=\"https:\/\/www.amante-menden.de\/?page_id=1536\">Weiterlesen <span class=\"meta-nav\">&rarr;<\/span><\/a><\/p>\n","protected":false},"author":1,"featured_media":0,"parent":159,"menu_order":911,"comment_status":"closed","ping_status":"closed","template":"","meta":{"footnotes":""},"class_list":["post-1536","page","type-page","status-publish","hentry"],"_links":{"self":[{"href":"https:\/\/www.amante-menden.de\/index.php?rest_route=\/wp\/v2\/pages\/1536","targetHints":{"allow":["GET"]}}],"collection":[{"href":"https:\/\/www.amante-menden.de\/index.php?rest_route=\/wp\/v2\/pages"}],"about":[{"href":"https:\/\/www.amante-menden.de\/index.php?rest_route=\/wp\/v2\/types\/page"}],"author":[{"embeddable":true,"href":"https:\/\/www.amante-menden.de\/index.php?rest_route=\/wp\/v2\/users\/1"}],"replies":[{"embeddable":true,"href":"https:\/\/www.amante-menden.de\/index.php?rest_route=%2Fwp%2Fv2%2Fcomments&post=1536"}],"version-history":[{"count":2,"href":"https:\/\/www.amante-menden.de\/index.php?rest_route=\/wp\/v2\/pages\/1536\/revisions"}],"predecessor-version":[{"id":1553,"href":"https:\/\/www.amante-menden.de\/index.php?rest_route=\/wp\/v2\/pages\/1536\/revisions\/1553"}],"up":[{"embeddable":true,"href":"https:\/\/www.amante-menden.de\/index.php?rest_route=\/wp\/v2\/pages\/159"}],"wp:attachment":[{"href":"https:\/\/www.amante-menden.de\/index.php?rest_route=%2Fwp%2Fv2%2Fmedia&parent=1536"}],"curies":[{"name":"wp","href":"https:\/\/api.w.org\/{rel}","templated":true}]}}