{"id":1554,"date":"2016-01-05T10:05:28","date_gmt":"2016-01-05T08:05:28","guid":{"rendered":"http:\/\/www.amante-menden.de\/?page_id=1554"},"modified":"2016-01-05T10:05:28","modified_gmt":"2016-01-05T08:05:28","slug":"verabschiedung-von-rudolf-dueppe","status":"publish","type":"page","link":"https:\/\/www.amante-menden.de\/?page_id=1554","title":{"rendered":"Verabschiedung von Rudolf D\u00fcppe"},"content":{"rendered":"<h3>amante gestaltet die Feierstunde mit<\/h3>\n<p><a href=\"http:\/\/www.amante-menden.de\/wordpress\/wp-content\/uploads\/2016\/01\/dueppe.jpg\" rel=\"attachment wp-att-1555\"><img loading=\"lazy\" decoding=\"async\" class=\"size-medium wp-image-1555 aligncenter\" src=\"http:\/\/www.amante-menden.de\/wordpress\/wp-content\/uploads\/2016\/01\/dueppe-300x208.jpg\" alt=\"dueppe\" width=\"300\" height=\"208\" srcset=\"https:\/\/www.amante-menden.de\/wordpress\/wp-content\/uploads\/2016\/01\/dueppe-300x208.jpg 300w, https:\/\/www.amante-menden.de\/wordpress\/wp-content\/uploads\/2016\/01\/dueppe.jpg 500w\" sizes=\"auto, (max-width: 300px) 100vw, 300px\" \/><\/a><\/p>\n<p style=\"text-align: justify;\">Als am 23. Oktober 2009 Mendens B\u00fcrgermeister Rudolf D\u00fcppe mit einer Feierstunde in der Feuerwache am Ziegelbrand aus seinem Amt verabschiedet wurde, war amante della musica menden auf besonderen Wunsch der Stadt Menden f\u00fcr die musikalische Umrahmung verantwortlich. Unter der Leitung von Vizechorleiterin Andrea Ferber, die den verhinderten Dirigenten Michael Oel vertrat, sangen knapp 30 Aktive die Titel &#8222;Untreue&#8220;, &#8222;A whiter shade of pale&#8220;, &#8222;Aux champs elysees&#8220; und &#8222;Coming home&#8220;. Mehrere hundert G\u00e4ste aus Politik, Verwaltung und Wirtschaft erlebten den Auftritt von amante. Im Anschluss w\u00fcnschte der heimische Meisterchor D\u00fcppe alles Gute f\u00fcr die Zukunft, der versprach, nach M\u00f6glichkeit die Konzerte der &#8222;Musikliebhaber&#8220; zu besuchen.<\/p>\n","protected":false},"excerpt":{"rendered":"<p>amante gestaltet die Feierstunde mit Als am 23. Oktober 2009 Mendens B\u00fcrgermeister Rudolf D\u00fcppe mit einer Feierstunde in der Feuerwache am Ziegelbrand aus seinem Amt verabschiedet wurde, war amante della musica menden auf besonderen Wunsch der Stadt Menden f\u00fcr die &hellip; <a href=\"https:\/\/www.amante-menden.de\/?page_id=1554\">Weiterlesen <span class=\"meta-nav\">&rarr;<\/span><\/a><\/p>\n","protected":false},"author":1,"featured_media":0,"parent":159,"menu_order":912,"comment_status":"closed","ping_status":"closed","template":"","meta":{"footnotes":""},"class_list":["post-1554","page","type-page","status-publish","hentry"],"_links":{"self":[{"href":"https:\/\/www.amante-menden.de\/index.php?rest_route=\/wp\/v2\/pages\/1554","targetHints":{"allow":["GET"]}}],"collection":[{"href":"https:\/\/www.amante-menden.de\/index.php?rest_route=\/wp\/v2\/pages"}],"about":[{"href":"https:\/\/www.amante-menden.de\/index.php?rest_route=\/wp\/v2\/types\/page"}],"author":[{"embeddable":true,"href":"https:\/\/www.amante-menden.de\/index.php?rest_route=\/wp\/v2\/users\/1"}],"replies":[{"embeddable":true,"href":"https:\/\/www.amante-menden.de\/index.php?rest_route=%2Fwp%2Fv2%2Fcomments&post=1554"}],"version-history":[{"count":1,"href":"https:\/\/www.amante-menden.de\/index.php?rest_route=\/wp\/v2\/pages\/1554\/revisions"}],"predecessor-version":[{"id":1556,"href":"https:\/\/www.amante-menden.de\/index.php?rest_route=\/wp\/v2\/pages\/1554\/revisions\/1556"}],"up":[{"embeddable":true,"href":"https:\/\/www.amante-menden.de\/index.php?rest_route=\/wp\/v2\/pages\/159"}],"wp:attachment":[{"href":"https:\/\/www.amante-menden.de\/index.php?rest_route=%2Fwp%2Fv2%2Fmedia&parent=1554"}],"curies":[{"name":"wp","href":"https:\/\/api.w.org\/{rel}","templated":true}]}}