{"id":1568,"date":"2016-01-05T10:29:44","date_gmt":"2016-01-05T08:29:44","guid":{"rendered":"http:\/\/www.amante-menden.de\/?page_id=1568"},"modified":"2016-01-05T10:29:44","modified_gmt":"2016-01-05T08:29:44","slug":"jahreshauptversammlung-2008","status":"publish","type":"page","link":"https:\/\/www.amante-menden.de\/?page_id=1568","title":{"rendered":"Jahreshauptversammlung 2008"},"content":{"rendered":"<h3 style=\"text-align: justify;\">Insgesamt fast 60 aktive und f\u00f6rdernde Mitglieder haben sich am vergangenen Samstag im Rahmen der Jahreshauptversammlung von amante della musica menden einstimmen lassen auf ein ereignisreiches Jahr 2008<\/h3>\n<p style=\"text-align: justify;\" align=\"justify\">Das beginnt damit, dass am heutigen Freitag 45 S\u00e4ngerinnen und S\u00e4nger mit Chorleiter Michael Oel ins Kloster Brunnen nach Sundern-Endorf fahren, um dort bis Sonntagnachmittag beim Probewochenende die Literatur f\u00fcr das Meisterchorsingen am Samstag, 31. Mai (Auftritt um 19 Uhr in der Stadthalle Werl), weiter zu erarbeiten. Der Chor singt \u201eSperent in te\u201c (lateinische Ausz\u00fcge aus dem Psalm 9 von Lajos Bardos), \u201eAm Brunnen vor dem Tore\u201c (Jazz-Vertonung des Volksliedes von Matthias Becker), \u201eDer Mond ist aufgegangen\u201c (Volkslied-Komposition von Michael Schmoll) und den \u201ePsalm 130\u201c von Kurt Li\u00dfmann. Nat\u00fcrlich soll beim Intensivcoaching der Spa\u00df nicht zu kurz kommen.<\/p>\n<p style=\"text-align: justify;\" align=\"justify\">Bei ihren R\u00fcckblicken auf das Jahr 2007 w\u00fcrdigten Vorstand wie Chorleiter die musikalischen Erfolge beim Sing &amp; Swing-Festival in Hamm sowie beim Volkslieder-Leistungssingen in Kamen, wo amante als tagesbester Chor abschnitt. Um das solide finanzielle Fundament auszubauen und auch in Zukunft ehrgeizige Projekte realisieren zu k\u00f6nnen, stimmte die Versammlung in der Gastst\u00e4tte \u201eHaus Rennebaum\u201c mit gro\u00dfer Mehrheit einer Beitragserh\u00f6hung f\u00fcr die Aktiven ab diesem Jahr zu.<\/p>\n<p style=\"text-align: justify;\" align=\"justify\">Bei den turnusm\u00e4\u00dfigen Wahlen wurden Melanie Ferber (2. Vorsitzende), Erwin Orlich (2. Kassierer) und Andrea Ferber (2. Schriftf\u00fchrerin) ebenso f\u00fcr zwei Jahre best\u00e4tigt wie der Musikausschuss mit Simone Rekitt, Nicole Becker, Burkhard Br\u00fchmann und Ludger Do\u00dfler f\u00fcr die n\u00e4chsten zw\u00f6lf Monate. Neue Kassenpr\u00fcferin f\u00fcr zwei Jahre ist Silke Beiske.<\/p>\n<p style=\"text-align: justify;\" align=\"justify\">Zu Beginn der JHV hatte Lars Becker das gro\u00dfe Vergn\u00fcgen, gleich acht Jubilare auszuzeichnen. Seit 15 Jahren h\u00e4lt Burkhard Br\u00fchmann amante della musica die Treue, Nicole Becker ist seit zehn Jahren aktiv dabei. F\u00fcr f\u00fcnfj\u00e4hrige Mitgliedschaft wurden Carina Zebrowski, Silvia Wuske, Hannelore Stancu, Melanie Ferber, Sonja Gurris und Sarah Luig ebenfalls mit kleinen Pr\u00e4senten bedacht.<\/p>\n<p style=\"text-align: justify;\" align=\"justify\">Besonders wichtig war dem Vorstand, aber auch allen Aktiven von amante die Botschaft, dass man in diesem Jahr nach dem Meisterchorsingen die Pr\u00e4senz in Menden wieder verst\u00e4rken wird. Geplant sind gleich mehrere Konzerte und Auftritte, bei denen vor allem das neu erarbeitete und so vielseitige Liedgut der letzten drei Leistungssingen (inklusive des Meisterchorsingens) pr\u00e4sentiert werden soll. Diese Literatur \u2013 gepaar mit echten Klassikern aus dem Notenschrank und neuen Liedern \u2013 wird 2008 in Menden aufgef\u00fchrt.<\/p>\n","protected":false},"excerpt":{"rendered":"<p>Insgesamt fast 60 aktive und f\u00f6rdernde Mitglieder haben sich am vergangenen Samstag im Rahmen der Jahreshauptversammlung von amante della musica menden einstimmen lassen auf ein ereignisreiches Jahr 2008 Das beginnt damit, dass am heutigen Freitag 45 S\u00e4ngerinnen und S\u00e4nger mit &hellip; <a href=\"https:\/\/www.amante-menden.de\/?page_id=1568\">Weiterlesen <span class=\"meta-nav\">&rarr;<\/span><\/a><\/p>\n","protected":false},"author":1,"featured_media":0,"parent":159,"menu_order":81,"comment_status":"closed","ping_status":"closed","template":"","meta":{"footnotes":""},"class_list":["post-1568","page","type-page","status-publish","hentry"],"_links":{"self":[{"href":"https:\/\/www.amante-menden.de\/index.php?rest_route=\/wp\/v2\/pages\/1568","targetHints":{"allow":["GET"]}}],"collection":[{"href":"https:\/\/www.amante-menden.de\/index.php?rest_route=\/wp\/v2\/pages"}],"about":[{"href":"https:\/\/www.amante-menden.de\/index.php?rest_route=\/wp\/v2\/types\/page"}],"author":[{"embeddable":true,"href":"https:\/\/www.amante-menden.de\/index.php?rest_route=\/wp\/v2\/users\/1"}],"replies":[{"embeddable":true,"href":"https:\/\/www.amante-menden.de\/index.php?rest_route=%2Fwp%2Fv2%2Fcomments&post=1568"}],"version-history":[{"count":1,"href":"https:\/\/www.amante-menden.de\/index.php?rest_route=\/wp\/v2\/pages\/1568\/revisions"}],"predecessor-version":[{"id":1610,"href":"https:\/\/www.amante-menden.de\/index.php?rest_route=\/wp\/v2\/pages\/1568\/revisions\/1610"}],"up":[{"embeddable":true,"href":"https:\/\/www.amante-menden.de\/index.php?rest_route=\/wp\/v2\/pages\/159"}],"wp:attachment":[{"href":"https:\/\/www.amante-menden.de\/index.php?rest_route=%2Fwp%2Fv2%2Fmedia&parent=1568"}],"curies":[{"name":"wp","href":"https:\/\/api.w.org\/{rel}","templated":true}]}}