{"id":1627,"date":"2016-01-05T11:00:57","date_gmt":"2016-01-05T09:00:57","guid":{"rendered":"http:\/\/www.amante-menden.de\/?page_id=1627"},"modified":"2016-01-05T11:20:52","modified_gmt":"2016-01-05T09:20:52","slug":"amante-della-musica-menden-zum-vierten-mal-meisterchor","status":"publish","type":"page","link":"https:\/\/www.amante-menden.de\/?page_id=1627","title":{"rendered":"amante della musica menden zum vierten Mal Meisterchor"},"content":{"rendered":"<h3><u>Jury bewertet alle Liedvortr\u00e4ge mit &#8222;sehr gut&#8220;<\/u><\/h3>\n<p><a href=\"http:\/\/www.amante-menden.de\/wordpress\/wp-content\/uploads\/2016\/01\/gruppe-4.jpg\" rel=\"attachment wp-att-1642\"><img loading=\"lazy\" decoding=\"async\" class=\"size-medium wp-image-1642 aligncenter\" src=\"http:\/\/www.amante-menden.de\/wordpress\/wp-content\/uploads\/2016\/01\/gruppe-4-300x106.jpg\" alt=\"gruppe\" width=\"300\" height=\"106\" srcset=\"https:\/\/www.amante-menden.de\/wordpress\/wp-content\/uploads\/2016\/01\/gruppe-4-300x106.jpg 300w, https:\/\/www.amante-menden.de\/wordpress\/wp-content\/uploads\/2016\/01\/gruppe-4-768x272.jpg 768w, https:\/\/www.amante-menden.de\/wordpress\/wp-content\/uploads\/2016\/01\/gruppe-4-1024x362.jpg 1024w\" sizes=\"auto, (max-width: 300px) 100vw, 300px\" \/><\/a><\/p>\n<p><a href=\"http:\/\/www.amante-menden.de\/wordpress\/wp-content\/uploads\/2016\/01\/treppe.jpg\" rel=\"attachment wp-att-1641\"><img loading=\"lazy\" decoding=\"async\" class=\" wp-image-1641 aligncenter\" src=\"http:\/\/www.amante-menden.de\/wordpress\/wp-content\/uploads\/2016\/01\/treppe-300x295.jpg\" alt=\"treppe\" width=\"310\" height=\"305\" srcset=\"https:\/\/www.amante-menden.de\/wordpress\/wp-content\/uploads\/2016\/01\/treppe-300x295.jpg 300w, https:\/\/www.amante-menden.de\/wordpress\/wp-content\/uploads\/2016\/01\/treppe-768x756.jpg 768w, https:\/\/www.amante-menden.de\/wordpress\/wp-content\/uploads\/2016\/01\/treppe-1024x1008.jpg 1024w, https:\/\/www.amante-menden.de\/wordpress\/wp-content\/uploads\/2016\/01\/treppe.jpg 2012w\" sizes=\"auto, (max-width: 310px) 100vw, 310px\" \/><\/a><\/p>\n<table border=\"0\">\n<tbody>\n<tr align=\"center\">\n<td>Meisterchorsingen<\/td>\n<\/tr>\n<tr align=\"center\">\n<td>Stadthalle Werl<\/td>\n<\/tr>\n<tr align=\"center\">\n<td>&#8222;Der 130. Psalm&#8220; von Kurt Lissmann (21,6 &#8211; sehr gut)<\/td>\n<\/tr>\n<tr align=\"center\">\n<td>&#8222;Am Brunnen vor dem Tore&#8220; von Matthias Becker (22,4 &#8211; sehr gut)<\/td>\n<\/tr>\n<tr align=\"center\">\n<td>&#8222;Der Mond ist aufgegangen&#8220; von Michael Schmol (23,8 &#8211; sehr gut)<\/td>\n<\/tr>\n<tr align=\"center\">\n<td>&#8222;Sperent in te&#8220; von Lajos Bardos (22,4 &#8211; sehr gut)<\/td>\n<\/tr>\n<\/tbody>\n<\/table>\n<p style=\"text-align: justify;\">Die musikalische Titelsammlung von amante della musica menden im Chorverband Nordrhein-Westfalen bleibt komplett: Am Samstagabend haben sich die heimischen &#8222;Musikliebhaber&#8220; mit Chorleiter Michael Oel in der Stadthalle Werl zum vierten Mal das Pr\u00e4dikat &#8222;Meisterchor&#8220; ersungen, das sie nun erneut f\u00fcr f\u00fcnf Jahre f\u00fchren d\u00fcrfen. Die H\u00f6nnest\u00e4dter sind ja au\u00dferdem seit M\u00e4rz 2007 Sing &amp; Swing-Konzert- und seit Oktober 2007 Volkslieder-Leistungschor Gold.<\/p>\n<p style=\"text-align: justify;\" align=\"justify\"><a href=\"http:\/\/www.amante-menden.de\/wordpress\/wp-content\/uploads\/2016\/01\/Ergebnisse_Meisterchor_2008_web.jpg\" rel=\"attachment wp-att-1639\"><img loading=\"lazy\" decoding=\"async\" class=\"size-medium wp-image-1639 alignright\" src=\"http:\/\/www.amante-menden.de\/wordpress\/wp-content\/uploads\/2016\/01\/Ergebnisse_Meisterchor_2008_web-199x300.jpg\" alt=\"Ergebnisse_Meisterchor_2008_web\" width=\"199\" height=\"300\" srcset=\"https:\/\/www.amante-menden.de\/wordpress\/wp-content\/uploads\/2016\/01\/Ergebnisse_Meisterchor_2008_web-199x300.jpg 199w, https:\/\/www.amante-menden.de\/wordpress\/wp-content\/uploads\/2016\/01\/Ergebnisse_Meisterchor_2008_web.jpg 240w\" sizes=\"auto, (max-width: 199px) 100vw, 199px\" \/><\/a>Wie schon bei den erfolgreichen Titelverteidigungen in Moers 1998 und Neuss 2003 bewertete die f\u00fcnfk\u00f6pfige Jury alle vier Liedvortr\u00e4ge von amante mit der Note &#8222;sehr gut&#8220;. Dass es den Mendenern dabei zum ersten Mal gelang, die 90-Punkte-Schallmauer zu durchbrechen (90,2), ging im gro\u00dfen Jubel der 46 aktiven S\u00e4ngerinnen und S\u00e4nger gegen 21.30 Uhr fast unter, als die Ergebnisse des Tages in der bis auf den allerletzten Platz besetzten Stadthalle verk\u00fcndet wurden.<\/p>\n<p style=\"text-align: justify;\" align=\"justify\">&#8222;Wir d\u00fcrfen unglaublich stolz sein, weil es nicht jeder Chor schafft, binnen 19 Monaten mit neuem Dirigenten alle drei Leistungssingen im CVNRW mit komplett neuer Literatur, so vielen neuen Aktiven mit diesen tollen Bewertungen zu meistern&#8220;, strahlte Vorsitzender Lars Becker bei der &#8222;Meisterfeier&#8220;. Chorleiter Michael Oel erg\u00e4nzte ger\u00fchrt: &#8222;Ich danke euch f\u00fcr das gro\u00dfe Engagement in den letzten Wochen und Monaten, freue mich tierisch, dass wir zusammen diese drei Titel geholt haben. Lasst uns diesen tollen Weg weitergehen, lasst uns so ehrgeizig bleiben und dabei weiter so viel Spa\u00df haben!&#8220; N\u00e4chste musikalische Herausforderung k\u00f6nnte etwa der Landeschorwettbewerb 2009 sein, k\u00fcndigte Oel an.<\/p>\n<p style=\"text-align: justify;\"><a href=\"http:\/\/www.amante-menden.de\/wordpress\/wp-content\/uploads\/2016\/01\/Urkunde_Meisterchor_2008_web.jpg\" rel=\"attachment wp-att-1640\"><img loading=\"lazy\" decoding=\"async\" class=\"size-medium wp-image-1640 alignleft\" src=\"http:\/\/www.amante-menden.de\/wordpress\/wp-content\/uploads\/2016\/01\/Urkunde_Meisterchor_2008_web-202x300.jpg\" alt=\"Urkunde_Meisterchor_2008_web\" width=\"202\" height=\"300\" srcset=\"https:\/\/www.amante-menden.de\/wordpress\/wp-content\/uploads\/2016\/01\/Urkunde_Meisterchor_2008_web-202x300.jpg 202w, https:\/\/www.amante-menden.de\/wordpress\/wp-content\/uploads\/2016\/01\/Urkunde_Meisterchor_2008_web.jpg 240w\" sizes=\"auto, (max-width: 202px) 100vw, 202px\" \/><\/a>Am Samstagabend stand amante della musica im letzten Block als 22. von 25 Ch\u00f6ren des Tages (zwei verfehlten ihr Ziel) auf der B\u00fchne. Das neue schwarz-wei\u00dfe Outfit pr\u00e4sentierten die S\u00e4ngerinnen und S\u00e4nger unter gro\u00dfem Beifall zun\u00e4chst durch einen pfiffigen Auftritt in Paaren, ehe dann nach mehr als halbj\u00e4hriger Vorbereitung die entscheidenden 20 Minuten begannen. Jetzt musste alles passen, sollte nichts schief gehen\u2026<\/p>\n<p style=\"text-align: justify;\">Das synphonische Chorwerk &#8222;Sperent in te&#8220; als Er\u00f6ffnungstitel zu w\u00e4hlen, erwies sich im Nachhinein als absolut richtig. 22,4 Punkte gab es von der Jury ebenso wie f\u00fcr den anschlie\u00dfenden Jazz-Satz auf das Volkslied &#8222;Am Brunnen vor dem Tore&#8220;. Der polyphone &#8222;Psalm 130&#8220; wurde mit 21,6 Punkten bewertet, ehe es zum Abschlus eine echte Traumzensur f\u00fcr die wenige Monate junge Volkslied-Auftragskomposition &#8222;Der Mond ist aufgegangen&#8220; von Prof. Michael Schmoll gab. Dieser ebenfalls jazzige Titel bekam bei der Urauff\u00fchrung auf NRW-Ebene 23,8 Punkte. Kein Wunder, dass die Sektkorken knallten und sich die Aktiven jubelnd in den Armen lagen, es gab sogar Tr\u00e4nen der Freude.<\/p>\n<p style=\"text-align: justify;\" align=\"justify\">Besonders freuen durfte sich amante \u00fcber die imposante Unterst\u00fctzung aus dem Publikum. Dutzende Freunde und Angeh\u00f6rige waren nach Werl gekommen, aber auch extra per Bus ein kompletter Hagener Kinderchor in knallgelben T-Shirts, bei dem Michael Oel erst k\u00fcrzlich ein Coaching durchgef\u00fchrt hatte. Die Jungen und M\u00e4dchen dr\u00fcckten jetzt &#8222;Oeli&#8220; und amante in Werl die Daumen, eine tolle Revanche!<\/p>\n<div id='gallery-1' class='gallery galleryid-1627 gallery-columns-3 gallery-size-thumbnail'><dl class='gallery-item'>\n\t\t\t<dt class='gallery-icon landscape'>\n\t\t\t\t<a href='https:\/\/www.amante-menden.de\/?attachment_id=1638'><img loading=\"lazy\" decoding=\"async\" width=\"150\" height=\"150\" src=\"https:\/\/www.amante-menden.de\/wordpress\/wp-content\/uploads\/2016\/01\/11-3-150x150.jpg\" class=\"attachment-thumbnail size-thumbnail\" alt=\"\" srcset=\"https:\/\/www.amante-menden.de\/wordpress\/wp-content\/uploads\/2016\/01\/11-3-150x150.jpg 150w, https:\/\/www.amante-menden.de\/wordpress\/wp-content\/uploads\/2016\/01\/11-3-144x144.jpg 144w\" sizes=\"auto, (max-width: 150px) 100vw, 150px\" \/><\/a>\n\t\t\t<\/dt><\/dl><dl class='gallery-item'>\n\t\t\t<dt class='gallery-icon landscape'>\n\t\t\t\t<a href='https:\/\/www.amante-menden.de\/?attachment_id=1637'><img loading=\"lazy\" decoding=\"async\" width=\"150\" height=\"150\" src=\"https:\/\/www.amante-menden.de\/wordpress\/wp-content\/uploads\/2016\/01\/10-4-150x150.jpg\" class=\"attachment-thumbnail size-thumbnail\" alt=\"\" srcset=\"https:\/\/www.amante-menden.de\/wordpress\/wp-content\/uploads\/2016\/01\/10-4-150x150.jpg 150w, https:\/\/www.amante-menden.de\/wordpress\/wp-content\/uploads\/2016\/01\/10-4-144x144.jpg 144w\" sizes=\"auto, (max-width: 150px) 100vw, 150px\" \/><\/a>\n\t\t\t<\/dt><\/dl><dl class='gallery-item'>\n\t\t\t<dt class='gallery-icon landscape'>\n\t\t\t\t<a href='https:\/\/www.amante-menden.de\/?attachment_id=1636'><img loading=\"lazy\" decoding=\"async\" width=\"150\" height=\"150\" src=\"https:\/\/www.amante-menden.de\/wordpress\/wp-content\/uploads\/2016\/01\/9-5-150x150.jpg\" class=\"attachment-thumbnail size-thumbnail\" alt=\"\" srcset=\"https:\/\/www.amante-menden.de\/wordpress\/wp-content\/uploads\/2016\/01\/9-5-150x150.jpg 150w, https:\/\/www.amante-menden.de\/wordpress\/wp-content\/uploads\/2016\/01\/9-5-144x144.jpg 144w\" sizes=\"auto, (max-width: 150px) 100vw, 150px\" \/><\/a>\n\t\t\t<\/dt><\/dl><br style=\"clear: both\" \/><dl class='gallery-item'>\n\t\t\t<dt class='gallery-icon landscape'>\n\t\t\t\t<a href='https:\/\/www.amante-menden.de\/?attachment_id=1635'><img loading=\"lazy\" decoding=\"async\" width=\"150\" height=\"150\" src=\"https:\/\/www.amante-menden.de\/wordpress\/wp-content\/uploads\/2016\/01\/8-7-150x150.jpg\" class=\"attachment-thumbnail size-thumbnail\" alt=\"\" srcset=\"https:\/\/www.amante-menden.de\/wordpress\/wp-content\/uploads\/2016\/01\/8-7-150x150.jpg 150w, https:\/\/www.amante-menden.de\/wordpress\/wp-content\/uploads\/2016\/01\/8-7-144x144.jpg 144w\" sizes=\"auto, (max-width: 150px) 100vw, 150px\" \/><\/a>\n\t\t\t<\/dt><\/dl><dl class='gallery-item'>\n\t\t\t<dt class='gallery-icon portrait'>\n\t\t\t\t<a href='https:\/\/www.amante-menden.de\/?attachment_id=1634'><img loading=\"lazy\" decoding=\"async\" width=\"146\" height=\"150\" src=\"https:\/\/www.amante-menden.de\/wordpress\/wp-content\/uploads\/2016\/01\/7-7-146x150.jpg\" class=\"attachment-thumbnail size-thumbnail\" alt=\"\" \/><\/a>\n\t\t\t<\/dt><\/dl><dl class='gallery-item'>\n\t\t\t<dt class='gallery-icon landscape'>\n\t\t\t\t<a href='https:\/\/www.amante-menden.de\/?attachment_id=1633'><img loading=\"lazy\" decoding=\"async\" width=\"150\" height=\"150\" src=\"https:\/\/www.amante-menden.de\/wordpress\/wp-content\/uploads\/2016\/01\/6-8-150x150.jpg\" class=\"attachment-thumbnail size-thumbnail\" alt=\"\" srcset=\"https:\/\/www.amante-menden.de\/wordpress\/wp-content\/uploads\/2016\/01\/6-8-150x150.jpg 150w, https:\/\/www.amante-menden.de\/wordpress\/wp-content\/uploads\/2016\/01\/6-8-144x144.jpg 144w\" sizes=\"auto, (max-width: 150px) 100vw, 150px\" \/><\/a>\n\t\t\t<\/dt><\/dl><br style=\"clear: both\" \/><dl class='gallery-item'>\n\t\t\t<dt class='gallery-icon landscape'>\n\t\t\t\t<a href='https:\/\/www.amante-menden.de\/?attachment_id=1632'><img loading=\"lazy\" decoding=\"async\" width=\"150\" height=\"150\" src=\"https:\/\/www.amante-menden.de\/wordpress\/wp-content\/uploads\/2016\/01\/5-8-150x150.jpg\" class=\"attachment-thumbnail size-thumbnail\" alt=\"\" srcset=\"https:\/\/www.amante-menden.de\/wordpress\/wp-content\/uploads\/2016\/01\/5-8-150x150.jpg 150w, https:\/\/www.amante-menden.de\/wordpress\/wp-content\/uploads\/2016\/01\/5-8-144x144.jpg 144w\" sizes=\"auto, (max-width: 150px) 100vw, 150px\" \/><\/a>\n\t\t\t<\/dt><\/dl><dl class='gallery-item'>\n\t\t\t<dt class='gallery-icon landscape'>\n\t\t\t\t<a href='https:\/\/www.amante-menden.de\/?attachment_id=1631'><img loading=\"lazy\" decoding=\"async\" width=\"150\" height=\"150\" src=\"https:\/\/www.amante-menden.de\/wordpress\/wp-content\/uploads\/2016\/01\/4-8-150x150.jpg\" class=\"attachment-thumbnail size-thumbnail\" alt=\"\" srcset=\"https:\/\/www.amante-menden.de\/wordpress\/wp-content\/uploads\/2016\/01\/4-8-150x150.jpg 150w, https:\/\/www.amante-menden.de\/wordpress\/wp-content\/uploads\/2016\/01\/4-8-144x144.jpg 144w\" sizes=\"auto, (max-width: 150px) 100vw, 150px\" \/><\/a>\n\t\t\t<\/dt><\/dl><dl class='gallery-item'>\n\t\t\t<dt class='gallery-icon landscape'>\n\t\t\t\t<a href='https:\/\/www.amante-menden.de\/?attachment_id=1630'><img loading=\"lazy\" decoding=\"async\" width=\"150\" height=\"150\" src=\"https:\/\/www.amante-menden.de\/wordpress\/wp-content\/uploads\/2016\/01\/3-8-150x150.jpg\" class=\"attachment-thumbnail size-thumbnail\" alt=\"\" srcset=\"https:\/\/www.amante-menden.de\/wordpress\/wp-content\/uploads\/2016\/01\/3-8-150x150.jpg 150w, https:\/\/www.amante-menden.de\/wordpress\/wp-content\/uploads\/2016\/01\/3-8-144x144.jpg 144w\" sizes=\"auto, (max-width: 150px) 100vw, 150px\" \/><\/a>\n\t\t\t<\/dt><\/dl><br style=\"clear: both\" \/><dl class='gallery-item'>\n\t\t\t<dt class='gallery-icon landscape'>\n\t\t\t\t<a href='https:\/\/www.amante-menden.de\/?attachment_id=1629'><img loading=\"lazy\" decoding=\"async\" width=\"150\" height=\"150\" src=\"https:\/\/www.amante-menden.de\/wordpress\/wp-content\/uploads\/2016\/01\/2-9-150x150.jpg\" class=\"attachment-thumbnail size-thumbnail\" alt=\"\" srcset=\"https:\/\/www.amante-menden.de\/wordpress\/wp-content\/uploads\/2016\/01\/2-9-150x150.jpg 150w, https:\/\/www.amante-menden.de\/wordpress\/wp-content\/uploads\/2016\/01\/2-9-144x144.jpg 144w\" sizes=\"auto, (max-width: 150px) 100vw, 150px\" \/><\/a>\n\t\t\t<\/dt><\/dl><dl class='gallery-item'>\n\t\t\t<dt class='gallery-icon landscape'>\n\t\t\t\t<a href='https:\/\/www.amante-menden.de\/?attachment_id=1628'><img loading=\"lazy\" decoding=\"async\" width=\"150\" height=\"150\" src=\"https:\/\/www.amante-menden.de\/wordpress\/wp-content\/uploads\/2016\/01\/1-9-150x150.jpg\" class=\"attachment-thumbnail size-thumbnail\" alt=\"\" srcset=\"https:\/\/www.amante-menden.de\/wordpress\/wp-content\/uploads\/2016\/01\/1-9-150x150.jpg 150w, https:\/\/www.amante-menden.de\/wordpress\/wp-content\/uploads\/2016\/01\/1-9-144x144.jpg 144w\" sizes=\"auto, (max-width: 150px) 100vw, 150px\" \/><\/a>\n\t\t\t<\/dt><\/dl>\n\t\t\t<br style='clear: both' \/>\n\t\t<\/div>\n\n<hr \/>\n<h2 style=\"text-align: justify;\">Die Vorbereitung<\/h2>\n<p style=\"text-align: justify;\">Dreit\u00e4giges Probe-Wochenende im Kloster Brunnen in Sundern-Endorf, in der finalen Phase sogar zwei intensive \u00dcbungsabende w\u00f6chentlich, dazu ein mehrst\u00fcndiges Coaching mit Professor Michael Schmoll und eine einst\u00fcndige Generalprobe am vergangenen Mittwochabend auf der B\u00fchne der Stadthalle Werl selbst: Die S\u00e4ngerinnen und S\u00e4nger von amante della musica menden haben mit ihrem Chorleiter Michael Oel alles nur Erdenkliche unternommen, um am kommenden Samstag, 31. Mai 2008, bestens vorbereitet beim Meisterchorsingen auftreten zu k\u00f6nnen.<\/p>\n<p align=\"justify\"><a href=\"http:\/\/www.amante-menden.de\/wordpress\/wp-content\/uploads\/2016\/01\/pro1.jpg\" rel=\"attachment wp-att-1647\"><img loading=\"lazy\" decoding=\"async\" class=\"size-medium wp-image-1647 alignleft\" src=\"http:\/\/www.amante-menden.de\/wordpress\/wp-content\/uploads\/2016\/01\/pro1-300x196.jpg\" alt=\"pro1\" width=\"300\" height=\"196\" \/><\/a>Nicht zuletzt aufgrund des hervorragenden Abschneidens bei den letzten Leistungssingen im Chorverband NRW darf die Mendener Singgemeinschaft an diesem Tag im allerletzten Block mit weiteren hochkar\u00e4tigen Ch\u00f6ren auftreten und sein vier Titel umfassendes Programm vor rund 1 000 Zuh\u00f6rern und der f\u00fcnfk\u00f6pfigen Jury ab 19 Uhr pr\u00e4sentieren. amante ist der 22. von 25 Ch\u00f6ren des Tages, ab 20.30 Uhr werden die fast 50 aktiven &#8222;Musikliebhaber&#8220; erfahren, ob sie das begehrte Ziel erreicht haben und sich weitere f\u00fcnf Jahre Meisterchor im CVNRW nennen d\u00fcrfen.<\/p>\n<p align=\"justify\"><a href=\"http:\/\/www.amante-menden.de\/wordpress\/wp-content\/uploads\/2016\/01\/pro2.jpg\" rel=\"attachment wp-att-1648\"><img loading=\"lazy\" decoding=\"async\" class=\"size-medium wp-image-1648 alignright\" src=\"http:\/\/www.amante-menden.de\/wordpress\/wp-content\/uploads\/2016\/01\/pro2-300x162.jpg\" alt=\"pro2\" width=\"300\" height=\"162\" \/><\/a>1993 in Meinerzhagen, 1998 in Moers und 2003 in Neuss gelang es amante della musica bis dato, unter dem Gr\u00fcnder und langj\u00e4hrigen Chorleiter des Jungen Chores Menden Klaus Levermann das schwerste Leistungssingen in NRW erfolgreich zu meistern. Zur neuerlichen Titelverteidigung, diesmal gemeinsam mit Dirigent Michael Oel, der seit 19 Monaten als Chorleiter fungiert, muss amante mindestens zwei Mal ein &#8222;sehr gut&#8220; und zwei Mal ein &#8222;gut&#8220; als Pr\u00e4dikat zugesprochen bekommen, wobei die Bestnoten sich auf ein Volkslied und ein Chorwerk verteilen m\u00fcssen.<\/p>\n<p align=\"justify\">Als einziger Teilnehmer des Meisterchorsingens 2008 (49 Vereine) pr\u00e4sentiert amante das polyphone, f\u00fcnfstimmige Chorwerk &#8222;Der 130. Psalm&#8220; im Satz von Kurt Lissmann, dazu kommt das lateinische &#8222;Sperent in te&#8220; von Lajos Bardos. Der Mendener Musikprofessor Michael Schmoll hat eigens als Auftragskomposition von amante einen jazzigen Satz auf das Volkslied &#8222;Der Mond ist aufgegangen&#8220; geschrieben, von Dr. Matthias Becker erklingt die ebenfalls jazzige Version von &#8222;Am Brunnen vor dem Tore&#8220;.<\/p>\n<p align=\"justify\"><a href=\"http:\/\/www.amante-menden.de\/wordpress\/wp-content\/uploads\/2016\/01\/pro3.jpg\" rel=\"attachment wp-att-1649\"><img loading=\"lazy\" decoding=\"async\" class=\"size-medium wp-image-1649 alignleft\" src=\"http:\/\/www.amante-menden.de\/wordpress\/wp-content\/uploads\/2016\/01\/pro3-300x141.jpg\" alt=\"pro3\" width=\"300\" height=\"141\" \/><\/a>F\u00fcr das Meisterchorsingen hat sich der heimische Chor eine neue schwarze Kluft zugelegt, die von wei\u00dfen Accessoires verschiedenster Form und Gr\u00f6\u00dfe gepr\u00e4gt wird. Um 16.15 Uhr treffen sich die Aktiven am Samstag an der Stadthalle Werl, wo nach dem &#8222;Soundcheck&#8220; auf der B\u00fchne ein 90-min\u00fctiges Warm-Up und Einsingen ansteht.<\/p>\n<p align=\"justify\">Nach der Ergebnisbekanntgabe feiern die S\u00e4ngerinnen und S\u00e4nger, von denen 15 noch nie bei einem Meisterchorsingen waren, in der Mendener Rathaus-Kantine &#8211; hoffentlich als alter und neuer Meisterchor.<\/p>\n","protected":false},"excerpt":{"rendered":"<p>Jury bewertet alle Liedvortr\u00e4ge mit &#8222;sehr gut&#8220; Meisterchorsingen Stadthalle Werl &#8222;Der 130. Psalm&#8220; von Kurt Lissmann (21,6 &#8211; sehr gut) &#8222;Am Brunnen vor dem Tore&#8220; von Matthias Becker (22,4 &#8211; sehr gut) &#8222;Der Mond ist aufgegangen&#8220; von Michael Schmol (23,8 &hellip; <a href=\"https:\/\/www.amante-menden.de\/?page_id=1627\">Weiterlesen <span class=\"meta-nav\">&rarr;<\/span><\/a><\/p>\n","protected":false},"author":1,"featured_media":0,"parent":159,"menu_order":84,"comment_status":"closed","ping_status":"closed","template":"","meta":{"footnotes":""},"class_list":["post-1627","page","type-page","status-publish","hentry"],"_links":{"self":[{"href":"https:\/\/www.amante-menden.de\/index.php?rest_route=\/wp\/v2\/pages\/1627","targetHints":{"allow":["GET"]}}],"collection":[{"href":"https:\/\/www.amante-menden.de\/index.php?rest_route=\/wp\/v2\/pages"}],"about":[{"href":"https:\/\/www.amante-menden.de\/index.php?rest_route=\/wp\/v2\/types\/page"}],"author":[{"embeddable":true,"href":"https:\/\/www.amante-menden.de\/index.php?rest_route=\/wp\/v2\/users\/1"}],"replies":[{"embeddable":true,"href":"https:\/\/www.amante-menden.de\/index.php?rest_route=%2Fwp%2Fv2%2Fcomments&post=1627"}],"version-history":[{"count":7,"href":"https:\/\/www.amante-menden.de\/index.php?rest_route=\/wp\/v2\/pages\/1627\/revisions"}],"predecessor-version":[{"id":1761,"href":"https:\/\/www.amante-menden.de\/index.php?rest_route=\/wp\/v2\/pages\/1627\/revisions\/1761"}],"up":[{"embeddable":true,"href":"https:\/\/www.amante-menden.de\/index.php?rest_route=\/wp\/v2\/pages\/159"}],"wp:attachment":[{"href":"https:\/\/www.amante-menden.de\/index.php?rest_route=%2Fwp%2Fv2%2Fmedia&parent=1627"}],"curies":[{"name":"wp","href":"https:\/\/api.w.org\/{rel}","templated":true}]}}