{"id":175,"date":"2015-05-27T22:11:02","date_gmt":"2015-05-27T20:11:02","guid":{"rendered":"http:\/\/amante-menden.de\/wordpress\/?page_id=175"},"modified":"2017-01-18T12:34:37","modified_gmt":"2017-01-18T10:34:37","slug":"neujahrsempfang-der-lions-menden-am-09-01-2015","status":"publish","type":"page","link":"https:\/\/www.amante-menden.de\/?page_id=175","title":{"rendered":"Neujahrsempfang der Lions Menden am 09.01.2015"},"content":{"rendered":"<p style=\"text-align: justify;\"><a href=\"http:\/\/amante-menden.de\/wordpress\/wp-content\/uploads\/2015\/05\/lions.png\"><img loading=\"lazy\" decoding=\"async\" class=\" size-full wp-image-132 aligncenter\" src=\"http:\/\/amante-menden.de\/wordpress\/wp-content\/uploads\/2015\/05\/lions.png\" alt=\"lions\" width=\"151\" height=\"151\" srcset=\"https:\/\/www.amante-menden.de\/wordpress\/wp-content\/uploads\/2015\/05\/lions.png 151w, https:\/\/www.amante-menden.de\/wordpress\/wp-content\/uploads\/2015\/05\/lions-150x150.png 150w\" sizes=\"auto, (max-width: 151px) 100vw, 151px\" \/><\/a>Standing Ovations, &#8222;Auf uns&#8220; von Andreas Bourani als Zugabe, noch einmal Standing Ovations und im Anschluss unglaublich viele Komplimente von einem sehr aufmerksamen Publikum: Der Auftritt von amante della musica menden beim Neujahrsempfang des Lions-Club Menden am Freitag, 9. Januar, im Forum der M\u00e4rkischen Bank war ein gro\u00dfartiger Erfolg.<\/p>\n<p style=\"text-align: justify;\">Rund 50 Minuten lang pr\u00e4sentierte der Chor unter der Leitung von Luc vanden Broek einen Querschnitt seines Repertoires und traf damit offenbar den Geschmack der G\u00e4ste &#8211; vor allem auch mit zwei Oldies aus den 60ern: &#8222;Nights in white satin&#8220; und &#8222;It\u00b4s my party&#8220;.<\/p>\n<p style=\"text-align: justify;\" align=\"justify\">Lions-Pr\u00e4sident Christian Volbert, der dem Chor seine Rechtsanwalts-Kanzlei zum Einsingen \u00fcberlassen und f\u00fcr Getr\u00e4nke gesorgt hatte, bedankte sich merklich begeistert. Fazit: Toller musikalischer Start ins Jahr 2015!<\/p>\n","protected":false},"excerpt":{"rendered":"<p>Standing Ovations, &#8222;Auf uns&#8220; von Andreas Bourani als Zugabe, noch einmal Standing Ovations und im Anschluss unglaublich viele Komplimente von einem sehr aufmerksamen Publikum: Der Auftritt von amante della musica menden beim Neujahrsempfang des Lions-Club Menden am Freitag, 9. Januar, &hellip; <a href=\"https:\/\/www.amante-menden.de\/?page_id=175\">Weiterlesen <span class=\"meta-nav\">&rarr;<\/span><\/a><\/p>\n","protected":false},"author":1,"featured_media":0,"parent":3225,"menu_order":151,"comment_status":"closed","ping_status":"closed","template":"","meta":{"footnotes":""},"class_list":["post-175","page","type-page","status-publish","hentry"],"_links":{"self":[{"href":"https:\/\/www.amante-menden.de\/index.php?rest_route=\/wp\/v2\/pages\/175","targetHints":{"allow":["GET"]}}],"collection":[{"href":"https:\/\/www.amante-menden.de\/index.php?rest_route=\/wp\/v2\/pages"}],"about":[{"href":"https:\/\/www.amante-menden.de\/index.php?rest_route=\/wp\/v2\/types\/page"}],"author":[{"embeddable":true,"href":"https:\/\/www.amante-menden.de\/index.php?rest_route=\/wp\/v2\/users\/1"}],"replies":[{"embeddable":true,"href":"https:\/\/www.amante-menden.de\/index.php?rest_route=%2Fwp%2Fv2%2Fcomments&post=175"}],"version-history":[{"count":1,"href":"https:\/\/www.amante-menden.de\/index.php?rest_route=\/wp\/v2\/pages\/175\/revisions"}],"predecessor-version":[{"id":176,"href":"https:\/\/www.amante-menden.de\/index.php?rest_route=\/wp\/v2\/pages\/175\/revisions\/176"}],"up":[{"embeddable":true,"href":"https:\/\/www.amante-menden.de\/index.php?rest_route=\/wp\/v2\/pages\/3225"}],"wp:attachment":[{"href":"https:\/\/www.amante-menden.de\/index.php?rest_route=%2Fwp%2Fv2%2Fmedia&parent=175"}],"curies":[{"name":"wp","href":"https:\/\/api.w.org\/{rel}","templated":true}]}}