{"id":1755,"date":"2016-01-05T11:15:38","date_gmt":"2016-01-05T09:15:38","guid":{"rendered":"http:\/\/www.amante-menden.de\/?page_id=1755"},"modified":"2016-01-05T11:15:42","modified_gmt":"2016-01-05T09:15:42","slug":"weihnachtskonzert-2008","status":"publish","type":"page","link":"https:\/\/www.amante-menden.de\/?page_id=1755","title":{"rendered":"Weihnachtskonzert 2008"},"content":{"rendered":"<h3>am Samstag den 06. Dezember 2008 pr\u00e4sentierte sich amante im St. Vincenz-Krankenhaus<\/h3>\n<p><a href=\"http:\/\/www.amante-menden.de\/wordpress\/wp-content\/uploads\/2016\/01\/weihnachtskonzert.jpg\" rel=\"attachment wp-att-1756\"><img loading=\"lazy\" decoding=\"async\" class=\"size-medium wp-image-1756 aligncenter\" src=\"http:\/\/www.amante-menden.de\/wordpress\/wp-content\/uploads\/2016\/01\/weihnachtskonzert-300x138.jpg\" alt=\"weihnachtskonzert\" width=\"300\" height=\"138\" \/><\/a><\/p>\n<p style=\"text-align: justify;\">Zu einer festen Tradition m\u00f6chte der heimische Meisterchor amante della musica menden sein Konzert am sp\u00e4ten Samstagnachmittag vor dem zweiten Advent in der Kapelle des St. Vincenz-Krankenhauses machen. Diesen Entschluss hat Chorleiter Michael Oel unmittelbar nach der \u00fcberw\u00e4ltigenden Premiere am vergangenen Wochenende mit seinen S\u00e4ngerinnen, S\u00e4ngern und dem Vorstand gefasst.<\/p>\n<p align=\"justify\">Der akustisch hervorragende Konzertraum war eigens f\u00fcr das einst\u00fcndige Gastspiel von amante mit mehr als 60 St\u00fchlen zus\u00e4tzlich bestuhlt worden \u2013 und noch w\u00e4hrend des Einsingens und der Probe waren fast alle der insgesamt rund 200 Pl\u00e4tze besetzt.<\/p>\n<p align=\"justify\">Mit \u201eGott segne dich\u201c, einem sakralen Klassiker aus dem Repertoire, er\u00f6ffnete die Singgemeinschaft das Konzert, ehe der Vorsitzende Lars Becker die Zuh\u00f6rer willkommen hie\u00df. \u201eWir freuen uns sehr, dass sie sich die Zeit nehmen, uns zuzuh\u00f6ren und sich einstimmen lassen auf die Festtage\u201c, sagte Becker. Er k\u00fcndigte aber zugleich Lieder an, \u201edie unser musikalisches Jahr 2008 gepr\u00e4gt haben oder die uns einfach so sehr am Herzen liegen, dass wir sie heute auch f\u00fcr uns selbst singen wollten\u201c, ehe er die Bedeutung von Auftritten von amante in der Weihnachtszeit in 23 Jahren Vereinsgeschichte herausstrich.<\/p>\n<p align=\"justify\">\u00dcber \u201eBrich an du sch\u00f6nes Morgenlicht\u201c aus dem Weihnachtsoratorium von Bach und das lateinische Chorwerk \u201eSperent in te\u201c spannte amante den Bogen zu den englischen Titeln \u201eHold on to your dream\u201c, \u201eSoon ah will be done\u201c und schlie\u00dflich zu Weihnachtsweisen wie \u201eEs ist ein Ros entsprungen\u201c oder \u201eHerbei oh ihr Gl\u00e4ub\u2018gen\u201c.<\/p>\n<p align=\"justify\">Zwischen den St\u00fccken trugen verschiedene Aktive und Chorleiter Michael Oel adventlich-besinnliche Geschichten und Gedichte vor, entlassen wurde der Chor nicht ohne zwei Zugaben und die Bitte des Publikums, das Konzert zu etablieren. Das wird amante tun, die zweite Auflage soll am Samstag, 5. Dezember 2009, um 17 Uhr stattfinden.<\/p>\n","protected":false},"excerpt":{"rendered":"<p>am Samstag den 06. Dezember 2008 pr\u00e4sentierte sich amante im St. Vincenz-Krankenhaus Zu einer festen Tradition m\u00f6chte der heimische Meisterchor amante della musica menden sein Konzert am sp\u00e4ten Samstagnachmittag vor dem zweiten Advent in der Kapelle des St. Vincenz-Krankenhauses machen. &hellip; <a href=\"https:\/\/www.amante-menden.de\/?page_id=1755\">Weiterlesen <span class=\"meta-nav\">&rarr;<\/span><\/a><\/p>\n","protected":false},"author":1,"featured_media":0,"parent":159,"menu_order":88,"comment_status":"closed","ping_status":"closed","template":"","meta":{"footnotes":""},"class_list":["post-1755","page","type-page","status-publish","hentry"],"_links":{"self":[{"href":"https:\/\/www.amante-menden.de\/index.php?rest_route=\/wp\/v2\/pages\/1755","targetHints":{"allow":["GET"]}}],"collection":[{"href":"https:\/\/www.amante-menden.de\/index.php?rest_route=\/wp\/v2\/pages"}],"about":[{"href":"https:\/\/www.amante-menden.de\/index.php?rest_route=\/wp\/v2\/types\/page"}],"author":[{"embeddable":true,"href":"https:\/\/www.amante-menden.de\/index.php?rest_route=\/wp\/v2\/users\/1"}],"replies":[{"embeddable":true,"href":"https:\/\/www.amante-menden.de\/index.php?rest_route=%2Fwp%2Fv2%2Fcomments&post=1755"}],"version-history":[{"count":1,"href":"https:\/\/www.amante-menden.de\/index.php?rest_route=\/wp\/v2\/pages\/1755\/revisions"}],"predecessor-version":[{"id":1757,"href":"https:\/\/www.amante-menden.de\/index.php?rest_route=\/wp\/v2\/pages\/1755\/revisions\/1757"}],"up":[{"embeddable":true,"href":"https:\/\/www.amante-menden.de\/index.php?rest_route=\/wp\/v2\/pages\/159"}],"wp:attachment":[{"href":"https:\/\/www.amante-menden.de\/index.php?rest_route=%2Fwp%2Fv2%2Fmedia&parent=1755"}],"curies":[{"name":"wp","href":"https:\/\/api.w.org\/{rel}","templated":true}]}}