{"id":180,"date":"2015-05-27T22:20:23","date_gmt":"2015-05-27T20:20:23","guid":{"rendered":"http:\/\/amante-menden.de\/wordpress\/?page_id=180"},"modified":"2017-01-18T12:40:27","modified_gmt":"2017-01-18T10:40:27","slug":"jahreshauptversammlung-2015","status":"publish","type":"page","link":"https:\/\/www.amante-menden.de\/?page_id=180","title":{"rendered":"Jahreshauptversammlung 2015"},"content":{"rendered":"<p style=\"text-align: center;\"><a href=\"http:\/\/amante-menden.de\/wordpress\/wp-content\/uploads\/2015\/05\/gruppejhv2015.jpg\"><img loading=\"lazy\" decoding=\"async\" class=\"alignnone size-medium wp-image-131\" src=\"http:\/\/amante-menden.de\/wordpress\/wp-content\/uploads\/2015\/05\/gruppejhv2015-300x267.jpg\" alt=\"gruppejhv2015\" width=\"300\" height=\"267\" srcset=\"https:\/\/www.amante-menden.de\/wordpress\/wp-content\/uploads\/2015\/05\/gruppejhv2015-300x267.jpg 300w, https:\/\/www.amante-menden.de\/wordpress\/wp-content\/uploads\/2015\/05\/gruppejhv2015.jpg 400w\" sizes=\"auto, (max-width: 300px) 100vw, 300px\" \/><\/a><\/p>\n<p style=\"text-align: justify;\">Wahlen und Ehrungen standen traditionell im Mittelpunkt der Jahreshauptversammlung von amante della musica menden am Samstag, 10. Januar, im Adolph-Sauer-Haus in Menden-Barge.<\/p>\n<p style=\"text-align: justify;\" align=\"justify\">Lars Becker (1. Vorsitzender), Sandra Weier-Kordes (1. Kassiererin), Andrea Ferber (1. Schriftf\u00fchrerin) und Tobias Holz (Notenwart) wurde allesamt in ihren \u00c4mtern f\u00fcr zwei Jahre wiedergew\u00e4hlt. Neues Schnuppermitglied im Vorstand ist Thorsten G\u00fcnner, der auf Anja Sch\u00fcrmann folgt.<\/p>\n<p style=\"text-align: justify;\" align=\"justify\">Gabi Brinkmann und Andrea Ferber wurden f\u00fcr 15-j\u00e4hrige aktive Mitgliedschaft geehrt. Silke H\u00fchner singt seit zehn Jahren bei amante, Melanie Wrona (2. Vorsitzende) ist seit zehn Jahren im Vorstand.<\/p>\n<p style=\"text-align: justify;\" align=\"justify\">\u00dcber Pr\u00e4sente in Form von einem Gutschein zum Essen f\u00fcr Zwei in einem durften sich Julia Klute (f\u00fcr die chorinterne Klavierbegleitung), Martin Schindler (erstellt immer die Midi-Dateien zum \u00dcben) und Vizechorleiterin Andrea Ferber freuen.<\/p>\n<p style=\"text-align: justify;\" align=\"justify\">Petra Nagel aus dem Sopran wurde zur inoffiziellen &#8222;S\u00e4ngerin des Jahres 2014&#8220; gek\u00fcrt, weil sie den Erstkontakt zur Kirchengemeinde in Barge hergestellt, ihren Mann Matthias zum Mitsingen animiert und auch den Auftritt beim Lions-Club Menden initiiert hatte. Sie bekam als Dankesch\u00f6n ein Rondell amante-Schluck \u00fcberreicht.<\/p>\n","protected":false},"excerpt":{"rendered":"<p>Wahlen und Ehrungen standen traditionell im Mittelpunkt der Jahreshauptversammlung von amante della musica menden am Samstag, 10. Januar, im Adolph-Sauer-Haus in Menden-Barge. Lars Becker (1. Vorsitzender), Sandra Weier-Kordes (1. Kassiererin), Andrea Ferber (1. Schriftf\u00fchrerin) und Tobias Holz (Notenwart) wurde allesamt &hellip; <a href=\"https:\/\/www.amante-menden.de\/?page_id=180\">Weiterlesen <span class=\"meta-nav\">&rarr;<\/span><\/a><\/p>\n","protected":false},"author":1,"featured_media":0,"parent":3225,"menu_order":152,"comment_status":"closed","ping_status":"closed","template":"","meta":{"footnotes":""},"class_list":["post-180","page","type-page","status-publish","hentry"],"_links":{"self":[{"href":"https:\/\/www.amante-menden.de\/index.php?rest_route=\/wp\/v2\/pages\/180","targetHints":{"allow":["GET"]}}],"collection":[{"href":"https:\/\/www.amante-menden.de\/index.php?rest_route=\/wp\/v2\/pages"}],"about":[{"href":"https:\/\/www.amante-menden.de\/index.php?rest_route=\/wp\/v2\/types\/page"}],"author":[{"embeddable":true,"href":"https:\/\/www.amante-menden.de\/index.php?rest_route=\/wp\/v2\/users\/1"}],"replies":[{"embeddable":true,"href":"https:\/\/www.amante-menden.de\/index.php?rest_route=%2Fwp%2Fv2%2Fcomments&post=180"}],"version-history":[{"count":1,"href":"https:\/\/www.amante-menden.de\/index.php?rest_route=\/wp\/v2\/pages\/180\/revisions"}],"predecessor-version":[{"id":181,"href":"https:\/\/www.amante-menden.de\/index.php?rest_route=\/wp\/v2\/pages\/180\/revisions\/181"}],"up":[{"embeddable":true,"href":"https:\/\/www.amante-menden.de\/index.php?rest_route=\/wp\/v2\/pages\/3225"}],"wp:attachment":[{"href":"https:\/\/www.amante-menden.de\/index.php?rest_route=%2Fwp%2Fv2%2Fmedia&parent=180"}],"curies":[{"name":"wp","href":"https:\/\/api.w.org\/{rel}","templated":true}]}}