{"id":1827,"date":"2016-01-06T10:47:12","date_gmt":"2016-01-06T08:47:12","guid":{"rendered":"http:\/\/www.amante-menden.de\/?page_id=1827"},"modified":"2016-01-06T10:47:12","modified_gmt":"2016-01-06T08:47:12","slug":"amante-della-musica-menden-jetzt-sing-swing-konzertchor","status":"publish","type":"page","link":"https:\/\/www.amante-menden.de\/?page_id=1827","title":{"rendered":"amante della musica menden jetzt Sing &#038; Swing-Konzertchor"},"content":{"rendered":"<h3>25. M\u00e4rz 2007<br \/>\namante jetzt Sing &amp; Swing-Konzertchor<\/h3>\n<p style=\"text-align: justify;\"><a href=\"http:\/\/www.amante-menden.de\/wordpress\/wp-content\/uploads\/2016\/01\/urkunde.jpg\" rel=\"attachment wp-att-1840\"><img loading=\"lazy\" decoding=\"async\" class=\"size-full wp-image-1840 aligncenter\" src=\"http:\/\/www.amante-menden.de\/wordpress\/wp-content\/uploads\/2016\/01\/urkunde.jpg\" alt=\"urkunde\" width=\"195\" height=\"300\" \/><\/a><\/p>\n<p>&nbsp;<\/p>\n<p>\u201eGanz gro\u00dfe Klasse, weiter so!\u201c Von Bundeschorleiter Professor Michael Schmoll und Hermann Otto, dem Pr\u00e4sidenten des S\u00e4ngerbundes Nordrhein-Westfalen, \u2013 also aus berufenem Munde \u2013 heimste amante della musica menden am Samstagabend dicke Komplimente ein. Gerade war die Singgemeinschaft im Kurhaus Bad Hamm als Sing &amp; <a href=\"http:\/\/www.amante-menden.de\/wordpress\/wp-content\/uploads\/2016\/01\/1-15.jpg\" rel=\"attachment wp-att-1828\"><img loading=\"lazy\" decoding=\"async\" class=\"size-full wp-image-1828 alignleft\" src=\"http:\/\/www.amante-menden.de\/wordpress\/wp-content\/uploads\/2016\/01\/1-15.jpg\" alt=\"1\" width=\"200\" height=\"111\" \/><\/a>Swing-Konzertchor 2007 ausgezeichnet worden, hatte also auf Anhieb mit Michael Oel als neuem Chorleiter, mit 15 neuen S\u00e4ngerinnen und S\u00e4ngern, mit drei v\u00f6llig neuen wie anspruchsvollen Titeln im neuen rot-schwarzen Outfit die zweith\u00f6chste Leistungsstufe in Sachen Jazz, Pop und Barbershop erreicht.<\/p>\n<p align=\"justify\">Riesengro\u00df war die Freude bei den 46 Aktiven und dem stattlichen Anhang.<\/p>\n<p align=\"justify\">Denn mit insgesamt 20,30 Punkten (20,33 f\u00fcr Gesang und Musik\/20,0 f\u00fcr die Pr\u00e4sentation) erreichte amante della musica unter den 25 Teilnehmerch\u00f6ren als Zehnter sogar die inoffizielle \u201eTop Ten\u201c. Vier Ch\u00f6ren hatten keinen Leistungstitel erreicht, viele Ensembles, die sich fast nur mit modernster Literatur besch\u00e4ftigen, blieben hinter den Mendenern (gr\u00f6\u00dfter Chor des Tages) zur\u00fcck. Zum \u201eMeisterchor\u201c-Titel fehlten amante 1,7 Punkte \u2013 ein Abtand zu den \u00fcberragenden, mitrei\u00dfendsten Ch\u00f6ren und Ensembles dieser Sparte, der nach und nach durch intensive Arbeit verringert werden soll.<\/p>\n<p align=\"justify\"><a href=\"http:\/\/www.amante-menden.de\/wordpress\/wp-content\/uploads\/2016\/01\/9-8.jpg\" rel=\"attachment wp-att-1836\"><img loading=\"lazy\" decoding=\"async\" class=\"size-full wp-image-1836 alignright\" src=\"http:\/\/www.amante-menden.de\/wordpress\/wp-content\/uploads\/2016\/01\/9-8.jpg\" alt=\"9\" width=\"225\" height=\"150\" \/><\/a>Das beste Ergebnis gab\u2018s von der vierk\u00f6pfigen Jury f\u00fcr den Lionel-Richie-Hit \u201eHello\u201c (21,0\/sehr gut). Sowohl \u201eAux champs elysees\u201c als auch \u201eWhy do fools fall in love\u201c wurden mit 20,0 Punkten (gut) bewertet. \u201eWenn man bedenkt, dass wir das letzte St\u00fcck erst vor zwei Wochen zum ersten Mal komplett durchgesungen und erst f\u00fcnf Monate zusammen gearbeitet haben, ist diese Konstanz, ja diese Leistung toll.<\/p>\n<p align=\"justify\">Ich bin einfach nur sehr stolz auf die Truppe. In zwei Jahren versuchen wir, den Titel Sing &amp; Swing-Meisterchor in Angriff zu nehmen\u201c, strahlte Dirigent Michael Oel unter dem gro\u00dfen Applaus der Aktiven, die den langen Tag (Auftritt um 11.15 Uhr, Ergebnisbekanntgabe um 20.15 Uhr) bei der Jubil\u00e4umsfeier des befreundeten Blasorchesters Menden ausklingen lie\u00dfen.<\/p>\n<p align=\"justify\">Im Oktober steht f\u00fcr amante nun schon das Volkslieder-Leistungssingen an, im Mai 2008 das Meisterchor-Singen. Der Anfang ist gemacht, die Motivation riesig.<\/p>\n<hr \/>\n<h3>Andreas R\u00fcdiger schrieb am 25.03.2007 ins G\u00e4stebuch:<\/h3>\n<p align=\"justify\">Wie lange das gestern noch ging kann ich euch sagen. 1.57 Uhr nach Winterzeit(Handy war noch nicht umgestellt). Die letzen waren Tobias, Siggi, Sonja und ich und am Schlu\u00df gab es noch Freibier :).<\/p>\n<p align=\"justify\">Die letzten beiden Tage waren einfach nur geil. Danke an die Chorf\u00fchrung f\u00fcr die Organisation.<\/p>\n<p align=\"justify\"><a href=\"http:\/\/www.amante-menden.de\/wordpress\/wp-content\/uploads\/2016\/01\/6-12.jpg\" rel=\"attachment wp-att-1833\"><img loading=\"lazy\" decoding=\"async\" class=\"size-full wp-image-1833 alignleft\" src=\"http:\/\/www.amante-menden.de\/wordpress\/wp-content\/uploads\/2016\/01\/6-12.jpg\" alt=\"6\" width=\"175\" height=\"150\" \/><\/a>Vom gem\u00fctlichen Abend in der Olive, \u00fcber die gemeinsame Busfahrt nach Hamm, das Anheizen des Chorleiters im Probenraum um uns auf die richtige Stimmung zu bringen, die letzten Minuten vorm Auftritt, die sich irgendwie in die L\u00e4nge zogen und in denen man eigentlich nur noch endlich auf die B\u00fchne und die Zuschauer losgelassen werden wollte, zum Moment wo man endlich durch die T\u00fcr gehen konnte um sich am Ende im Scheinwerferlicht vorfand, wo sich dann die gesamte Spannung, die man aufgebaut hatte in die drei Lieder und den tosenden Beifall der Zuschauer entlud, der allein schon die Arbeit der letzten Monate entlohnte. Der Tag selber zog sich dann irgendwie endlos in die L\u00e4nge, bis wir dann endlich das endg\u00fcltige Ergebnis erfuhren.<\/p>\n<p align=\"justify\">Ich fand es eigentlich nur schade, das wir mit dem Hello nicht mehr ein zweites Mal auf die B\u00fchne durften. Es wurde zwar gesagt, das nicht unbedingt die Meisterch\u00f6re und die besten Lieder ausgew\u00e4hlt wurden, sondern darauf m\u00f6glichst einen Ausblick auf die Gesamtbreite des Abends zu zeigen, letztendlich traten dann eigentlich aber doch nur die Meisterch\u00f6re auf, deren Liedreppertoir vom Klang her nicht wirklich unterschiedlich war und man erst vor kurzen noch geh\u00f6rt hatte. Etwas vergleichbares wie Hello habe ich den ganzen Tag nicht geh\u00f6rt. Sorry, aber das mu\u00dfte auch mal gesagt werden.<\/p>\n<p align=\"justify\"><a href=\"http:\/\/www.amante-menden.de\/wordpress\/wp-content\/uploads\/2016\/01\/4-12.jpg\" rel=\"attachment wp-att-1831\"><img loading=\"lazy\" decoding=\"async\" class=\"size-full wp-image-1831 alignright\" src=\"http:\/\/www.amante-menden.de\/wordpress\/wp-content\/uploads\/2016\/01\/4-12.jpg\" alt=\"4\" width=\"261\" height=\"150\" \/><\/a>Egal, wir haben bewiesen das wir uns nicht verstecken m\u00fcssen und das wir kein kleines Licht sind. Und den Titel Konzertchor Sing and Swing 2007 mittels 4 1\/2 Monate Arbeit h\u00e4tten nur wenige andere Ch\u00f6re erringen k\u00f6nnen und er war auch das optimalste was wir f\u00fcr die kurze Zeit erwarten konnten. Der Titel w\u00e4re allerdings auch nicht ohne die vielen Sonderproben von Michael m\u00f6glich gewesen.<\/p>\n<p align=\"justify\">Die Busfahrt und der Abschlussabend waren dann der kr\u00f6nende Abschluss. Leute ich mag euch einfach.<\/p>\n<p align=\"justify\">LG Andreas<\/p>\n<hr \/>\n<h3>Die Vorbereitung<\/h3>\n<p align=\"justify\">Intensivwochenende in der Musikakademie D\u00fcmmersee, ganzt\u00e4giges Chorcoaching in der Aula der Hauptschule am Gelben Morgen, w\u00f6chentliche regul\u00e4re Proben, dazu mehrere Sonderproben: Wir arbeiten mit Hochdruck daran, den hohen musikalischen Anforderungen des Sing &amp; Swing-Festivals gerecht zu werden, das am Samstag, 24. M\u00e4rz, im Kurhaus Hamm stattfindet.<\/p>\n<p align=\"justify\"><a href=\"http:\/\/www.amante-menden.de\/wordpress\/wp-content\/uploads\/2016\/01\/10-7.jpg\" rel=\"attachment wp-att-1837\"><img loading=\"lazy\" decoding=\"async\" class=\"size-full wp-image-1837 alignleft\" src=\"http:\/\/www.amante-menden.de\/wordpress\/wp-content\/uploads\/2016\/01\/10-7.jpg\" alt=\"10\" width=\"250\" height=\"150\" \/><\/a>Zum zweiten Mal nach 2001 nimmt amante an diesem Leistungssingen f\u00fcr Jazz, Pop und Barbershop im S\u00e4ngerbund NRW teil. Gemeldet haben insgesamt 26 Ensembles und Singgemeinschaften, der Chor aus Menden steht um 11.15 Uhr auf der B\u00fchne. Pr\u00e4sentiert werden einer vierk\u00f6pfigen Jury drei St\u00fccke. Entschieden hat sich amante della musica f\u00fcr \u201eHello\u201c von Lionel Richie, f\u00fcr die deutsche Jazz-Variante von \u201eAux champs elysees\u201c und f\u00fcr das Swing-St\u00fcck \u201eWhy do fools fall in love\u201c.<\/p>\n<p align=\"justify\">Die Teilnahme am Leistungssingen in Hamm ist deshalb eine so besondere Herausforderung, weil der Dortmunder Michael Oel erst seit dem 17. Oktober 2006 als neuer Chorleiter verantwortlich zeichnet. Damit nicht genug: Inzwischen ist die Chorgemeinschaft auf 49 S\u00e4ngerinnen und S\u00e4nger angewachsen. Es bedurfte also einer intensiven Integration der \u201eNeuzug\u00e4nge\u201c in allen Stimmlagen.<\/p>\n<p align=\"justify\"><a href=\"http:\/\/www.amante-menden.de\/wordpress\/wp-content\/uploads\/2016\/01\/8-11.jpg\" rel=\"attachment wp-att-1835\"><img loading=\"lazy\" decoding=\"async\" class=\"size-full wp-image-1835 alignright\" src=\"http:\/\/www.amante-menden.de\/wordpress\/wp-content\/uploads\/2016\/01\/8-11.jpg\" alt=\"8\" width=\"351\" height=\"150\" srcset=\"https:\/\/www.amante-menden.de\/wordpress\/wp-content\/uploads\/2016\/01\/8-11.jpg 351w, https:\/\/www.amante-menden.de\/wordpress\/wp-content\/uploads\/2016\/01\/8-11-300x128.jpg 300w\" sizes=\"auto, (max-width: 351px) 100vw, 351px\" \/><\/a>\u201eKeine Frage: Das Wochenende am D\u00fcmmersee war Gold wert. Wir mussten uns alle erst einmal an den neuen Chorleiter gew\u00f6hnen, er uns und unseren Sound kennenlernen. Da ist die Teilnahme am Leistungssingen in Hamm schon ein riskantes Unterfangen, weil die Vorbereitungszeit nicht so lang ist. Wir wollten aber einfach herausfinden, was wir in kurzer Zeit zu leisten in der Lage sind\u201c, sagt Lars Becker, der 1.Vorsitzende von amante.<\/p>\n<p align=\"justify\">Am Samstag, 24. Februar, stand der Meisterchor zum ersten Mal mit Michael Oel auf der B\u00fchne und absolvierte einen Auftritt. In B\u00f6nen im S\u00e4ngerkreis Unna\/Kamen fand ein Beratungssingen statt, das noch einmal Aufschluss \u00fcber den aktuellen Leistungsstand geben soll. Dazu kommt ein weiteres Beratungssingen am Sonntag, 4. M\u00e4rz, in <a href=\"http:\/\/www.amante-menden.de\/wordpress\/wp-content\/uploads\/2016\/01\/5-12.jpg\" rel=\"attachment wp-att-1832\"><img loading=\"lazy\" decoding=\"async\" class=\"size-full wp-image-1832 alignleft\" src=\"http:\/\/www.amante-menden.de\/wordpress\/wp-content\/uploads\/2016\/01\/5-12.jpg\" alt=\"5\" width=\"362\" height=\"150\" srcset=\"https:\/\/www.amante-menden.de\/wordpress\/wp-content\/uploads\/2016\/01\/5-12.jpg 362w, https:\/\/www.amante-menden.de\/wordpress\/wp-content\/uploads\/2016\/01\/5-12-300x124.jpg 300w\" sizes=\"auto, (max-width: 362px) 100vw, 362px\" \/><\/a>L\u00fcdenscheid. In Menden ist amante beim Chorkonzert des Sch\u00fctzenvereins Lendringsen am Sonntag, 18. M\u00e4rz, ab 17 Uhr mit dem Repertoire f\u00fcr das Sing &amp; Swing-Festival zum ersten Mal mit neuem Dirigenten und gr\u00f6\u00dferem Klangk\u00f6rper zu h\u00f6ren. Diese Veranstaltung ist dann die Generalprobe f\u00fcr das Leistungssingen, das f\u00fcr die Aktiven und Michael Oel schon am Freitag, 23. M\u00e4rz, mit einem gemeinsamen Abendessen in der \u201eOlive\u201c beginnt.<\/p>\n","protected":false},"excerpt":{"rendered":"<p>25. M\u00e4rz 2007 amante jetzt Sing &amp; Swing-Konzertchor &nbsp; \u201eGanz gro\u00dfe Klasse, weiter so!\u201c Von Bundeschorleiter Professor Michael Schmoll und Hermann Otto, dem Pr\u00e4sidenten des S\u00e4ngerbundes Nordrhein-Westfalen, \u2013 also aus berufenem Munde \u2013 heimste amante della musica menden am Samstagabend &hellip; <a href=\"https:\/\/www.amante-menden.de\/?page_id=1827\">Weiterlesen <span class=\"meta-nav\">&rarr;<\/span><\/a><\/p>\n","protected":false},"author":1,"featured_media":0,"parent":159,"menu_order":75,"comment_status":"closed","ping_status":"closed","template":"","meta":{"footnotes":""},"class_list":["post-1827","page","type-page","status-publish","hentry"],"_links":{"self":[{"href":"https:\/\/www.amante-menden.de\/index.php?rest_route=\/wp\/v2\/pages\/1827","targetHints":{"allow":["GET"]}}],"collection":[{"href":"https:\/\/www.amante-menden.de\/index.php?rest_route=\/wp\/v2\/pages"}],"about":[{"href":"https:\/\/www.amante-menden.de\/index.php?rest_route=\/wp\/v2\/types\/page"}],"author":[{"embeddable":true,"href":"https:\/\/www.amante-menden.de\/index.php?rest_route=\/wp\/v2\/users\/1"}],"replies":[{"embeddable":true,"href":"https:\/\/www.amante-menden.de\/index.php?rest_route=%2Fwp%2Fv2%2Fcomments&post=1827"}],"version-history":[{"count":1,"href":"https:\/\/www.amante-menden.de\/index.php?rest_route=\/wp\/v2\/pages\/1827\/revisions"}],"predecessor-version":[{"id":1841,"href":"https:\/\/www.amante-menden.de\/index.php?rest_route=\/wp\/v2\/pages\/1827\/revisions\/1841"}],"up":[{"embeddable":true,"href":"https:\/\/www.amante-menden.de\/index.php?rest_route=\/wp\/v2\/pages\/159"}],"wp:attachment":[{"href":"https:\/\/www.amante-menden.de\/index.php?rest_route=%2Fwp%2Fv2%2Fmedia&parent=1827"}],"curies":[{"name":"wp","href":"https:\/\/api.w.org\/{rel}","templated":true}]}}