{"id":183,"date":"2015-05-27T22:26:56","date_gmt":"2015-05-27T20:26:56","guid":{"rendered":"http:\/\/amante-menden.de\/wordpress\/?page_id=183"},"modified":"2017-01-18T12:40:11","modified_gmt":"2017-01-18T10:40:11","slug":"stefan-risse-vierter-chorleiter-in-der-historie-von-amante-della-musica","status":"publish","type":"page","link":"https:\/\/www.amante-menden.de\/?page_id=183","title":{"rendered":"Stefan Risse vierter Chorleiter von amante della musica"},"content":{"rendered":"<p style=\"text-align: justify;\"><strong>52-J\u00e4hriger aus Ense-H\u00f6ingen Nachfolger von Luc vanden Broek<\/strong><\/p>\n<p style=\"text-align: justify;\"><strong><img loading=\"lazy\" decoding=\"async\" class=\" size-medium wp-image-136 aligncenter\" src=\"http:\/\/amante-menden.de\/wordpress\/wp-content\/uploads\/2015\/05\/4-300x275.jpg\" alt=\"4\" width=\"300\" height=\"275\" srcset=\"https:\/\/www.amante-menden.de\/wordpress\/wp-content\/uploads\/2015\/05\/4-300x275.jpg 300w, https:\/\/www.amante-menden.de\/wordpress\/wp-content\/uploads\/2015\/05\/4.jpg 327w\" sizes=\"auto, (max-width: 300px) 100vw, 300px\" \/>MENDEN<\/strong> &#8211; Der f\u00fcnffache Meisterchor amante della musica menden hat einen neuen Chorleiter:\u00a0 Stefan Risse, 52-j\u00e4hriger P\u00e4dagoge aus Ense-H\u00f6ingen, ist der vierte musikalische Leiter in der inzwischen 29-j\u00e4hrigen Historie der heimischen Singgemeinschaft.<\/p>\n<p style=\"text-align: justify;\" align=\"justify\">Er tritt die Nachfolge von Luc vanden Broek (66) an, der nach dem Jahreswechsel aus privaten Gr\u00fcnden nicht mehr als Chorleiter zur Verf\u00fcgung stand. Am 29. Januar 2015 stellte sich Stefan Risse den S\u00e4ngerinnen und S\u00e4ngern pers\u00f6nlich in einer &#8222;Schnupperprobe&#8220; vor, am 19. Februar 2015 leitete er dann die erste &#8222;richtige&#8220; Probe.<\/p>\n<p style=\"text-align: justify;\"><img loading=\"lazy\" decoding=\"async\" class=\" size-thumbnail wp-image-133 alignright\" src=\"http:\/\/amante-menden.de\/wordpress\/wp-content\/uploads\/2015\/05\/1-150x150.jpg\" alt=\"1\" width=\"150\" height=\"150\" \/>Lars Becker, 1. Vorsitzender: &#8222;Stefan Risse war mein absoluter Wunschkandidat f\u00fcr die Nachfolge von Luc vanden Broek. Er wird dessen akribische, ambitionierte Arbeit mit unserem Chor nahtlos fortsetzen. Gemeinsam werden wir das Repertoire unseres Vereins mit Blick auf unsere Benefiz-Konzertreihe am 3. Oktober und weitere Verpflichtungen auffrischen. Stefan Risse soll unseren Chor ins Jahr 2016 f\u00fchren, wenn wir unseren 30. Geburtstag feiern. Beiden Seiten ist sehr an einer langfristigen Zusammenarbeit gelegen, die vor allem von Spa\u00df und Freude am Einstudieren und Auff\u00fchren von abwechslungsreichem, unterhaltsamen Liedgut gepr\u00e4gt sein soll.&#8220;<\/p>\n<p style=\"text-align: justify;\"><img loading=\"lazy\" decoding=\"async\" class=\" size-medium wp-image-135 alignleft\" src=\"http:\/\/amante-menden.de\/wordpress\/wp-content\/uploads\/2015\/05\/3-300x202.jpg\" alt=\"3\" width=\"300\" height=\"202\" srcset=\"https:\/\/www.amante-menden.de\/wordpress\/wp-content\/uploads\/2015\/05\/3-300x202.jpg 300w, https:\/\/www.amante-menden.de\/wordpress\/wp-content\/uploads\/2015\/05\/3.jpg 446w\" sizes=\"auto, (max-width: 300px) 100vw, 300px\" \/>Stefan Risse, der in seiner 30-j\u00e4hrigen Chorleiter-T\u00e4tigkeit mit verschiedenen Ch\u00f6ren z.B. aus L\u00fcdenscheid, Arnsberg und Soest mehr als ein Dutzend Meisterchor-Titel ersungen hat, stand bereits bei den letzten beiden Chorleiter-Wechseln von amante della musica auf der Kandidatenliste, war aber sowohl 2006 als auch 2013 noch anderweitig gebunden. &#8222;Umso gl\u00fccklicher sind wir, dass es nun geklappt hat. Wir freuen uns auf den gemeinsamen Weg mit einem sympathischen Menschen und einem fachlich erstklassigen Dirigenten &#8211; bei Proben und Auftritten, aber nat\u00fcrlich auch abseits davon. Denn auch das war und ist uns wichtig: Nur dann, wenn Chor und Chorleiter harmonieren, sind solche Leistungen m\u00f6glich, wie wir sie inzwischen seit fast drei Jahrzehnten auf die B\u00fchne bringen&#8220;, so Lars Becker.<\/p>\n<p style=\"text-align: justify;\" align=\"justify\">Vom 25. bis 29. Mai 2016 m\u00f6chte amante erstmals in seiner Historie am Deutschen Chorfest teilnehmen, das dann in Stuttgart stattfinden wird.<\/p>\n<p style=\"text-align: justify;\">Die Zusammenarbeit mit Luc vanden Broek endete mit der Jahreshauptversammlung am Samstag, 10. Januar 2015. Am Freitag, 9. Januar 2015, stand der letzte gemeinsame Auftritt auf dem Programm: Beim Neujahrsempfang des Lions Club Menden pr\u00e4sentierte sich amante noch einmal unter der Leitung des Belgiers und begeisterte die G\u00e4ste mit mehr als einem Dutzend Lieder.<\/p>\n<p style=\"text-align: justify;\" align=\"justify\"><img loading=\"lazy\" decoding=\"async\" class=\" size-medium wp-image-134 alignright\" src=\"http:\/\/amante-menden.de\/wordpress\/wp-content\/uploads\/2015\/05\/2-300x207.jpg\" alt=\"2\" width=\"300\" height=\"207\" srcset=\"https:\/\/www.amante-menden.de\/wordpress\/wp-content\/uploads\/2015\/05\/2-300x207.jpg 300w, https:\/\/www.amante-menden.de\/wordpress\/wp-content\/uploads\/2015\/05\/2.jpg 434w\" sizes=\"auto, (max-width: 300px) 100vw, 300px\" \/>Lars Becker: &#8222;Wir sind Luc vanden Broek zu gro\u00dfem Dank verpflichtet, weil er unseren Chor 2013 in einer schwierigen Phase \u00fcbernommen und dann sofort mit Leidenschaft, Sorgfalt und Bravour zur Night of Music in der Balver H\u00f6hle und dann ein Jahr sp\u00e4ter zum f\u00fcnften Meisterchortitel mit absoluten Traumnoten gef\u00fchrt hat. Er wird uns immer ein v\u00e4terlicher Freund bleiben und einen festen Platz in unseren Herzen und in unserer Vereinschronik haben. Wir w\u00fcnschen Luc privat, musikalisch und gesundheitlich f\u00fcr die Zukunft alles, alles Gute!&#8220;<\/p>\n","protected":false},"excerpt":{"rendered":"<p>52-J\u00e4hriger aus Ense-H\u00f6ingen Nachfolger von Luc vanden Broek MENDEN &#8211; Der f\u00fcnffache Meisterchor amante della musica menden hat einen neuen Chorleiter:\u00a0 Stefan Risse, 52-j\u00e4hriger P\u00e4dagoge aus Ense-H\u00f6ingen, ist der vierte musikalische Leiter in der inzwischen 29-j\u00e4hrigen Historie der heimischen Singgemeinschaft. &hellip; <a href=\"https:\/\/www.amante-menden.de\/?page_id=183\">Weiterlesen <span class=\"meta-nav\">&rarr;<\/span><\/a><\/p>\n","protected":false},"author":1,"featured_media":0,"parent":3225,"menu_order":153,"comment_status":"closed","ping_status":"closed","template":"","meta":{"footnotes":""},"class_list":["post-183","page","type-page","status-publish","hentry"],"_links":{"self":[{"href":"https:\/\/www.amante-menden.de\/index.php?rest_route=\/wp\/v2\/pages\/183","targetHints":{"allow":["GET"]}}],"collection":[{"href":"https:\/\/www.amante-menden.de\/index.php?rest_route=\/wp\/v2\/pages"}],"about":[{"href":"https:\/\/www.amante-menden.de\/index.php?rest_route=\/wp\/v2\/types\/page"}],"author":[{"embeddable":true,"href":"https:\/\/www.amante-menden.de\/index.php?rest_route=\/wp\/v2\/users\/1"}],"replies":[{"embeddable":true,"href":"https:\/\/www.amante-menden.de\/index.php?rest_route=%2Fwp%2Fv2%2Fcomments&post=183"}],"version-history":[{"count":2,"href":"https:\/\/www.amante-menden.de\/index.php?rest_route=\/wp\/v2\/pages\/183\/revisions"}],"predecessor-version":[{"id":190,"href":"https:\/\/www.amante-menden.de\/index.php?rest_route=\/wp\/v2\/pages\/183\/revisions\/190"}],"up":[{"embeddable":true,"href":"https:\/\/www.amante-menden.de\/index.php?rest_route=\/wp\/v2\/pages\/3225"}],"wp:attachment":[{"href":"https:\/\/www.amante-menden.de\/index.php?rest_route=%2Fwp%2Fv2%2Fmedia&parent=183"}],"curies":[{"name":"wp","href":"https:\/\/api.w.org\/{rel}","templated":true}]}}