{"id":186,"date":"2015-05-27T22:30:11","date_gmt":"2015-05-27T20:30:11","guid":{"rendered":"http:\/\/amante-menden.de\/wordpress\/?page_id=186"},"modified":"2017-01-18T12:39:53","modified_gmt":"2017-01-18T10:39:53","slug":"amante-app","status":"publish","type":"page","link":"https:\/\/www.amante-menden.de\/?page_id=186","title":{"rendered":"amante App"},"content":{"rendered":"<p><a href=\"http:\/\/amante-menden.de\/wordpress\/wp-content\/uploads\/2015\/05\/FullSizeRender.jpg\"><img loading=\"lazy\" decoding=\"async\" class=\" size-medium wp-image-129 aligncenter\" src=\"http:\/\/amante-menden.de\/wordpress\/wp-content\/uploads\/2015\/05\/FullSizeRender-276x300.jpg\" alt=\"FullSizeRender\" width=\"276\" height=\"300\" srcset=\"https:\/\/www.amante-menden.de\/wordpress\/wp-content\/uploads\/2015\/05\/FullSizeRender-276x300.jpg 276w, https:\/\/www.amante-menden.de\/wordpress\/wp-content\/uploads\/2015\/05\/FullSizeRender.jpg 640w\" sizes=\"auto, (max-width: 276px) 100vw, 276px\" \/><\/a><\/p>\n<p>Menden. Gro\u00dfe Freude bei amante della musica menden: Der heimische Meisterchor hat eine gesponserte App von appTITAN zur Verf\u00fcgung gestellt bekommen und damit einen weiteren Baustein in Sachen \u00d6ffentlichkeitsarbeit zur Verf\u00fcgung.<\/p>\n<p align=\"justify\">Die opwoco GmbH als Anbieter von appTITAN beantwortete die entsprechende Sponsoring-Anfrage von amante positiv, so dass jetzt die amante-App komplett fertiggestellt und kostenlos im Apple App Store und Google Play Store herunterzuladen ist.<\/p>\n<p align=\"justify\">&#8222;Mobile Apps sind ein immer wichtigeres Instrument, um die Au\u00dfendarstellung eines Vereins unabh\u00e4ngig von facebook oder anderen sozialen Netzwerken zu optimieren. Freunde und Unterst\u00fctzer unseres Chores profitieren immer und \u00fcberall von der stetigen Erreichbarkeit aller relevanten Informationen&#8220;, freut sich der 1. Vorsitzende Lars Becker, der die App letztlich konzipiert und mit allen Inhalten gef\u00fcllt hat.<\/p>\n<p align=\"justify\"><img loading=\"lazy\" decoding=\"async\" class=\" size-thumbnail wp-image-130 alignleft\" src=\"http:\/\/amante-menden.de\/wordpress\/wp-content\/uploads\/2015\/05\/IMG_3778-150x150.png\" alt=\"IMG_3778\" width=\"150\" height=\"150\" \/>Die App bietet aktuelle Neuigkeiten, eine \u00dcbersicht der bevorstehenden Veranstaltungen, Fotostrecken und die Verlinkung zum eigenen Video-Kanal auf der Plattform youtube. In der App werden au\u00dferdem alle Ansprechpartner von Chorleiter Stefan Risse bis zu allen Vorstandsmitgliedern aufgelistet, die M\u00f6glichkeiten zum Mitmachen als Aktiver, F\u00f6rderer und Sponsor aufgezeigt.<\/p>\n<p align=\"justify\">&#8222;Wir sind der opwoco GmbH mit ihrem Produkt appTITAN sehr dankbar f\u00fcr die gute Zusammenarbeit und hoffen nat\u00fcrlich, dass jetzt viele Mendener und Freunde unseres Vereins die App auch nutzen&#8220;, so Becker, dessen Chor f\u00fcr das Benefizkonzert am 3. Oktober aktuell als n\u00e4chstes Projekt einen Online-Kartenverkauf vorbereitet.<\/p>\n","protected":false},"excerpt":{"rendered":"<p>Menden. Gro\u00dfe Freude bei amante della musica menden: Der heimische Meisterchor hat eine gesponserte App von appTITAN zur Verf\u00fcgung gestellt bekommen und damit einen weiteren Baustein in Sachen \u00d6ffentlichkeitsarbeit zur Verf\u00fcgung. Die opwoco GmbH als Anbieter von appTITAN beantwortete die &hellip; <a href=\"https:\/\/www.amante-menden.de\/?page_id=186\">Weiterlesen <span class=\"meta-nav\">&rarr;<\/span><\/a><\/p>\n","protected":false},"author":1,"featured_media":0,"parent":3225,"menu_order":154,"comment_status":"closed","ping_status":"closed","template":"","meta":{"footnotes":""},"class_list":["post-186","page","type-page","status-publish","hentry"],"_links":{"self":[{"href":"https:\/\/www.amante-menden.de\/index.php?rest_route=\/wp\/v2\/pages\/186","targetHints":{"allow":["GET"]}}],"collection":[{"href":"https:\/\/www.amante-menden.de\/index.php?rest_route=\/wp\/v2\/pages"}],"about":[{"href":"https:\/\/www.amante-menden.de\/index.php?rest_route=\/wp\/v2\/types\/page"}],"author":[{"embeddable":true,"href":"https:\/\/www.amante-menden.de\/index.php?rest_route=\/wp\/v2\/users\/1"}],"replies":[{"embeddable":true,"href":"https:\/\/www.amante-menden.de\/index.php?rest_route=%2Fwp%2Fv2%2Fcomments&post=186"}],"version-history":[{"count":1,"href":"https:\/\/www.amante-menden.de\/index.php?rest_route=\/wp\/v2\/pages\/186\/revisions"}],"predecessor-version":[{"id":187,"href":"https:\/\/www.amante-menden.de\/index.php?rest_route=\/wp\/v2\/pages\/186\/revisions\/187"}],"up":[{"embeddable":true,"href":"https:\/\/www.amante-menden.de\/index.php?rest_route=\/wp\/v2\/pages\/3225"}],"wp:attachment":[{"href":"https:\/\/www.amante-menden.de\/index.php?rest_route=%2Fwp%2Fv2%2Fmedia&parent=186"}],"curies":[{"name":"wp","href":"https:\/\/api.w.org\/{rel}","templated":true}]}}