{"id":2033,"date":"2016-01-06T10:55:58","date_gmt":"2016-01-06T08:55:58","guid":{"rendered":"http:\/\/www.amante-menden.de\/?page_id=2033"},"modified":"2016-01-06T10:55:58","modified_gmt":"2016-01-06T08:55:58","slug":"musicalbesuch-koeln-am-17-11-2007","status":"publish","type":"page","link":"https:\/\/www.amante-menden.de\/?page_id=2033","title":{"rendered":"Musicalbesuch K\u00f6ln am 17.11.2007"},"content":{"rendered":"<h3>Meisterchor zu Gast bei &#8222;We will rock you!&#8220;<\/h3>\n<h3 style=\"text-align: justify;\">amante della musica besuchte mit 50 Mitstreitern das K\u00f6lner Erfolgsmusical &#8211; Erlebt, wie die Profis &#8222;Bohemian Rhapsody&#8220; intonieren Sitznachbarn mussten das lautstarke Mitsingen der Chor-Aktiven ertragen &#8211; Fast sechs Minuten langes St\u00fcck in Kamen selbst gesungen<\/h3>\n<p align=\"justify\">MENDEN Gut f\u00fcnf Wochen nach dem \u00fcberragenden Abschneiden beim Volkslieder-Festival des Chorverbandes Nordrhein-Westfalen in der Stadhalle Kamen (Goldmedaille mit Tagesh\u00f6chstpunktzahl aller Teilnehmer) hat amante della musica menden mit 50 Personen das K\u00f6lner Erfolgs-Musical &#8222;We will rock you&#8220; besucht.<\/p>\n<p style=\"text-align: justify;\"><a href=\"http:\/\/www.amante-menden.de\/wordpress\/wp-content\/uploads\/2016\/01\/musikal2007.jpg\" rel=\"attachment wp-att-2034\"><img loading=\"lazy\" decoding=\"async\" class=\"size-full wp-image-2034 alignleft\" src=\"http:\/\/www.amante-menden.de\/wordpress\/wp-content\/uploads\/2016\/01\/musikal2007.jpg\" alt=\"musikal2007\" width=\"240\" height=\"145\" \/><\/a>Hier konnten die aktiven S\u00e4ngerinnen und S\u00e4nger gemeinsam mit Chorleiter Michael Oel, dessen Familie und vielen F\u00f6rderern und Freunden erleben, wie die Profis die &#8222;Bohemian Rhapsody&#8220; der ber\u00fchmten Rockgruppe &#8222;Queen&#8220; auf der B\u00fchne interpretieren. Besagtes, fast sechs Minuten langes St\u00fcck hatte amante in Kamen mit Halbplayback, Licht- und Nebelshow pr\u00e4sentiert und damit das Highlight des Tages geboten.<\/p>\n<p align=\"justify\">Im Nachklang des Leistungssingens hatte Vorsitzender Lars Becker den Kontakt zum Musical-Veranstalter in K\u00f6ln gekn\u00fcpft, der den heimischen Meisterchor prompt zur Vorstellung in den Musical-Dome am Rhein einlud. Die Mendener Gruppe hatte gute Pl\u00e4tze erwischt und zeigte sich nachher begeistert vom Erlebnis in K\u00f6ln.<\/p>\n<p align=\"justify\">&#8222;In unserer Vereinsgeschichte haben wir schon andere Musicals besucht. Aber ,We will rock you&#8216; war etwas ganz Besonderes, weil wir jetzt ja selbst die Literatur von Queen gesungen haben. Einige unserer Aktiven w\u00e4ren am liebsten auf die B\u00fchne gest\u00fcrmt und h\u00e4tten dort abgerockt&#8220;, berichtete Lars Becker.<\/p>\n<p align=\"justify\">So blieb es dabei, dass einige Sitznachbarn der Chormitglieder &#8222;ertragen&#8220; mussten, dass die amante-Aktiven lautstark mitsangen, als Hauptdarsteller Alex Melcher alias Galileo Figaro die &#8222;Rhapsody&#8220; intonierte. MZ<\/p>\n","protected":false},"excerpt":{"rendered":"<p>Meisterchor zu Gast bei &#8222;We will rock you!&#8220; amante della musica besuchte mit 50 Mitstreitern das K\u00f6lner Erfolgsmusical &#8211; Erlebt, wie die Profis &#8222;Bohemian Rhapsody&#8220; intonieren Sitznachbarn mussten das lautstarke Mitsingen der Chor-Aktiven ertragen &#8211; Fast sechs Minuten langes St\u00fcck &hellip; <a href=\"https:\/\/www.amante-menden.de\/?page_id=2033\">Weiterlesen <span class=\"meta-nav\">&rarr;<\/span><\/a><\/p>\n","protected":false},"author":1,"featured_media":0,"parent":159,"menu_order":713,"comment_status":"closed","ping_status":"closed","template":"","meta":{"footnotes":""},"class_list":["post-2033","page","type-page","status-publish","hentry"],"_links":{"self":[{"href":"https:\/\/www.amante-menden.de\/index.php?rest_route=\/wp\/v2\/pages\/2033","targetHints":{"allow":["GET"]}}],"collection":[{"href":"https:\/\/www.amante-menden.de\/index.php?rest_route=\/wp\/v2\/pages"}],"about":[{"href":"https:\/\/www.amante-menden.de\/index.php?rest_route=\/wp\/v2\/types\/page"}],"author":[{"embeddable":true,"href":"https:\/\/www.amante-menden.de\/index.php?rest_route=\/wp\/v2\/users\/1"}],"replies":[{"embeddable":true,"href":"https:\/\/www.amante-menden.de\/index.php?rest_route=%2Fwp%2Fv2%2Fcomments&post=2033"}],"version-history":[{"count":1,"href":"https:\/\/www.amante-menden.de\/index.php?rest_route=\/wp\/v2\/pages\/2033\/revisions"}],"predecessor-version":[{"id":2035,"href":"https:\/\/www.amante-menden.de\/index.php?rest_route=\/wp\/v2\/pages\/2033\/revisions\/2035"}],"up":[{"embeddable":true,"href":"https:\/\/www.amante-menden.de\/index.php?rest_route=\/wp\/v2\/pages\/159"}],"wp:attachment":[{"href":"https:\/\/www.amante-menden.de\/index.php?rest_route=%2Fwp%2Fv2%2Fmedia&parent=2033"}],"curies":[{"name":"wp","href":"https:\/\/api.w.org\/{rel}","templated":true}]}}