{"id":2060,"date":"2016-01-06T11:06:13","date_gmt":"2016-01-06T09:06:13","guid":{"rendered":"http:\/\/www.amante-menden.de\/?page_id=2060"},"modified":"2016-01-06T11:06:13","modified_gmt":"2016-01-06T09:06:13","slug":"jahreshauptversammlung-2006","status":"publish","type":"page","link":"https:\/\/www.amante-menden.de\/?page_id=2060","title":{"rendered":"Jahreshauptversammlung 2006"},"content":{"rendered":"<h3 style=\"text-align: justify;\">Chorleiterwechsel bei amante<\/h3>\n<p style=\"text-align: justify;\" align=\"justify\"><b>MENDEN.<\/b> Das Jahr des 20-j\u00e4hrigen Bestehens, also das Jubil\u00e4umsjahr 2006, wird das letzte sein, in dem Klaus Levermann den gemischten Chor amante della musica menden leiten wird. \u00dcber diese Personalie informierten Lars Becker, 1. Vorsitzender, und Chorleiter Levermann selbst am vergangenen Samstag die aktiven und f\u00f6rdernden Mitglieder im Rahmen der Jahreshauptversammlung in der Lendringser Sch\u00fctzenhalle.<\/p>\n<p style=\"text-align: justify;\"><a href=\"http:\/\/www.amante-menden.de\/wordpress\/wp-content\/uploads\/2016\/01\/5-15.jpg\" rel=\"attachment wp-att-2065\"><img loading=\"lazy\" decoding=\"async\" class=\"size-thumbnail wp-image-2065 alignleft\" src=\"http:\/\/www.amante-menden.de\/wordpress\/wp-content\/uploads\/2016\/01\/5-15-150x150.jpg\" alt=\"\" width=\"150\" height=\"150\" srcset=\"https:\/\/www.amante-menden.de\/wordpress\/wp-content\/uploads\/2016\/01\/5-15-150x150.jpg 150w, https:\/\/www.amante-menden.de\/wordpress\/wp-content\/uploads\/2016\/01\/5-15-144x144.jpg 144w\" sizes=\"auto, (max-width: 150px) 100vw, 150px\" \/><\/a>Mit der sechst\u00e4gigen Konzertreise Anfang Oktober nach Berlin auf Einladung des Deutschen Bundestages werden die heimische Singgemeinschaft und der 41-J\u00e4hrige Mendener ihre so \u00fcberaus erfolgreiche Zusammenarbeit (drei Mal Meisterchor, vier Mal Volkslieder-Leistungschor, ein Mal Leistungschor Jazz-Pop-Gospel, eigene Studio-CD &#8222;Auftakt&#8220;, Chorfahrten nach Wales, Ungarn, \u00d6sterreich, Italien) in beiderseitigem Einvernehmen beenden.<\/p>\n<p style=\"text-align: justify;\"><a href=\"http:\/\/www.amante-menden.de\/wordpress\/wp-content\/uploads\/2016\/01\/4-15.jpg\" rel=\"attachment wp-att-2064\"><img loading=\"lazy\" decoding=\"async\" class=\"size-thumbnail wp-image-2064 alignright\" src=\"http:\/\/www.amante-menden.de\/wordpress\/wp-content\/uploads\/2016\/01\/4-15-150x150.jpg\" alt=\"\" width=\"150\" height=\"150\" srcset=\"https:\/\/www.amante-menden.de\/wordpress\/wp-content\/uploads\/2016\/01\/4-15-150x150.jpg 150w, https:\/\/www.amante-menden.de\/wordpress\/wp-content\/uploads\/2016\/01\/4-15-144x144.jpg 144w\" sizes=\"auto, (max-width: 150px) 100vw, 150px\" \/><\/a>&#8222;Wir wissen, dass die zahllosen gro\u00dfartigen musikalischen Erfolge von amante in der Vergangenheit ohne Klaus Levermann nie und nimmer m\u00f6glich gewesen w\u00e4ren. Er hat im M\u00e4rz 1986 den Jungen Chor Menden aus der Taufe gehoben, ihn neben der musikalischen Leitung f\u00fcnf Jahre lang als Vorsitzender gef\u00fchrt und ist unser Ehrenvorsitzender. Klaus hat einen echten Rohdiamanten zu dem geschliffen, was er heute darstellt. Daf\u00fcr sind wir ihm zu gro\u00dfem Dank verpflichtet&#8220;, w\u00fcrdigte Lars Becker die zwei Jahrzehnte von Levermann als Gr\u00fcnder, Funktion\u00e4r und Dirigent.<\/p>\n<p style=\"text-align: justify;\"><a href=\"http:\/\/www.amante-menden.de\/wordpress\/wp-content\/uploads\/2016\/01\/3-16.jpg\" rel=\"attachment wp-att-2063\"><img loading=\"lazy\" decoding=\"async\" class=\"size-thumbnail wp-image-2063 alignleft\" src=\"http:\/\/www.amante-menden.de\/wordpress\/wp-content\/uploads\/2016\/01\/3-16-150x150.jpg\" alt=\"\" width=\"150\" height=\"150\" srcset=\"https:\/\/www.amante-menden.de\/wordpress\/wp-content\/uploads\/2016\/01\/3-16-150x150.jpg 150w, https:\/\/www.amante-menden.de\/wordpress\/wp-content\/uploads\/2016\/01\/3-16-144x144.jpg 144w\" sizes=\"auto, (max-width: 150px) 100vw, 150px\" \/><\/a>Er betonte, dass die zum Ende des letzten Jahres beschlossene und nun ver\u00f6ffentlichte Beendigung der Zusammenarbeit keinesfalls das Ergebnis von irgendwelchen Meinungsverschiedenheiten und gar Zerw\u00fcrfnissen sei. &#8222;Das ist schlicht und ergreifend nicht so. Wir haben mehrere intensive Gespr\u00e4che gef\u00fchrt und sind einfach gemeinsam zu dem Ergebnis gekommen, dass das Jubil\u00e4umsjahr der richtige Zeitpunkt f\u00fcr einen Chorleiter-Wechsel ist&#8220;, so der 1. Vorsitzende.<\/p>\n<p style=\"text-align: justify;\">Klaus Levermann erl\u00e4uterte in der Jahreshauptversammlung nat\u00fcrlich auch seine Gr\u00fcnde daf\u00fcr, warum er im Herbst diesen Jahres die Leitung von amante della musica menden abgeben wird. &#8222;Dieser Chor ist mein Kind und wird es immer bleiben. Das ist aber wie im wahren Leben: Irgendwann muss man sich einfach fragen, wann man zum Wohle des Kindes loslassen muss&#8220;, erkl\u00e4rte der Mendener.<\/p>\n<p style=\"text-align: justify;\"><a href=\"http:\/\/www.amante-menden.de\/wordpress\/wp-content\/uploads\/2016\/01\/2-16.jpg\" rel=\"attachment wp-att-2062\"><img loading=\"lazy\" decoding=\"async\" class=\"size-thumbnail wp-image-2062 alignright\" src=\"http:\/\/www.amante-menden.de\/wordpress\/wp-content\/uploads\/2016\/01\/2-16-150x150.jpg\" alt=\"\" width=\"150\" height=\"150\" srcset=\"https:\/\/www.amante-menden.de\/wordpress\/wp-content\/uploads\/2016\/01\/2-16-150x150.jpg 150w, https:\/\/www.amante-menden.de\/wordpress\/wp-content\/uploads\/2016\/01\/2-16-144x144.jpg 144w\" sizes=\"auto, (max-width: 150px) 100vw, 150px\" \/><\/a>In diesem Jahr haben amante und Levermann noch sehr viel vor: Der 20. Geburtstag wird mit einem Freundschaftssingen (10. und 11. M\u00e4rz) sowie mit einem Jubil\u00e4umskonzert (5. Mai) auf der Wilhelmsh\u00f6he gefeiert, hinzu kommen die Ausrichtung des Leistungssingens der Kategorien C und B (fr\u00fcher Stufe I und II) auf der Wilhelmsh\u00f6he und die angesprochene Fahrt nach Berlin. Hier wird amante nicht nur im Reichstagsgeb\u00e4ude, sondern auch im Berliner Dom konzertieren.<\/p>\n<p style=\"text-align: justify;\">Am Samstag wurden auch Neuwahlen durchgef\u00fchrt: Neue 2. Vorsitzende ist Melanie Ferber, Erwin Orlich bleibt 2. Kassierer, Andrea Ferber ist neue 2. Schriftf\u00fchrerin. Der Posten des Jugendsprechers wurde abgeschafft, den Musikausschuss bilden ab sofort Simone Rekitt (Alt), Nicole Haupt (Sopran), Ludger Do\u00dfler (Tenor) und Burkhard Br\u00fchmann (Bass).<\/p>\n<p style=\"text-align: justify;\"><a href=\"http:\/\/www.amante-menden.de\/wordpress\/wp-content\/uploads\/2016\/01\/1-17.jpg\" rel=\"attachment wp-att-2061\"><img loading=\"lazy\" decoding=\"async\" class=\"size-thumbnail wp-image-2061 alignleft\" src=\"http:\/\/www.amante-menden.de\/wordpress\/wp-content\/uploads\/2016\/01\/1-17-150x150.jpg\" alt=\"\" width=\"150\" height=\"150\" srcset=\"https:\/\/www.amante-menden.de\/wordpress\/wp-content\/uploads\/2016\/01\/1-17-150x150.jpg 150w, https:\/\/www.amante-menden.de\/wordpress\/wp-content\/uploads\/2016\/01\/1-17-144x144.jpg 144w\" sizes=\"auto, (max-width: 150px) 100vw, 150px\" \/><\/a>Vor dem turnusm\u00e4\u00dfigen R\u00fcckblick auf das Jahr 2005 mit den entsprechenden, jeweils einstimmig entlasteten Berichten und der ebenfalls einstimmigen Entlastung des Vorstandes hatte Lars Becker die freudige Aufgabe, etliche Pr\u00e4sente zu \u00fcberreichen. Jessica Paul (10 Jahre), Gabi Brinkmann, Andrea Ferber und Uli Paul (jeweils 5 Jahre) wurden f\u00fcr ihre Treue zum Chor geehrt. Jochen Arndt (39) und Nicole Haupt (20) waren am Samstag trotz ihrer Geburtstage erschienen.<\/p>\n<p style=\"text-align: justify;\">Und dann gab\u00b4s noch zwei Gl\u00fcckw\u00fcnsche: Der kleine Felix Raffael Orlich, am 10. Janur zur Welt gekommener Sohn der beiden aktiven Mitglieder Erwin und Alina, wurde zum j\u00fcngsten Ehrenmitglied aller Zeiten ernannt, weil sich seine Eltern bei amante kennen und lieben gelernt haben. Felix Raffael ist also das erste echte &#8222;Chorbaby&#8220;. Die beiden f\u00f6rdernden Mitglieder Dirk und Silke Becker waren am 30. Dezember Eltern der kleinen Sophia-Marie geworden, auch sie bekamen ein kleines Pr\u00e4sent \u00fcberreicht.<\/p>\n","protected":false},"excerpt":{"rendered":"<p>Chorleiterwechsel bei amante MENDEN. Das Jahr des 20-j\u00e4hrigen Bestehens, also das Jubil\u00e4umsjahr 2006, wird das letzte sein, in dem Klaus Levermann den gemischten Chor amante della musica menden leiten wird. \u00dcber diese Personalie informierten Lars Becker, 1. Vorsitzender, und Chorleiter &hellip; <a href=\"https:\/\/www.amante-menden.de\/?page_id=2060\">Weiterlesen <span class=\"meta-nav\">&rarr;<\/span><\/a><\/p>\n","protected":false},"author":1,"featured_media":0,"parent":159,"menu_order":61,"comment_status":"closed","ping_status":"closed","template":"","meta":{"footnotes":""},"class_list":["post-2060","page","type-page","status-publish","hentry"],"_links":{"self":[{"href":"https:\/\/www.amante-menden.de\/index.php?rest_route=\/wp\/v2\/pages\/2060","targetHints":{"allow":["GET"]}}],"collection":[{"href":"https:\/\/www.amante-menden.de\/index.php?rest_route=\/wp\/v2\/pages"}],"about":[{"href":"https:\/\/www.amante-menden.de\/index.php?rest_route=\/wp\/v2\/types\/page"}],"author":[{"embeddable":true,"href":"https:\/\/www.amante-menden.de\/index.php?rest_route=\/wp\/v2\/users\/1"}],"replies":[{"embeddable":true,"href":"https:\/\/www.amante-menden.de\/index.php?rest_route=%2Fwp%2Fv2%2Fcomments&post=2060"}],"version-history":[{"count":1,"href":"https:\/\/www.amante-menden.de\/index.php?rest_route=\/wp\/v2\/pages\/2060\/revisions"}],"predecessor-version":[{"id":2066,"href":"https:\/\/www.amante-menden.de\/index.php?rest_route=\/wp\/v2\/pages\/2060\/revisions\/2066"}],"up":[{"embeddable":true,"href":"https:\/\/www.amante-menden.de\/index.php?rest_route=\/wp\/v2\/pages\/159"}],"wp:attachment":[{"href":"https:\/\/www.amante-menden.de\/index.php?rest_route=%2Fwp%2Fv2%2Fmedia&parent=2060"}],"curies":[{"name":"wp","href":"https:\/\/api.w.org\/{rel}","templated":true}]}}