{"id":2090,"date":"2016-01-06T11:19:22","date_gmt":"2016-01-06T09:19:22","guid":{"rendered":"http:\/\/www.amante-menden.de\/?page_id=2090"},"modified":"2016-01-06T11:19:22","modified_gmt":"2016-01-06T09:19:22","slug":"leistungssingen-stufe-c-b-2006-auf-der-wilhelmshoehe","status":"publish","type":"page","link":"https:\/\/www.amante-menden.de\/?page_id=2090","title":{"rendered":"Leistungssingen Stufe C + B 2006 auf der Wilhelmsh\u00f6he"},"content":{"rendered":"<h3 style=\"text-align: justify;\">Menden im Zeichen des meisterlichen Chorgesangs<\/h3>\n<h3 style=\"text-align: justify;\">16 Singgemeinschaften aus NRW sind begeistert \u2013 vom Austragungsort auf der Wilhelmsh\u00f6he und von der Betreuung durch amante della musica menden<\/h3>\n<p style=\"text-align: justify;\" align=\"justify\"><b>MENDEN <\/b>Zufriedenheit auf allen Seiten: Menden im Zeichen des meisterlichen Chorgesangs war ein voller Erfolg. 16 Ch\u00f6re aus ganz Nordrhein-Westfalen haben am Wochenende Menden als guten Gastgeber erlebt. Der S\u00e4ngerkreis H\u00f6nne-Ruhr und amante della musica menden hatten f\u00fcr den S\u00e4ngerbund NRW das Leistungssingen der Kategorie C und B ausgerichtet.<\/p>\n<p style=\"text-align: justify;\">An zwei Tagen haben insgesamt 16 Ch\u00f6re gezeigt, welches Potential in ihnen steckt. Die Jury, bestehend aus dem Vorsitzenden Prof. Michael Schmoll und dem Musikausschuss des S\u00e4ngerbundes NRW, Volker Buchloh, Hans Josef Loevenich und Gerhard Schneider, war sehr angetan von den ihnen dargebotenen Leistungen und machte mit der Bewertung \u201ebestanden\u201c allen 16 Ch\u00f6ren den Weg frei zum Erlangen des Meisterchortitels. Das wiederum ist verbunden mit einer finanziellen F\u00f6rderung des Chores.<\/p>\n<p style=\"text-align: justify;\" align=\"justify\">Die Ch\u00f6re selbst reisten nicht so knapp an, dass man aus dem Bus in die Probenr\u00e4ume am WBG und direkt auf die B\u00fchne eilen musste, sondern nahmen sich zum Teil sogar sehr viel Zeit, die Wilhelmsh\u00f6he oder auch die Stadt zu erkunden. Wohlgef\u00fchlt haben sich alle, so konnte Lars Becker, der Vorsitzende von amante gestern Abend h\u00f6chst gl\u00fccklich berichten. \u201eEs ergaben sich zahlreiche Gelegenheiten f\u00fcr Gespr\u00e4che unter den S\u00e4ngerinnen und S\u00e4ngern. Die Chorleiter konnten miteinander fachsimpeln, viele haben noch lange nach Bekanntgabe der Ergebnisse zusammengestanden. Die Arbeit hat sich gelohnt, absolut!\u201c <b>(kah MZ vom 8. Mai)<\/b><\/p>\n<hr \/>\n<p>&nbsp;<\/p>\n<h3 style=\"text-align: justify;\">ab libitum besteht Leistungssingen auf der Wilhelmsh\u00f6he<\/h3>\n<p style=\"text-align: justify;\"><b>Menden (kah).<\/b> Das Mendener Wochenende im Zeichen des meisterlichen Chorgesangs startete mit einem wunderbaren Konzert von amante della musica menden. Der Meisterchor feierte am Freitagabend mit einem R\u00fcckblick auf seine gr\u00f6\u00dften Erfolge sein 20-j\u00e4hriges Bestehen und verabschiedet sich allm\u00e4hlich mit mehreren weinenden und einem l\u00e4chelnden Auge von seinem Gr\u00fcnder und Chorleiter Klaus Levermann.<\/p>\n<p style=\"text-align: justify;\">Der startete am Samstag gleich wieder durch \u2013 beim Leistungssingen auf der Wilhelmsh\u00f6he, zu dem sich f\u00fcr gestern und heute jeweils acht Ch\u00f6re angemeldet hatten. Mit ad libitum, einem \u201eWohnzimmerchor\u201c bestehend aus f\u00fcnf Ehepaaren, der erst im Januar vergangenen Jahres mit dem Proben begonnen hat, stellte sich Klaus Levermann der Jury. Ad libitums Vortr\u00e4ge von \u201eAudite silete\u201c, \u201eIm sch\u00f6nsten Wiesengrunde\u201c und Vergiss mein nicht\u201c kamen nicht nur beim Publikum gut an. Die Jury beschloss \u201ebestanden\u201c und gab damit den Weg frei, sich weiter um den Meisterchortitel zu bem\u00fchen.<\/p>\n<p style=\"text-align: justify;\" align=\"justify\">Der S\u00e4ngerkreis H\u00f6nne-Ruhr hatte in Zusammenarbeit mit amante della musica menden das gro\u00dfe Chorsingen in Menden arrangiert. Auch heute noch hat die \u00d6ffentlichkeit Gelegenheit, f\u00fcr wenig Eintrittsgeld jede menge meisterlichen Chorgesang und die Spannung vor dem Auftritt zu erleben. Ab 11.30 Uhr geht\u2018s im Spiegelsaal auf der Wilhelmsh\u00f6he weiter. Ganz gro\u00dfe Ch\u00f6re und etwas kleinere Ensemble sorgen f\u00fcr die unterschiedlichsten Interpretationen deutscher Volkslieder \u2013 absolut h\u00f6renswert! <b>(Stadtanzeiger vom 7. Mai)<\/b><\/p>\n<hr \/>\n<h3 style=\"text-align: justify;\">amante della musica richtete erneut Leistungssingen aus<\/h3>\n<h3 style=\"text-align: justify;\">&#8222;Ad libitum&#8220; erreichte Samstag Tagessieg in Stufe C \/ Veranstaltung &#8222;rundum gelungen&#8220;<\/h3>\n<p style=\"text-align: justify;\" align=\"justify\"><b>Menden. (osw)<\/b> Die Wilhelmsh\u00f6he verwandelte sich am Wochenende in einen gro\u00dfen Konzertsaal. Gemeinsam mit dem S\u00e4ngerkreis H\u00f6nne-Ruhr richtete amante della musica menden bereits zum zweiten Mal ein Leistungssingen der Stufen C und B aus.<\/p>\n<p style=\"text-align: justify;\" align=\"justify\">Am Samstag und Sonntag stellten sich jeweils acht Ch\u00f6re einer dreik\u00f6pfigen Jury, um den Titel &#8222;Leistungschor im S\u00e4ngerbund NRW&#8220; (Stufe C) und &#8222;Konzertchor im S\u00e4ngerbund NRW&#8220; (Stufe B) zu ersingen. Dabei wurden sie vom heimischen Meisterchor bestens unterst\u00fctzt. Die S\u00e4ngerinnen und S\u00e4nger von amante betreuten die G\u00e4ste, zeigten ihnen die Probenr\u00e4ume, sorgten f\u00fcr kalte Getr\u00e4nke. Die Anspannung war gerade bei den Ch\u00f6ren, die zum ersten Mal bei einem Leistungssingen antraten, besonders zu sp\u00fcren. Umso gr\u00f6\u00dfer war die Erleichterung, als die Jury verk\u00fcndete, dass alle acht Ch\u00f6re am Samstag das selbst gesteckte Ziel erreicht hatten. Prof. Michael Schmoll, Volker Buchloh und Hans Josef Loevenich lie\u00dfen keinen Chor durchfallen. &#8222;Wir hatten hier heute ein Super-Niveau&#8220;, begr\u00fcndete Schmoll das Urteil der Jury.<\/p>\n<p style=\"text-align: justify;\">F\u00fcr die H\u00f6nnest\u00e4dter war dieses Leistungssingen besonders interessant, weil mit ad libitum menden und MGV C\u00e4cilia Volkringhausen e.V zwei Ch\u00f6re aus dem S\u00e4ngerkreis H\u00f6nne-Ruhr antraten. Ad libitum erreichte sogar den Tagessieg in der Stufe C. Alle drei Vortr\u00e4ge wurden mit einem &#8222;sehr gut&#8220; bewertet. So erhielten die S\u00e4ngerinnen und S\u00e4nger f\u00fcr das Wahlchorwerk &#8222;Audite silete&#8220; von Michael Praetorius 22 Punkte, f\u00fcr das einfache Volkslied &#8222;Im sch\u00f6nsten Wiesengrunde&#8220; von Rolf Lukowsky 21,33 Punkte und f\u00fcr das durchkomponierte Volkslied &#8222;Vergiss mein nicht&#8220; von Michael Schmoll 21 Punkte. Damit ist der nicht einmal 18 Monate junge Chor, der nur zehn aktive Mitglieder hat, eine der erfolgreichsten Singgemeinschaften im S\u00e4ngerkreis H\u00f6nne-Ruhr. Chorleiter Klaus Levermann, der selbst als Tenor bei ad libitum singt, war mit der erbrachten Leistung sehr zufrieden. Wahrscheinlich werde ad libitum im n\u00e4chsten Jahr um die Stufe B singen.<\/p>\n<p style=\"text-align: justify;\" align=\"justify\">F\u00fcr S\u00e4nger Sven H\u00e4semeyer war das Leistungssingen eine besondere Erfahrung. Er ist erst seit kurzem Mitglied bei ad libitum, hat eine solche Veranstaltung noch nie erlebt. Daf\u00fcr wirkte er aber recht gelassen.<\/p>\n<p style=\"text-align: justify;\">Nach der Bekanntgabe der Ergebnisse wurde der Hauptgewinn der Tombola ausgelost. Christoph B\u00fcdenb\u00e4nder gewann zwei Karten f\u00fcr ein Konzert der &#8222;Ten Tenors&#8220; am 6. Juli in K\u00f6ln.<\/p>\n<p style=\"text-align: justify;\" align=\"justify\">Auch am Sonntag bestanden alle teilnehmenden Ch\u00f6re. Der MGV C\u00e4cilia Volkringhausen (Stufe C), f\u00fcr den es das erste Leistungssingen war, freute sich ganz besonders \u00fcber den sch\u00f6nen Erfolg. Am Abend sollte noch in Volkringhausen weiter gefeiert werden.<\/p>\n<p style=\"text-align: justify;\" align=\"justify\">Auch amante-Vorsitzender Lars Becker war gegen Abend \u00e4u\u00dferst zufrieden. Er bezeichnete die beiden Veranstaltungstage als &#8222;rundum gelungen&#8220;.<b>(WP vom 8. Mai)<\/b><\/p>\n<div id='gallery-1' class='gallery galleryid-2090 gallery-columns-3 gallery-size-thumbnail'><dl class='gallery-item'>\n\t\t\t<dt class='gallery-icon landscape'>\n\t\t\t\t<a href='https:\/\/www.amante-menden.de\/?attachment_id=2091'><img loading=\"lazy\" decoding=\"async\" width=\"150\" height=\"150\" src=\"https:\/\/www.amante-menden.de\/wordpress\/wp-content\/uploads\/2016\/01\/1-20-150x150.jpg\" class=\"attachment-thumbnail size-thumbnail\" alt=\"\" srcset=\"https:\/\/www.amante-menden.de\/wordpress\/wp-content\/uploads\/2016\/01\/1-20-150x150.jpg 150w, https:\/\/www.amante-menden.de\/wordpress\/wp-content\/uploads\/2016\/01\/1-20-144x144.jpg 144w\" sizes=\"auto, (max-width: 150px) 100vw, 150px\" \/><\/a>\n\t\t\t<\/dt><\/dl><dl class='gallery-item'>\n\t\t\t<dt class='gallery-icon landscape'>\n\t\t\t\t<a href='https:\/\/www.amante-menden.de\/?attachment_id=2092'><img loading=\"lazy\" decoding=\"async\" width=\"150\" height=\"150\" src=\"https:\/\/www.amante-menden.de\/wordpress\/wp-content\/uploads\/2016\/01\/2-19-150x150.jpg\" class=\"attachment-thumbnail size-thumbnail\" alt=\"\" srcset=\"https:\/\/www.amante-menden.de\/wordpress\/wp-content\/uploads\/2016\/01\/2-19-150x150.jpg 150w, https:\/\/www.amante-menden.de\/wordpress\/wp-content\/uploads\/2016\/01\/2-19-144x144.jpg 144w\" sizes=\"auto, (max-width: 150px) 100vw, 150px\" \/><\/a>\n\t\t\t<\/dt><\/dl><dl class='gallery-item'>\n\t\t\t<dt class='gallery-icon landscape'>\n\t\t\t\t<a href='https:\/\/www.amante-menden.de\/?attachment_id=2093'><img loading=\"lazy\" decoding=\"async\" width=\"150\" height=\"150\" src=\"https:\/\/www.amante-menden.de\/wordpress\/wp-content\/uploads\/2016\/01\/3-19-150x150.jpg\" class=\"attachment-thumbnail size-thumbnail\" alt=\"\" srcset=\"https:\/\/www.amante-menden.de\/wordpress\/wp-content\/uploads\/2016\/01\/3-19-150x150.jpg 150w, https:\/\/www.amante-menden.de\/wordpress\/wp-content\/uploads\/2016\/01\/3-19-144x144.jpg 144w\" sizes=\"auto, (max-width: 150px) 100vw, 150px\" \/><\/a>\n\t\t\t<\/dt><\/dl><br style=\"clear: both\" \/><dl class='gallery-item'>\n\t\t\t<dt class='gallery-icon landscape'>\n\t\t\t\t<a href='https:\/\/www.amante-menden.de\/?attachment_id=2094'><img loading=\"lazy\" decoding=\"async\" width=\"150\" height=\"150\" src=\"https:\/\/www.amante-menden.de\/wordpress\/wp-content\/uploads\/2016\/01\/4-18-150x150.jpg\" class=\"attachment-thumbnail size-thumbnail\" alt=\"\" srcset=\"https:\/\/www.amante-menden.de\/wordpress\/wp-content\/uploads\/2016\/01\/4-18-150x150.jpg 150w, https:\/\/www.amante-menden.de\/wordpress\/wp-content\/uploads\/2016\/01\/4-18-144x144.jpg 144w\" sizes=\"auto, (max-width: 150px) 100vw, 150px\" \/><\/a>\n\t\t\t<\/dt><\/dl><dl class='gallery-item'>\n\t\t\t<dt class='gallery-icon landscape'>\n\t\t\t\t<a href='https:\/\/www.amante-menden.de\/?attachment_id=2095'><img loading=\"lazy\" decoding=\"async\" width=\"150\" height=\"150\" src=\"https:\/\/www.amante-menden.de\/wordpress\/wp-content\/uploads\/2016\/01\/5-18-150x150.jpg\" class=\"attachment-thumbnail size-thumbnail\" alt=\"\" srcset=\"https:\/\/www.amante-menden.de\/wordpress\/wp-content\/uploads\/2016\/01\/5-18-150x150.jpg 150w, https:\/\/www.amante-menden.de\/wordpress\/wp-content\/uploads\/2016\/01\/5-18-144x144.jpg 144w\" sizes=\"auto, (max-width: 150px) 100vw, 150px\" \/><\/a>\n\t\t\t<\/dt><\/dl><dl class='gallery-item'>\n\t\t\t<dt class='gallery-icon landscape'>\n\t\t\t\t<a href='https:\/\/www.amante-menden.de\/?attachment_id=2096'><img loading=\"lazy\" decoding=\"async\" width=\"150\" height=\"150\" src=\"https:\/\/www.amante-menden.de\/wordpress\/wp-content\/uploads\/2016\/01\/6-17-150x150.jpg\" class=\"attachment-thumbnail size-thumbnail\" alt=\"\" srcset=\"https:\/\/www.amante-menden.de\/wordpress\/wp-content\/uploads\/2016\/01\/6-17-150x150.jpg 150w, https:\/\/www.amante-menden.de\/wordpress\/wp-content\/uploads\/2016\/01\/6-17-144x144.jpg 144w\" sizes=\"auto, (max-width: 150px) 100vw, 150px\" \/><\/a>\n\t\t\t<\/dt><\/dl><br style=\"clear: both\" \/><dl class='gallery-item'>\n\t\t\t<dt class='gallery-icon portrait'>\n\t\t\t\t<a href='https:\/\/www.amante-menden.de\/?attachment_id=2097'><img loading=\"lazy\" decoding=\"async\" width=\"150\" height=\"150\" src=\"https:\/\/www.amante-menden.de\/wordpress\/wp-content\/uploads\/2016\/01\/7-16-150x150.jpg\" class=\"attachment-thumbnail size-thumbnail\" alt=\"\" srcset=\"https:\/\/www.amante-menden.de\/wordpress\/wp-content\/uploads\/2016\/01\/7-16-150x150.jpg 150w, https:\/\/www.amante-menden.de\/wordpress\/wp-content\/uploads\/2016\/01\/7-16-144x144.jpg 144w\" sizes=\"auto, (max-width: 150px) 100vw, 150px\" \/><\/a>\n\t\t\t<\/dt><\/dl><dl class='gallery-item'>\n\t\t\t<dt class='gallery-icon landscape'>\n\t\t\t\t<a href='https:\/\/www.amante-menden.de\/?attachment_id=2098'><img loading=\"lazy\" decoding=\"async\" width=\"150\" height=\"150\" src=\"https:\/\/www.amante-menden.de\/wordpress\/wp-content\/uploads\/2016\/01\/8-15-150x150.jpg\" class=\"attachment-thumbnail size-thumbnail\" alt=\"\" srcset=\"https:\/\/www.amante-menden.de\/wordpress\/wp-content\/uploads\/2016\/01\/8-15-150x150.jpg 150w, https:\/\/www.amante-menden.de\/wordpress\/wp-content\/uploads\/2016\/01\/8-15-144x144.jpg 144w\" sizes=\"auto, (max-width: 150px) 100vw, 150px\" \/><\/a>\n\t\t\t<\/dt><\/dl><dl class='gallery-item'>\n\t\t\t<dt class='gallery-icon landscape'>\n\t\t\t\t<a href='https:\/\/www.amante-menden.de\/?attachment_id=2099'><img loading=\"lazy\" decoding=\"async\" width=\"150\" height=\"150\" src=\"https:\/\/www.amante-menden.de\/wordpress\/wp-content\/uploads\/2016\/01\/9-12-150x150.jpg\" class=\"attachment-thumbnail size-thumbnail\" alt=\"\" srcset=\"https:\/\/www.amante-menden.de\/wordpress\/wp-content\/uploads\/2016\/01\/9-12-150x150.jpg 150w, https:\/\/www.amante-menden.de\/wordpress\/wp-content\/uploads\/2016\/01\/9-12-144x144.jpg 144w\" sizes=\"auto, (max-width: 150px) 100vw, 150px\" \/><\/a>\n\t\t\t<\/dt><\/dl><br style=\"clear: both\" \/><dl class='gallery-item'>\n\t\t\t<dt class='gallery-icon landscape'>\n\t\t\t\t<a href='https:\/\/www.amante-menden.de\/?attachment_id=2100'><img loading=\"lazy\" decoding=\"async\" width=\"150\" height=\"150\" src=\"https:\/\/www.amante-menden.de\/wordpress\/wp-content\/uploads\/2016\/01\/10-11-150x150.jpg\" class=\"attachment-thumbnail size-thumbnail\" alt=\"\" srcset=\"https:\/\/www.amante-menden.de\/wordpress\/wp-content\/uploads\/2016\/01\/10-11-150x150.jpg 150w, https:\/\/www.amante-menden.de\/wordpress\/wp-content\/uploads\/2016\/01\/10-11-144x144.jpg 144w\" sizes=\"auto, (max-width: 150px) 100vw, 150px\" \/><\/a>\n\t\t\t<\/dt><\/dl><dl class='gallery-item'>\n\t\t\t<dt class='gallery-icon landscape'>\n\t\t\t\t<a href='https:\/\/www.amante-menden.de\/?attachment_id=2101'><img loading=\"lazy\" decoding=\"async\" width=\"150\" height=\"150\" src=\"https:\/\/www.amante-menden.de\/wordpress\/wp-content\/uploads\/2016\/01\/11-9-150x150.jpg\" class=\"attachment-thumbnail size-thumbnail\" alt=\"\" srcset=\"https:\/\/www.amante-menden.de\/wordpress\/wp-content\/uploads\/2016\/01\/11-9-150x150.jpg 150w, https:\/\/www.amante-menden.de\/wordpress\/wp-content\/uploads\/2016\/01\/11-9-144x144.jpg 144w\" sizes=\"auto, (max-width: 150px) 100vw, 150px\" \/><\/a>\n\t\t\t<\/dt><\/dl><dl class='gallery-item'>\n\t\t\t<dt class='gallery-icon landscape'>\n\t\t\t\t<a href='https:\/\/www.amante-menden.de\/?attachment_id=2102'><img loading=\"lazy\" decoding=\"async\" width=\"150\" height=\"150\" src=\"https:\/\/www.amante-menden.de\/wordpress\/wp-content\/uploads\/2016\/01\/12-8-150x150.jpg\" class=\"attachment-thumbnail size-thumbnail\" alt=\"\" srcset=\"https:\/\/www.amante-menden.de\/wordpress\/wp-content\/uploads\/2016\/01\/12-8-150x150.jpg 150w, https:\/\/www.amante-menden.de\/wordpress\/wp-content\/uploads\/2016\/01\/12-8-144x144.jpg 144w\" sizes=\"auto, (max-width: 150px) 100vw, 150px\" \/><\/a>\n\t\t\t<\/dt><\/dl><br style=\"clear: both\" \/><dl class='gallery-item'>\n\t\t\t<dt class='gallery-icon landscape'>\n\t\t\t\t<a href='https:\/\/www.amante-menden.de\/?attachment_id=2103'><img loading=\"lazy\" decoding=\"async\" width=\"150\" height=\"150\" src=\"https:\/\/www.amante-menden.de\/wordpress\/wp-content\/uploads\/2016\/01\/13-6-150x150.jpg\" class=\"attachment-thumbnail size-thumbnail\" alt=\"\" srcset=\"https:\/\/www.amante-menden.de\/wordpress\/wp-content\/uploads\/2016\/01\/13-6-150x150.jpg 150w, https:\/\/www.amante-menden.de\/wordpress\/wp-content\/uploads\/2016\/01\/13-6-144x144.jpg 144w\" sizes=\"auto, (max-width: 150px) 100vw, 150px\" \/><\/a>\n\t\t\t<\/dt><\/dl><dl class='gallery-item'>\n\t\t\t<dt class='gallery-icon landscape'>\n\t\t\t\t<a href='https:\/\/www.amante-menden.de\/?attachment_id=2104'><img loading=\"lazy\" decoding=\"async\" width=\"150\" height=\"150\" src=\"https:\/\/www.amante-menden.de\/wordpress\/wp-content\/uploads\/2016\/01\/14-5-150x150.jpg\" class=\"attachment-thumbnail size-thumbnail\" alt=\"\" srcset=\"https:\/\/www.amante-menden.de\/wordpress\/wp-content\/uploads\/2016\/01\/14-5-150x150.jpg 150w, https:\/\/www.amante-menden.de\/wordpress\/wp-content\/uploads\/2016\/01\/14-5-144x144.jpg 144w\" sizes=\"auto, (max-width: 150px) 100vw, 150px\" \/><\/a>\n\t\t\t<\/dt><\/dl><dl class='gallery-item'>\n\t\t\t<dt class='gallery-icon landscape'>\n\t\t\t\t<a href='https:\/\/www.amante-menden.de\/?attachment_id=2105'><img loading=\"lazy\" decoding=\"async\" width=\"150\" height=\"150\" src=\"https:\/\/www.amante-menden.de\/wordpress\/wp-content\/uploads\/2016\/01\/15-5-150x150.jpg\" class=\"attachment-thumbnail size-thumbnail\" alt=\"\" srcset=\"https:\/\/www.amante-menden.de\/wordpress\/wp-content\/uploads\/2016\/01\/15-5-150x150.jpg 150w, https:\/\/www.amante-menden.de\/wordpress\/wp-content\/uploads\/2016\/01\/15-5-144x144.jpg 144w\" sizes=\"auto, (max-width: 150px) 100vw, 150px\" \/><\/a>\n\t\t\t<\/dt><\/dl><br style=\"clear: both\" \/><dl class='gallery-item'>\n\t\t\t<dt class='gallery-icon portrait'>\n\t\t\t\t<a href='https:\/\/www.amante-menden.de\/?attachment_id=2106'><img loading=\"lazy\" decoding=\"async\" width=\"150\" height=\"150\" src=\"https:\/\/www.amante-menden.de\/wordpress\/wp-content\/uploads\/2016\/01\/16-5-150x150.jpg\" class=\"attachment-thumbnail size-thumbnail\" alt=\"\" srcset=\"https:\/\/www.amante-menden.de\/wordpress\/wp-content\/uploads\/2016\/01\/16-5-150x150.jpg 150w, https:\/\/www.amante-menden.de\/wordpress\/wp-content\/uploads\/2016\/01\/16-5-144x144.jpg 144w\" sizes=\"auto, (max-width: 150px) 100vw, 150px\" \/><\/a>\n\t\t\t<\/dt><\/dl><dl class='gallery-item'>\n\t\t\t<dt class='gallery-icon portrait'>\n\t\t\t\t<a href='https:\/\/www.amante-menden.de\/?attachment_id=2107'><img loading=\"lazy\" decoding=\"async\" width=\"150\" height=\"150\" src=\"https:\/\/www.amante-menden.de\/wordpress\/wp-content\/uploads\/2016\/01\/17-4-150x150.jpg\" class=\"attachment-thumbnail size-thumbnail\" alt=\"\" srcset=\"https:\/\/www.amante-menden.de\/wordpress\/wp-content\/uploads\/2016\/01\/17-4-150x150.jpg 150w, https:\/\/www.amante-menden.de\/wordpress\/wp-content\/uploads\/2016\/01\/17-4-144x144.jpg 144w\" sizes=\"auto, (max-width: 150px) 100vw, 150px\" \/><\/a>\n\t\t\t<\/dt><\/dl><dl class='gallery-item'>\n\t\t\t<dt class='gallery-icon landscape'>\n\t\t\t\t<a href='https:\/\/www.amante-menden.de\/?attachment_id=2108'><img loading=\"lazy\" decoding=\"async\" width=\"150\" height=\"150\" src=\"https:\/\/www.amante-menden.de\/wordpress\/wp-content\/uploads\/2016\/01\/18-4-150x150.jpg\" class=\"attachment-thumbnail size-thumbnail\" alt=\"\" srcset=\"https:\/\/www.amante-menden.de\/wordpress\/wp-content\/uploads\/2016\/01\/18-4-150x150.jpg 150w, https:\/\/www.amante-menden.de\/wordpress\/wp-content\/uploads\/2016\/01\/18-4-144x144.jpg 144w\" sizes=\"auto, (max-width: 150px) 100vw, 150px\" \/><\/a>\n\t\t\t<\/dt><\/dl><br style=\"clear: both\" \/><dl class='gallery-item'>\n\t\t\t<dt class='gallery-icon portrait'>\n\t\t\t\t<a href='https:\/\/www.amante-menden.de\/?attachment_id=2109'><img loading=\"lazy\" decoding=\"async\" width=\"150\" height=\"150\" src=\"https:\/\/www.amante-menden.de\/wordpress\/wp-content\/uploads\/2016\/01\/19-2-150x150.jpg\" class=\"attachment-thumbnail size-thumbnail\" alt=\"\" srcset=\"https:\/\/www.amante-menden.de\/wordpress\/wp-content\/uploads\/2016\/01\/19-2-150x150.jpg 150w, https:\/\/www.amante-menden.de\/wordpress\/wp-content\/uploads\/2016\/01\/19-2-144x144.jpg 144w\" sizes=\"auto, (max-width: 150px) 100vw, 150px\" \/><\/a>\n\t\t\t<\/dt><\/dl><dl class='gallery-item'>\n\t\t\t<dt class='gallery-icon landscape'>\n\t\t\t\t<a href='https:\/\/www.amante-menden.de\/?attachment_id=2110'><img loading=\"lazy\" decoding=\"async\" width=\"150\" height=\"150\" src=\"https:\/\/www.amante-menden.de\/wordpress\/wp-content\/uploads\/2016\/01\/20-3-150x150.jpg\" class=\"attachment-thumbnail size-thumbnail\" alt=\"\" srcset=\"https:\/\/www.amante-menden.de\/wordpress\/wp-content\/uploads\/2016\/01\/20-3-150x150.jpg 150w, https:\/\/www.amante-menden.de\/wordpress\/wp-content\/uploads\/2016\/01\/20-3-144x144.jpg 144w\" sizes=\"auto, (max-width: 150px) 100vw, 150px\" \/><\/a>\n\t\t\t<\/dt><\/dl><dl class='gallery-item'>\n\t\t\t<dt class='gallery-icon landscape'>\n\t\t\t\t<a href='https:\/\/www.amante-menden.de\/?attachment_id=2111'><img loading=\"lazy\" decoding=\"async\" width=\"150\" height=\"150\" src=\"https:\/\/www.amante-menden.de\/wordpress\/wp-content\/uploads\/2016\/01\/21-3-150x150.jpg\" class=\"attachment-thumbnail size-thumbnail\" alt=\"\" srcset=\"https:\/\/www.amante-menden.de\/wordpress\/wp-content\/uploads\/2016\/01\/21-3-150x150.jpg 150w, https:\/\/www.amante-menden.de\/wordpress\/wp-content\/uploads\/2016\/01\/21-3-144x144.jpg 144w\" sizes=\"auto, (max-width: 150px) 100vw, 150px\" \/><\/a>\n\t\t\t<\/dt><\/dl><br style=\"clear: both\" \/><dl class='gallery-item'>\n\t\t\t<dt class='gallery-icon landscape'>\n\t\t\t\t<a href='https:\/\/www.amante-menden.de\/?attachment_id=2112'><img loading=\"lazy\" decoding=\"async\" width=\"150\" height=\"150\" src=\"https:\/\/www.amante-menden.de\/wordpress\/wp-content\/uploads\/2016\/01\/22-3-150x150.jpg\" class=\"attachment-thumbnail size-thumbnail\" alt=\"\" srcset=\"https:\/\/www.amante-menden.de\/wordpress\/wp-content\/uploads\/2016\/01\/22-3-150x150.jpg 150w, https:\/\/www.amante-menden.de\/wordpress\/wp-content\/uploads\/2016\/01\/22-3-144x144.jpg 144w\" sizes=\"auto, (max-width: 150px) 100vw, 150px\" \/><\/a>\n\t\t\t<\/dt><\/dl><dl class='gallery-item'>\n\t\t\t<dt class='gallery-icon landscape'>\n\t\t\t\t<a href='https:\/\/www.amante-menden.de\/?attachment_id=2113'><img loading=\"lazy\" decoding=\"async\" width=\"150\" height=\"150\" src=\"https:\/\/www.amante-menden.de\/wordpress\/wp-content\/uploads\/2016\/01\/23-3-150x150.jpg\" class=\"attachment-thumbnail size-thumbnail\" alt=\"\" srcset=\"https:\/\/www.amante-menden.de\/wordpress\/wp-content\/uploads\/2016\/01\/23-3-150x150.jpg 150w, https:\/\/www.amante-menden.de\/wordpress\/wp-content\/uploads\/2016\/01\/23-3-144x144.jpg 144w\" sizes=\"auto, (max-width: 150px) 100vw, 150px\" \/><\/a>\n\t\t\t<\/dt><\/dl><dl class='gallery-item'>\n\t\t\t<dt class='gallery-icon landscape'>\n\t\t\t\t<a href='https:\/\/www.amante-menden.de\/?attachment_id=2114'><img loading=\"lazy\" decoding=\"async\" width=\"150\" height=\"150\" src=\"https:\/\/www.amante-menden.de\/wordpress\/wp-content\/uploads\/2016\/01\/24-3-150x150.jpg\" class=\"attachment-thumbnail size-thumbnail\" alt=\"\" srcset=\"https:\/\/www.amante-menden.de\/wordpress\/wp-content\/uploads\/2016\/01\/24-3-150x150.jpg 150w, https:\/\/www.amante-menden.de\/wordpress\/wp-content\/uploads\/2016\/01\/24-3-144x144.jpg 144w\" sizes=\"auto, (max-width: 150px) 100vw, 150px\" \/><\/a>\n\t\t\t<\/dt><\/dl><br style=\"clear: both\" \/>\n\t\t<\/div>\n\n","protected":false},"excerpt":{"rendered":"<p>Menden im Zeichen des meisterlichen Chorgesangs 16 Singgemeinschaften aus NRW sind begeistert \u2013 vom Austragungsort auf der Wilhelmsh\u00f6he und von der Betreuung durch amante della musica menden MENDEN Zufriedenheit auf allen Seiten: Menden im Zeichen des meisterlichen Chorgesangs war ein &hellip; <a href=\"https:\/\/www.amante-menden.de\/?page_id=2090\">Weiterlesen <span class=\"meta-nav\">&rarr;<\/span><\/a><\/p>\n","protected":false},"author":1,"featured_media":0,"parent":159,"menu_order":65,"comment_status":"closed","ping_status":"closed","template":"","meta":{"footnotes":""},"class_list":["post-2090","page","type-page","status-publish","hentry"],"_links":{"self":[{"href":"https:\/\/www.amante-menden.de\/index.php?rest_route=\/wp\/v2\/pages\/2090","targetHints":{"allow":["GET"]}}],"collection":[{"href":"https:\/\/www.amante-menden.de\/index.php?rest_route=\/wp\/v2\/pages"}],"about":[{"href":"https:\/\/www.amante-menden.de\/index.php?rest_route=\/wp\/v2\/types\/page"}],"author":[{"embeddable":true,"href":"https:\/\/www.amante-menden.de\/index.php?rest_route=\/wp\/v2\/users\/1"}],"replies":[{"embeddable":true,"href":"https:\/\/www.amante-menden.de\/index.php?rest_route=%2Fwp%2Fv2%2Fcomments&post=2090"}],"version-history":[{"count":1,"href":"https:\/\/www.amante-menden.de\/index.php?rest_route=\/wp\/v2\/pages\/2090\/revisions"}],"predecessor-version":[{"id":2115,"href":"https:\/\/www.amante-menden.de\/index.php?rest_route=\/wp\/v2\/pages\/2090\/revisions\/2115"}],"up":[{"embeddable":true,"href":"https:\/\/www.amante-menden.de\/index.php?rest_route=\/wp\/v2\/pages\/159"}],"wp:attachment":[{"href":"https:\/\/www.amante-menden.de\/index.php?rest_route=%2Fwp%2Fv2%2Fmedia&parent=2090"}],"curies":[{"name":"wp","href":"https:\/\/api.w.org\/{rel}","templated":true}]}}