{"id":2535,"date":"2016-01-06T13:44:32","date_gmt":"2016-01-06T11:44:32","guid":{"rendered":"http:\/\/www.amante-menden.de\/?page_id=2535"},"modified":"2016-01-06T13:53:50","modified_gmt":"2016-01-06T11:53:50","slug":"volksliederleistungswettbewerb-2004-in-mohnheim","status":"publish","type":"page","link":"https:\/\/www.amante-menden.de\/?page_id=2535","title":{"rendered":"Volksliederleistungswettbewerb 2004 in Mohnheim"},"content":{"rendered":"<h3>amante della musica menden verteidigte am 09.10.2004 zum 5. mal den Volksliederleistungstitel<\/h3>\n<p><a href=\"http:\/\/www.amante-menden.de\/wordpress\/wp-content\/uploads\/2016\/01\/3-29.jpg\" rel=\"attachment wp-att-2548\"><img loading=\"lazy\" decoding=\"async\" class=\"size-full wp-image-2548 aligncenter\" src=\"http:\/\/www.amante-menden.de\/wordpress\/wp-content\/uploads\/2016\/01\/3-29.jpg\" alt=\"3\" width=\"200\" height=\"200\" srcset=\"https:\/\/www.amante-menden.de\/wordpress\/wp-content\/uploads\/2016\/01\/3-29.jpg 200w, https:\/\/www.amante-menden.de\/wordpress\/wp-content\/uploads\/2016\/01\/3-29-150x150.jpg 150w, https:\/\/www.amante-menden.de\/wordpress\/wp-content\/uploads\/2016\/01\/3-29-144x144.jpg 144w\" sizes=\"auto, (max-width: 200px) 100vw, 200px\" \/><\/a><\/p>\n<table border=\"2\" align=\"right\">\n<tbody>\n<tr align=\"center\">\n<td><b>So. 09.10.2004<\/b><\/td>\n<\/tr>\n<tr align=\"center\">\n<td>Volkslieder-Leistungssingen<\/td>\n<\/tr>\n<tr align=\"center\">\n<td>Stadthalle Monheim<\/td>\n<\/tr>\n<tr align=\"center\">\n<td>Schwesterlein (21,75 &#8211; sehr gut)<\/td>\n<\/tr>\n<tr align=\"center\">\n<td>Hold on to your dream (22,5 &#8211; sehr gut)<\/td>\n<\/tr>\n<tr align=\"center\">\n<td>Sur le pount (21,75 &#8211; sehr gut)<\/td>\n<\/tr>\n<tr align=\"center\">\n<td>Wirklich, er war unentbehrlich (20,75 &#8211; gut)<\/td>\n<\/tr>\n<\/tbody>\n<\/table>\n<p><a href=\"http:\/\/www.amante-menden.de\/wordpress\/wp-content\/uploads\/2016\/01\/2-28.jpg\" rel=\"attachment wp-att-2547\"><img loading=\"lazy\" decoding=\"async\" class=\" wp-image-2547 alignleft\" src=\"http:\/\/www.amante-menden.de\/wordpress\/wp-content\/uploads\/2016\/01\/2-28.jpg\" alt=\"2\" width=\"232\" height=\"165\" \/><\/a>Polizeichor und amante feiern. Heimisches Duo darf sich weitere drei Jahre &#8222;Volkslieder-Leistungschor&#8220; nennen Die Humboldthalle in Monheim-Baumberg bei Leverkusen war am Samstag fest in der Hand der H\u00f6nnest\u00e4dter Ch\u00f6re: Beim Volkslieder-Leistungssingen des S\u00e4ngerbundes Nordrhein-Westfalen haben sich der Sauerl\u00e4ndische Polizeichor Menden 1960 und amante della musica menden f\u00fcr weitere drei Jahre den Titel &#8222;Volkslieder-Leistungschor&#8220; gesichert.<\/p>\n<p align=\"justify\">Beide Singgemeinschaften \u00fcberzeugten unter dem Dirigat von Musikdirektor FDB Klaus Levermann die vierk\u00f6pfige Jury und durften am Abend erneut die Zuccalmaglio-Medaille in Empfang nehmen. Entsprechend gro\u00df war nach monatelanger Probenphase nat\u00fcrlich die Erleichterung bei den Aktiven beider Ch\u00f6re und beim zahlreich, in zwei Bussen mitgereisten Anhang.<\/p>\n<p>Der Polizeichor erntete f\u00fcr &#8222;Zum Tanze da geht ein M\u00e4del&#8220; das erforderliche &#8222;sehr gut&#8220; und erhielt f\u00fcr &#8222;Kein sch\u00f6ner Land&#8220;, &#8222;Frisch gesungen&#8220; und &#8222;\u00c4nnchen von Tharau&#8220; jeweils ein &#8222;gut&#8220;. Besonders positiv fiel die humorige Anmoderation der vier St\u00fccke ins Gewicht.<\/p>\n<p align=\"justify\"><a href=\"http:\/\/www.amante-menden.de\/wordpress\/wp-content\/uploads\/2016\/01\/1-30.jpg\" rel=\"attachment wp-att-2546\"><img loading=\"lazy\" decoding=\"async\" class=\"size-full wp-image-2546 alignright\" src=\"http:\/\/www.amante-menden.de\/wordpress\/wp-content\/uploads\/2016\/01\/1-30.jpg\" alt=\"1\" width=\"300\" height=\"137\" \/><\/a>Lediglich um 0,25 Punkte verpasste amante della musica menden das erneute Traumergebnis von vier Mal &#8222;sehr gut&#8220;. F\u00fcr &#8222;Hold on to your dream&#8220;, &#8222;Sur le pont d\u00b4Avignon&#8220; und &#8222;Schwesterlein&#8220; gab\u00b4s die Bestnote, beim anspruchsvollen &#8222;Wirklich, er war unentbehrlich&#8220; standen 20,75 statt der notwendigen 21,0 Z\u00e4hler zu Buche. Diese Tatsache konnte die gute Stimmung im Lager der &#8222;Musikliebhaber&#8220; allerdings nicht tr\u00fcben.Wie beim Polizeichor wurde schon auf der R\u00fcckfahrt nach Menden gefeiert, weiter ging es am Abend im angemieteten &#8222;Kamin&#8220;.<b>MZ<\/b><\/p>\n","protected":false},"excerpt":{"rendered":"<p>amante della musica menden verteidigte am 09.10.2004 zum 5. mal den Volksliederleistungstitel So. 09.10.2004 Volkslieder-Leistungssingen Stadthalle Monheim Schwesterlein (21,75 &#8211; sehr gut) Hold on to your dream (22,5 &#8211; sehr gut) Sur le pount (21,75 &#8211; sehr gut) Wirklich, er &hellip; <a href=\"https:\/\/www.amante-menden.de\/?page_id=2535\">Weiterlesen <span class=\"meta-nav\">&rarr;<\/span><\/a><\/p>\n","protected":false},"author":1,"featured_media":0,"parent":161,"menu_order":44,"comment_status":"closed","ping_status":"closed","template":"","meta":{"footnotes":""},"class_list":["post-2535","page","type-page","status-publish","hentry"],"_links":{"self":[{"href":"https:\/\/www.amante-menden.de\/index.php?rest_route=\/wp\/v2\/pages\/2535","targetHints":{"allow":["GET"]}}],"collection":[{"href":"https:\/\/www.amante-menden.de\/index.php?rest_route=\/wp\/v2\/pages"}],"about":[{"href":"https:\/\/www.amante-menden.de\/index.php?rest_route=\/wp\/v2\/types\/page"}],"author":[{"embeddable":true,"href":"https:\/\/www.amante-menden.de\/index.php?rest_route=\/wp\/v2\/users\/1"}],"replies":[{"embeddable":true,"href":"https:\/\/www.amante-menden.de\/index.php?rest_route=%2Fwp%2Fv2%2Fcomments&post=2535"}],"version-history":[{"count":3,"href":"https:\/\/www.amante-menden.de\/index.php?rest_route=\/wp\/v2\/pages\/2535\/revisions"}],"predecessor-version":[{"id":2550,"href":"https:\/\/www.amante-menden.de\/index.php?rest_route=\/wp\/v2\/pages\/2535\/revisions\/2550"}],"up":[{"embeddable":true,"href":"https:\/\/www.amante-menden.de\/index.php?rest_route=\/wp\/v2\/pages\/161"}],"wp:attachment":[{"href":"https:\/\/www.amante-menden.de\/index.php?rest_route=%2Fwp%2Fv2%2Fmedia&parent=2535"}],"curies":[{"name":"wp","href":"https:\/\/api.w.org\/{rel}","templated":true}]}}