{"id":2539,"date":"2016-01-06T13:49:17","date_gmt":"2016-01-06T11:49:17","guid":{"rendered":"http:\/\/www.amante-menden.de\/?page_id=2539"},"modified":"2016-01-06T13:49:17","modified_gmt":"2016-01-06T11:49:17","slug":"konzert-in-der-hgg-kapelle-am-21-10-2005","status":"publish","type":"page","link":"https:\/\/www.amante-menden.de\/?page_id=2539","title":{"rendered":"Konzert in der HGG-Kapelle am 21.10.2005"},"content":{"rendered":"<p>&nbsp;<\/p>\n<p><strong><a href=\"http:\/\/www.amante-menden.de\/wordpress\/wp-content\/uploads\/2016\/01\/2-27.jpg\" rel=\"attachment wp-att-2541\"><img loading=\"lazy\" decoding=\"async\" class=\"size-full wp-image-2541 aligncenter\" src=\"http:\/\/www.amante-menden.de\/wordpress\/wp-content\/uploads\/2016\/01\/2-27.jpg\" alt=\"2\" width=\"330\" height=\"200\" srcset=\"https:\/\/www.amante-menden.de\/wordpress\/wp-content\/uploads\/2016\/01\/2-27.jpg 330w, https:\/\/www.amante-menden.de\/wordpress\/wp-content\/uploads\/2016\/01\/2-27-300x182.jpg 300w\" sizes=\"auto, (max-width: 330px) 100vw, 330px\" \/><\/a><\/strong><\/p>\n<p><strong>MENDEN<\/strong> Englischer Evensong, irischer Segen, russisch-orthodoxe und lateinische Gebete, franz\u00f6sische Kurzkompositionen sowie anspruchsvolle Jazz-, Pop- und Gospelarrangements: Beim Benefizkonzert \u201eVoices in concert\u201c in der mit \u00fcber 200 Zuh\u00f6rern restlos ausverkauften Kapelle des Heilig-Geist-Gymnasiums blieben am Freitagabend nun wirklich keine W\u00fcnsche offen\u00a0\u00a0 .<\/p>\n<p align=\"justify\">Der ausrichtende M\u00e4rkische Kammerchor unter der Leitung von Professor Michael Schmoll sowie der heimische Meisterchor amante della musica menden und das elfk\u00f6pfige M\u00e4nnerensemble VokalArt Menden (jeweils unter dem Dirigat von Klaus Levermann) \u00fcberzeugten durch einen stimmlich sehr ausgewogenen wie sauberen Klang in allen Tonlagen, sorgten mit Dynamikwechseln vom pianissimo bis zum fortissimo immer wieder f\u00fcr G\u00e4nsehaut beim begeisterten Publikum.<\/p>\n<p align=\"justify\"><a href=\"http:\/\/www.amante-menden.de\/wordpress\/wp-content\/uploads\/2016\/01\/1-29.jpg\" rel=\"attachment wp-att-2540\"><img loading=\"lazy\" decoding=\"async\" class=\"size-full wp-image-2540 alignleft\" src=\"http:\/\/www.amante-menden.de\/wordpress\/wp-content\/uploads\/2016\/01\/1-29.jpg\" alt=\"1\" width=\"267\" height=\"200\" \/><\/a>Das sehr feinf\u00fchlig musizierende Saxophon-Ensemble der Musikschule Hemer erwies sich unter der Leitung von Norbert Steegmanns als die optimale instrumentale Erg\u00e4nzung des Programms, das nach rund zweieinhalb Stunden mit zwei fulminanten gemeinsamen Liedbeitr\u00e4gen der drei Ch\u00f6re endete. \u201eEs war ein tolles Konzert\u201c, bilanzierte schlie\u00dflich auch Hausherr und HGG-Schulleiter Klaus Fringes die erste, aber zum Gl\u00fcck nicht letzte au\u00dferschulische Veranstaltung in der Kapelle, die die Musik mit ihrer herrlichen Akustik noch intensiver sp\u00fcrbar machte.<\/p>\n<p>Fringes hatte die G\u00e4ste ebenso wie Michael Schmoll an der Klosterstra\u00dfe begr\u00fc\u00dft. Der Bundeschorleiter des S\u00e4ngerbundes Nordrhein-Westfalen, der auch durch den Abend f\u00fchrte und als Pianist auftrat, erl\u00e4uterte, dass die Eintrittsgelder zu gleichen Teilen in die weitere Renovierung der Kapelle und in die Chorstiftung NRW flie\u00dfen werden.Und so viel steht fest: Niemand d\u00fcrfte bereut haben, neun Euro in eine Eintrittskarte investiert zu haben. Das bewiesen die nicht enden wollenden \u201estanding ovations\u201c nach den Zugaben \u201ePraise be to god\u201c und \u201eGive glory to god\u201c, bei denen die Zuh\u00f6rer auch aktiv ins musikalische Geschehen einbezogen wurden. Schnippen, Klatschen, Swingen und Singen waren angesagt.<\/p>\n<p align=\"justify\">Fortgesetzt wird die Konzertreihe am Heilig-Geist-Gymnasium vom Madrigalchor Fr\u00f6ndenberg (12. November), von der Mendener Kantorei (17. Dezember) und schlie\u00dflich von der Operns\u00e4ngerin Dorothee Burkert (22. Januar 2006).<b>MZ<\/b><\/p>\n<hr \/>\n<h3>Eine HGG-Premiere in Kapelle und Konzertsaal<\/h3>\n<p align=\"justify\"><b>Menden.<\/b> Kapelle und Konzertsaal. Der mit so viel Liebe renovierte zentrale Raum des Heilig-Geist-Gymnasiums erlebte gestern seine Premiere: die erste nicht-schulische Veranstaltung.<\/p>\n<p align=\"justify\"><a href=\"http:\/\/www.amante-menden.de\/wordpress\/wp-content\/uploads\/2016\/01\/3-28.jpg\" rel=\"attachment wp-att-2542\"><img loading=\"lazy\" decoding=\"async\" class=\"size-full wp-image-2542 alignright\" src=\"http:\/\/www.amante-menden.de\/wordpress\/wp-content\/uploads\/2016\/01\/3-28.jpg\" alt=\"3\" width=\"267\" height=\"200\" \/><\/a>Yesterday von den Beatles: Der Song f\u00fcr die Musikgeschichte entfaltete in der noch nicht endg\u00fcltig fertig gestellten Kapelle des Heilig-Geist-Gymnasiums seine G\u00e4nsehaut-Wirkung. Nebenan werden F\u00fcnftkl\u00e4ssler ab Montag wieder dar\u00fcber gr\u00fcbeln, wie man dieses Yesterday schreibt. Gestern Abend war es Teil eines begeisternden Konzerts, das dem guten Zweck diente. Die ohne Gage auftretenden Ch\u00f6re und das Saxophon-Ensemble der Musikschule Hemer spielten Geld ein f\u00fcr die weitere Renovierung der Kapelle sowie f\u00fcr die Chorstiftung des S\u00e4ngerbundes Nordrhein-Westfalen.<\/p>\n<p align=\"justify\">Professor Michael Schmoll, der den Abend moderierte, legte den Zuh\u00f6rern die musikalische Mischung f\u00fcr eine Kapelle, die gleichzeitig Konzertsaal ist, ans Herz. Amante della musica (Leitung Klaus Levermann) sorgte unter anderem mit In nomine Jesu f\u00fcr die rechte Einstimmung, lie\u00df sogar Platz f\u00fcr Kl\u00e4nge der orthodoxen Kirche.<\/p>\n<p align=\"justify\">M\u00e4rkischer Kammerchor und VokalArt, vor einigen Wochen beim deutschen M\u00e4nnerchorfestival hoch dekoriert, sorgten ebenfalls f\u00fcr Musik-H\u00f6hepunkte. Zu lernen war unter anderem, dass Paul Hindemith &#8222;kein Schr\u00e4gt\u00f6ner&#8220; ist.<\/p>\n<p align=\"justify\"><a href=\"http:\/\/www.amante-menden.de\/wordpress\/wp-content\/uploads\/2016\/01\/4-24.jpg\" rel=\"attachment wp-att-2543\"><img loading=\"lazy\" decoding=\"async\" class=\"size-full wp-image-2543 alignleft\" src=\"http:\/\/www.amante-menden.de\/wordpress\/wp-content\/uploads\/2016\/01\/4-24.jpg\" alt=\"4\" width=\"171\" height=\"200\" \/><\/a>Beschwingt der zweite Teil mit Unterhaltungsmusik, eben Yesterday oder Jazz. Kr\u00f6nender Abschluss f\u00fcr Schulleiter Klaus Fringes und seine G\u00e4ste: gemeinsamer Gesang aller Ch\u00f6re.Amante della musica sorgte neben VokalArt und M\u00e4rkischem Kammerchor f\u00fcr Musikerlebnisse in der HGG-Kapelle.<b>WP<\/b><\/p>\n","protected":false},"excerpt":{"rendered":"<p>&nbsp; MENDEN Englischer Evensong, irischer Segen, russisch-orthodoxe und lateinische Gebete, franz\u00f6sische Kurzkompositionen sowie anspruchsvolle Jazz-, Pop- und Gospelarrangements: Beim Benefizkonzert \u201eVoices in concert\u201c in der mit \u00fcber 200 Zuh\u00f6rern restlos ausverkauften Kapelle des Heilig-Geist-Gymnasiums blieben am Freitagabend nun wirklich keine &hellip; <a href=\"https:\/\/www.amante-menden.de\/?page_id=2539\">Weiterlesen <span class=\"meta-nav\">&rarr;<\/span><\/a><\/p>\n","protected":false},"author":1,"featured_media":0,"parent":159,"menu_order":55,"comment_status":"closed","ping_status":"closed","template":"","meta":{"footnotes":""},"class_list":["post-2539","page","type-page","status-publish","hentry"],"_links":{"self":[{"href":"https:\/\/www.amante-menden.de\/index.php?rest_route=\/wp\/v2\/pages\/2539","targetHints":{"allow":["GET"]}}],"collection":[{"href":"https:\/\/www.amante-menden.de\/index.php?rest_route=\/wp\/v2\/pages"}],"about":[{"href":"https:\/\/www.amante-menden.de\/index.php?rest_route=\/wp\/v2\/types\/page"}],"author":[{"embeddable":true,"href":"https:\/\/www.amante-menden.de\/index.php?rest_route=\/wp\/v2\/users\/1"}],"replies":[{"embeddable":true,"href":"https:\/\/www.amante-menden.de\/index.php?rest_route=%2Fwp%2Fv2%2Fcomments&post=2539"}],"version-history":[{"count":1,"href":"https:\/\/www.amante-menden.de\/index.php?rest_route=\/wp\/v2\/pages\/2539\/revisions"}],"predecessor-version":[{"id":2544,"href":"https:\/\/www.amante-menden.de\/index.php?rest_route=\/wp\/v2\/pages\/2539\/revisions\/2544"}],"up":[{"embeddable":true,"href":"https:\/\/www.amante-menden.de\/index.php?rest_route=\/wp\/v2\/pages\/159"}],"wp:attachment":[{"href":"https:\/\/www.amante-menden.de\/index.php?rest_route=%2Fwp%2Fv2%2Fmedia&parent=2539"}],"curies":[{"name":"wp","href":"https:\/\/api.w.org\/{rel}","templated":true}]}}