{"id":2697,"date":"2016-01-06T14:49:28","date_gmt":"2016-01-06T12:49:28","guid":{"rendered":"http:\/\/www.amante-menden.de\/?page_id=2697"},"modified":"2016-01-06T14:49:28","modified_gmt":"2016-01-06T12:49:28","slug":"sing-and-swing-in-lendringsen-am-15-11-2003","status":"publish","type":"page","link":"https:\/\/www.amante-menden.de\/?page_id=2697","title":{"rendered":"&#8222;Sing and Swing in Lendringsen&#8220; am 15.11.2003"},"content":{"rendered":"<p style=\"text-align: justify;\">\n<table border=\"5\" align=\"center\">\n<tbody>\n<tr>\n<td>\n<table border=\"0\" width=\"500\" align=\"center\">\n<tbody>\n<tr>\n<td colspan=\"2\" align=\"center\">\n<h2><u><span style=\"color: #000000;\">Teil 1<\/span><\/u><\/h2>\n<\/td>\n<\/tr>\n<tr>\n<td width=\"180\"><a><b><span style=\"color: #00a0ff;\">amante<\/span><\/b><\/a><b> &amp; <a><span style=\"color: #ffbf00;\">Orchester<\/span><\/a> <\/b><\/td>\n<td>Abba Gold<\/td>\n<\/tr>\n<tr>\n<td><a><b><span style=\"color: #00a0ff;\">amante<\/span><\/b><\/a><b> <\/b><\/td>\n<td>blue love; Hold on<\/td>\n<\/tr>\n<tr>\n<td><a><b><span style=\"color: #ffbf00;\">Orchester<\/span><\/b><\/a><b> <\/b><\/td>\n<td>Strau\u00df-Gala<\/td>\n<\/tr>\n<tr>\n<td><a><b><span style=\"color: #00a0ff;\">amante<\/span><\/b><\/a><b> <\/b><\/td>\n<td>Sur le pont; I get around<\/td>\n<\/tr>\n<tr>\n<td><a><b><span style=\"color: #ffbf00;\">Orchester<\/span><\/b><\/a><b> <\/b><\/td>\n<td>La Storia<\/td>\n<\/tr>\n<tr>\n<td><a><b><span style=\"color: #00a0ff;\">amante<\/span><\/b><\/a><b> <\/b><\/td>\n<td>M\u00f6we Jonathan; Only you<\/td>\n<td><\/td>\n<\/tr>\n<tr>\n<td colspan=\"2\" align=\"center\" valign=\"middle\">\n<h3>Moderation<\/h3>\n<\/td>\n<\/tr>\n<tr>\n<td><a><b><span style=\"color: #ff7f00;\">Greenhorns<\/span><\/b><\/a><b> <\/b><\/td>\n<td>Down Under<\/td>\n<\/tr>\n<tr>\n<td><a><b><span style=\"color: #0060ff;\">bambini<\/span><\/b><\/a><b> <\/b><\/td>\n<td>Ich schenk Dir einen Regenbogen<\/td>\n<\/tr>\n<tr>\n<td><a><b><span style=\"color: #ff7f00;\">Greenhorns<\/span><\/b><\/a><b> <\/b><\/td>\n<td>Pachanga Time<\/td>\n<\/tr>\n<tr>\n<td><a><b><span style=\"color: #0060ff;\">bambini<\/span><\/b><\/a><b> <\/b><\/td>\n<td>Muppet Show; Dracula-Rock<\/td>\n<\/tr>\n<\/tbody>\n<\/table>\n<\/td>\n<\/tr>\n<tr>\n<td>\n<table border=\"0\" width=\"500\" align=\"center\">\n<tbody>\n<tr>\n<td colspan=\"2\" align=\"center\" valign=\"bottom\">\n<h2><u><span style=\"color: #000000;\">Teil 2<\/span><\/u><\/h2>\n<\/td>\n<\/tr>\n<tr>\n<td width=\"180\"><a><b><span style=\"color: #ff7f00;\">Greenhorns<\/span><\/b><\/a><b> <\/b><\/td>\n<td>Holiday for drums<\/td>\n<\/tr>\n<tr>\n<td><a><b><span style=\"color: #0060ff;\">bambini<\/span><\/b><\/a><b> <\/b><\/td>\n<td>In der Steppe<\/td>\n<\/tr>\n<tr>\n<td><a><b><span style=\"color: #ff7f00;\">Greenhorns<\/span><\/b><\/a><b> <\/b><\/td>\n<td>Top Hits for Sax<\/td>\n<\/tr>\n<tr>\n<td><a><b><span style=\"color: #0060ff;\">bambini<\/span><\/b><\/a><b> <\/b><\/td>\n<td>Probiers&#8216; mal mit Gem\u00fctlichkeit; Elefantenmarsch<\/td>\n<\/tr>\n<tr>\n<td colspan=\"2\" align=\"center\" valign=\"middle\">\n<h3>Moderation<\/h3>\n<\/td>\n<\/tr>\n<tr>\n<td><a><b><span style=\"color: #00a0ff;\">amante<\/span><\/b><\/a><b> <\/b><\/td>\n<td>Goodnight sweetheart; Another day in paradise<\/td>\n<\/tr>\n<tr>\n<td><a><b><span style=\"color: #ffbf00;\">Orchester<\/span><\/b><\/a><b> <\/b><\/td>\n<td>Santana<\/td>\n<\/tr>\n<tr>\n<td><a><b><span style=\"color: #00a0ff;\">amante<\/span><\/b><\/a><b> <\/b><\/td>\n<td>Let it be; Bridge over troubled water<\/td>\n<\/tr>\n<tr>\n<td><a><b><span style=\"color: #ffbf00;\">Orchester<\/span><\/b><\/a><b> <\/b><\/td>\n<td>herb Albert Golden Hits<\/td>\n<\/tr>\n<tr>\n<td><a><b><span style=\"color: #00a0ff;\">amante<\/span><\/b><\/a><b> &amp; <a><span style=\"color: #ffbf00;\">Orchester<\/span><\/a> <\/b><\/td>\n<td>Beach Boys Golden Hits<\/td>\n<\/tr>\n<\/tbody>\n<\/table>\n<\/td>\n<\/tr>\n<\/tbody>\n<\/table>\n<h3 style=\"text-align: justify;\">Vorbericht<\/h3>\n<p style=\"text-align: justify;\"><b>Menden.<\/b> Nach wochenlangen Vorbereitungen mit intensiven Besprechungen aller Beteiligten steht das Programm, sind Eintrittskarten und Plakate entworfen: Am <b>Samstag, 15. November,<\/b> steigt in der Lendringser Sch\u00fctzenhalle das einzigartige Konzert &#8222;Sing and Swing&#8220; mit dem Blasorchester Menden, mit dem Meisterchor amante della musica menden sowie mit dem jeweiligen Nachwuchs dieser beiden Vereine, also mit dem Jugendorchester Greenhorns und dem Kinderchor bambini della musica menden. Los geht es um <b>19.30 Uhr<\/b>, Einlass ist ab 18.45 Uhr.<\/p>\n<p style=\"text-align: justify;\">&#8222;Mit dieser Veranstaltung setzen wir neue Ma\u00dfst\u00e4be&#8220;, sagten Martina Krause, Vorsitzende des Blasorchesters Menden und Lars Becker, Vorsitzender von amante della musica unisono. &#8222;Denn der Ansatz, dass zwei musiktreibende Vereine jeweils ihre Nachwuchsgruppen in ein Konzert integrieren, ist wirklich klasse&#8220;, so das Duo weiter. Entstanden ist die Idee zu <b>&#8222;Sing and Swing&#8220;<\/b> bereits vor einigen Monaten, als das Blasorchester und amante beim Herbstkonzert des MGV Heiderose mitwirkten.<\/p>\n<p style=\"text-align: justify;\">Herausgekommen ist nun ein facettenreiches und mitrei\u00dfendes Programm mit mehr als <b>100 Mitwirkenden<\/b>, das Bj\u00f6rn Bergmann als Dirigent des Blasorchesters und Klaus Levermann als Chorleiter von amante della musica &#8211; beide sind seit Jahren eng befreundet &#8211; zusammengestellt haben. Besondere H\u00f6hepunkte sind dann auch die St\u00fccke, die Orchester und Chor gemeinsam auff\u00fchren: ein Medley mit popul\u00e4ren Abba-Songs und ein Medley mit Liedern der Beach Boys. Die Konzertg\u00e4ste d\u00fcrfen sich also darauf freuen, bekannte Melodien frisch verpackt dargeboten zu bekommen &#8211; mitsummen erw\u00fcnscht!<\/p>\n<p style=\"text-align: justify;\">Nicht minder attraktiv sind die Programmbl\u00f6cke der beiden Ch\u00f6re und der beiden Orchester. So wird das Blasorchester Menden beispielsweise erst ein Medley von Johann Strauss auff\u00fchren, dann mit den gr\u00f6\u00dften Hits von Santana aufwarten. Amante della musica menden spannt den Bogen von bekannten Pop-Songs (Penny Lane, Bridge over troubled water, Let it be) bis zu Gospels und Musicalmelodien. Die <b>Greenhorns<\/b> und der Kinderchor <b>bambini della musica<\/b> bieten ebenso einen Einblick in das umfangreiche Repertoire.<\/p>\n<p style=\"text-align: justify;\">Eintrittskarten f\u00fcr das Konzert &#8222;Sing and Swing&#8220; sind schon jetzt vorzubestellen. Sie werden dann an der Abendkasse hinterlegt. Kinder bis 12 Jahren haben freien Eintritt, Jugendliche zahlen vier, Erwachsene acht Euro. &#8222;Wir sind sicher, das dieses Geld sehr gut angelegt ist angesichts des tollen Programms und der Tatsache, dass wir damit unseren Nachwuchs weiter unterst\u00fctzen k\u00f6nnen&#8220;, erkl\u00e4ren Krause und Becker.<\/p>\n<p style=\"text-align: justify;\">F\u00fcr die Bewirtung sorgen die S\u00e4nger des Sauerl\u00e4ndischen Polizeichores, f\u00fcr das leibliche Wohl ist ebenfalls bestens gesorgt. Ticketw\u00fcnsche k\u00f6nnen telefonisch an Martina Krause (Tel.: 64131), Lars Becker (Tel.: 0170-2458070) oder per e-mail (vorstand@amante-menden.de) ge\u00e4u\u00dfert werden. Karten sind au\u00dferdem bei allen Aktiven des Blasorchesters und von amante erh\u00e4ltlich.<\/p>\n","protected":false},"excerpt":{"rendered":"<p>Teil 1 amante &amp; Orchester Abba Gold amante blue love; Hold on Orchester Strau\u00df-Gala amante Sur le pont; I get around Orchester La Storia amante M\u00f6we Jonathan; Only you Moderation Greenhorns Down Under bambini Ich schenk Dir einen Regenbogen Greenhorns &hellip; <a href=\"https:\/\/www.amante-menden.de\/?page_id=2697\">Weiterlesen <span class=\"meta-nav\">&rarr;<\/span><\/a><\/p>\n","protected":false},"author":1,"featured_media":0,"parent":159,"menu_order":311,"comment_status":"closed","ping_status":"closed","template":"","meta":{"footnotes":""},"class_list":["post-2697","page","type-page","status-publish","hentry"],"_links":{"self":[{"href":"https:\/\/www.amante-menden.de\/index.php?rest_route=\/wp\/v2\/pages\/2697","targetHints":{"allow":["GET"]}}],"collection":[{"href":"https:\/\/www.amante-menden.de\/index.php?rest_route=\/wp\/v2\/pages"}],"about":[{"href":"https:\/\/www.amante-menden.de\/index.php?rest_route=\/wp\/v2\/types\/page"}],"author":[{"embeddable":true,"href":"https:\/\/www.amante-menden.de\/index.php?rest_route=\/wp\/v2\/users\/1"}],"replies":[{"embeddable":true,"href":"https:\/\/www.amante-menden.de\/index.php?rest_route=%2Fwp%2Fv2%2Fcomments&post=2697"}],"version-history":[{"count":1,"href":"https:\/\/www.amante-menden.de\/index.php?rest_route=\/wp\/v2\/pages\/2697\/revisions"}],"predecessor-version":[{"id":2698,"href":"https:\/\/www.amante-menden.de\/index.php?rest_route=\/wp\/v2\/pages\/2697\/revisions\/2698"}],"up":[{"embeddable":true,"href":"https:\/\/www.amante-menden.de\/index.php?rest_route=\/wp\/v2\/pages\/159"}],"wp:attachment":[{"href":"https:\/\/www.amante-menden.de\/index.php?rest_route=%2Fwp%2Fv2%2Fmedia&parent=2697"}],"curies":[{"name":"wp","href":"https:\/\/api.w.org\/{rel}","templated":true}]}}