{"id":2739,"date":"2016-01-11T09:42:36","date_gmt":"2016-01-11T07:42:36","guid":{"rendered":"http:\/\/www.amante-menden.de\/?page_id=2739"},"modified":"2017-01-18T12:38:32","modified_gmt":"2017-01-18T10:38:32","slug":"jahreshauptversammlung-2016","status":"publish","type":"page","link":"https:\/\/www.amante-menden.de\/?page_id=2739","title":{"rendered":"Jahreshauptversammlung 2016"},"content":{"rendered":"<div id=\"attachment_2745\" style=\"width: 650px\" class=\"wp-caption alignnone\"><a href=\"http:\/\/www.amante-menden.de\/wordpress\/wp-content\/uploads\/2016\/01\/Vorstand-alt-neu.jpg\" rel=\"attachment wp-att-2745\"><img loading=\"lazy\" decoding=\"async\" aria-describedby=\"caption-attachment-2745\" class=\"wp-image-2745 size-large\" src=\"http:\/\/www.amante-menden.de\/wordpress\/wp-content\/uploads\/2016\/01\/Vorstand-alt-neu-1024x756.jpg\" alt=\"Vorstand-alt-neu\" width=\"640\" height=\"473\" srcset=\"https:\/\/www.amante-menden.de\/wordpress\/wp-content\/uploads\/2016\/01\/Vorstand-alt-neu-1024x756.jpg 1024w, https:\/\/www.amante-menden.de\/wordpress\/wp-content\/uploads\/2016\/01\/Vorstand-alt-neu-300x221.jpg 300w, https:\/\/www.amante-menden.de\/wordpress\/wp-content\/uploads\/2016\/01\/Vorstand-alt-neu-768x567.jpg 768w\" sizes=\"auto, (max-width: 640px) 100vw, 640px\" \/><\/a><p id=\"caption-attachment-2745\" class=\"wp-caption-text\">Silke H\u00fchner, Sandra Weier-Kordes und Melanie Wrona (ganz vorne von links) schieden aus dem Vorstand aus. Das F\u00fchrungsgremium bilden nun (von links) Petra Nagel (2. Kassiererin), Markus Woitzik (1. Kassierer), Anja Sch\u00fcrmann (2. Schriftf\u00fchrerin), Martina Stabenau (Schnuppermitglied), Thorsten G\u00fcnner (2. Vorsitzender), Lars Becker (1. Vorsitzender), Andrea Ferber (1. Schriftf\u00fchrerin) und Tobias Holz (Notenwart).<\/p><\/div>\n<p style=\"text-align: justify;\">Mit einem auf f\u00fcnf Positionen ver\u00e4nderten Vorstand und einem prall gef\u00fcllten Terminkalender geht der f\u00fcnffache Meisterchor amante della musica menden ins Jahr seines 30-j\u00e4hrigen Bestehens.<\/p>\n<p style=\"text-align: justify;\">Im Rahmen der Jahreshauptversammlung am vergangenen Samstag im Adolph-Sauer-Haus in Barge wurde Thorsten G\u00fcnner zum 2. Vorsitzenden gew\u00e4hlt. Ebenfalls neu im gesch\u00e4ftsf\u00fchrenden Vorstand ist Markus Woitzik als 1. Kassierer. Petra Nagel (2. Kassiererin), Anja Sch\u00fcrmann (2. Schriftf\u00fchrerin) und Martina Stabenau (Schnuppermitglied) komplettieren die F\u00fchrungsriege.<\/p>\n<p style=\"text-align: justify;\">Sandra Weier-Kordes, Melanie Wrona und Silke H\u00fchner schieden nach vielen Jahren auf eigenen Wunsch hin aus dem Vorstand aus. Unter gro\u00dfem Applaus der mehr als 50 aktiven und f\u00f6rdernden Mitglieder sprach ihnen der 1. Vorsitzende Lars Becker mit Pr\u00e4senten Dank und Anerkennung aus. Als S\u00e4ngerinnen halten die drei Damen aus dem Sopran dem Chor nat\u00fcrlich die Treue.<\/p>\n<div id=\"attachment_2741\" style=\"width: 650px\" class=\"wp-caption alignnone\"><a href=\"http:\/\/www.amante-menden.de\/wordpress\/wp-content\/uploads\/2016\/01\/Ehrungen.jpg\" rel=\"attachment wp-att-2741\"><img loading=\"lazy\" decoding=\"async\" aria-describedby=\"caption-attachment-2741\" class=\"wp-image-2741 size-large\" src=\"http:\/\/www.amante-menden.de\/wordpress\/wp-content\/uploads\/2016\/01\/Ehrungen-1024x701.jpg\" alt=\"Ehrungen\" width=\"640\" height=\"438\" srcset=\"https:\/\/www.amante-menden.de\/wordpress\/wp-content\/uploads\/2016\/01\/Ehrungen-1024x701.jpg 1024w, https:\/\/www.amante-menden.de\/wordpress\/wp-content\/uploads\/2016\/01\/Ehrungen-300x205.jpg 300w, https:\/\/www.amante-menden.de\/wordpress\/wp-content\/uploads\/2016\/01\/Ehrungen-768x526.jpg 768w\" sizes=\"auto, (max-width: 640px) 100vw, 640px\" \/><\/a><p id=\"caption-attachment-2741\" class=\"wp-caption-text\">F\u00fcr ihre langj\u00e4hrige Treue (Jahre in Klammern) zum Verein bzw. f\u00fcr 100-prozentigen Besuch aller Proben und Auftritte 2015 wurden ausgezeichnet: (von links) Ludger Do\u00dfler (15), Sabine Baschista, Anja Sch\u00fcrmann (10), Ulrike G\u00fcnner, Erich Wuske (langj\u00e4hriger F\u00f6rderer), Thorsten G\u00fcnner, Astrid Blankenhagen (25), Petra Nagel, Sigrun Holz (10) und Andreas R\u00fcdiger (10).<\/p><\/div>\n<p style=\"text-align: justify;\">Melanie Wrona konnte vor ihrem Abschied noch einmal langj\u00e4hrige Mitglieder auszeichnen: Seit 25 Jahren singt Astrid Blankenhagen bei amante im Alt, Ludger Do\u00dfler ist seit 15 Jahren feste St\u00fctze des Basses. Jeweils seit zehn Jahren sind Sigrun Holz (Sopran), Andreas R\u00fcdiger (Tenor) und Anja Sch\u00fcrmann (Alt) Teil der heimischen Singgemeinschaft.<\/p>\n<p style=\"text-align: justify;\">Das am Samstag beruflich verhinderte Gr\u00fcndungs- und Ehrenmitglied Simone Rekitt soll f\u00fcr ihre exakt drei Jahrezehnte lange Mitgliedschaft im Rahmen der offziellen Feierstunde des Chores am 12. M\u00e4rz ausgezeichnet werden. Dann wird auch die Ehrung f\u00fcr Julia Klute (10 Jahre) nachgeholt.<\/p>\n<p style=\"text-align: justify;\">Auf der Tagesordnung des Jahresmeetings standen auch die \u00fcblichen Regularien, wobei der Vorstand ebenso einstimmig entlastet wurde wie der Kassenbericht. Sehr zufrieden mit dem ersten Jahr als amante-Chorleiter war Stefan Risse. Der 52-J\u00e4hrige lobte ausdr\u00fccklich die tollen Auftritte bei Menden \u00e0 la carte und beim Konzert am 3. Oktober. \u201eWir passen prima zusammen, ich freue mich auf 2016\u201c, sagte der P\u00e4dagoge aus Ense-H\u00f6ingen.<\/p>\n<div id=\"attachment_2746\" style=\"width: 650px\" class=\"wp-caption alignnone\"><a href=\"http:\/\/www.amante-menden.de\/wordpress\/wp-content\/uploads\/2016\/01\/Vorstand-neu.jpg\" rel=\"attachment wp-att-2746\"><img loading=\"lazy\" decoding=\"async\" aria-describedby=\"caption-attachment-2746\" class=\"wp-image-2746 size-large\" src=\"http:\/\/www.amante-menden.de\/wordpress\/wp-content\/uploads\/2016\/01\/Vorstand-neu-1024x656.jpg\" alt=\"Vorstand-neu\" width=\"640\" height=\"410\" srcset=\"https:\/\/www.amante-menden.de\/wordpress\/wp-content\/uploads\/2016\/01\/Vorstand-neu-1024x656.jpg 1024w, https:\/\/www.amante-menden.de\/wordpress\/wp-content\/uploads\/2016\/01\/Vorstand-neu-300x192.jpg 300w, https:\/\/www.amante-menden.de\/wordpress\/wp-content\/uploads\/2016\/01\/Vorstand-neu-768x492.jpg 768w\" sizes=\"auto, (max-width: 640px) 100vw, 640px\" \/><\/a><p id=\"caption-attachment-2746\" class=\"wp-caption-text\">Der amante-Vorstand im Jahr 2016: (von links) Petra Nagel (2. Kassiererin), Markus Woitzik (1. Kassierer), Anja Sch\u00fcrmann (2. Schriftf\u00fchrerin), Martina Stabenau (Schnuppermitglied), Thorsten G\u00fcnner (2. Vorsitzender), Lars Becker (1. Vorsitzender), Andrea Ferber (1. Schriftf\u00fchrerin) und Tobias Holz (Notenwart).<\/p><\/div>\n<p style=\"text-align: justify;\">Trotz der bedauerlichen Absage der Fahrt zum Deutschen Chorfest nach Stuttgart bleiben f\u00fcr amante della musica menden zahlreiche spannende Verpflichtungen: Am 9. April singt der Chor beim Meisterchor Liederkranz Netphen, am 28. Mai beim Festspiel-Chor in der Balver H\u00f6hle, am 11. Juni zum Auftakt der Veranstatungsreihe \u201eImmer wieder samstags\u201c vor dem Alten Rathaus im Herzen Mendens, am 5. November bei der Jubilarehrung des CV H\u00f6nne-Ruhr und am 27. November bei der kirchenmusikalischen Andacht in Barge.<\/p>\n<p style=\"text-align: justify;\">Damit aber lange nicht genug: H\u00f6hepunkt ist das dritte Benefizkonzert zum Tag der deutschen Einheit, zu dem amante am Montag, 3. Oktober, auf die Wilhelmsh\u00f6he einl\u00e4dt. Dann pr\u00e4sentiert der Chor unter der Regie von Dirigent Stefan Risse auch seine dritte eigene CD, die mit zwei weiteren Aufnahmeterminen im Februar und Juni komplettiert wird. Welche drei Vereine bzw. Initiativen in diesem Jahr unterst\u00fctzt werden und wer die Mitwirkenden sind, gibt amante in K\u00fcrze bekannt.<\/p>\n<p style=\"text-align: justify;\">Zur musikalischen Vorbereitung auf den 3. Oktober f\u00e4hrt amante ins Bildungs- und G\u00e4stehaus \u201eLiborianum\u201c des Erzbistums nach Paderborn (26. bis 28. August).<\/p>\n","protected":false},"excerpt":{"rendered":"<p>Mit einem auf f\u00fcnf Positionen ver\u00e4nderten Vorstand und einem prall gef\u00fcllten Terminkalender geht der f\u00fcnffache Meisterchor amante della musica menden ins Jahr seines 30-j\u00e4hrigen Bestehens. Im Rahmen der Jahreshauptversammlung am vergangenen Samstag im Adolph-Sauer-Haus in Barge wurde Thorsten G\u00fcnner zum &hellip; <a href=\"https:\/\/www.amante-menden.de\/?page_id=2739\">Weiterlesen <span class=\"meta-nav\">&rarr;<\/span><\/a><\/p>\n","protected":false},"author":1,"featured_media":0,"parent":3225,"menu_order":161,"comment_status":"closed","ping_status":"closed","template":"","meta":{"footnotes":""},"class_list":["post-2739","page","type-page","status-publish","hentry"],"_links":{"self":[{"href":"https:\/\/www.amante-menden.de\/index.php?rest_route=\/wp\/v2\/pages\/2739","targetHints":{"allow":["GET"]}}],"collection":[{"href":"https:\/\/www.amante-menden.de\/index.php?rest_route=\/wp\/v2\/pages"}],"about":[{"href":"https:\/\/www.amante-menden.de\/index.php?rest_route=\/wp\/v2\/types\/page"}],"author":[{"embeddable":true,"href":"https:\/\/www.amante-menden.de\/index.php?rest_route=\/wp\/v2\/users\/1"}],"replies":[{"embeddable":true,"href":"https:\/\/www.amante-menden.de\/index.php?rest_route=%2Fwp%2Fv2%2Fcomments&post=2739"}],"version-history":[{"count":5,"href":"https:\/\/www.amante-menden.de\/index.php?rest_route=\/wp\/v2\/pages\/2739\/revisions"}],"predecessor-version":[{"id":2764,"href":"https:\/\/www.amante-menden.de\/index.php?rest_route=\/wp\/v2\/pages\/2739\/revisions\/2764"}],"up":[{"embeddable":true,"href":"https:\/\/www.amante-menden.de\/index.php?rest_route=\/wp\/v2\/pages\/3225"}],"wp:attachment":[{"href":"https:\/\/www.amante-menden.de\/index.php?rest_route=%2Fwp%2Fv2%2Fmedia&parent=2739"}],"curies":[{"name":"wp","href":"https:\/\/api.w.org\/{rel}","templated":true}]}}