{"id":2874,"date":"2016-04-29T11:27:17","date_gmt":"2016-04-29T09:27:17","guid":{"rendered":"http:\/\/www.amante-menden.de\/?page_id=2874"},"modified":"2017-01-18T12:37:27","modified_gmt":"2017-01-18T10:37:27","slug":"chorkonzert-beim-lions-club-menden","status":"publish","type":"page","link":"https:\/\/www.amante-menden.de\/?page_id=2874","title":{"rendered":"Chorkonzert beim Lions-Club Menden"},"content":{"rendered":"<h3 style=\"text-align: justify;\">amante della musica ist am Donnerstag, 28. April, auf Einladung des Lions-Club Menden im Forum der M\u00e4rkischen Bank aufgetreten.<\/h3>\n<p style=\"text-align: justify;\">Unter der Leitung von Stefan Risse pr\u00e4sentierten 37 S\u00e4ngerinnen und S\u00e4nger dem aufmerksam<a href=\"http:\/\/www.amante-menden.de\/wordpress\/wp-content\/uploads\/2016\/04\/Gruppe1.jpg\"><img loading=\"lazy\" decoding=\"async\" class=\"wp-image-2876 alignleft\" src=\"http:\/\/www.amante-menden.de\/wordpress\/wp-content\/uploads\/2016\/04\/Gruppe1.jpg\" alt=\"Gruppe1\" width=\"299\" height=\"205\" srcset=\"https:\/\/www.amante-menden.de\/wordpress\/wp-content\/uploads\/2016\/04\/Gruppe1.jpg 722w, https:\/\/www.amante-menden.de\/wordpress\/wp-content\/uploads\/2016\/04\/Gruppe1-300x206.jpg 300w\" sizes=\"auto, (max-width: 299px) 100vw, 299px\" \/><\/a>en wie begeisterungsf\u00e4higen Publikum in drei Bl\u00f6cken Volkslieder, Pop- und Rocksongs &#8211; und ernteten gro\u00dfen Applaus.<\/p>\n<p style=\"text-align: justify;\">Mit dabei war das Ensemble VokalArt Menden &#8211; ebenfalls Meisterchor &#8211; unter der Leitung von Klaus Levermann. Moderiert wurde der Abend von Gerhardt Schmidt. Initiator war Martin Weber, Pr\u00e4sident der Mendener Lions, die auch den Rotary Club Menden eingeladen hatten.<\/p>\n<p style=\"text-align: justify;\"><a href=\"http:\/\/www.amante-menden.de\/wordpress\/wp-content\/uploads\/2016\/04\/Gruppe-2.jpg\"><img loading=\"lazy\" decoding=\"async\" class=\"alignnone wp-image-2875\" src=\"http:\/\/www.amante-menden.de\/wordpress\/wp-content\/uploads\/2016\/04\/Gruppe-2-300x139.jpg\" alt=\"Gruppe 2\" width=\"311\" height=\"144\" srcset=\"https:\/\/www.amante-menden.de\/wordpress\/wp-content\/uploads\/2016\/04\/Gruppe-2-300x139.jpg 300w, https:\/\/www.amante-menden.de\/wordpress\/wp-content\/uploads\/2016\/04\/Gruppe-2-768x355.jpg 768w, https:\/\/www.amante-menden.de\/wordpress\/wp-content\/uploads\/2016\/04\/Gruppe-2-1024x473.jpg 1024w, https:\/\/www.amante-menden.de\/wordpress\/wp-content\/uploads\/2016\/04\/Gruppe-2.jpg 1136w\" sizes=\"auto, (max-width: 311px) 100vw, 311px\" \/><\/a> <a href=\"http:\/\/www.amante-menden.de\/wordpress\/wp-content\/uploads\/2016\/04\/vokalart.jpg\"><img loading=\"lazy\" decoding=\"async\" class=\"alignnone wp-image-2877\" src=\"http:\/\/www.amante-menden.de\/wordpress\/wp-content\/uploads\/2016\/04\/vokalart.jpg\" alt=\"vokalart\" width=\"281\" height=\"144\" srcset=\"https:\/\/www.amante-menden.de\/wordpress\/wp-content\/uploads\/2016\/04\/vokalart.jpg 960w, https:\/\/www.amante-menden.de\/wordpress\/wp-content\/uploads\/2016\/04\/vokalart-300x154.jpg 300w, https:\/\/www.amante-menden.de\/wordpress\/wp-content\/uploads\/2016\/04\/vokalart-768x394.jpg 768w\" sizes=\"auto, (max-width: 281px) 100vw, 281px\" \/><\/a><\/p>\n","protected":false},"excerpt":{"rendered":"<p>amante della musica ist am Donnerstag, 28. April, auf Einladung des Lions-Club Menden im Forum der M\u00e4rkischen Bank aufgetreten. Unter der Leitung von Stefan Risse pr\u00e4sentierten 37 S\u00e4ngerinnen und S\u00e4nger dem aufmerksamen wie begeisterungsf\u00e4higen Publikum in drei Bl\u00f6cken Volkslieder, Pop- &hellip; <a href=\"https:\/\/www.amante-menden.de\/?page_id=2874\">Weiterlesen <span class=\"meta-nav\">&rarr;<\/span><\/a><\/p>\n","protected":false},"author":1,"featured_media":0,"parent":3225,"menu_order":164,"comment_status":"closed","ping_status":"closed","template":"","meta":{"footnotes":""},"class_list":["post-2874","page","type-page","status-publish","hentry"],"_links":{"self":[{"href":"https:\/\/www.amante-menden.de\/index.php?rest_route=\/wp\/v2\/pages\/2874","targetHints":{"allow":["GET"]}}],"collection":[{"href":"https:\/\/www.amante-menden.de\/index.php?rest_route=\/wp\/v2\/pages"}],"about":[{"href":"https:\/\/www.amante-menden.de\/index.php?rest_route=\/wp\/v2\/types\/page"}],"author":[{"embeddable":true,"href":"https:\/\/www.amante-menden.de\/index.php?rest_route=\/wp\/v2\/users\/1"}],"replies":[{"embeddable":true,"href":"https:\/\/www.amante-menden.de\/index.php?rest_route=%2Fwp%2Fv2%2Fcomments&post=2874"}],"version-history":[{"count":1,"href":"https:\/\/www.amante-menden.de\/index.php?rest_route=\/wp\/v2\/pages\/2874\/revisions"}],"predecessor-version":[{"id":2878,"href":"https:\/\/www.amante-menden.de\/index.php?rest_route=\/wp\/v2\/pages\/2874\/revisions\/2878"}],"up":[{"embeddable":true,"href":"https:\/\/www.amante-menden.de\/index.php?rest_route=\/wp\/v2\/pages\/3225"}],"wp:attachment":[{"href":"https:\/\/www.amante-menden.de\/index.php?rest_route=%2Fwp%2Fv2%2Fmedia&parent=2874"}],"curies":[{"name":"wp","href":"https:\/\/api.w.org\/{rel}","templated":true}]}}