{"id":2928,"date":"2016-06-01T15:07:12","date_gmt":"2016-06-01T13:07:12","guid":{"rendered":"http:\/\/www.amante-menden.de\/?page_id=2928"},"modified":"2017-01-18T12:36:42","modified_gmt":"2017-01-18T10:36:42","slug":"chorfestival-des-festspielchores-in-der-balver-hoehle","status":"publish","type":"page","link":"https:\/\/www.amante-menden.de\/?page_id=2928","title":{"rendered":"Chorfestival des Festspielchores in der Balver H\u00f6hle"},"content":{"rendered":"<h3>amante della musica rockt die Balver H\u00f6hle<\/h3>\n<p><a href=\"http:\/\/www.amante-menden.de\/wordpress\/wp-content\/uploads\/2016\/06\/IMG_6553.jpg\"><img loading=\"lazy\" decoding=\"async\" class=\"alignnone size-large wp-image-2943\" src=\"http:\/\/www.amante-menden.de\/wordpress\/wp-content\/uploads\/2016\/06\/IMG_6553-1024x683.jpg\" alt=\"IMG_6553\" width=\"640\" height=\"427\" srcset=\"https:\/\/www.amante-menden.de\/wordpress\/wp-content\/uploads\/2016\/06\/IMG_6553-1024x683.jpg 1024w, https:\/\/www.amante-menden.de\/wordpress\/wp-content\/uploads\/2016\/06\/IMG_6553-300x200.jpg 300w, https:\/\/www.amante-menden.de\/wordpress\/wp-content\/uploads\/2016\/06\/IMG_6553-768x512.jpg 768w\" sizes=\"auto, (max-width: 640px) 100vw, 640px\" \/><\/a><\/p>\n<p style=\"text-align: justify;\"><a href=\"http:\/\/www.amante-menden.de\/wordpress\/wp-content\/uploads\/2016\/05\/Bild-Hoehle.jpg\"><img loading=\"lazy\" decoding=\"async\" class=\"size-medium wp-image-2919 alignleft\" src=\"http:\/\/www.amante-menden.de\/wordpress\/wp-content\/uploads\/2016\/05\/Bild-Hoehle-300x225.jpg\" alt=\"Bild Hoehle\" width=\"300\" height=\"225\" srcset=\"https:\/\/www.amante-menden.de\/wordpress\/wp-content\/uploads\/2016\/05\/Bild-Hoehle-300x225.jpg 300w, https:\/\/www.amante-menden.de\/wordpress\/wp-content\/uploads\/2016\/05\/Bild-Hoehle-768x576.jpg 768w, https:\/\/www.amante-menden.de\/wordpress\/wp-content\/uploads\/2016\/05\/Bild-Hoehle.jpg 960w\" sizes=\"auto, (max-width: 300px) 100vw, 300px\" \/><\/a>Beim Chorfestival des Festspielchores in der Balver H\u00f6hle am Samstag, 28. Mai, hat amante den kultigen Felsendom gerockt \u2013 und zwar mit \u201eDon\u2019t stop me now\u201c von Queen im Satz von Oliver Gies. Dieses St\u00fcck kam bei mehr als 400 Zuh\u00f6rerinnen und Zuh\u00f6rern ebenso gut an wie die modern gesetzten Volkslieder \u201eAls wir j\u00fcngst in Regensburg waren\u201c und \u201eHab mein Wage voll gelade\u201c.<\/p>\n<p style=\"text-align: justify;\">Abgerundet wurde der Auftritt unter der Leitung von Stefan Risse mit \u201eHave a nice day\u201c und \u201eAuf uns\u201c samt Choreographie. amante sang als letzter Chor zum Abschluss des dreieinhalbst\u00fcndigen Programms vor der Zugabe aller rund 200 Aktiven: \u201eWe are the world\u201c. Danach gab es standing ovations.<\/p>\n<p style=\"text-align: justify;\"><a href=\"http:\/\/www.amante-menden.de\/wordpress\/wp-content\/uploads\/2016\/06\/IMAG0493.jpg\"><img loading=\"lazy\" decoding=\"async\" class=\"size-medium wp-image-2946 alignleft\" src=\"http:\/\/www.amante-menden.de\/wordpress\/wp-content\/uploads\/2016\/06\/IMAG0493-170x300.jpg\" alt=\"IMAG0493\" width=\"170\" height=\"300\" srcset=\"https:\/\/www.amante-menden.de\/wordpress\/wp-content\/uploads\/2016\/06\/IMAG0493-170x300.jpg 170w, https:\/\/www.amante-menden.de\/wordpress\/wp-content\/uploads\/2016\/06\/IMAG0493-768x1358.jpg 768w, https:\/\/www.amante-menden.de\/wordpress\/wp-content\/uploads\/2016\/06\/IMAG0493-579x1024.jpg 579w, https:\/\/www.amante-menden.de\/wordpress\/wp-content\/uploads\/2016\/06\/IMAG0493.jpg 1520w\" sizes=\"auto, (max-width: 170px) 100vw, 170px\" \/><\/a>Weitere Mitwirkende waren neben dem Festspielchor selbst und dem Frauenchor Eisborn (jetzt Querbeet Eisborn) das Ensemble \u201eMusicalzauber\u201c der Balver Festspiele und die Tontr\u00e4ger Neuenrade.<\/p>\n<p style=\"text-align: justify;\"><a href=\"http:\/\/www.amante-menden.de\/wordpress\/wp-content\/uploads\/2016\/05\/Bild-Programm_Flyer.jpg\"><img loading=\"lazy\" decoding=\"async\" class=\"size-medium wp-image-2920 alignright\" src=\"http:\/\/www.amante-menden.de\/wordpress\/wp-content\/uploads\/2016\/05\/Bild-Programm_Flyer-300x225.jpg\" alt=\"Bild Programm_Flyer\" width=\"300\" height=\"225\" srcset=\"https:\/\/www.amante-menden.de\/wordpress\/wp-content\/uploads\/2016\/05\/Bild-Programm_Flyer-300x225.jpg 300w, https:\/\/www.amante-menden.de\/wordpress\/wp-content\/uploads\/2016\/05\/Bild-Programm_Flyer-768x576.jpg 768w, https:\/\/www.amante-menden.de\/wordpress\/wp-content\/uploads\/2016\/05\/Bild-Programm_Flyer-1024x768.jpg 1024w, https:\/\/www.amante-menden.de\/wordpress\/wp-content\/uploads\/2016\/05\/Bild-Programm_Flyer.jpg 1136w\" sizes=\"auto, (max-width: 300px) 100vw, 300px\" \/><\/a>Dem 12-k\u00f6pfigen Ensemble unter der Leitung von Marcel Buckert dr\u00fcckt amante f\u00fcr das Meisterchorsingen in Siegen am 5. Juni ganz fest die Daumen: Holt Euch den ersten Titel! Die Generalprobe jedenfalls war ein Erfolg!<br \/>\n(Fotos: Festspiele Balver H\u00f6hle)<\/p>\n","protected":false},"excerpt":{"rendered":"<p>amante della musica rockt die Balver H\u00f6hle Beim Chorfestival des Festspielchores in der Balver H\u00f6hle am Samstag, 28. Mai, hat amante den kultigen Felsendom gerockt \u2013 und zwar mit \u201eDon\u2019t stop me now\u201c von Queen im Satz von Oliver Gies. &hellip; <a href=\"https:\/\/www.amante-menden.de\/?page_id=2928\">Weiterlesen <span class=\"meta-nav\">&rarr;<\/span><\/a><\/p>\n","protected":false},"author":1,"featured_media":0,"parent":3225,"menu_order":166,"comment_status":"closed","ping_status":"closed","template":"","meta":{"footnotes":""},"class_list":["post-2928","page","type-page","status-publish","hentry"],"_links":{"self":[{"href":"https:\/\/www.amante-menden.de\/index.php?rest_route=\/wp\/v2\/pages\/2928","targetHints":{"allow":["GET"]}}],"collection":[{"href":"https:\/\/www.amante-menden.de\/index.php?rest_route=\/wp\/v2\/pages"}],"about":[{"href":"https:\/\/www.amante-menden.de\/index.php?rest_route=\/wp\/v2\/types\/page"}],"author":[{"embeddable":true,"href":"https:\/\/www.amante-menden.de\/index.php?rest_route=\/wp\/v2\/users\/1"}],"replies":[{"embeddable":true,"href":"https:\/\/www.amante-menden.de\/index.php?rest_route=%2Fwp%2Fv2%2Fcomments&post=2928"}],"version-history":[{"count":3,"href":"https:\/\/www.amante-menden.de\/index.php?rest_route=\/wp\/v2\/pages\/2928\/revisions"}],"predecessor-version":[{"id":2949,"href":"https:\/\/www.amante-menden.de\/index.php?rest_route=\/wp\/v2\/pages\/2928\/revisions\/2949"}],"up":[{"embeddable":true,"href":"https:\/\/www.amante-menden.de\/index.php?rest_route=\/wp\/v2\/pages\/3225"}],"wp:attachment":[{"href":"https:\/\/www.amante-menden.de\/index.php?rest_route=%2Fwp%2Fv2%2Fmedia&parent=2928"}],"curies":[{"name":"wp","href":"https:\/\/api.w.org\/{rel}","templated":true}]}}