{"id":3119,"date":"2016-10-31T13:00:33","date_gmt":"2016-10-31T11:00:33","guid":{"rendered":"http:\/\/www.amante-menden.de\/?page_id=3119"},"modified":"2017-01-18T12:35:46","modified_gmt":"2017-01-18T10:35:46","slug":"musik-fuer-die-gute-sache-am-tag-der-deutschen-einheit","status":"publish","type":"page","link":"https:\/\/www.amante-menden.de\/?page_id=3119","title":{"rendered":"Musik f\u00fcr die gute Sache am Tag der deutschen Einheit"},"content":{"rendered":"<div id=\"attachment_3112\" style=\"width: 650px\" class=\"wp-caption alignnone\"><a href=\"http:\/\/www.amante-menden.de\/wordpress\/wp-content\/uploads\/2015\/11\/fm03o16359.jpg\"><img loading=\"lazy\" decoding=\"async\" aria-describedby=\"caption-attachment-3112\" class=\"size-large wp-image-3112\" src=\"http:\/\/www.amante-menden.de\/wordpress\/wp-content\/uploads\/2015\/11\/fm03o16359-1024x683.jpg\" alt=\"Benefizkonzert zum Tag der Deutschen Einheit \/ amante della musica \/ Wilhelmsh\u00f6he \/ Spenden\u00fcbergabe v.l.: Christian Scholz (B\u00fcrgerbad Leitmecke), ??? (amante della musica), Petra Homberg (Bieberschl\u00fcmpfe), Lars Becker (amante della musica), Theo Weiske\" width=\"640\" height=\"427\" srcset=\"https:\/\/www.amante-menden.de\/wordpress\/wp-content\/uploads\/2015\/11\/fm03o16359-1024x683.jpg 1024w, https:\/\/www.amante-menden.de\/wordpress\/wp-content\/uploads\/2015\/11\/fm03o16359-300x200.jpg 300w, https:\/\/www.amante-menden.de\/wordpress\/wp-content\/uploads\/2015\/11\/fm03o16359-768x512.jpg 768w\" sizes=\"auto, (max-width: 640px) 100vw, 640px\" \/><\/a><p id=\"caption-attachment-3112\" class=\"wp-caption-text\">Benefizkonzert zum Tag der Deutschen Einheit \/ amante della musica \/ Wilhelmsh\u00f6he \/ Spenden\u00fcbergabe v.l.: Christian Scholz (B\u00fcrgerbad Leitmecke), Thorsten G\u00fcnner (amante della musica), Petra Homberg (Bieberschl\u00fcmpfe), Lars Becker (amante della musica), Theo Beiske<\/p><\/div>\n<p><b>R\u00fcckblick 3. Oktober 2016<br \/>\nMitwirkende:<br \/>\n<\/b>amante della musica menden (Leitung: Stefan Risse)<br \/>\nBitter-Trio (Leitung: Wolfgang Bitter)<br \/>\nKathrin Heinrichs (Kabarett \/ Moderation)<br \/>\n<strong>Spendenempf\u00e4nger:<\/strong><br \/>\nB\u00fcrgerbad Leitmecke \u00a0\u00a0\u00a0\u00a0\u00a0\u00a0\u00a0\u00a0\u00a0\u00a0\u00a0\u00a0\u00a0\u00a0\u00a0\u00a0\u00a0\u00a0\u00a0\u00a0\u00a0\u00a0\u00a0\u00a0\u00a0\u00a0\u00a0\u00a0\u00a0\u00a0\u00a0\u00a0\u00a0 1.000,00 \u20ac<br \/>\nBieberschl\u00fcmpfe\u00a0\u00a0\u00a0\u00a0\u00a0\u00a0\u00a0\u00a0\u00a0\u00a0\u00a0\u00a0\u00a0\u00a0\u00a0\u00a0\u00a0\u00a0\u00a0\u00a0\u00a0\u00a0\u00a0\u00a0\u00a0\u00a0\u00a0\u00a0\u00a0\u00a0\u00a0\u00a0\u00a0\u00a0\u00a0\u00a0\u00a0\u00a0\u00a0\u00a0\u00a0\u00a0 1.000,00 \u20ac<br \/>\nTheo-Beiske-hilft\u00a0\u00a0\u00a0\u00a0\u00a0\u00a0\u00a0\u00a0\u00a0\u00a0\u00a0\u00a0\u00a0\u00a0\u00a0\u00a0\u00a0\u00a0\u00a0\u00a0\u00a0\u00a0\u00a0\u00a0\u00a0\u00a0\u00a0\u00a0\u00a0\u00a0\u00a0\u00a0\u00a0\u00a0\u00a0\u00a0\u00a0\u00a0\u00a0\u00a0\u00a0 1.000,00 \u20ac<\/p>\n<p style=\"text-align: justify;\">Wie im Flug ist die Zeit vom intensiven Probewochenende in Paderborn bis zum 3. Oktober vergangen &#8211; jetzt ist die 3. Auflage des Benefizkonzertes zum Tag der deutschen Einheit von amante della musica schon wieder Geschichte.<\/p>\n<p style=\"text-align: justify;\">Wir S\u00e4ngerinnen und S\u00e4nger sagen gemeinsam mit unserem musikalischen Leiter Stefan Risse herzlichen Dank:<\/p>\n<p style=\"text-align: justify;\">&#8211; den 720 Zuh\u00f6rerinnen und Zuh\u00f6rern, die uns einen Besucherrekord in 30 Jahren Vereinsgeschichte beschert haben.<br \/>\n&#8211; dem herausragend guten Bitter-Trio mit Wolfgang Bitter (Piano), Christian Becker (Bass) und Johannes Pieper (Drums).<br \/>\n&#8211;\u00a0 unserer charmanten Moderatorin Kathrin Heinrichs.<br \/>\n&#8211;\u00a0 dem Team von Mainmix on Stage aus Schwerte f\u00fcr Sound und Licht.<br \/>\n&#8211;\u00a0 dem Team von Hasecker Catering.<br \/>\n&#8211;\u00a0 Jason Smith f\u00fcrs Filmen.<br \/>\n&#8211;\u00a0 unseren Helferinnen und Helfern an Garderobe, Einlass und Merchandisingstand.<br \/>\n&#8211; unserem Hauptsponsor Mendener Bank f\u00fcr jahrelange Treue und wohlwollende F\u00f6rderung.<br \/>\n&#8211; unseren weiteren Sponsoren, ohne die vieles so nicht m\u00f6glich gewesen w\u00e4re: ECO Schulte, Stadtwerke Menden, GEWOGE.<br \/>\n&#8211;\u00a0 den Inserenten unserer Beamerpr\u00e4sentation.<br \/>\n&#8211; den Ehreng\u00e4sten aus Politik, Verwaltung, heimischer Wirtschaft, Chorszene NRW: Ihr und Euer Kommen begreifen wir als Wertsch\u00e4tzung und Ansporn, unseren Weg weiterzugehen.<\/p>\n<div class=\"text_exposed_show\">\n<p style=\"text-align: justify;\">Danke Menden.<\/p>\n<p style=\"text-align: justify;\">Auf Wiedersehen am Dienstag, 3. Oktober 2017, um 17 Uhr auf der Wilhelmsh\u00f6he.<\/p>\n<\/div>\n","protected":false},"excerpt":{"rendered":"<p>R\u00fcckblick 3. Oktober 2016 Mitwirkende: amante della musica menden (Leitung: Stefan Risse) Bitter-Trio (Leitung: Wolfgang Bitter) Kathrin Heinrichs (Kabarett \/ Moderation) Spendenempf\u00e4nger: B\u00fcrgerbad Leitmecke \u00a0\u00a0\u00a0\u00a0\u00a0\u00a0\u00a0\u00a0\u00a0\u00a0\u00a0\u00a0\u00a0\u00a0\u00a0\u00a0\u00a0\u00a0\u00a0\u00a0\u00a0\u00a0\u00a0\u00a0\u00a0\u00a0\u00a0\u00a0\u00a0\u00a0\u00a0\u00a0\u00a0 1.000,00 \u20ac Bieberschl\u00fcmpfe\u00a0\u00a0\u00a0\u00a0\u00a0\u00a0\u00a0\u00a0\u00a0\u00a0\u00a0\u00a0\u00a0\u00a0\u00a0\u00a0\u00a0\u00a0\u00a0\u00a0\u00a0\u00a0\u00a0\u00a0\u00a0\u00a0\u00a0\u00a0\u00a0\u00a0\u00a0\u00a0\u00a0\u00a0\u00a0\u00a0\u00a0\u00a0\u00a0\u00a0\u00a0\u00a0 1.000,00 \u20ac Theo-Beiske-hilft\u00a0\u00a0\u00a0\u00a0\u00a0\u00a0\u00a0\u00a0\u00a0\u00a0\u00a0\u00a0\u00a0\u00a0\u00a0\u00a0\u00a0\u00a0\u00a0\u00a0\u00a0\u00a0\u00a0\u00a0\u00a0\u00a0\u00a0\u00a0\u00a0\u00a0\u00a0\u00a0\u00a0\u00a0\u00a0\u00a0\u00a0\u00a0\u00a0\u00a0\u00a0 1.000,00 \u20ac Wie im Flug ist die Zeit vom &hellip; <a href=\"https:\/\/www.amante-menden.de\/?page_id=3119\">Weiterlesen <span class=\"meta-nav\">&rarr;<\/span><\/a><\/p>\n","protected":false},"author":1,"featured_media":0,"parent":3225,"menu_order":169,"comment_status":"closed","ping_status":"closed","template":"","meta":{"footnotes":""},"class_list":["post-3119","page","type-page","status-publish","hentry"],"_links":{"self":[{"href":"https:\/\/www.amante-menden.de\/index.php?rest_route=\/wp\/v2\/pages\/3119","targetHints":{"allow":["GET"]}}],"collection":[{"href":"https:\/\/www.amante-menden.de\/index.php?rest_route=\/wp\/v2\/pages"}],"about":[{"href":"https:\/\/www.amante-menden.de\/index.php?rest_route=\/wp\/v2\/types\/page"}],"author":[{"embeddable":true,"href":"https:\/\/www.amante-menden.de\/index.php?rest_route=\/wp\/v2\/users\/1"}],"replies":[{"embeddable":true,"href":"https:\/\/www.amante-menden.de\/index.php?rest_route=%2Fwp%2Fv2%2Fcomments&post=3119"}],"version-history":[{"count":5,"href":"https:\/\/www.amante-menden.de\/index.php?rest_route=\/wp\/v2\/pages\/3119\/revisions"}],"predecessor-version":[{"id":3138,"href":"https:\/\/www.amante-menden.de\/index.php?rest_route=\/wp\/v2\/pages\/3119\/revisions\/3138"}],"up":[{"embeddable":true,"href":"https:\/\/www.amante-menden.de\/index.php?rest_route=\/wp\/v2\/pages\/3225"}],"wp:attachment":[{"href":"https:\/\/www.amante-menden.de\/index.php?rest_route=%2Fwp%2Fv2%2Fmedia&parent=3119"}],"curies":[{"name":"wp","href":"https:\/\/api.w.org\/{rel}","templated":true}]}}