{"id":3187,"date":"2016-12-23T12:50:57","date_gmt":"2016-12-23T10:50:57","guid":{"rendered":"http:\/\/www.amante-menden.de\/?page_id=3187"},"modified":"2017-01-18T12:55:21","modified_gmt":"2017-01-18T10:55:21","slug":"weihnachtsmusik-im-gewoge-seniorenzentrum-in-lendringsen","status":"publish","type":"page","link":"https:\/\/www.amante-menden.de\/?page_id=3187","title":{"rendered":"Weihnachtsmusik im Gewoge-Seniorenzentrum in Lendringsen"},"content":{"rendered":"<div id=\"id_585d001ea56fb2a06981668\" class=\"text_exposed_root text_exposed\">\n<p style=\"text-align: justify;\">Zu Gast im Gewoge-Seniorenzentrum in Lendringsen<\/p>\n<p style=\"text-align: justify;\"><a href=\"http:\/\/www.amante-menden.de\/wordpress\/wp-content\/uploads\/2016\/12\/gewoge1.jpg\"><img loading=\"lazy\" decoding=\"async\" class=\"size-medium wp-image-3188 alignleft\" src=\"http:\/\/www.amante-menden.de\/wordpress\/wp-content\/uploads\/2016\/12\/gewoge1-300x225.jpg\" alt=\"\" width=\"300\" height=\"225\" srcset=\"https:\/\/www.amante-menden.de\/wordpress\/wp-content\/uploads\/2016\/12\/gewoge1-300x225.jpg 300w, https:\/\/www.amante-menden.de\/wordpress\/wp-content\/uploads\/2016\/12\/gewoge1-768x576.jpg 768w, https:\/\/www.amante-menden.de\/wordpress\/wp-content\/uploads\/2016\/12\/gewoge1-1024x768.jpg 1024w, https:\/\/www.amante-menden.de\/wordpress\/wp-content\/uploads\/2016\/12\/gewoge1.jpg 1936w\" sizes=\"auto, (max-width: 300px) 100vw, 300px\" \/><br \/>\n<\/a><\/p>\n<p style=\"text-align: justify;\">Es ist seit vielen, vielen Jahren gute Tradition, dass amante della musica menden in den Senioreneinrichtungen der Stadt auftritt, um dort den Bewohnerinnen und Bewohnern mit einem Auszug aus dem Repertoire eine Freude zu\u00a0 machen.<\/p>\n<p style=\"text-align: justify;\">Am vergangenen Donnerstag, 1. Dezember, war es wieder so weit: Zu Gast war der f\u00fcnffache Meisterchor im Gewoge-Seniorenzentrum in Lendringsen. Bei der dortigen Weihnachtsfeier pr\u00e4sentierten 35 Aktive u<span class=\"text_exposed_show\">nter der Regie von Chorleiter Stefan Risse zun\u00e4chst Volkslieder, dann aber nat\u00fcrlich auch Weihnachtslieder und einige Gedichte und Geschichten zur Weihnacht. Und selbstverst\u00e4ndlich durften auch gemeinsame Lieder mit den G\u00e4sten nicht fehlen.<\/span><\/p>\n<div class=\"text_exposed_show\">\n<p style=\"text-align: justify;\"><a href=\"http:\/\/www.amante-menden.de\/wordpress\/wp-content\/uploads\/2016\/12\/gewoge2.jpg\"><img loading=\"lazy\" decoding=\"async\" class=\"size-medium wp-image-3189 alignright\" src=\"http:\/\/www.amante-menden.de\/wordpress\/wp-content\/uploads\/2016\/12\/gewoge2-300x225.jpg\" alt=\"\" width=\"300\" height=\"225\" srcset=\"https:\/\/www.amante-menden.de\/wordpress\/wp-content\/uploads\/2016\/12\/gewoge2-300x225.jpg 300w, https:\/\/www.amante-menden.de\/wordpress\/wp-content\/uploads\/2016\/12\/gewoge2-768x576.jpg 768w, https:\/\/www.amante-menden.de\/wordpress\/wp-content\/uploads\/2016\/12\/gewoge2-1024x768.jpg 1024w, https:\/\/www.amante-menden.de\/wordpress\/wp-content\/uploads\/2016\/12\/gewoge2.jpg 1921w\" sizes=\"auto, (max-width: 300px) 100vw, 300px\" \/><\/a><\/p>\n<p style=\"text-align: justify;\">Schon jetzt freuen wir uns aufs Wiedersehen an gleicher Stelle &#8211; am Donnerstag, 7. Dezember 2017.<\/p>\n<p style=\"text-align: justify;\">Nach dem Auftritt fuhren die S\u00e4ngerinnen und S\u00e4nger in die Innenstadt, um gemeinsam auf dem Mendener Winter in uriger Atmosph\u00e4re Punsch und Gl\u00fchwein zu trinken. amante hatte sich ja auf dem Mendener Winter auch in einer eigenen H\u00fctte pr\u00e4sentiert, dort die ersten Eintrittskarten f\u00fcrs Benefizkonzert 2017 sowie die neue CD &#8222;Klischee pass\u00e9&#8220; verkauft.<\/p>\n<\/div>\n<\/div>\n","protected":false},"excerpt":{"rendered":"<p>Zu Gast im Gewoge-Seniorenzentrum in Lendringsen Es ist seit vielen, vielen Jahren gute Tradition, dass amante della musica menden in den Senioreneinrichtungen der Stadt auftritt, um dort den Bewohnerinnen und Bewohnern mit einem Auszug aus dem Repertoire eine Freude zu\u00a0 &hellip; <a href=\"https:\/\/www.amante-menden.de\/?page_id=3187\">Weiterlesen <span class=\"meta-nav\">&rarr;<\/span><\/a><\/p>\n","protected":false},"author":1,"featured_media":0,"parent":3225,"menu_order":1611,"comment_status":"closed","ping_status":"closed","template":"","meta":{"footnotes":""},"class_list":["post-3187","page","type-page","status-publish","hentry"],"_links":{"self":[{"href":"https:\/\/www.amante-menden.de\/index.php?rest_route=\/wp\/v2\/pages\/3187","targetHints":{"allow":["GET"]}}],"collection":[{"href":"https:\/\/www.amante-menden.de\/index.php?rest_route=\/wp\/v2\/pages"}],"about":[{"href":"https:\/\/www.amante-menden.de\/index.php?rest_route=\/wp\/v2\/types\/page"}],"author":[{"embeddable":true,"href":"https:\/\/www.amante-menden.de\/index.php?rest_route=\/wp\/v2\/users\/1"}],"replies":[{"embeddable":true,"href":"https:\/\/www.amante-menden.de\/index.php?rest_route=%2Fwp%2Fv2%2Fcomments&post=3187"}],"version-history":[{"count":1,"href":"https:\/\/www.amante-menden.de\/index.php?rest_route=\/wp\/v2\/pages\/3187\/revisions"}],"predecessor-version":[{"id":3190,"href":"https:\/\/www.amante-menden.de\/index.php?rest_route=\/wp\/v2\/pages\/3187\/revisions\/3190"}],"up":[{"embeddable":true,"href":"https:\/\/www.amante-menden.de\/index.php?rest_route=\/wp\/v2\/pages\/3225"}],"wp:attachment":[{"href":"https:\/\/www.amante-menden.de\/index.php?rest_route=%2Fwp%2Fv2%2Fmedia&parent=3187"}],"curies":[{"name":"wp","href":"https:\/\/api.w.org\/{rel}","templated":true}]}}