{"id":3191,"date":"2016-12-23T12:54:27","date_gmt":"2016-12-23T10:54:27","guid":{"rendered":"http:\/\/www.amante-menden.de\/?page_id=3191"},"modified":"2017-01-18T12:55:01","modified_gmt":"2017-01-18T10:55:01","slug":"stand-auf-dem-mendener-winter","status":"publish","type":"page","link":"https:\/\/www.amante-menden.de\/?page_id=3191","title":{"rendered":"Stand auf dem Mendener Winter"},"content":{"rendered":"<div id=\"id_585d001ea5a978806224320\" class=\"text_exposed_root text_exposed\">\n<p style=\"text-align: justify;\">Tolle Bilanz des Mendener Winters<\/p>\n<p style=\"text-align: justify;\"><a href=\"http:\/\/www.amante-menden.de\/wordpress\/wp-content\/uploads\/2016\/12\/stand2.jpg\"><img loading=\"lazy\" decoding=\"async\" class=\"size-medium wp-image-3193 alignleft\" src=\"http:\/\/www.amante-menden.de\/wordpress\/wp-content\/uploads\/2016\/12\/stand2-300x225.jpg\" alt=\"\" width=\"300\" height=\"225\" srcset=\"https:\/\/www.amante-menden.de\/wordpress\/wp-content\/uploads\/2016\/12\/stand2-300x225.jpg 300w, https:\/\/www.amante-menden.de\/wordpress\/wp-content\/uploads\/2016\/12\/stand2-768x576.jpg 768w, https:\/\/www.amante-menden.de\/wordpress\/wp-content\/uploads\/2016\/12\/stand2.jpg 960w\" sizes=\"auto, (max-width: 300px) 100vw, 300px\" \/><\/a><\/p>\n<p style=\"text-align: justify;\">Das erste Gastspiel unseres Chores amante della musica beim viert\u00e4gigen &#8222;Mendener Winter&#8220; der Werbegemeinschaft im Herzen der Stadt war ein gro\u00dfer Erfolg.<\/p>\n<p style=\"text-align: justify;\">Wir danken allen, die schon jetzt Karten f\u00fcr unser Benefizkonzert am 3.10.2017 gekauft haben &#8211; unfassbar, dass fast ein Drittel der Tickets schon weg ist. Damit h\u00e4tten wir niemals gerechnet. Den aktuellen Sitzplan ver\u00f6ffentlichen wir hier in K\u00fcrze.<\/p>\n<p><a href=\"http:\/\/www.amante-menden.de\/wordpress\/wp-content\/uploads\/2016\/12\/stand1.jpg\"><img loading=\"lazy\" decoding=\"async\" class=\"size-medium wp-image-3192 alignright\" src=\"http:\/\/www.amante-menden.de\/wordpress\/wp-content\/uploads\/2016\/12\/stand1-225x300.jpg\" alt=\"\" width=\"225\" height=\"300\" srcset=\"https:\/\/www.amante-menden.de\/wordpress\/wp-content\/uploads\/2016\/12\/stand1-225x300.jpg 225w, https:\/\/www.amante-menden.de\/wordpress\/wp-content\/uploads\/2016\/12\/stand1.jpg 720w\" sizes=\"auto, (max-width: 225px) 100vw, 225px\" \/><\/a><a href=\"http:\/\/www.amante-menden.de\/wordpress\/wp-content\/uploads\/2016\/12\/stand2.jpg\"><br \/>\n<\/a><\/p>\n<p style=\"text-align: justify;\">Besten Dank an die K\u00e4ufer unserer neuen CD &#8222;Klisch\u00e9e pass\u00e9&#8220;, f\u00fcr jedes gute Gespr\u00e4ch und das gro\u00dfe Interesse an unserem Chor.<\/p>\n<\/div>\n","protected":false},"excerpt":{"rendered":"<p>Tolle Bilanz des Mendener Winters Das erste Gastspiel unseres Chores amante della musica beim viert\u00e4gigen &#8222;Mendener Winter&#8220; der Werbegemeinschaft im Herzen der Stadt war ein gro\u00dfer Erfolg. Wir danken allen, die schon jetzt Karten f\u00fcr unser Benefizkonzert am 3.10.2017 gekauft &hellip; <a href=\"https:\/\/www.amante-menden.de\/?page_id=3191\">Weiterlesen <span class=\"meta-nav\">&rarr;<\/span><\/a><\/p>\n","protected":false},"author":1,"featured_media":0,"parent":3225,"menu_order":1612,"comment_status":"closed","ping_status":"closed","template":"","meta":{"footnotes":""},"class_list":["post-3191","page","type-page","status-publish","hentry"],"_links":{"self":[{"href":"https:\/\/www.amante-menden.de\/index.php?rest_route=\/wp\/v2\/pages\/3191","targetHints":{"allow":["GET"]}}],"collection":[{"href":"https:\/\/www.amante-menden.de\/index.php?rest_route=\/wp\/v2\/pages"}],"about":[{"href":"https:\/\/www.amante-menden.de\/index.php?rest_route=\/wp\/v2\/types\/page"}],"author":[{"embeddable":true,"href":"https:\/\/www.amante-menden.de\/index.php?rest_route=\/wp\/v2\/users\/1"}],"replies":[{"embeddable":true,"href":"https:\/\/www.amante-menden.de\/index.php?rest_route=%2Fwp%2Fv2%2Fcomments&post=3191"}],"version-history":[{"count":1,"href":"https:\/\/www.amante-menden.de\/index.php?rest_route=\/wp\/v2\/pages\/3191\/revisions"}],"predecessor-version":[{"id":3194,"href":"https:\/\/www.amante-menden.de\/index.php?rest_route=\/wp\/v2\/pages\/3191\/revisions\/3194"}],"up":[{"embeddable":true,"href":"https:\/\/www.amante-menden.de\/index.php?rest_route=\/wp\/v2\/pages\/3225"}],"wp:attachment":[{"href":"https:\/\/www.amante-menden.de\/index.php?rest_route=%2Fwp%2Fv2%2Fmedia&parent=3191"}],"curies":[{"name":"wp","href":"https:\/\/api.w.org\/{rel}","templated":true}]}}