{"id":3233,"date":"2017-01-18T12:28:14","date_gmt":"2017-01-18T10:28:14","guid":{"rendered":"http:\/\/www.amante-menden.de\/?page_id=3233"},"modified":"2017-01-18T15:49:05","modified_gmt":"2017-01-18T13:49:05","slug":"jahreshauptversammlung-2017","status":"publish","type":"page","link":"https:\/\/www.amante-menden.de\/?page_id=3233","title":{"rendered":"Jahreshauptversammlung 2017"},"content":{"rendered":"<p>Die Ehrung zahlreicher langj\u00e4hriger Mitglieder, Vorstandswahlen und die Auftrittsplanung f\u00fcr das Kalenderjahr 2017 haben am Samstag, 14. Januar, die Jahreshauptversammlung von amante della musica menden gepr\u00e4gt.<\/p>\n<p id=\"attachment_3214\" class=\"wp-caption alignnone\"><a href=\"http:\/\/www.amante-menden.de\/wordpress\/wp-content\/uploads\/2017\/01\/IMG_0062-e1484731048561.jpg\"><img loading=\"lazy\" decoding=\"async\" class=\"wp-image-3214 size-large\" src=\"http:\/\/www.amante-menden.de\/wordpress\/wp-content\/uploads\/2017\/01\/IMG_0062-e1484731048561-1024x587.jpg\" sizes=\"auto, (max-width: 640px) 100vw, 640px\" width=\"640\" height=\"367\" srcset=\"https:\/\/www.amante-menden.de\/wordpress\/wp-content\/uploads\/2017\/01\/IMG_0062-e1484731048561-1024x587.jpg 1024w, https:\/\/www.amante-menden.de\/wordpress\/wp-content\/uploads\/2017\/01\/IMG_0062-e1484731048561-300x172.jpg 300w, https:\/\/www.amante-menden.de\/wordpress\/wp-content\/uploads\/2017\/01\/IMG_0062-e1484731048561-768x440.jpg 768w\" \/><\/a><\/p>\n<p class=\"wp-caption-text\">Zahlreich aktive und f\u00f6rdernde Mitglieder von amante della musica wurden f\u00fcr ihre langj\u00e4hrige Treue zum Chor ausgezeichnet.<\/p>\n<p><strong>Ehrungen:<\/strong><br \/>\n\u2013 Seit f\u00fcnf Jahren singen <strong>Ulrike<\/strong> und <strong>Thorsten G\u00fcnner<\/strong>, <strong>Sabine Baschista<\/strong>, <strong>Petra Nagel<\/strong>, <strong>Dominik Wallot<\/strong>, <strong>Wolfgang Grewe<\/strong> und <strong>Christina R\u00fcdiger<\/strong>. Ebenfalls seit f\u00fcnf Jahren unterst\u00fctzt <strong>Paul Baschista<\/strong> den Chor als f\u00f6rderndes Mitglied.<br \/>\n\u2013 Bereits zehn Jahre halten <strong>Sarah Brinkmann<\/strong>, <strong>Sabine Nitschke<\/strong>, <strong>Andrea<\/strong> und <strong>Markus Woitzik<\/strong> dem Chor die Treue. Die Eheleute <strong>Helga<\/strong> und <strong>Reiner Volkmer<\/strong> sind auch schon seit zehn Jahren f\u00f6rdernde Mitglieder von amante.<br \/>\n\u2013 F\u00fcr ihre 15-j\u00e4hrige Mitgliedschaft wurden <strong>Sarah Stau\u00df<\/strong>, <strong>Melanie Wrona<\/strong>, <strong>Silvia Wuske<\/strong> und <strong>Hannelore Stancu<\/strong> ausgezeichnet.<br \/>\n\u2013 <strong>Melanie Wrona<\/strong> und ihr Mann <strong>Roman<\/strong> bekamen au\u00dferdem ein Pr\u00e4sent zur Geburt ihres Sohnes Louis (10.1.) \u00fcberreicht.<br \/>\n\u2013 Als Elfj\u00e4hrige in den Jungen Chor Menden 1986 eingetreten durfte <strong>Nicole Becker<\/strong> exakt an ihrem 31. Geburtstag Gl\u00fcckw\u00fcnsche zu 20 Jahren Mitgliedschaft entgegen nehmen \u2013 nat\u00fcrlich gab\u2019s auch ein \u201eHappy Birthday\u201c von den knapp 45 Anwesenden bei der JHV.<br \/>\n\u2013 <strong>Burkhard Br\u00fchmann<\/strong> feiert 2017 sein Silberjubil\u00e4um bei amante. Vor 25 Jahren schloss sich der Bass dem Chor an und wurde jetzt entsprechend geehrt.<br \/>\n\u2013 F\u00fcr 100-prozentige Teilnahme an s\u00e4mtlichen Proben und Auftritten 2016 bekamen der 2. Vorsitzende <strong>Thorsten G\u00fcnner<\/strong>, der auch die anderen Ehrungen vornahm, sowie <strong>Sabine Nitschke<\/strong> eine zus\u00e4tzliche s\u00fc\u00dfe Anerkennung \u00fcberreicht.<br \/>\n\u2013 Nachtr\u00e4glich gratulierte amante seiner Sopranistin <strong>Sabrina Rimpler<\/strong> (H\u00f6mberg) und ihrem Mann <strong>Christian<\/strong> zur standesamtlichen Trauung (6.1.) mit einer Karte mit allen Unterschriften. Das \u201egro\u00dfe Geschenk\u201c gibt es dann traditionell bei der kirchlichen Hochzeit.<\/p>\n<p id=\"attachment_3215\" class=\"wp-caption alignnone\"><a href=\"http:\/\/www.amante-menden.de\/wordpress\/wp-content\/uploads\/2017\/01\/IMG_0099-e1484731090105.jpg\"><img loading=\"lazy\" decoding=\"async\" class=\"wp-image-3215 size-large\" src=\"http:\/\/www.amante-menden.de\/wordpress\/wp-content\/uploads\/2017\/01\/IMG_0099-e1484731090105-1024x617.jpg\" sizes=\"auto, (max-width: 640px) 100vw, 640px\" width=\"640\" height=\"386\" srcset=\"https:\/\/www.amante-menden.de\/wordpress\/wp-content\/uploads\/2017\/01\/IMG_0099-e1484731090105-1024x617.jpg 1024w, https:\/\/www.amante-menden.de\/wordpress\/wp-content\/uploads\/2017\/01\/IMG_0099-e1484731090105-300x181.jpg 300w, https:\/\/www.amante-menden.de\/wordpress\/wp-content\/uploads\/2017\/01\/IMG_0099-e1484731090105-768x463.jpg 768w\" \/><\/a><\/p>\n<p class=\"wp-caption-text\">Mit diesem Vorstand geht amante della musica menden ins Jahr 2017: (von links) Sabine Baschista (Schnuppermitglied), Petra Nagel (2. Kassiererin), Markus Woitzik (1. Kassierer), Lars Becker (1. Vorsitzender), Thorsten G\u00fcnner (2. Vorsitzender), Anja Sch\u00fcrmann (1. Schriftf\u00fchrerin), Martina Stabenau (2. Schriftf\u00fchrerin), Tobias Holz (Notenwart).<\/p>\n<p><strong>Vorstandswahlen:<\/strong><br \/>\n\u2013 <strong>Lars Becker<\/strong>, der 1999 zum 1. Vorsitzenden von amante gew\u00e4hlt worden war, wurde erneut ohne Gegenstimme f\u00fcr zwei weitere Jahre best\u00e4tigt. Er geht damit in seine zehnte Amtszeit.<br \/>\n\u2013 <strong>Markus Woitzik<\/strong>, der 2016 vom Stellvertreter-Posten aufger\u00fcckt war und das Amt des 1. Kassierers von Sandra Weier-Kordes \u00fcbernommen hatte, wurde ebenfalls einstimmig f\u00fcr zwei weitere Jahre gew\u00e4hlt.<br \/>\n\u2013 <strong>Anja Sch\u00fcrmann<\/strong> ist von der 2. zur 1. Schriftf\u00fchrerin aufger\u00fcckt und einstimmig f\u00fcr zwei Jahre gew\u00e4hlt worden.<br \/>\n\u2013 Das langj\u00e4hrige Vorstandsmitglied und Vizechorleiterin <strong>Andrea Ferber<\/strong> hatte zuvor erkl\u00e4rt, aus privaten Gr\u00fcnden in ihren bisherigen Funktionen nicht weiter zur Verf\u00fcgung stehen zu wollen. Als S\u00e4ngerin im Alt bleibt sie dem Chor aber nat\u00fcrlich erhalten. Unter lang anhaltendem Applaus bedankte sich Lars Becker bei Andrea Ferber f\u00fcr ihren unerm\u00fcdlichen organisatorischen und musikalischen Einsatz in der Vergangenheit, \u00fcberreichte ihr Blumen und ein Geschenk. Am 13. Mai, wenn amante in B\u00f6sperde anl\u00e4sslich des 100-j\u00e4hrigen Bestehens der KFD B\u00f6sperde ein Konzert mit dem Rodenbergchor gibt, wird Andrea Ferber ihr \u201eAbschiedskonzert\u201c als Vizechorleiterin geben.<br \/>\n\u2013 F\u00fcr die aufger\u00fcckte Anja Sch\u00fcrmann wurde das bisherige Vorstands-Schnuppermitglied <strong>Martina Stabenau<\/strong>&nbsp;ohne Gegenstimme f\u00fcr ein Jahr zur neuen 2. Schriftf\u00fchrerin gew\u00e4hlt.<br \/>\n\u2013 <strong>Tobias Holz<\/strong> bleibt weiter Notenwart. Der S\u00e4nger aus dem Bass, der 1999 dieses Amt \u00fcbernommen hatte, setzte sich in einem spannenden Wahlgang gegen <strong>Sabine Baschista<\/strong> durch.<br \/>\n\u2013 <strong>Sabine Baschista<\/strong> wiederum wurde anschlie\u00dfend zum neuen Schnuppermitglied im amante-Vorstand gew\u00e4hlt. Sie setzte sich gegen <strong>Susanne Wood<\/strong> und <strong>Dominik Wallot<\/strong> durch.<br \/>\n\u2013 Neuer Kassenpr\u00fcfer f\u00fcr zwei Jahre ist <strong>Jens Brockhaus<\/strong>. Er ersetzt die turnusm\u00e4\u00dfig ausgeschiedene <strong>Sarah Stau\u00df<\/strong>.<\/p>\n<p><strong>Terminplanung 2017:<br \/>\n<\/strong>Konzerte mit dem Blasorchester Menden (St. Marien Platte Heide) und mit dem Rodenbergchor Menden (Sch\u00fctzenhalle B\u00f6sperde), dazu die \u201eLange Nacht der Kulturen\u201c, Auftritte im Wildwald Vo\u00dfwinkel, bei der Matin\u00e9e auf Gut R\u00f6dinghausen und im Lendringser Seniorenzentrum der Gewoge: Der Terminkalender 2017 ist randvoll \u2013 erg\u00e4nzt noch um die vierte Auflage des Benefizkonzertes am Tag der deutschen Einheit auf der Wilhelmsh\u00f6he Menden (3. Oktober), das Probewochenende in Haus D\u00fcsse in Bad Sassendorf sowie ein Coaching mit Komponist Carsten Gerlitz aus Berlin, das Sommerfest und das Sommerferienprogramm. Details stehen auf der Startseite dieser Homepage.<\/p>\n<p><strong>Und sonst?<\/strong><br \/>\n\u2013 Der Vorstand von amante della musica menden wurde im Rahmen der JHV einstimmig f\u00fcr die Arbeit in 2016 entlastet.<br \/>\n\u2013 In einem humorigen Jahresbericht lie\u00df der 2. Vorsitzende <strong>Thorsten G\u00fcnner<\/strong> die Aktivit\u00e4ten 2016 Revue passieren.<br \/>\n\u2013 <strong>Chorleiter Stefan Risse<\/strong> sprach dem Chor einmal mehr gro\u00dfen Dank und Anerkennung f\u00fcr das musikalische und menschliche Miteinander aus. Er lobte die Aktiven f\u00fcr ihren Ehrgeiz und den Vorstand f\u00fcr die harmonische Zusammenarbeit. Freuen d\u00fcrfen sich alle Freunde von amante auf viele neue Lieder, die der P\u00e4dagoge aus Ense-H\u00f6ingen in den n\u00e4chsten Wochen und Monaten mit seinem Chor erarbeiten wird \u2013 auch mit Hilfe von Midi-Dateien, die Tenor <strong>Martin Schindler<\/strong> f\u00fcr amante erstellt.<br \/>\n\u2013 In den Herbstferien 2018 m\u00f6chte amante della musica die n\u00e4chste Chorfahrt ins Ausland unternehmen. Ziel soll f\u00fcr eine Woche Dublin\/Irland sein. Die Planungen laufen bereits auf Hochtouren.<\/p>\n<div id='gallery-1' class='gallery galleryid-3233 gallery-columns-3 gallery-size-thumbnail'><dl class='gallery-item'>\n\t\t\t<dt class='gallery-icon landscape'>\n\t\t\t\t<a href='https:\/\/www.amante-menden.de\/?attachment_id=3235'><img loading=\"lazy\" decoding=\"async\" width=\"150\" height=\"150\" src=\"https:\/\/www.amante-menden.de\/wordpress\/wp-content\/uploads\/2017\/01\/gruppe-150x150.jpg\" class=\"attachment-thumbnail size-thumbnail\" alt=\"\" srcset=\"https:\/\/www.amante-menden.de\/wordpress\/wp-content\/uploads\/2017\/01\/gruppe-150x150.jpg 150w, https:\/\/www.amante-menden.de\/wordpress\/wp-content\/uploads\/2017\/01\/gruppe-144x144.jpg 144w\" sizes=\"auto, (max-width: 150px) 100vw, 150px\" \/><\/a>\n\t\t\t<\/dt><\/dl><dl class='gallery-item'>\n\t\t\t<dt class='gallery-icon landscape'>\n\t\t\t\t<a href='https:\/\/www.amante-menden.de\/?attachment_id=3236'><img loading=\"lazy\" decoding=\"async\" width=\"150\" height=\"150\" src=\"https:\/\/www.amante-menden.de\/wordpress\/wp-content\/uploads\/2017\/01\/Gruppe2-150x150.jpg\" class=\"attachment-thumbnail size-thumbnail\" alt=\"\" srcset=\"https:\/\/www.amante-menden.de\/wordpress\/wp-content\/uploads\/2017\/01\/Gruppe2-150x150.jpg 150w, https:\/\/www.amante-menden.de\/wordpress\/wp-content\/uploads\/2017\/01\/Gruppe2-144x144.jpg 144w\" sizes=\"auto, (max-width: 150px) 100vw, 150px\" \/><\/a>\n\t\t\t<\/dt><\/dl><dl class='gallery-item'>\n\t\t\t<dt class='gallery-icon landscape'>\n\t\t\t\t<a href='https:\/\/www.amante-menden.de\/?attachment_id=3237'><img loading=\"lazy\" decoding=\"async\" width=\"150\" height=\"150\" src=\"https:\/\/www.amante-menden.de\/wordpress\/wp-content\/uploads\/2017\/01\/sabrina-150x150.jpg\" class=\"attachment-thumbnail size-thumbnail\" alt=\"\" srcset=\"https:\/\/www.amante-menden.de\/wordpress\/wp-content\/uploads\/2017\/01\/sabrina-150x150.jpg 150w, https:\/\/www.amante-menden.de\/wordpress\/wp-content\/uploads\/2017\/01\/sabrina-144x144.jpg 144w\" sizes=\"auto, (max-width: 150px) 100vw, 150px\" \/><\/a>\n\t\t\t<\/dt><\/dl><br style=\"clear: both\" \/><dl class='gallery-item'>\n\t\t\t<dt class='gallery-icon portrait'>\n\t\t\t\t<a href='https:\/\/www.amante-menden.de\/?attachment_id=3238'><img loading=\"lazy\" decoding=\"async\" width=\"150\" height=\"150\" src=\"https:\/\/www.amante-menden.de\/wordpress\/wp-content\/uploads\/2017\/01\/Stefan-150x150.jpg\" class=\"attachment-thumbnail size-thumbnail\" alt=\"\" srcset=\"https:\/\/www.amante-menden.de\/wordpress\/wp-content\/uploads\/2017\/01\/Stefan-150x150.jpg 150w, https:\/\/www.amante-menden.de\/wordpress\/wp-content\/uploads\/2017\/01\/Stefan-144x144.jpg 144w\" sizes=\"auto, (max-width: 150px) 100vw, 150px\" \/><\/a>\n\t\t\t<\/dt><\/dl><dl class='gallery-item'>\n\t\t\t<dt class='gallery-icon landscape'>\n\t\t\t\t<a href='https:\/\/www.amante-menden.de\/?attachment_id=3239'><img loading=\"lazy\" decoding=\"async\" width=\"150\" height=\"150\" src=\"https:\/\/www.amante-menden.de\/wordpress\/wp-content\/uploads\/2017\/01\/Vorstand-150x150.jpg\" class=\"attachment-thumbnail size-thumbnail\" alt=\"\" srcset=\"https:\/\/www.amante-menden.de\/wordpress\/wp-content\/uploads\/2017\/01\/Vorstand-150x150.jpg 150w, https:\/\/www.amante-menden.de\/wordpress\/wp-content\/uploads\/2017\/01\/Vorstand-144x144.jpg 144w\" sizes=\"auto, (max-width: 150px) 100vw, 150px\" \/><\/a>\n\t\t\t<\/dt><\/dl><dl class='gallery-item'>\n\t\t\t<dt class='gallery-icon portrait'>\n\t\t\t\t<a href='https:\/\/www.amante-menden.de\/?attachment_id=3220'><img loading=\"lazy\" decoding=\"async\" width=\"150\" height=\"150\" src=\"https:\/\/www.amante-menden.de\/wordpress\/wp-content\/uploads\/2015\/05\/sabine-150x150.jpg\" class=\"attachment-thumbnail size-thumbnail\" alt=\"\" srcset=\"https:\/\/www.amante-menden.de\/wordpress\/wp-content\/uploads\/2015\/05\/sabine-150x150.jpg 150w, https:\/\/www.amante-menden.de\/wordpress\/wp-content\/uploads\/2015\/05\/sabine-144x144.jpg 144w\" sizes=\"auto, (max-width: 150px) 100vw, 150px\" \/><\/a>\n\t\t\t<\/dt><\/dl><br style=\"clear: both\" \/>\n\t\t<\/div>\n\n<p>&nbsp;<\/p>\n","protected":false},"excerpt":{"rendered":"<p>Die Ehrung zahlreicher langj\u00e4hriger Mitglieder, Vorstandswahlen und die Auftrittsplanung f\u00fcr das Kalenderjahr 2017 haben am Samstag, 14. Januar, die Jahreshauptversammlung von amante della musica menden gepr\u00e4gt. Zahlreich aktive und f\u00f6rdernde Mitglieder von amante della musica wurden f\u00fcr ihre langj\u00e4hrige Treue &hellip; <a href=\"https:\/\/www.amante-menden.de\/?page_id=3233\">Weiterlesen <span class=\"meta-nav\">&rarr;<\/span><\/a><\/p>\n","protected":false},"author":1,"featured_media":0,"parent":3225,"menu_order":1701,"comment_status":"closed","ping_status":"closed","template":"","meta":{"footnotes":""},"class_list":["post-3233","page","type-page","status-publish","hentry"],"_links":{"self":[{"href":"https:\/\/www.amante-menden.de\/index.php?rest_route=\/wp\/v2\/pages\/3233","targetHints":{"allow":["GET"]}}],"collection":[{"href":"https:\/\/www.amante-menden.de\/index.php?rest_route=\/wp\/v2\/pages"}],"about":[{"href":"https:\/\/www.amante-menden.de\/index.php?rest_route=\/wp\/v2\/types\/page"}],"author":[{"embeddable":true,"href":"https:\/\/www.amante-menden.de\/index.php?rest_route=\/wp\/v2\/users\/1"}],"replies":[{"embeddable":true,"href":"https:\/\/www.amante-menden.de\/index.php?rest_route=%2Fwp%2Fv2%2Fcomments&post=3233"}],"version-history":[{"count":5,"href":"https:\/\/www.amante-menden.de\/index.php?rest_route=\/wp\/v2\/pages\/3233\/revisions"}],"predecessor-version":[{"id":3248,"href":"https:\/\/www.amante-menden.de\/index.php?rest_route=\/wp\/v2\/pages\/3233\/revisions\/3248"}],"up":[{"embeddable":true,"href":"https:\/\/www.amante-menden.de\/index.php?rest_route=\/wp\/v2\/pages\/3225"}],"wp:attachment":[{"href":"https:\/\/www.amante-menden.de\/index.php?rest_route=%2Fwp%2Fv2%2Fmedia&parent=3233"}],"curies":[{"name":"wp","href":"https:\/\/api.w.org\/{rel}","templated":true}]}}