{"id":3536,"date":"2017-10-19T15:06:49","date_gmt":"2017-10-19T13:06:49","guid":{"rendered":"http:\/\/www.amante-menden.de\/?page_id=3536"},"modified":"2017-10-19T15:06:49","modified_gmt":"2017-10-19T13:06:49","slug":"benefizkonzert-3-10-2017","status":"publish","type":"page","link":"https:\/\/www.amante-menden.de\/?page_id=3536","title":{"rendered":"Benefizkonzert 3.10.2017"},"content":{"rendered":"<p align=\"justify\"><a href=\"http:\/\/www.amante-menden.de\/wordpress\/wp-content\/uploads\/2015\/11\/IMG_8800.jpg\"><img loading=\"lazy\" decoding=\"async\" class=\"alignnone size-large wp-image-3516\" src=\"http:\/\/www.amante-menden.de\/wordpress\/wp-content\/uploads\/2015\/11\/IMG_8800-1024x683.jpg\" alt=\"\" width=\"640\" height=\"427\" srcset=\"https:\/\/www.amante-menden.de\/wordpress\/wp-content\/uploads\/2015\/11\/IMG_8800-1024x683.jpg 1024w, https:\/\/www.amante-menden.de\/wordpress\/wp-content\/uploads\/2015\/11\/IMG_8800-300x200.jpg 300w, https:\/\/www.amante-menden.de\/wordpress\/wp-content\/uploads\/2015\/11\/IMG_8800-768x512.jpg 768w, https:\/\/www.amante-menden.de\/wordpress\/wp-content\/uploads\/2015\/11\/IMG_8800.jpg 1280w\" sizes=\"auto, (max-width: 640px) 100vw, 640px\" \/><\/a><\/p>\n<p align=\"justify\">Am Dienstag, 3. Oktober 2017, hat amante della musica menden zum vierten Mal seit 2014 das Benefizkonzert zum Tag der deutschen Einheit auf der Wilhelmsh\u00f6he in Menden durchgef\u00fchrt. Vom 570-k\u00f6pfigen Publikum gefeierte Mitwirkende waren die Mendener Band \u201eGood Wood\u201c und der Kabarettist Martin F. Risse aus dem Ensemble des Dortmunder Geierabends.<\/p>\n<p align=\"justify\">Die musikalische Gesamtleitung lag in den bew\u00e4hrten H\u00e4nden von <strong>Stefan Risse<\/strong>, der seinen Chor mit viel Liebe zum Detail und Konzentration auf das Konzert vorbereitet hatte. So pr\u00e4sentierte der 5-fache Meisterchor 15 Titel \u2013 allesamt auswendig, viele mit choreographischen Elementen gew\u00fcrzt.<\/p>\n<p class=\"justify\">Highlights waren sicher \u201eEngel\u201c von Rammstein, \u201eShort people\u201c oder \u201eI\u2019m a train\u201c von Albert Hammond, wobei aber auch Volkslieder aus Deutschland und Afrika nicht zu kurz kamen.<\/p>\n<p align=\"justify\">Die Mendener <strong>Band \u201eGood Wood\u201c<\/strong> spielte in der Besetzung Nadine M\u00fcller (Gesang), Anja Hommel (Geige), G\u00fcnter Spancken (Bass), Wilfried Pieper (Piano) und Tobias Hommel (Gesang\/Gitarre\/Schlagzeug) vor allem Titel der neuen CD \u201eWaiting for the silence\u201c und landete damit einen Volltreffer beim aufmerksamen Publikum.<\/p>\n<p class=\"justify\"><b>Martin F. Risse<\/b> entf\u00fchrte das Publikum gekonnt ins sauerl\u00e4ndische Phantasie-D\u00f6rfchen Schn\u00f6ttentrop. Seine Episoden aus der Dorfkneipe \u201eG\u00fcllest\u00fcbchen\u201c, \u00fcber den schielenden Eugen, die katholischen Landfrauen und den Fu\u00dfballverein Partizan Schn\u00f6ttentrop strapazierten die Lachmuskeln.<\/p>\n<p align=\"justify\">Vor der Pause \u00fcberreichte amante die schon traditionellen Spendenschecks an drei Vereine und Institutionen \u00fcber jeweils 1.000 Euro: Der 2. Vorsitzende <strong>Thorsten G\u00fcnner<\/strong> bedachte den F\u00f6rderverein der Musikschule Menden, die Stiftung Evangelische Jugendhilfe Menden und den Verein betreutes und therapeutisches Reiten Iserlohn mit der vierstelligen Summe.<\/p>\n<p align=\"justify\">Der Vorsitzende <strong>Lars Becker<\/strong> hatte die knapp 600 G\u00e4ste willkommen gehei\u00dfen \u2013 unter ihnen <strong>Landrat Thomas Gemke<\/strong> mit Frau, die <strong>Bundestagsabgeordnete Dagmar Freitag<\/strong>, die <strong>stellvertretende Mendener B\u00fcrgermeisterin Brigitta Erdem<\/strong> mit Mann sowie Vertreter der Sponsoren von amante della musica menden.<\/p>\n<p align=\"justify\">Bew\u00e4hrter Partner f\u00fcr Lichttechnik, Beamer und Leinwand war die Schwerter Firma <strong>\u201eMainmix on stage\u201c<\/strong>. F\u00fcrs Catering \u2013 auch der Vip-G\u00e4ste auf der Empore der Wilhelmsh\u00f6he \u2013 sorgte wieder das Unternehmen <strong>Hasecker Catering<\/strong>.<\/p>\n<p align=\"justify\">Nach rund drei Stunden inklusive 30-min\u00fctiger Pause ging das Konzert zu Ende. Mit lang anhaltendem Beifall der Besucher.<\/p>\n<p align=\"justify\"><strong>amante della musica menden sagt:<\/strong><\/p>\n<p align=\"justify\"><em>Danke <span class=\"highlightNode\">Menden<\/span> \u2013 f\u00fcr einen gro\u00dfartigen Konzertabend, den wir noch lange in bester Erinnerung behalten werden.<\/em><\/p>\n<p align=\"justify\"><em>570 G\u00e4ste, drei verdiente Empf\u00e4nger von jeweils 1000 \u20ac, tolle Mitwirkende (Good Wood und Martin Risse), starke Partner (Mainmix on Stage, Hasecker Catering), treue und neue Sponsoren waren die Zutaten zu diesem 4. Benefizkonzert auf der Wilhelmsh\u00f6he.<\/em><\/p>\n<p align=\"justify\"><em>Es war uns eine Ehre und Verpflichtung f\u00fcr die Zukunft zugleich.<\/em><\/p>\n<div class=\"text_exposed_show\">\n<p align=\"justify\"><em>Danke f\u00fcr die super Fotos an Xenia Kehnen!<\/em><\/p>\n<div id='gallery-1' class='gallery galleryid-3536 gallery-columns-3 gallery-size-thumbnail'><dl class='gallery-item'>\n\t\t\t<dt class='gallery-icon landscape'>\n\t\t\t\t<a href='https:\/\/www.amante-menden.de\/?attachment_id=3529'><img loading=\"lazy\" decoding=\"async\" width=\"150\" height=\"150\" src=\"https:\/\/www.amante-menden.de\/wordpress\/wp-content\/uploads\/2015\/11\/cropped-IMG_8804-1-150x150.jpg\" class=\"attachment-thumbnail size-thumbnail\" alt=\"\" srcset=\"https:\/\/www.amante-menden.de\/wordpress\/wp-content\/uploads\/2015\/11\/cropped-IMG_8804-1-150x150.jpg 150w, https:\/\/www.amante-menden.de\/wordpress\/wp-content\/uploads\/2015\/11\/cropped-IMG_8804-1-144x144.jpg 144w\" sizes=\"auto, (max-width: 150px) 100vw, 150px\" \/><\/a>\n\t\t\t<\/dt><\/dl><dl class='gallery-item'>\n\t\t\t<dt class='gallery-icon landscape'>\n\t\t\t\t<a href='https:\/\/www.amante-menden.de\/?attachment_id=3528'><img loading=\"lazy\" decoding=\"async\" width=\"150\" height=\"150\" src=\"https:\/\/www.amante-menden.de\/wordpress\/wp-content\/uploads\/2015\/11\/cropped-IMG_8802-150x150.jpg\" class=\"attachment-thumbnail size-thumbnail\" alt=\"\" srcset=\"https:\/\/www.amante-menden.de\/wordpress\/wp-content\/uploads\/2015\/11\/cropped-IMG_8802-150x150.jpg 150w, https:\/\/www.amante-menden.de\/wordpress\/wp-content\/uploads\/2015\/11\/cropped-IMG_8802-144x144.jpg 144w\" sizes=\"auto, (max-width: 150px) 100vw, 150px\" \/><\/a>\n\t\t\t<\/dt><\/dl><dl class='gallery-item'>\n\t\t\t<dt class='gallery-icon landscape'>\n\t\t\t\t<a href='https:\/\/www.amante-menden.de\/?attachment_id=3527'><img loading=\"lazy\" decoding=\"async\" width=\"150\" height=\"150\" src=\"https:\/\/www.amante-menden.de\/wordpress\/wp-content\/uploads\/2015\/11\/cropped-IMG_8804-150x150.jpg\" class=\"attachment-thumbnail size-thumbnail\" alt=\"\" srcset=\"https:\/\/www.amante-menden.de\/wordpress\/wp-content\/uploads\/2015\/11\/cropped-IMG_8804-150x150.jpg 150w, https:\/\/www.amante-menden.de\/wordpress\/wp-content\/uploads\/2015\/11\/cropped-IMG_8804-144x144.jpg 144w\" sizes=\"auto, (max-width: 150px) 100vw, 150px\" \/><\/a>\n\t\t\t<\/dt><\/dl><br style=\"clear: both\" \/><dl class='gallery-item'>\n\t\t\t<dt class='gallery-icon landscape'>\n\t\t\t\t<a href='https:\/\/www.amante-menden.de\/?attachment_id=3522'><img loading=\"lazy\" decoding=\"async\" width=\"150\" height=\"150\" src=\"https:\/\/www.amante-menden.de\/wordpress\/wp-content\/uploads\/2015\/11\/IMG_8806-150x150.jpg\" class=\"attachment-thumbnail size-thumbnail\" alt=\"\" srcset=\"https:\/\/www.amante-menden.de\/wordpress\/wp-content\/uploads\/2015\/11\/IMG_8806-150x150.jpg 150w, https:\/\/www.amante-menden.de\/wordpress\/wp-content\/uploads\/2015\/11\/IMG_8806-144x144.jpg 144w\" sizes=\"auto, (max-width: 150px) 100vw, 150px\" \/><\/a>\n\t\t\t<\/dt><\/dl><dl class='gallery-item'>\n\t\t\t<dt class='gallery-icon landscape'>\n\t\t\t\t<a href='https:\/\/www.amante-menden.de\/?attachment_id=3521'><img loading=\"lazy\" decoding=\"async\" width=\"150\" height=\"150\" src=\"https:\/\/www.amante-menden.de\/wordpress\/wp-content\/uploads\/2015\/11\/IMG_8805-150x150.jpg\" class=\"attachment-thumbnail size-thumbnail\" alt=\"\" srcset=\"https:\/\/www.amante-menden.de\/wordpress\/wp-content\/uploads\/2015\/11\/IMG_8805-150x150.jpg 150w, https:\/\/www.amante-menden.de\/wordpress\/wp-content\/uploads\/2015\/11\/IMG_8805-144x144.jpg 144w\" sizes=\"auto, (max-width: 150px) 100vw, 150px\" \/><\/a>\n\t\t\t<\/dt><\/dl><dl class='gallery-item'>\n\t\t\t<dt class='gallery-icon landscape'>\n\t\t\t\t<a href='https:\/\/www.amante-menden.de\/?attachment_id=3520'><img loading=\"lazy\" decoding=\"async\" width=\"150\" height=\"150\" src=\"https:\/\/www.amante-menden.de\/wordpress\/wp-content\/uploads\/2015\/11\/IMG_8804-150x150.jpg\" class=\"attachment-thumbnail size-thumbnail\" alt=\"\" srcset=\"https:\/\/www.amante-menden.de\/wordpress\/wp-content\/uploads\/2015\/11\/IMG_8804-150x150.jpg 150w, https:\/\/www.amante-menden.de\/wordpress\/wp-content\/uploads\/2015\/11\/IMG_8804-144x144.jpg 144w\" sizes=\"auto, (max-width: 150px) 100vw, 150px\" \/><\/a>\n\t\t\t<\/dt><\/dl><br style=\"clear: both\" \/><dl class='gallery-item'>\n\t\t\t<dt class='gallery-icon landscape'>\n\t\t\t\t<a href='https:\/\/www.amante-menden.de\/?attachment_id=3519'><img loading=\"lazy\" decoding=\"async\" width=\"150\" height=\"150\" src=\"https:\/\/www.amante-menden.de\/wordpress\/wp-content\/uploads\/2015\/11\/IMG_8803-150x150.jpg\" class=\"attachment-thumbnail size-thumbnail\" alt=\"\" srcset=\"https:\/\/www.amante-menden.de\/wordpress\/wp-content\/uploads\/2015\/11\/IMG_8803-150x150.jpg 150w, https:\/\/www.amante-menden.de\/wordpress\/wp-content\/uploads\/2015\/11\/IMG_8803-144x144.jpg 144w\" sizes=\"auto, (max-width: 150px) 100vw, 150px\" \/><\/a>\n\t\t\t<\/dt><\/dl><dl class='gallery-item'>\n\t\t\t<dt class='gallery-icon landscape'>\n\t\t\t\t<a href='https:\/\/www.amante-menden.de\/?attachment_id=3518'><img loading=\"lazy\" decoding=\"async\" width=\"150\" height=\"150\" src=\"https:\/\/www.amante-menden.de\/wordpress\/wp-content\/uploads\/2015\/11\/IMG_8802-150x150.jpg\" class=\"attachment-thumbnail size-thumbnail\" alt=\"\" srcset=\"https:\/\/www.amante-menden.de\/wordpress\/wp-content\/uploads\/2015\/11\/IMG_8802-150x150.jpg 150w, https:\/\/www.amante-menden.de\/wordpress\/wp-content\/uploads\/2015\/11\/IMG_8802-144x144.jpg 144w\" sizes=\"auto, (max-width: 150px) 100vw, 150px\" \/><\/a>\n\t\t\t<\/dt><\/dl><dl class='gallery-item'>\n\t\t\t<dt class='gallery-icon landscape'>\n\t\t\t\t<a href='https:\/\/www.amante-menden.de\/?attachment_id=3517'><img loading=\"lazy\" decoding=\"async\" width=\"150\" height=\"150\" src=\"https:\/\/www.amante-menden.de\/wordpress\/wp-content\/uploads\/2015\/11\/IMG_8801-150x150.jpg\" class=\"attachment-thumbnail size-thumbnail\" alt=\"\" srcset=\"https:\/\/www.amante-menden.de\/wordpress\/wp-content\/uploads\/2015\/11\/IMG_8801-150x150.jpg 150w, https:\/\/www.amante-menden.de\/wordpress\/wp-content\/uploads\/2015\/11\/IMG_8801-144x144.jpg 144w\" sizes=\"auto, (max-width: 150px) 100vw, 150px\" \/><\/a>\n\t\t\t<\/dt><\/dl><br style=\"clear: both\" \/><dl class='gallery-item'>\n\t\t\t<dt class='gallery-icon landscape'>\n\t\t\t\t<a href='https:\/\/www.amante-menden.de\/?attachment_id=3515'><img loading=\"lazy\" decoding=\"async\" width=\"150\" height=\"150\" src=\"https:\/\/www.amante-menden.de\/wordpress\/wp-content\/uploads\/2015\/11\/IMG_8799-150x150.jpg\" class=\"attachment-thumbnail size-thumbnail\" alt=\"\" srcset=\"https:\/\/www.amante-menden.de\/wordpress\/wp-content\/uploads\/2015\/11\/IMG_8799-150x150.jpg 150w, https:\/\/www.amante-menden.de\/wordpress\/wp-content\/uploads\/2015\/11\/IMG_8799-144x144.jpg 144w\" sizes=\"auto, (max-width: 150px) 100vw, 150px\" \/><\/a>\n\t\t\t<\/dt><\/dl>\n\t\t\t<br style='clear: both' \/>\n\t\t<\/div>\n\n<\/div>\n","protected":false},"excerpt":{"rendered":"<p>Am Dienstag, 3. Oktober 2017, hat amante della musica menden zum vierten Mal seit 2014 das Benefizkonzert zum Tag der deutschen Einheit auf der Wilhelmsh\u00f6he in Menden durchgef\u00fchrt. Vom 570-k\u00f6pfigen Publikum gefeierte Mitwirkende waren die Mendener Band \u201eGood Wood\u201c und &hellip; <a href=\"https:\/\/www.amante-menden.de\/?page_id=3536\">Weiterlesen <span class=\"meta-nav\">&rarr;<\/span><\/a><\/p>\n","protected":false},"author":1,"featured_media":0,"parent":3225,"menu_order":1704,"comment_status":"closed","ping_status":"closed","template":"","meta":{"footnotes":""},"class_list":["post-3536","page","type-page","status-publish","hentry"],"_links":{"self":[{"href":"https:\/\/www.amante-menden.de\/index.php?rest_route=\/wp\/v2\/pages\/3536","targetHints":{"allow":["GET"]}}],"collection":[{"href":"https:\/\/www.amante-menden.de\/index.php?rest_route=\/wp\/v2\/pages"}],"about":[{"href":"https:\/\/www.amante-menden.de\/index.php?rest_route=\/wp\/v2\/types\/page"}],"author":[{"embeddable":true,"href":"https:\/\/www.amante-menden.de\/index.php?rest_route=\/wp\/v2\/users\/1"}],"replies":[{"embeddable":true,"href":"https:\/\/www.amante-menden.de\/index.php?rest_route=%2Fwp%2Fv2%2Fcomments&post=3536"}],"version-history":[{"count":1,"href":"https:\/\/www.amante-menden.de\/index.php?rest_route=\/wp\/v2\/pages\/3536\/revisions"}],"predecessor-version":[{"id":3537,"href":"https:\/\/www.amante-menden.de\/index.php?rest_route=\/wp\/v2\/pages\/3536\/revisions\/3537"}],"up":[{"embeddable":true,"href":"https:\/\/www.amante-menden.de\/index.php?rest_route=\/wp\/v2\/pages\/3225"}],"wp:attachment":[{"href":"https:\/\/www.amante-menden.de\/index.php?rest_route=%2Fwp%2Fv2%2Fmedia&parent=3536"}],"curies":[{"name":"wp","href":"https:\/\/api.w.org\/{rel}","templated":true}]}}