{"id":3559,"date":"2017-12-15T11:22:15","date_gmt":"2017-12-15T09:22:15","guid":{"rendered":"http:\/\/www.amante-menden.de\/?page_id=3559"},"modified":"2017-12-15T11:27:27","modified_gmt":"2017-12-15T09:27:27","slug":"amante-trauert-um-ludger-dossler","status":"publish","type":"page","link":"https:\/\/www.amante-menden.de\/?page_id=3559","title":{"rendered":"amante trauert um Ludger Do\u00dfler"},"content":{"rendered":"<p>Am 24.11.2017 starb unser langj\u00e4hriges Mitglied Ludger Do\u00dfler nach kurzer sehr schwerer Krankheit. Die S\u00e4ngerinnen und S\u00e4nger von amante und VokalArt Menden begleiteten seine Beerdigung musikalisch in der Kapelle des\u00a0Katholischer Friedhofs Menden. Ludger sang seit 2001 bei amante zun\u00e4chst im Tenor und dann im Bass. Er war einer unsere verl\u00e4sslichsten und begeistertsten Stimmen.<\/p>\n<p><a href=\"http:\/\/www.amante-menden.de\/wordpress\/wp-content\/uploads\/2017\/12\/ludger.jpg\"><img loading=\"lazy\" decoding=\"async\" class=\"alignnone size-full wp-image-3560\" src=\"http:\/\/www.amante-menden.de\/wordpress\/wp-content\/uploads\/2017\/12\/ludger.jpg\" alt=\"\" width=\"732\" height=\"780\" srcset=\"https:\/\/www.amante-menden.de\/wordpress\/wp-content\/uploads\/2017\/12\/ludger.jpg 732w, https:\/\/www.amante-menden.de\/wordpress\/wp-content\/uploads\/2017\/12\/ludger-282x300.jpg 282w\" sizes=\"auto, (max-width: 732px) 100vw, 732px\" \/><\/a><\/p>\n","protected":false},"excerpt":{"rendered":"<p>Am 24.11.2017 starb unser langj\u00e4hriges Mitglied Ludger Do\u00dfler nach kurzer sehr schwerer Krankheit. Die S\u00e4ngerinnen und S\u00e4nger von amante und VokalArt Menden begleiteten seine Beerdigung musikalisch in der Kapelle des\u00a0Katholischer Friedhofs Menden. Ludger sang seit 2001 bei amante zun\u00e4chst im &hellip; <a href=\"https:\/\/www.amante-menden.de\/?page_id=3559\">Weiterlesen <span class=\"meta-nav\">&rarr;<\/span><\/a><\/p>\n","protected":false},"author":1,"featured_media":0,"parent":3225,"menu_order":1709,"comment_status":"closed","ping_status":"closed","template":"","meta":{"footnotes":""},"class_list":["post-3559","page","type-page","status-publish","hentry"],"_links":{"self":[{"href":"https:\/\/www.amante-menden.de\/index.php?rest_route=\/wp\/v2\/pages\/3559","targetHints":{"allow":["GET"]}}],"collection":[{"href":"https:\/\/www.amante-menden.de\/index.php?rest_route=\/wp\/v2\/pages"}],"about":[{"href":"https:\/\/www.amante-menden.de\/index.php?rest_route=\/wp\/v2\/types\/page"}],"author":[{"embeddable":true,"href":"https:\/\/www.amante-menden.de\/index.php?rest_route=\/wp\/v2\/users\/1"}],"replies":[{"embeddable":true,"href":"https:\/\/www.amante-menden.de\/index.php?rest_route=%2Fwp%2Fv2%2Fcomments&post=3559"}],"version-history":[{"count":2,"href":"https:\/\/www.amante-menden.de\/index.php?rest_route=\/wp\/v2\/pages\/3559\/revisions"}],"predecessor-version":[{"id":3563,"href":"https:\/\/www.amante-menden.de\/index.php?rest_route=\/wp\/v2\/pages\/3559\/revisions\/3563"}],"up":[{"embeddable":true,"href":"https:\/\/www.amante-menden.de\/index.php?rest_route=\/wp\/v2\/pages\/3225"}],"wp:attachment":[{"href":"https:\/\/www.amante-menden.de\/index.php?rest_route=%2Fwp%2Fv2%2Fmedia&parent=3559"}],"curies":[{"name":"wp","href":"https:\/\/api.w.org\/{rel}","templated":true}]}}