{"id":3841,"date":"2019-01-25T11:52:20","date_gmt":"2019-01-25T09:52:20","guid":{"rendered":"http:\/\/www.amante-menden.de\/?page_id=3841"},"modified":"2019-01-25T11:52:20","modified_gmt":"2019-01-25T09:52:20","slug":"jahreshauptversammlung-2019","status":"publish","type":"page","link":"https:\/\/www.amante-menden.de\/?page_id=3841","title":{"rendered":"Jahreshauptversammlung 2019"},"content":{"rendered":"\n<p>Mit dem Meisterchorsingen am 18. Mai in Morsbach und der sechsten Auflage des Benefizkonzertes zum Tag der deutschen Einheit mit dem Landespolizeiorchester NRW auf der Wilhelmsh\u00f6he stellen sich die S\u00e4ngerinnen und S\u00e4nger von amante della musica menden mit ihrem Chorleiter Stefan Risse in diesem Jahr binnen viereinhalb Monaten gleich zwei anspruchsvollen musikalischen Herausforderungen.<\/p>\n\n\n\n<p>Entsprechend f\u00e4hrt\nder f\u00fcnffache Meisterchor auch zwei Mal ins Probewochenende nach\nM\u00fcnster: vom 15. bis 17. Februar sowie vom 30. August bis 1.\nSeptember. Auftritte in Sundern-Hagen, beim Sommerfest der Ch\u00f6re\nunter dem Zeltdach in Menden, in Volkringhausen, im\nGewoge-Seniorenheim in Lendringsen und in Vo\u00dfwinkel runden das\nKalenderjahr neben zahlreichen internen Veranstaltungen ab.<\/p>\n\n\n\n<h3 class=\"wp-block-heading\"><strong>Zwei Probewochenenden in M\u00fcnster<\/strong><\/h3>\n\n\n\n<p>Im Rahmen der\nJahreshauptversammlung am vergangenen Samstag (19. Januar) im Casino\nder Stadtwerke Menden schwor Chorleiter Stefan Risse den Chor auf die\nbevorstehenden Aufgaben samt etlicher Sonderproben ein. Besonders\nerfreulich: F\u00fcnf neue S\u00e4ngerinnen und S\u00e4nger haben sich k\u00fcrzlich\namante angeschlossen, so dass jetzt 50 Aktive den Stamm bilden.<\/p>\n\n\n\n<h3 class=\"wp-block-heading\"><strong>Langj\u00e4hrige Vorstandsmitglieder best\u00e4tigt<\/strong><\/h3>\n\n\n\n<p>Organisatorisch steht amante auch k\u00fcnftig unter der bew\u00e4hrten Regie von <strong>Lars Becker<\/strong>. Der 1. Vorsitzende wurde nicht nur f\u00fcr 25-j\u00e4hrige Mitgliedschaft und 20 Jahre als \u201eChef\u201c des f\u00fcnffachen Meisterchores geehrt, sondern anschlie\u00dfend auch ohne Gegenstimme weiter im Amt best\u00e4tigt.<\/p>\n\n\n\n<p>Notenwart <strong>Tobias Holz<\/strong> wurde ebenfalls zu 20 Jahren im Vorstand begl\u00fcckw\u00fcnscht und ebenfalls f\u00fcr zwei weitere Jahre wiedergew\u00e4hlt.<\/p>\n\n\n\n<p>Au\u00dferdem w\u00e4hlten die Mitglieder <strong>Anja Sch\u00fcrmann<\/strong> (1. Schriftf\u00fchrerin), <strong>Petra Nagel<\/strong> (1. Kassiererin), <strong>Markus Woitzik<\/strong> (2. Kassierer) und <strong>Sabine Baschista<\/strong> (2. Notenwartin). Zum kooptierten Vorstandsmitglied wurde <strong>Matthias Nagel<\/strong> gek\u00fcrt. Neue Kassenpr\u00fcferin ist <strong>Melanie Wrona<\/strong>.<\/p>\n\n\n\n<figure class=\"wp-block-image is-resized\"><img loading=\"lazy\" decoding=\"async\" src=\"http:\/\/www.amante-menden.de\/wordpress\/wp-content\/uploads\/2019\/01\/Vorstand_2019-1024x661.jpg\" alt=\"\" class=\"wp-image-3828\" width=\"704\" height=\"454\" srcset=\"https:\/\/www.amante-menden.de\/wordpress\/wp-content\/uploads\/2019\/01\/Vorstand_2019-1024x661.jpg 1024w, https:\/\/www.amante-menden.de\/wordpress\/wp-content\/uploads\/2019\/01\/Vorstand_2019-300x194.jpg 300w, https:\/\/www.amante-menden.de\/wordpress\/wp-content\/uploads\/2019\/01\/Vorstand_2019-768x496.jpg 768w\" sizes=\"auto, (max-width: 704px) 100vw, 704px\" \/><figcaption>Mit diesem Vorstand geht amante ins Jahr 2019 (von links): Thorsten G\u00fcnner (2. Vorsitzender), Tobias Holz (1. Notenwart), Lars Becker (1. Vorsitzender), Matthias Nagel (kooptiertes Mitglied), Sabine Baschista (2. Notenwartin), Petra Nagel (1. Kassiererin), Martina Stabenau (2. Schriftf\u00fchrerin), Markus Woitzik (2. Kassierer) und Anja Sch\u00fcrmann (1. Schriftf\u00fchrerin).<\/figcaption><\/figure>\n\n\n\n<p>Mehr als 20 Mitglieder wurden im Rahmen der Jahreshauptversammlung f\u00fcr ihre langj\u00e4hrige Treue bzw. Vorstandsarbeit ausgezeichnet. <\/p>\n\n\n\n<h3 class=\"wp-block-heading\"><strong> Alle Ehrungen im \u00dcberblick: <\/strong><\/h3>\n\n\n\n<p><strong>5-j\u00e4hrige Mitgliedschaft:<\/strong> Diana Levermann, Raffael Wallot (beide aktiv), Elisabeth Holz, Doris Klee, Sabine Sommer (alle f\u00f6rdernd)<\/p>\n\n\n\n<p><strong>10-j\u00e4hrige Mitgliedschaft: <\/strong>Sabine Cordes, Monika Rademacher, Martin Schindler, Evelyn Schl\u00fcter, Andreas Niemann (alle aktiv), Ingrid Meyer (f\u00f6rdernd)<\/p>\n\n\n\n<p><strong>15-j\u00e4hrige Mitgliedschaft:<\/strong> Georg Brinkmann, Patrick Brinkmann, Monika Do\u00dfler, Rainer Ferber (alle f\u00f6rdernd)<\/p>\n\n\n\n<p><strong>20-j\u00e4hrige Mitgliedschaft:<\/strong> Hubert Spieler (f\u00f6rdernd)<\/p>\n\n\n\n<p><strong>25-j\u00e4hrige Mitgliedschaft:<\/strong> Lars Becker, Erwin Orlich, Alina Orlich (alle aktiv)<\/p>\n\n\n\n<p><strong>20 Jahre Vorstandsarbeit:<\/strong> Lars Becker (1. Vorsitzender), Tobias Holz (Notenwart)<\/p>\n\n\n\n<figure class=\"wp-block-image is-resized\"><img loading=\"lazy\" decoding=\"async\" src=\"http:\/\/www.amante-menden.de\/wordpress\/wp-content\/uploads\/2019\/01\/Ehrungen_2019_neu-1024x364.jpg\" alt=\"\" class=\"wp-image-3827\" width=\"672\" height=\"239\" srcset=\"https:\/\/www.amante-menden.de\/wordpress\/wp-content\/uploads\/2019\/01\/Ehrungen_2019_neu-1024x364.jpg 1024w, https:\/\/www.amante-menden.de\/wordpress\/wp-content\/uploads\/2019\/01\/Ehrungen_2019_neu-300x107.jpg 300w, https:\/\/www.amante-menden.de\/wordpress\/wp-content\/uploads\/2019\/01\/Ehrungen_2019_neu-768x273.jpg 768w\" sizes=\"auto, (max-width: 672px) 100vw, 672px\" \/><figcaption>Das Foto zeigt einige der Mitglieder, die f\u00fcr ihre langj\u00e4hrige Treue und Vorstandsarbeit ausgezeichnet wurden.<\/figcaption><\/figure>\n","protected":false},"excerpt":{"rendered":"<p>Mit dem Meisterchorsingen am 18. Mai in Morsbach und der sechsten Auflage des Benefizkonzertes zum Tag der deutschen Einheit mit dem Landespolizeiorchester NRW auf der Wilhelmsh\u00f6he stellen sich die S\u00e4ngerinnen und S\u00e4nger von amante della musica menden mit ihrem Chorleiter &hellip; <a href=\"https:\/\/www.amante-menden.de\/?page_id=3841\">Weiterlesen <span class=\"meta-nav\">&rarr;<\/span><\/a><\/p>\n","protected":false},"author":1,"featured_media":0,"parent":3225,"menu_order":1901,"comment_status":"closed","ping_status":"closed","template":"","meta":{"footnotes":""},"class_list":["post-3841","page","type-page","status-publish","hentry"],"_links":{"self":[{"href":"https:\/\/www.amante-menden.de\/index.php?rest_route=\/wp\/v2\/pages\/3841","targetHints":{"allow":["GET"]}}],"collection":[{"href":"https:\/\/www.amante-menden.de\/index.php?rest_route=\/wp\/v2\/pages"}],"about":[{"href":"https:\/\/www.amante-menden.de\/index.php?rest_route=\/wp\/v2\/types\/page"}],"author":[{"embeddable":true,"href":"https:\/\/www.amante-menden.de\/index.php?rest_route=\/wp\/v2\/users\/1"}],"replies":[{"embeddable":true,"href":"https:\/\/www.amante-menden.de\/index.php?rest_route=%2Fwp%2Fv2%2Fcomments&post=3841"}],"version-history":[{"count":1,"href":"https:\/\/www.amante-menden.de\/index.php?rest_route=\/wp\/v2\/pages\/3841\/revisions"}],"predecessor-version":[{"id":3842,"href":"https:\/\/www.amante-menden.de\/index.php?rest_route=\/wp\/v2\/pages\/3841\/revisions\/3842"}],"up":[{"embeddable":true,"href":"https:\/\/www.amante-menden.de\/index.php?rest_route=\/wp\/v2\/pages\/3225"}],"wp:attachment":[{"href":"https:\/\/www.amante-menden.de\/index.php?rest_route=%2Fwp%2Fv2%2Fmedia&parent=3841"}],"curies":[{"name":"wp","href":"https:\/\/api.w.org\/{rel}","templated":true}]}}