{"id":3846,"date":"2019-01-25T11:57:30","date_gmt":"2019-01-25T09:57:30","guid":{"rendered":"http:\/\/www.amante-menden.de\/?page_id=3846"},"modified":"2019-01-25T11:57:30","modified_gmt":"2019-01-25T09:57:30","slug":"konzertreise-nach-irland","status":"publish","type":"page","link":"https:\/\/www.amante-menden.de\/?page_id=3846","title":{"rendered":"Konzertreise nach Irland"},"content":{"rendered":"\n<figure class=\"wp-block-image\"><a href=\"http:\/\/www.amante-menden.de\/wordpress\/wp-content\/uploads\/2018\/10\/img_9880.jpg\"><img loading=\"lazy\" decoding=\"async\" width=\"1024\" height=\"671\" src=\"http:\/\/www.amante-menden.de\/wordpress\/wp-content\/uploads\/2018\/10\/img_9880-1024x671.jpg\" alt=\"\" class=\"wp-image-3717\" srcset=\"https:\/\/www.amante-menden.de\/wordpress\/wp-content\/uploads\/2018\/10\/img_9880-1024x671.jpg 1024w, https:\/\/www.amante-menden.de\/wordpress\/wp-content\/uploads\/2018\/10\/img_9880-300x196.jpg 300w, https:\/\/www.amante-menden.de\/wordpress\/wp-content\/uploads\/2018\/10\/img_9880-768x503.jpg 768w\" sizes=\"auto, (max-width: 1024px) 100vw, 1024px\" \/><\/a><\/figure>\n\n\n\n<p>Zwei gro\u00dfartige Konzerte, dazu vier weitere Auftritte vor beeindruckender Kulisse und viele spannende Einblicke in Land und Leute: amante della musica menden ist mit unz\u00e4hligen positiven Eindr\u00fccken von der einw\u00f6chigen Konzertreise nach Irland zur\u00fcckgekehrt.<\/p>\n\n\n\n<p>Der f\u00fcnffache Meisterchor war nur zehn Tage nach der f\u00fcnften Auflage des Benefizkonzertes zum Tag der deutschen Einheit vom Airport K\u00f6ln\/Bonn in die irische Hauptstadt Dublin geflogen.<\/p>\n\n\n\n<figure class=\"wp-block-image\"><a href=\"http:\/\/www.amante-menden.de\/wordpress\/wp-content\/uploads\/2018\/10\/IMG_2147.jpg\"><img loading=\"lazy\" decoding=\"async\" width=\"300\" height=\"225\" src=\"http:\/\/www.amante-menden.de\/wordpress\/wp-content\/uploads\/2018\/10\/IMG_2147-300x225.jpg\" alt=\"\" class=\"wp-image-3714\" srcset=\"https:\/\/www.amante-menden.de\/wordpress\/wp-content\/uploads\/2018\/10\/IMG_2147-300x225.jpg 300w, https:\/\/www.amante-menden.de\/wordpress\/wp-content\/uploads\/2018\/10\/IMG_2147-768x576.jpg 768w, https:\/\/www.amante-menden.de\/wordpress\/wp-content\/uploads\/2018\/10\/IMG_2147-1024x768.jpg 1024w, https:\/\/www.amante-menden.de\/wordpress\/wp-content\/uploads\/2018\/10\/IMG_2147.jpg 1632w\" sizes=\"auto, (max-width: 300px) 100vw, 300px\" \/><\/a><\/figure>\n\n\n\n<p>Neben 24 aktiven S\u00e4ngerinnen und S\u00e4ngern sowie Chorleiter Stefan Risse bildeten Ehepartner und f\u00f6rdernde Mitglieder die insgesamt fast 40-k\u00f6pfige Mendener Reisegruppe.<\/p>\n\n\n\n<p>Am vierten Tag der Reise standen die beiden Konzerte auf dem Programm. In der ber\u00fchmten St. Patricks-Kathedrale gestaltete amante zun\u00e4chst das 45-min\u00fctige \u201eLunchtime recital\u201c \u2013 die musikalische Andacht zum Mittag.<\/p>\n\n\n\n<p>Insgesamt 14 vor allem sakrale Lieder durfte der Mendener Chor vor zahlreichen Touristen aus aller Welt pr\u00e4sentieren. Au\u00dferdem \u00fcbertrug amante diesen Auftritt live als Video auf seiner Facebookseite im Internet, so dass viele Freunde und daheimgebliebene Mitglieder hautnah dabei sein konnten, als amante G\u00e4nsehaut-Atmosph\u00e4re verspr\u00fchte.<\/p>\n\n\n\n<p><a href=\"https:\/\/www.facebook.com\/amantemenden\/videos\/475832732822785\/\">Hier gibt es das Mittagskonzert in voller L\u00e4nge als Video<\/a><\/p>\n\n\n\n<p>Abends dann stand das Ensemble zusammen <a href=\"https:\/\/cantairi.com\/\">mit dem irischen Kammerchor \u201eCantairi Avondale\u201c<\/a> in der St. Bartholom\u00e4us-Kirche in Dublin auf der B\u00fchne, der f\u00fcr den Besuch der Mendener S\u00e4nger auch einige deutsch-sprachige St\u00fccke von Brahms vorbereitet hatte.<\/p>\n\n\n\n<figure class=\"wp-block-image\"><a href=\"http:\/\/www.amante-menden.de\/wordpress\/wp-content\/uploads\/2018\/10\/IMG_2267.jpg\"><img loading=\"lazy\" decoding=\"async\" width=\"300\" height=\"225\" src=\"http:\/\/www.amante-menden.de\/wordpress\/wp-content\/uploads\/2018\/10\/IMG_2267-300x225.jpg\" alt=\"\" class=\"wp-image-3716\" srcset=\"https:\/\/www.amante-menden.de\/wordpress\/wp-content\/uploads\/2018\/10\/IMG_2267-300x225.jpg 300w, https:\/\/www.amante-menden.de\/wordpress\/wp-content\/uploads\/2018\/10\/IMG_2267-768x576.jpg 768w, https:\/\/www.amante-menden.de\/wordpress\/wp-content\/uploads\/2018\/10\/IMG_2267-1024x768.jpg 1024w\" sizes=\"auto, (max-width: 300px) 100vw, 300px\" \/><\/a><\/figure>\n\n\n\n<p>amante sang hier zus\u00e4tzlich zum kirchlichen Repertoire vom Mittag auch einige Volkslieder und eigens einstudierte irische Weisen.<\/p>\n\n\n\n<p>H\u00f6hepunkt waren die beiden gemeinsamen Liedvortr\u00e4ge \u201eAve verum corpus\u201c von Mozart und \u201eLocus iste\u201c von Bruckner.<\/p>\n\n\n\n<p><a href=\"https:\/\/www.facebook.com\/amantemenden\/videos\/276574022979696\/\">Hier gibt es das \u201eAve verum corpus\u201c von Mozart im Video<\/a><\/p>\n\n\n\n<p>Obwohl der Mendener Chor wegen des enormen Anreiseverkehrs zum Fu\u00dfball-L\u00e4nderspiel Irland-Wales im benachbarten Stadion von Dublin sp\u00e4ter als erwartet in der Kirche angekommen war, klappten beide St\u00fccke schon bei der ersten Probe hervorragend. Die Chorleiter Stefan Risse und John Doyle dirigierten je eines dieser Lieder.<\/p>\n\n\n\n<p>Im Anschluss kamen beide Ch\u00f6re in einem benachbarten Hotel zusammen, stie\u00dfen auf einen gelungenen Abend an und versprachen, den frischen Kontakt aufrecht zu erhalten. Dabei waren an jenem Abend \u00fcbrigens auch vier ganz frische \u201eamante-Fans\u201c, die den Chor bei einem Spontanauftritt am Flughafen K\u00f6ln\/Bonn kennengelernt und ihren Konzertbesuch versprochen hatten.<\/p>\n\n\n\n<figure class=\"wp-block-image\"><a href=\"http:\/\/www.amante-menden.de\/wordpress\/wp-content\/uploads\/2018\/10\/IMG_2205.jpg\"><img loading=\"lazy\" decoding=\"async\" width=\"225\" height=\"300\" src=\"http:\/\/www.amante-menden.de\/wordpress\/wp-content\/uploads\/2018\/10\/IMG_2205-225x300.jpg\" alt=\"\" class=\"wp-image-3718\" srcset=\"https:\/\/www.amante-menden.de\/wordpress\/wp-content\/uploads\/2018\/10\/IMG_2205-225x300.jpg 225w, https:\/\/www.amante-menden.de\/wordpress\/wp-content\/uploads\/2018\/10\/IMG_2205-768x1024.jpg 768w, https:\/\/www.amante-menden.de\/wordpress\/wp-content\/uploads\/2018\/10\/IMG_2205.jpg 1224w\" sizes=\"auto, (max-width: 225px) 100vw, 225px\" \/><\/a><\/figure>\n\n\n\n<p>amante della musica durfte im Rahmen der Konzertreise au\u00dferdem in der restlos gef\u00fcllten alten Bibliothek des Trinity-College in einzigartiger \u201eHarry-Potter-Atmosph\u00e4re\u201c drei Lieder singen. Hier z\u00fcckten selbst die Aufsichtspersonen ihre Handys und filmten den Gesang der Mendener.<\/p>\n\n\n\n<p>In der Klosterruine Glendalough, am alten Herrenhaus in Rossborough sowie in der St. Marien-Kathedrale in Kilkenny gab amante ebenfalls sein K\u00f6nnen zum Besten.<\/p>\n\n\n\n<figure class=\"wp-block-image\"><a href=\"http:\/\/www.amante-menden.de\/wordpress\/wp-content\/uploads\/2018\/10\/IMG_2172.jpg\"><img loading=\"lazy\" decoding=\"async\" width=\"300\" height=\"274\" src=\"http:\/\/www.amante-menden.de\/wordpress\/wp-content\/uploads\/2018\/10\/IMG_2172-300x274.jpg\" alt=\"\" class=\"wp-image-3715\" srcset=\"https:\/\/www.amante-menden.de\/wordpress\/wp-content\/uploads\/2018\/10\/IMG_2172-300x274.jpg 300w, https:\/\/www.amante-menden.de\/wordpress\/wp-content\/uploads\/2018\/10\/IMG_2172-768x702.jpg 768w, https:\/\/www.amante-menden.de\/wordpress\/wp-content\/uploads\/2018\/10\/IMG_2172-1024x936.jpg 1024w, https:\/\/www.amante-menden.de\/wordpress\/wp-content\/uploads\/2018\/10\/IMG_2172.jpg 1070w\" sizes=\"auto, (max-width: 300px) 100vw, 300px\" \/><\/a><\/figure>\n\n\n\n<p>F\u00fcr amante war Dublin das erste Ziel einer Flugreise in der Chorgeschichte. Zuvor hatten Auslandsreisen bereits drei Mal nach Wales sowie nach Wien, Budapest und an den Gardasee gef\u00fchrt. In Deutschland reiste amante bereits jeweils f\u00fcr eine Woche nach M\u00fcnchen, Berlin, Dresden und Bamberg. Die n\u00e4chste Konzertreise soll 2020 stattfinden \u2013 das Ziel ist noch offen.<\/p>\n","protected":false},"excerpt":{"rendered":"<p>Zwei gro\u00dfartige Konzerte, dazu vier weitere Auftritte vor beeindruckender Kulisse und viele spannende Einblicke in Land und Leute: amante della musica menden ist mit unz\u00e4hligen positiven Eindr\u00fccken von der einw\u00f6chigen Konzertreise nach Irland zur\u00fcckgekehrt. Der f\u00fcnffache Meisterchor war nur zehn &hellip; <a href=\"https:\/\/www.amante-menden.de\/?page_id=3846\">Weiterlesen <span class=\"meta-nav\">&rarr;<\/span><\/a><\/p>\n","protected":false},"author":1,"featured_media":0,"parent":3225,"menu_order":1809,"comment_status":"closed","ping_status":"closed","template":"","meta":{"footnotes":""},"class_list":["post-3846","page","type-page","status-publish","hentry"],"_links":{"self":[{"href":"https:\/\/www.amante-menden.de\/index.php?rest_route=\/wp\/v2\/pages\/3846","targetHints":{"allow":["GET"]}}],"collection":[{"href":"https:\/\/www.amante-menden.de\/index.php?rest_route=\/wp\/v2\/pages"}],"about":[{"href":"https:\/\/www.amante-menden.de\/index.php?rest_route=\/wp\/v2\/types\/page"}],"author":[{"embeddable":true,"href":"https:\/\/www.amante-menden.de\/index.php?rest_route=\/wp\/v2\/users\/1"}],"replies":[{"embeddable":true,"href":"https:\/\/www.amante-menden.de\/index.php?rest_route=%2Fwp%2Fv2%2Fcomments&post=3846"}],"version-history":[{"count":1,"href":"https:\/\/www.amante-menden.de\/index.php?rest_route=\/wp\/v2\/pages\/3846\/revisions"}],"predecessor-version":[{"id":3847,"href":"https:\/\/www.amante-menden.de\/index.php?rest_route=\/wp\/v2\/pages\/3846\/revisions\/3847"}],"up":[{"embeddable":true,"href":"https:\/\/www.amante-menden.de\/index.php?rest_route=\/wp\/v2\/pages\/3225"}],"wp:attachment":[{"href":"https:\/\/www.amante-menden.de\/index.php?rest_route=%2Fwp%2Fv2%2Fmedia&parent=3846"}],"curies":[{"name":"wp","href":"https:\/\/api.w.org\/{rel}","templated":true}]}}