{"id":3853,"date":"2019-01-25T12:04:20","date_gmt":"2019-01-25T10:04:20","guid":{"rendered":"http:\/\/www.amante-menden.de\/?page_id=3853"},"modified":"2019-01-25T12:04:20","modified_gmt":"2019-01-25T10:04:20","slug":"chorfestival-querbeet-eisborn","status":"publish","type":"page","link":"https:\/\/www.amante-menden.de\/?page_id=3853","title":{"rendered":"Chorfestival Querbeet Eisborn"},"content":{"rendered":"\n<p><\/p>\n\n\n\n<figure class=\"wp-block-image\"><a href=\"http:\/\/www.amante-menden.de\/wordpress\/wp-content\/uploads\/2018\/04\/IMG_0411.jpg\"><img loading=\"lazy\" decoding=\"async\" width=\"1024\" height=\"768\" src=\"http:\/\/www.amante-menden.de\/wordpress\/wp-content\/uploads\/2018\/04\/IMG_0411-1024x768.jpg\" alt=\"\" class=\"wp-image-3642\" srcset=\"https:\/\/www.amante-menden.de\/wordpress\/wp-content\/uploads\/2018\/04\/IMG_0411-1024x768.jpg 1024w, https:\/\/www.amante-menden.de\/wordpress\/wp-content\/uploads\/2018\/04\/IMG_0411-300x225.jpg 300w, https:\/\/www.amante-menden.de\/wordpress\/wp-content\/uploads\/2018\/04\/IMG_0411-768x576.jpg 768w\" sizes=\"auto, (max-width: 1024px) 100vw, 1024px\" \/><\/a><\/figure>\n\n\n\n<p>Chorleiter Stefan Risse und Altistin Pia erkl\u00e4ren und demonstrieren die Choreo zu \u201eHit the road, Jack\u201c. Foto: Lars Becker<\/p>\n\n\n\n<p>Anl\u00e4sslich&nbsp;des 45-j\u00e4hrigen Bestehens des Frauenchores Querbeet Eisborn war&nbsp; amante della musica menden am Sonntag, 29. April, zu Gast in der Sch\u00fctzenhalle Eisborn.<\/p>\n\n\n\n<p>Beim sogenannten \u201eMitsingkonzert\u201c am Nachmittag wirkten neben den Gastgeberinnen unter der Leitung von Kreischorleiter Heinz-Dieter Baumeister auch noch die Chorgemeinschaft Altenaffeln und der M\u00e4nnerchor Lendringsen mit \u2013 jeweils unter der Leitung von Hermann Diebecker.<\/p>\n\n\n\n<figure class=\"wp-block-image\"><a href=\"http:\/\/www.amante-menden.de\/wordpress\/wp-content\/uploads\/2018\/04\/IMG_0413.jpg\"><img loading=\"lazy\" decoding=\"async\" width=\"225\" height=\"300\" src=\"http:\/\/www.amante-menden.de\/wordpress\/wp-content\/uploads\/2018\/04\/IMG_0413-225x300.jpg\" alt=\"\" class=\"wp-image-3643\" srcset=\"https:\/\/www.amante-menden.de\/wordpress\/wp-content\/uploads\/2018\/04\/IMG_0413-225x300.jpg 225w, https:\/\/www.amante-menden.de\/wordpress\/wp-content\/uploads\/2018\/04\/IMG_0413-768x1024.jpg 768w\" sizes=\"auto, (max-width: 225px) 100vw, 225px\" \/><\/a><\/figure>\n\n\n\n<p>amante betrat als letzter Chor die B\u00fchne und hatte neun Songs f\u00fcr den halbst\u00fcndigen Auftritt vorbereitet \u2013 nat\u00fcrlich waren Noten auf der B\u00fchne wieder tabu.<\/p>\n\n\n\n<p>Los ging es mit \u201eViva la musica\u201c von Ivan Er\u00f6d \u2013 aus dem schlichten Kanon wird hier eine flotte und leidenschaftliche Liebeserkl\u00e4rung an die Musik. Es folgten \u201eSomething stupid\u201c samt Rumba-Tanzeinlage des Chores sowie \u201eWithout you\u201c, beide Liebeslieder gesetzt von Carsten Gerlitz.<\/p>\n\n\n\n<figure class=\"wp-block-image\"><a href=\"http:\/\/www.amante-menden.de\/wordpress\/wp-content\/uploads\/2018\/04\/IMG_0408.jpg\"><img loading=\"lazy\" decoding=\"async\" width=\"1024\" height=\"768\" src=\"http:\/\/www.amante-menden.de\/wordpress\/wp-content\/uploads\/2018\/04\/IMG_0408-1024x768.jpg\" alt=\"\" class=\"wp-image-3641\" srcset=\"https:\/\/www.amante-menden.de\/wordpress\/wp-content\/uploads\/2018\/04\/IMG_0408-1024x768.jpg 1024w, https:\/\/www.amante-menden.de\/wordpress\/wp-content\/uploads\/2018\/04\/IMG_0408-300x225.jpg 300w, https:\/\/www.amante-menden.de\/wordpress\/wp-content\/uploads\/2018\/04\/IMG_0408-768x576.jpg 768w\" sizes=\"auto, (max-width: 1024px) 100vw, 1024px\" \/><\/a><\/figure>\n\n\n\n<p>Das Publikum machte die amante-Choreo bei \u201eHit the road, Jack\u201c hervorragend mit. Foto: Lars Becker<\/p>\n\n\n\n<p>Nach einem Volkslied-Block mit \u201eO du sch\u00f6ner Rosengarten\u201c, \u201eMuss i denn zum St\u00e4dtele naus\u201c und \u201eHab mein Wage vollgelade\u201c f\u00fchrte amante dann erstmals \u201eFix you\u201c von Coldplay im Satz von Martin Seiler auf. Hier singt der Chor zehnstimmig, dazu kommt die Sopran-Leadstimme, gesungen von Nicole Becker und Melanie Wrona. Und siehe da: Auch in kleinerer Besetzung lief es wie am Schn\u00fcrchen.<\/p>\n\n\n\n<figure class=\"wp-block-image\"><a href=\"http:\/\/www.amante-menden.de\/wordpress\/wp-content\/uploads\/2018\/04\/IMG_0399.jpg\"><img loading=\"lazy\" decoding=\"async\" width=\"1024\" height=\"768\" src=\"http:\/\/www.amante-menden.de\/wordpress\/wp-content\/uploads\/2018\/04\/IMG_0399-1024x768.jpg\" alt=\"\" class=\"wp-image-3638\" srcset=\"https:\/\/www.amante-menden.de\/wordpress\/wp-content\/uploads\/2018\/04\/IMG_0399-1024x768.jpg 1024w, https:\/\/www.amante-menden.de\/wordpress\/wp-content\/uploads\/2018\/04\/IMG_0399-300x225.jpg 300w, https:\/\/www.amante-menden.de\/wordpress\/wp-content\/uploads\/2018\/04\/IMG_0399-768x576.jpg 768w\" sizes=\"auto, (max-width: 1024px) 100vw, 1024px\" \/><\/a><\/figure>\n\n\n\n<p>Der Frauenchor Querbeet Eisborn mit Chorleiter Heinz-Dieter Baumeister. Foto: Lars Becker<\/p>\n\n\n\n<p>Im Anschluss lie\u00df amante \u201eThe earth is my mother\u201c erklingen und riss damit das&nbsp; Publikum mit \u2013 um dann beim \u201eEvening rise\u201c (Solo: Andrea Ferber) wieder ruhige T\u00f6ne anzuschlagen.<\/p>\n\n\n\n<figure class=\"wp-block-image\"><a href=\"http:\/\/www.amante-menden.de\/wordpress\/wp-content\/uploads\/2018\/04\/IMG_0403.jpg\"><img loading=\"lazy\" decoding=\"async\" width=\"1024\" height=\"768\" src=\"http:\/\/www.amante-menden.de\/wordpress\/wp-content\/uploads\/2018\/04\/IMG_0403-1024x768.jpg\" alt=\"\" class=\"wp-image-3639\" srcset=\"https:\/\/www.amante-menden.de\/wordpress\/wp-content\/uploads\/2018\/04\/IMG_0403-1024x768.jpg 1024w, https:\/\/www.amante-menden.de\/wordpress\/wp-content\/uploads\/2018\/04\/IMG_0403-300x225.jpg 300w, https:\/\/www.amante-menden.de\/wordpress\/wp-content\/uploads\/2018\/04\/IMG_0403-768x576.jpg 768w\" sizes=\"auto, (max-width: 1024px) 100vw, 1024px\" \/><\/a><\/figure>\n\n\n\n<p>Die Chorgemeinschaft Altenaffeln unter der Leitung von Hermann Diebecker. Foto: Lars Becker<\/p>\n\n\n\n<p>Zum Abschluss als Mitmachsong hatte Stefan Risse \u201eHit the road, Jack\u201c ausgew\u00e4hlt. Anders als bei den anderen Ch\u00f6ren mussten bzw. durften die Zuh\u00f6rerinnen und Zuh\u00f6rern aber nicht mitsingen, sondern die Choreografie mitmachen, die Risse gemeinsam mit Altistin Pia vormachte. Und siehe da: Das Ergebnis war spitze! Das Publikum stand tats\u00e4chlich komplett auf und machte nach, was da von der B\u00fchne kam. Ein tolles Erlebnis und ein gelungener Abschluss des Konzertnachmittages.<\/p>\n\n\n\n<figure class=\"wp-block-image\"><a href=\"http:\/\/www.amante-menden.de\/wordpress\/wp-content\/uploads\/2018\/04\/IMG_0405.jpg\"><img loading=\"lazy\" decoding=\"async\" width=\"1024\" height=\"768\" src=\"http:\/\/www.amante-menden.de\/wordpress\/wp-content\/uploads\/2018\/04\/IMG_0405-1024x768.jpg\" alt=\"\" class=\"wp-image-3640\" srcset=\"https:\/\/www.amante-menden.de\/wordpress\/wp-content\/uploads\/2018\/04\/IMG_0405-1024x768.jpg 1024w, https:\/\/www.amante-menden.de\/wordpress\/wp-content\/uploads\/2018\/04\/IMG_0405-300x225.jpg 300w, https:\/\/www.amante-menden.de\/wordpress\/wp-content\/uploads\/2018\/04\/IMG_0405-768x576.jpg 768w\" sizes=\"auto, (max-width: 1024px) 100vw, 1024px\" \/><\/a><\/figure>\n\n\n\n<p>Der M\u00e4nnerchor Lendringsen unter der Leitung von Hermann Diebecker. Foto: Lars Becker<\/p>\n\n\n\n<p>F\u00fcr amante war das Konzert in Eisborn der einzige \u00f6ffentliche Auftritt bis zur 5. Auflage des eigenen Benefizkonzertes am Tag der deutschen Einheit auf der Wilhelmsh\u00f6he. <a href=\"http:\/\/www.amante-menden.de\/?page_id=1352\">Dazu gibt es alle Infos hier, der Vorverkauf hat begonnen.<\/a><\/p>\n","protected":false},"excerpt":{"rendered":"<p>Chorleiter Stefan Risse und Altistin Pia erkl\u00e4ren und demonstrieren die Choreo zu \u201eHit the road, Jack\u201c. Foto: Lars Becker Anl\u00e4sslich&nbsp;des 45-j\u00e4hrigen Bestehens des Frauenchores Querbeet Eisborn war&nbsp; amante della musica menden am Sonntag, 29. April, zu Gast in der Sch\u00fctzenhalle &hellip; <a href=\"https:\/\/www.amante-menden.de\/?page_id=3853\">Weiterlesen <span class=\"meta-nav\">&rarr;<\/span><\/a><\/p>\n","protected":false},"author":1,"featured_media":0,"parent":3225,"menu_order":1807,"comment_status":"closed","ping_status":"closed","template":"","meta":{"footnotes":""},"class_list":["post-3853","page","type-page","status-publish","hentry"],"_links":{"self":[{"href":"https:\/\/www.amante-menden.de\/index.php?rest_route=\/wp\/v2\/pages\/3853","targetHints":{"allow":["GET"]}}],"collection":[{"href":"https:\/\/www.amante-menden.de\/index.php?rest_route=\/wp\/v2\/pages"}],"about":[{"href":"https:\/\/www.amante-menden.de\/index.php?rest_route=\/wp\/v2\/types\/page"}],"author":[{"embeddable":true,"href":"https:\/\/www.amante-menden.de\/index.php?rest_route=\/wp\/v2\/users\/1"}],"replies":[{"embeddable":true,"href":"https:\/\/www.amante-menden.de\/index.php?rest_route=%2Fwp%2Fv2%2Fcomments&post=3853"}],"version-history":[{"count":1,"href":"https:\/\/www.amante-menden.de\/index.php?rest_route=\/wp\/v2\/pages\/3853\/revisions"}],"predecessor-version":[{"id":3854,"href":"https:\/\/www.amante-menden.de\/index.php?rest_route=\/wp\/v2\/pages\/3853\/revisions\/3854"}],"up":[{"embeddable":true,"href":"https:\/\/www.amante-menden.de\/index.php?rest_route=\/wp\/v2\/pages\/3225"}],"wp:attachment":[{"href":"https:\/\/www.amante-menden.de\/index.php?rest_route=%2Fwp%2Fv2%2Fmedia&parent=3853"}],"curies":[{"name":"wp","href":"https:\/\/api.w.org\/{rel}","templated":true}]}}