{"id":3881,"date":"2019-03-10T11:44:02","date_gmt":"2019-03-10T09:44:02","guid":{"rendered":"http:\/\/www.amante-menden.de\/?page_id=3881"},"modified":"2020-02-17T16:02:20","modified_gmt":"2020-02-17T14:02:20","slug":"probenwochenende-muenster","status":"publish","type":"page","link":"https:\/\/www.amante-menden.de\/?page_id=3881","title":{"rendered":"Probenwochenende M\u00fcnster"},"content":{"rendered":"\n<p>Vom 15. bis 17. Februar 2019 fuhr amante als Vorbereitung auf das Meisterchorsingen am 18. Mai in Morsbach auf ein Probenwochenende in M\u00fcnster an den Aasee. Als Gast coachte die S\u00e4ngerinnen und S\u00e4nger Cornelia Fisch aus Soest!<\/p>\n\n\n\n<figure class=\"wp-block-image\"><img loading=\"lazy\" decoding=\"async\" width=\"1024\" height=\"721\" src=\"http:\/\/www.amante-menden.de\/wordpress\/wp-content\/uploads\/2019\/03\/IMG_0915-3-e1552210931146-1024x721.jpg\" alt=\"\" class=\"wp-image-3893\" srcset=\"https:\/\/www.amante-menden.de\/wordpress\/wp-content\/uploads\/2019\/03\/IMG_0915-3-e1552210931146-1024x721.jpg 1024w, https:\/\/www.amante-menden.de\/wordpress\/wp-content\/uploads\/2019\/03\/IMG_0915-3-e1552210931146-300x211.jpg 300w, https:\/\/www.amante-menden.de\/wordpress\/wp-content\/uploads\/2019\/03\/IMG_0915-3-e1552210931146-768x541.jpg 768w\" sizes=\"auto, (max-width: 1024px) 100vw, 1024px\" \/><\/figure>\n\n\n\n<figure class=\"wp-block-gallery columns-3 is-cropped wp-block-gallery-1 is-layout-flex wp-block-gallery-is-layout-flex\"><ul class=\"blocks-gallery-grid\"><li class=\"blocks-gallery-item\"><figure><img loading=\"lazy\" decoding=\"async\" width=\"1024\" height=\"683\" src=\"http:\/\/www.amante-menden.de\/wordpress\/wp-content\/uploads\/2019\/03\/IMG_1007-1024x683.jpg\" alt=\"\" data-id=\"3889\" data-link=\"http:\/\/www.amante-menden.de\/?attachment_id=3889\" class=\"wp-image-3889\" srcset=\"https:\/\/www.amante-menden.de\/wordpress\/wp-content\/uploads\/2019\/03\/IMG_1007-1024x683.jpg 1024w, https:\/\/www.amante-menden.de\/wordpress\/wp-content\/uploads\/2019\/03\/IMG_1007-300x200.jpg 300w, https:\/\/www.amante-menden.de\/wordpress\/wp-content\/uploads\/2019\/03\/IMG_1007-768x512.jpg 768w\" sizes=\"auto, (max-width: 1024px) 100vw, 1024px\" \/><\/figure><\/li><li class=\"blocks-gallery-item\"><figure><img loading=\"lazy\" decoding=\"async\" width=\"1024\" height=\"683\" src=\"http:\/\/www.amante-menden.de\/wordpress\/wp-content\/uploads\/2019\/03\/IMG_0979-1024x683.jpg\" alt=\"\" data-id=\"3888\" data-link=\"http:\/\/www.amante-menden.de\/?attachment_id=3888\" class=\"wp-image-3888\" srcset=\"https:\/\/www.amante-menden.de\/wordpress\/wp-content\/uploads\/2019\/03\/IMG_0979-1024x683.jpg 1024w, https:\/\/www.amante-menden.de\/wordpress\/wp-content\/uploads\/2019\/03\/IMG_0979-300x200.jpg 300w, https:\/\/www.amante-menden.de\/wordpress\/wp-content\/uploads\/2019\/03\/IMG_0979-768x512.jpg 768w\" sizes=\"auto, (max-width: 1024px) 100vw, 1024px\" \/><\/figure><\/li><li class=\"blocks-gallery-item\"><figure><img loading=\"lazy\" decoding=\"async\" width=\"1024\" height=\"683\" src=\"http:\/\/www.amante-menden.de\/wordpress\/wp-content\/uploads\/2019\/03\/IMG_0970-1024x683.jpg\" alt=\"\" data-id=\"3887\" data-link=\"http:\/\/www.amante-menden.de\/?attachment_id=3887\" class=\"wp-image-3887\" srcset=\"https:\/\/www.amante-menden.de\/wordpress\/wp-content\/uploads\/2019\/03\/IMG_0970-1024x683.jpg 1024w, https:\/\/www.amante-menden.de\/wordpress\/wp-content\/uploads\/2019\/03\/IMG_0970-300x200.jpg 300w, https:\/\/www.amante-menden.de\/wordpress\/wp-content\/uploads\/2019\/03\/IMG_0970-768x512.jpg 768w\" sizes=\"auto, (max-width: 1024px) 100vw, 1024px\" \/><\/figure><\/li><li class=\"blocks-gallery-item\"><figure><img loading=\"lazy\" decoding=\"async\" width=\"1024\" height=\"683\" src=\"http:\/\/www.amante-menden.de\/wordpress\/wp-content\/uploads\/2019\/03\/IMG_0969-1024x683.jpg\" alt=\"\" data-id=\"3886\" data-link=\"http:\/\/www.amante-menden.de\/?attachment_id=3886\" class=\"wp-image-3886\" srcset=\"https:\/\/www.amante-menden.de\/wordpress\/wp-content\/uploads\/2019\/03\/IMG_0969-1024x683.jpg 1024w, https:\/\/www.amante-menden.de\/wordpress\/wp-content\/uploads\/2019\/03\/IMG_0969-300x200.jpg 300w, https:\/\/www.amante-menden.de\/wordpress\/wp-content\/uploads\/2019\/03\/IMG_0969-768x512.jpg 768w\" sizes=\"auto, (max-width: 1024px) 100vw, 1024px\" \/><\/figure><\/li><li class=\"blocks-gallery-item\"><figure><img loading=\"lazy\" decoding=\"async\" width=\"1024\" height=\"683\" src=\"http:\/\/www.amante-menden.de\/wordpress\/wp-content\/uploads\/2019\/03\/IMG_0950-1024x683.jpg\" alt=\"\" data-id=\"3885\" data-link=\"http:\/\/www.amante-menden.de\/?attachment_id=3885\" class=\"wp-image-3885\" srcset=\"https:\/\/www.amante-menden.de\/wordpress\/wp-content\/uploads\/2019\/03\/IMG_0950-1024x683.jpg 1024w, https:\/\/www.amante-menden.de\/wordpress\/wp-content\/uploads\/2019\/03\/IMG_0950-300x200.jpg 300w, https:\/\/www.amante-menden.de\/wordpress\/wp-content\/uploads\/2019\/03\/IMG_0950-768x512.jpg 768w\" sizes=\"auto, (max-width: 1024px) 100vw, 1024px\" \/><\/figure><\/li><li class=\"blocks-gallery-item\"><figure><img loading=\"lazy\" decoding=\"async\" width=\"683\" height=\"1024\" src=\"http:\/\/www.amante-menden.de\/wordpress\/wp-content\/uploads\/2019\/03\/IMG_0906-e1552210681761-683x1024.jpg\" alt=\"\" data-id=\"3883\" data-link=\"http:\/\/www.amante-menden.de\/?attachment_id=3883\" class=\"wp-image-3883\" srcset=\"https:\/\/www.amante-menden.de\/wordpress\/wp-content\/uploads\/2019\/03\/IMG_0906-e1552210681761-683x1024.jpg 683w, https:\/\/www.amante-menden.de\/wordpress\/wp-content\/uploads\/2019\/03\/IMG_0906-e1552210681761-200x300.jpg 200w, https:\/\/www.amante-menden.de\/wordpress\/wp-content\/uploads\/2019\/03\/IMG_0906-e1552210681761-768x1152.jpg 768w\" sizes=\"auto, (max-width: 683px) 100vw, 683px\" \/><\/figure><\/li><li class=\"blocks-gallery-item\"><figure><img loading=\"lazy\" decoding=\"async\" width=\"1024\" height=\"683\" src=\"http:\/\/www.amante-menden.de\/wordpress\/wp-content\/uploads\/2019\/03\/IMG_0961-1024x683.jpg\" alt=\"\" data-id=\"3882\" data-link=\"http:\/\/www.amante-menden.de\/?attachment_id=3882\" class=\"wp-image-3882\" srcset=\"https:\/\/www.amante-menden.de\/wordpress\/wp-content\/uploads\/2019\/03\/IMG_0961-1024x683.jpg 1024w, https:\/\/www.amante-menden.de\/wordpress\/wp-content\/uploads\/2019\/03\/IMG_0961-300x200.jpg 300w, https:\/\/www.amante-menden.de\/wordpress\/wp-content\/uploads\/2019\/03\/IMG_0961-768x512.jpg 768w\" sizes=\"auto, (max-width: 1024px) 100vw, 1024px\" \/><\/figure><\/li><li class=\"blocks-gallery-item\"><figure><img loading=\"lazy\" decoding=\"async\" width=\"1024\" height=\"641\" src=\"http:\/\/www.amante-menden.de\/wordpress\/wp-content\/uploads\/2019\/03\/Gruppe-1024x641.jpg\" alt=\"\" data-id=\"3875\" data-link=\"http:\/\/www.amante-menden.de\/?attachment_id=3875\" class=\"wp-image-3875\" srcset=\"https:\/\/www.amante-menden.de\/wordpress\/wp-content\/uploads\/2019\/03\/Gruppe-1024x641.jpg 1024w, https:\/\/www.amante-menden.de\/wordpress\/wp-content\/uploads\/2019\/03\/Gruppe-300x188.jpg 300w, https:\/\/www.amante-menden.de\/wordpress\/wp-content\/uploads\/2019\/03\/Gruppe-768x481.jpg 768w\" sizes=\"auto, (max-width: 1024px) 100vw, 1024px\" \/><\/figure><\/li><\/ul><\/figure>\n\n\n\n<p><\/p>\n","protected":false},"excerpt":{"rendered":"<p>Vom 15. bis 17. Februar 2019 fuhr amante als Vorbereitung auf das Meisterchorsingen am 18. Mai in Morsbach auf ein Probenwochenende in M\u00fcnster an den Aasee. Als Gast coachte die S\u00e4ngerinnen und S\u00e4nger Cornelia Fisch aus Soest!<\/p>\n","protected":false},"author":1,"featured_media":0,"parent":3225,"menu_order":1902,"comment_status":"closed","ping_status":"closed","template":"","meta":{"footnotes":""},"class_list":["post-3881","page","type-page","status-publish","hentry"],"_links":{"self":[{"href":"https:\/\/www.amante-menden.de\/index.php?rest_route=\/wp\/v2\/pages\/3881","targetHints":{"allow":["GET"]}}],"collection":[{"href":"https:\/\/www.amante-menden.de\/index.php?rest_route=\/wp\/v2\/pages"}],"about":[{"href":"https:\/\/www.amante-menden.de\/index.php?rest_route=\/wp\/v2\/types\/page"}],"author":[{"embeddable":true,"href":"https:\/\/www.amante-menden.de\/index.php?rest_route=\/wp\/v2\/users\/1"}],"replies":[{"embeddable":true,"href":"https:\/\/www.amante-menden.de\/index.php?rest_route=%2Fwp%2Fv2%2Fcomments&post=3881"}],"version-history":[{"count":4,"href":"https:\/\/www.amante-menden.de\/index.php?rest_route=\/wp\/v2\/pages\/3881\/revisions"}],"predecessor-version":[{"id":4188,"href":"https:\/\/www.amante-menden.de\/index.php?rest_route=\/wp\/v2\/pages\/3881\/revisions\/4188"}],"up":[{"embeddable":true,"href":"https:\/\/www.amante-menden.de\/index.php?rest_route=\/wp\/v2\/pages\/3225"}],"wp:attachment":[{"href":"https:\/\/www.amante-menden.de\/index.php?rest_route=%2Fwp%2Fv2%2Fmedia&parent=3881"}],"curies":[{"name":"wp","href":"https:\/\/api.w.org\/{rel}","templated":true}]}}