{"id":4131,"date":"2020-02-06T09:26:11","date_gmt":"2020-02-06T07:26:11","guid":{"rendered":"http:\/\/www.amante-menden.de\/?page_id=4131"},"modified":"2020-04-19T15:27:25","modified_gmt":"2020-04-19T13:27:25","slug":"stehende-ovationen-fuer-meisterchor-und-orchester","status":"publish","type":"page","link":"https:\/\/www.amante-menden.de\/?page_id=4131","title":{"rendered":"Stehende Ovationen f\u00fcr Meisterchor und Orchester"},"content":{"rendered":"\n<figure class=\"wp-block-image\"><img loading=\"lazy\" decoding=\"async\" width=\"1024\" height=\"683\" src=\"http:\/\/www.amante-menden.de\/wordpress\/wp-content\/uploads\/2019\/10\/3cqU4u4b-1024x683.jpeg\" alt=\"\" class=\"wp-image-4044\" srcset=\"https:\/\/www.amante-menden.de\/wordpress\/wp-content\/uploads\/2019\/10\/3cqU4u4b-1024x683.jpeg 1024w, https:\/\/www.amante-menden.de\/wordpress\/wp-content\/uploads\/2019\/10\/3cqU4u4b-300x200.jpeg 300w, https:\/\/www.amante-menden.de\/wordpress\/wp-content\/uploads\/2019\/10\/3cqU4u4b-768x512.jpeg 768w\" sizes=\"auto, (max-width: 1024px) 100vw, 1024px\" \/><\/figure>\n\n\n\n<p>Mehr als 500 restlos begeisterte G\u00e4ste, drei gl\u00fcckliche Spendenempf\u00e4nger und zwei bestens aufgelegte Klangk\u00f6rper: Die sechste Auflage des Benefizkonzertes zum Tag der deutschen Einheit hat am Donnerstagabend (3.10.2019) alle Erwartungen \u00fcbertroffen.<\/p>\n\n\n\n<h4 class=\"wp-block-heading\">Stimmungsvolles Licht und erstklassiger Sound<\/h4>\n\n\n\n<p>amante (Leitung Stefan Risse) und das Landespolizeiorchester Nordrhein-Westfalen (Leitung Scott Lawton) spielten sich in wunderbaren Lichtstimmungen, die die <a href=\"https:\/\/www.mainmix.de\/\">Technik-Profis von \u201eMainmix on Stage\u201c aus Schwerte<\/a> wie in den Vorjahren ebenso auf die Wilhelmsh\u00f6he zauberten wie einen erstklassigen Sound, gekonnt den musikalischen Ball zu mit einer Mischung aus Ohrw\u00fcrmern, Volksliedern, Pop-Songs und atmosph\u00e4rischen Kl\u00e4ngen.  <\/p>\n\n\n\n<figure class=\"wp-block-image\"><img loading=\"lazy\" decoding=\"async\" width=\"1024\" height=\"683\" src=\"http:\/\/www.amante-menden.de\/wordpress\/wp-content\/uploads\/2019\/10\/lpo-1024x683.jpeg\" alt=\"\" class=\"wp-image-4046\" srcset=\"https:\/\/www.amante-menden.de\/wordpress\/wp-content\/uploads\/2019\/10\/lpo-1024x683.jpeg 1024w, https:\/\/www.amante-menden.de\/wordpress\/wp-content\/uploads\/2019\/10\/lpo-300x200.jpeg 300w, https:\/\/www.amante-menden.de\/wordpress\/wp-content\/uploads\/2019\/10\/lpo-768x512.jpeg 768w\" sizes=\"auto, (max-width: 1024px) 100vw, 1024px\" \/><\/figure>\n\n\n\n<p>Schon w\u00e4hrend des Konzertes gab es beispielsweise \u201eStanding ovations\u201c f\u00fcr Solist Oliver Schmitt, als dieser Frank Sinatras Hit \u201eMy way\u201c gemeinsam mit dem Orchester mitrei\u00dfend interpretierte. <\/p>\n\n\n\n<figure class=\"wp-block-image\"><img loading=\"lazy\" decoding=\"async\" width=\"768\" height=\"1024\" src=\"http:\/\/www.amante-menden.de\/wordpress\/wp-content\/uploads\/2019\/10\/edf1822b-a20b-4e33-b69f-651df196a478-768x1024.jpg\" alt=\"\" class=\"wp-image-4056\" srcset=\"https:\/\/www.amante-menden.de\/wordpress\/wp-content\/uploads\/2019\/10\/edf1822b-a20b-4e33-b69f-651df196a478-768x1024.jpg 768w, https:\/\/www.amante-menden.de\/wordpress\/wp-content\/uploads\/2019\/10\/edf1822b-a20b-4e33-b69f-651df196a478-225x300.jpg 225w, https:\/\/www.amante-menden.de\/wordpress\/wp-content\/uploads\/2019\/10\/edf1822b-a20b-4e33-b69f-651df196a478.jpg 1200w\" sizes=\"auto, (max-width: 768px) 100vw, 768px\" \/><\/figure>\n\n\n\n<p><a href=\"https:\/\/oliverschmitt.net\/\">Der \u201esingende Kommissar\u201c aus Aachen<\/a>, der auch schon in der Lanxess Arena in K\u00f6ln oder in der Dortmunder Westfalenhalle auf der B\u00fchne stand, war eine absolute Bereicherung f\u00fcr das Konzert.<\/p>\n\n\n\n<figure class=\"wp-block-image\"><img loading=\"lazy\" decoding=\"async\" width=\"1024\" height=\"468\" src=\"http:\/\/www.amante-menden.de\/wordpress\/wp-content\/uploads\/2019\/10\/GQWz_yIA-e1570190610608-1024x468.jpeg\" alt=\"\" class=\"wp-image-4045\" srcset=\"https:\/\/www.amante-menden.de\/wordpress\/wp-content\/uploads\/2019\/10\/GQWz_yIA-e1570190610608-1024x468.jpeg 1024w, https:\/\/www.amante-menden.de\/wordpress\/wp-content\/uploads\/2019\/10\/GQWz_yIA-e1570190610608-300x137.jpeg 300w, https:\/\/www.amante-menden.de\/wordpress\/wp-content\/uploads\/2019\/10\/GQWz_yIA-e1570190610608-768x351.jpeg 768w, https:\/\/www.amante-menden.de\/wordpress\/wp-content\/uploads\/2019\/10\/GQWz_yIA-e1570190610608.jpeg 2048w\" sizes=\"auto, (max-width: 1024px) 100vw, 1024px\" \/><\/figure>\n\n\n\n<p>Vor den Zugaben von Orchester (Radetzky-Marsch) und sechsfachem Meisterchor (Als wir j\u00fcngst in Regensburg waren) hielt es dann niemanden mehr auf den Sitzen \u2013 Menden feierte den 3. Oktober so enthusiastisch wie vielleicht noch bei keiner der anderen Auflage des Konzertes zuvor. <\/p>\n\n\n\n<h4 class=\"wp-block-heading\">Schirmherr Gemke lobt amante-Engagement<\/h4>\n\n\n\n<figure class=\"wp-block-image\"><img loading=\"lazy\" decoding=\"async\" width=\"1024\" height=\"768\" src=\"http:\/\/www.amante-menden.de\/wordpress\/wp-content\/uploads\/2019\/10\/386c9be3-3a41-47a4-a93a-fc3609aacf05-1024x768.jpg\" alt=\"\" class=\"wp-image-4053\" srcset=\"https:\/\/www.amante-menden.de\/wordpress\/wp-content\/uploads\/2019\/10\/386c9be3-3a41-47a4-a93a-fc3609aacf05-1024x768.jpg 1024w, https:\/\/www.amante-menden.de\/wordpress\/wp-content\/uploads\/2019\/10\/386c9be3-3a41-47a4-a93a-fc3609aacf05-300x225.jpg 300w, https:\/\/www.amante-menden.de\/wordpress\/wp-content\/uploads\/2019\/10\/386c9be3-3a41-47a4-a93a-fc3609aacf05-768x576.jpg 768w, https:\/\/www.amante-menden.de\/wordpress\/wp-content\/uploads\/2019\/10\/386c9be3-3a41-47a4-a93a-fc3609aacf05.jpg 1600w\" sizes=\"auto, (max-width: 1024px) 100vw, 1024px\" \/><\/figure>\n\n\n\n<p>Das stand diesmal unter der Schirmherrschaft von Landrat Thomas Gemke, der in seinem Gru\u00dfwort das Engagement von amante della musica f\u00fcr andere Vereine herausstellte.  <\/p>\n\n\n\n<figure class=\"wp-block-image\"><img loading=\"lazy\" decoding=\"async\" width=\"1024\" height=\"746\" src=\"http:\/\/www.amante-menden.de\/wordpress\/wp-content\/uploads\/2019\/10\/scheckuebergabe-1024x746.jpeg\" alt=\"\" class=\"wp-image-4047\" srcset=\"https:\/\/www.amante-menden.de\/wordpress\/wp-content\/uploads\/2019\/10\/scheckuebergabe-1024x746.jpeg 1024w, https:\/\/www.amante-menden.de\/wordpress\/wp-content\/uploads\/2019\/10\/scheckuebergabe-300x219.jpeg 300w, https:\/\/www.amante-menden.de\/wordpress\/wp-content\/uploads\/2019\/10\/scheckuebergabe-768x559.jpeg 768w\" sizes=\"auto, (max-width: 1024px) 100vw, 1024px\" \/><\/figure>\n\n\n\n<p>Diesmal durften Marie Krause (Verein f\u00fcr k\u00f6rper- und mehrfachbehinderte Menschen), Christiane Lohmann (Albert-Schweitzer-Grundschule Lahrfeld) und Christa Robbers (Scriptum \u2013 F\u00f6rderverein der Stadtb\u00fccherei Menden) symbolische Schecks \u00fcber jeweils 1000 Euro entgegennehmen.<\/p>\n\n\n\n<figure class=\"wp-block-image\"><img loading=\"lazy\" decoding=\"async\" width=\"1024\" height=\"683\" src=\"http:\/\/www.amante-menden.de\/wordpress\/wp-content\/uploads\/2019\/10\/zpPnEx3w-1024x683.jpeg\" alt=\"\" class=\"wp-image-4049\" srcset=\"https:\/\/www.amante-menden.de\/wordpress\/wp-content\/uploads\/2019\/10\/zpPnEx3w-1024x683.jpeg 1024w, https:\/\/www.amante-menden.de\/wordpress\/wp-content\/uploads\/2019\/10\/zpPnEx3w-300x200.jpeg 300w, https:\/\/www.amante-menden.de\/wordpress\/wp-content\/uploads\/2019\/10\/zpPnEx3w-768x512.jpeg 768w\" sizes=\"auto, (max-width: 1024px) 100vw, 1024px\" \/><\/figure>\n\n\n\n<p>Ein \u00fcberraschtes bis trauriges Raunen ging dann durch den Saal, als amante-Vorsitzender Lars Becker dem Publikum mitteilte, dass es 2020 kein Konzert zum 3. Oktober geben wird, weil der Chor eine einw\u00f6chige Reise nach Krakau unternimmt. <\/p>\n\n\n\n<h4 class=\"wp-block-heading\">2020: Vorweihnachtliches Konzert statt 3. Oktober<\/h4>\n\n\n\n<p>Becker hatte aber auch attraktiven Ersatz parat: Erstmals seit vielen Jahren wird amante stattdessen wieder ein gro\u00dfes vorweihnachtliches Konzert durchf\u00fchren. Geplant ist es f\u00fcr den 2. Advent.<\/p>\n\n\n\n<figure class=\"wp-block-image\"><img loading=\"lazy\" decoding=\"async\" width=\"1024\" height=\"768\" src=\"http:\/\/www.amante-menden.de\/wordpress\/wp-content\/uploads\/2019\/10\/c2b5550e-d7e9-4bf1-a8c2-04f015410800-1024x768.jpg\" alt=\"\" class=\"wp-image-4054\" srcset=\"https:\/\/www.amante-menden.de\/wordpress\/wp-content\/uploads\/2019\/10\/c2b5550e-d7e9-4bf1-a8c2-04f015410800-1024x768.jpg 1024w, https:\/\/www.amante-menden.de\/wordpress\/wp-content\/uploads\/2019\/10\/c2b5550e-d7e9-4bf1-a8c2-04f015410800-300x225.jpg 300w, https:\/\/www.amante-menden.de\/wordpress\/wp-content\/uploads\/2019\/10\/c2b5550e-d7e9-4bf1-a8c2-04f015410800-768x576.jpg 768w, https:\/\/www.amante-menden.de\/wordpress\/wp-content\/uploads\/2019\/10\/c2b5550e-d7e9-4bf1-a8c2-04f015410800.jpg 1600w\" sizes=\"auto, (max-width: 1024px) 100vw, 1024px\" \/><\/figure>\n\n\n\n<p>\u00dcbrigens: Wie im Vorjahr traten auch 2019 die Frauen- und M\u00e4nnerstimmen von amante getrennt voneinder auf. Die S\u00e4ngerinnen hatten sich \u201eAnd so it goes\u201c von Billy Joel im Satz von Kirby Shaw ausgesucht und unter der Regie von Anja Rose einstudiert, die Herren pr\u00e4sentierten indes mit \u201eDas Morgenrot\u201c unter der Leitung von Matthias Nagel einen echten M\u00e4nnerchor-Klassiker in kleiner Besetzung.<\/p>\n\n\n\n<p>Text und Fotos: amante della musica menden<\/p>\n","protected":false},"excerpt":{"rendered":"<p>Mehr als 500 restlos begeisterte G\u00e4ste, drei gl\u00fcckliche Spendenempf\u00e4nger und zwei bestens aufgelegte Klangk\u00f6rper: Die sechste Auflage des Benefizkonzertes zum Tag der deutschen Einheit hat am Donnerstagabend (3.10.2019) alle Erwartungen \u00fcbertroffen. Stimmungsvolles Licht und erstklassiger Sound amante (Leitung Stefan Risse) &hellip; <a href=\"https:\/\/www.amante-menden.de\/?page_id=4131\">Weiterlesen <span class=\"meta-nav\">&rarr;<\/span><\/a><\/p>\n","protected":false},"author":1,"featured_media":0,"parent":3225,"menu_order":1911,"comment_status":"closed","ping_status":"closed","template":"","meta":{"footnotes":""},"class_list":["post-4131","page","type-page","status-publish","hentry"],"_links":{"self":[{"href":"https:\/\/www.amante-menden.de\/index.php?rest_route=\/wp\/v2\/pages\/4131","targetHints":{"allow":["GET"]}}],"collection":[{"href":"https:\/\/www.amante-menden.de\/index.php?rest_route=\/wp\/v2\/pages"}],"about":[{"href":"https:\/\/www.amante-menden.de\/index.php?rest_route=\/wp\/v2\/types\/page"}],"author":[{"embeddable":true,"href":"https:\/\/www.amante-menden.de\/index.php?rest_route=\/wp\/v2\/users\/1"}],"replies":[{"embeddable":true,"href":"https:\/\/www.amante-menden.de\/index.php?rest_route=%2Fwp%2Fv2%2Fcomments&post=4131"}],"version-history":[{"count":1,"href":"https:\/\/www.amante-menden.de\/index.php?rest_route=\/wp\/v2\/pages\/4131\/revisions"}],"predecessor-version":[{"id":4132,"href":"https:\/\/www.amante-menden.de\/index.php?rest_route=\/wp\/v2\/pages\/4131\/revisions\/4132"}],"up":[{"embeddable":true,"href":"https:\/\/www.amante-menden.de\/index.php?rest_route=\/wp\/v2\/pages\/3225"}],"wp:attachment":[{"href":"https:\/\/www.amante-menden.de\/index.php?rest_route=%2Fwp%2Fv2%2Fmedia&parent=4131"}],"curies":[{"name":"wp","href":"https:\/\/api.w.org\/{rel}","templated":true}]}}