{"id":4203,"date":"2020-04-09T11:36:56","date_gmt":"2020-04-09T09:36:56","guid":{"rendered":"http:\/\/www.amante-menden.de\/?page_id=4203"},"modified":"2023-06-22T13:52:43","modified_gmt":"2023-06-22T11:52:43","slug":"amante-trotzt-dem-coronavirus-so-gut-es-geht","status":"publish","type":"page","link":"https:\/\/www.amante-menden.de\/?page_id=4203","title":{"rendered":"amante trotzt dem Coronavirus \u2013 so gut es geht&#8230;"},"content":{"rendered":"\n<figure class=\"wp-block-image size-large\"><img loading=\"lazy\" decoding=\"async\" width=\"538\" height=\"1024\" src=\"http:\/\/www.amante-menden.de\/wordpress\/wp-content\/uploads\/2020\/04\/amante_corona-538x1024.png\" alt=\"\" class=\"wp-image-4194\" srcset=\"https:\/\/www.amante-menden.de\/wordpress\/wp-content\/uploads\/2020\/04\/amante_corona-538x1024.png 538w, https:\/\/www.amante-menden.de\/wordpress\/wp-content\/uploads\/2020\/04\/amante_corona-158x300.png 158w, https:\/\/www.amante-menden.de\/wordpress\/wp-content\/uploads\/2020\/04\/amante_corona-768x1461.png 768w, https:\/\/www.amante-menden.de\/wordpress\/wp-content\/uploads\/2020\/04\/amante_corona-807x1536.png 807w, https:\/\/www.amante-menden.de\/wordpress\/wp-content\/uploads\/2020\/04\/amante_corona.png 1072w\" sizes=\"auto, (max-width: 538px) 100vw, 538px\" \/><\/figure>\n\n\n\n<p>Das hier haben wir am Samstag, 28. M\u00e4rz 2020 \u00fcber unsere Seiten bei Facebook und Instagram gepostet \u2013 danke an unsere S\u00e4ngerinnen und S\u00e4nger sowie Chorleiter Stefan Risse f\u00fcr die Umsetzung.<\/p>\n","protected":false},"excerpt":{"rendered":"<p>Das hier haben wir am Samstag, 28. M\u00e4rz 2020 \u00fcber unsere Seiten bei Facebook und Instagram gepostet \u2013 danke an unsere S\u00e4ngerinnen und S\u00e4nger sowie Chorleiter Stefan Risse f\u00fcr die Umsetzung.<\/p>\n","protected":false},"author":1,"featured_media":0,"parent":4558,"menu_order":2003,"comment_status":"closed","ping_status":"closed","template":"","meta":{"footnotes":""},"class_list":["post-4203","page","type-page","status-publish","hentry"],"_links":{"self":[{"href":"https:\/\/www.amante-menden.de\/index.php?rest_route=\/wp\/v2\/pages\/4203","targetHints":{"allow":["GET"]}}],"collection":[{"href":"https:\/\/www.amante-menden.de\/index.php?rest_route=\/wp\/v2\/pages"}],"about":[{"href":"https:\/\/www.amante-menden.de\/index.php?rest_route=\/wp\/v2\/types\/page"}],"author":[{"embeddable":true,"href":"https:\/\/www.amante-menden.de\/index.php?rest_route=\/wp\/v2\/users\/1"}],"replies":[{"embeddable":true,"href":"https:\/\/www.amante-menden.de\/index.php?rest_route=%2Fwp%2Fv2%2Fcomments&post=4203"}],"version-history":[{"count":2,"href":"https:\/\/www.amante-menden.de\/index.php?rest_route=\/wp\/v2\/pages\/4203\/revisions"}],"predecessor-version":[{"id":4206,"href":"https:\/\/www.amante-menden.de\/index.php?rest_route=\/wp\/v2\/pages\/4203\/revisions\/4206"}],"up":[{"embeddable":true,"href":"https:\/\/www.amante-menden.de\/index.php?rest_route=\/wp\/v2\/pages\/4558"}],"wp:attachment":[{"href":"https:\/\/www.amante-menden.de\/index.php?rest_route=%2Fwp%2Fv2%2Fmedia&parent=4203"}],"curies":[{"name":"wp","href":"https:\/\/api.w.org\/{rel}","templated":true}]}}