{"id":4210,"date":"2020-04-09T11:51:16","date_gmt":"2020-04-09T09:51:16","guid":{"rendered":"http:\/\/www.amante-menden.de\/?page_id=4210"},"modified":"2020-04-19T15:27:52","modified_gmt":"2020-04-19T13:27:52","slug":"weihnachtskonzert-vosswinkel","status":"publish","type":"page","link":"https:\/\/www.amante-menden.de\/?page_id=4210","title":{"rendered":"Weihnachtskonzert Vo\u00dfwinkel"},"content":{"rendered":"\n<figure class=\"wp-block-gallery columns-3 is-cropped wp-block-gallery-1 is-layout-flex wp-block-gallery-is-layout-flex\"><ul class=\"blocks-gallery-grid\"><li class=\"blocks-gallery-item\"><figure><img loading=\"lazy\" decoding=\"async\" width=\"1024\" height=\"498\" src=\"http:\/\/www.amante-menden.de\/wordpress\/wp-content\/uploads\/2020\/04\/20191208_180900-1024x498.jpg\" alt=\"\" data-id=\"4211\" data-link=\"http:\/\/www.amante-menden.de\/?attachment_id=4211\" class=\"wp-image-4211\" srcset=\"https:\/\/www.amante-menden.de\/wordpress\/wp-content\/uploads\/2020\/04\/20191208_180900-1024x498.jpg 1024w, https:\/\/www.amante-menden.de\/wordpress\/wp-content\/uploads\/2020\/04\/20191208_180900-300x146.jpg 300w, https:\/\/www.amante-menden.de\/wordpress\/wp-content\/uploads\/2020\/04\/20191208_180900-768x373.jpg 768w, https:\/\/www.amante-menden.de\/wordpress\/wp-content\/uploads\/2020\/04\/20191208_180900-1536x747.jpg 1536w, https:\/\/www.amante-menden.de\/wordpress\/wp-content\/uploads\/2020\/04\/20191208_180900-2048x996.jpg 2048w\" sizes=\"auto, (max-width: 1024px) 100vw, 1024px\" \/><\/figure><\/li><li class=\"blocks-gallery-item\"><figure><img loading=\"lazy\" decoding=\"async\" width=\"1024\" height=\"498\" src=\"http:\/\/www.amante-menden.de\/wordpress\/wp-content\/uploads\/2020\/04\/20191208_182927-1024x498.jpg\" alt=\"\" data-id=\"4212\" data-link=\"http:\/\/www.amante-menden.de\/?attachment_id=4212\" class=\"wp-image-4212\" srcset=\"https:\/\/www.amante-menden.de\/wordpress\/wp-content\/uploads\/2020\/04\/20191208_182927-1024x498.jpg 1024w, https:\/\/www.amante-menden.de\/wordpress\/wp-content\/uploads\/2020\/04\/20191208_182927-300x146.jpg 300w, https:\/\/www.amante-menden.de\/wordpress\/wp-content\/uploads\/2020\/04\/20191208_182927-768x373.jpg 768w, https:\/\/www.amante-menden.de\/wordpress\/wp-content\/uploads\/2020\/04\/20191208_182927-1536x747.jpg 1536w, https:\/\/www.amante-menden.de\/wordpress\/wp-content\/uploads\/2020\/04\/20191208_182927-2048x996.jpg 2048w\" sizes=\"auto, (max-width: 1024px) 100vw, 1024px\" \/><\/figure><\/li><li class=\"blocks-gallery-item\"><figure><img loading=\"lazy\" decoding=\"async\" width=\"1024\" height=\"683\" src=\"http:\/\/www.amante-menden.de\/wordpress\/wp-content\/uploads\/2020\/04\/DSC_0153-1024x683.jpg\" alt=\"\" data-id=\"4213\" data-link=\"http:\/\/www.amante-menden.de\/?attachment_id=4213\" class=\"wp-image-4213\" srcset=\"https:\/\/www.amante-menden.de\/wordpress\/wp-content\/uploads\/2020\/04\/DSC_0153-1024x683.jpg 1024w, https:\/\/www.amante-menden.de\/wordpress\/wp-content\/uploads\/2020\/04\/DSC_0153-300x200.jpg 300w, https:\/\/www.amante-menden.de\/wordpress\/wp-content\/uploads\/2020\/04\/DSC_0153-768x512.jpg 768w, https:\/\/www.amante-menden.de\/wordpress\/wp-content\/uploads\/2020\/04\/DSC_0153-1536x1024.jpg 1536w, https:\/\/www.amante-menden.de\/wordpress\/wp-content\/uploads\/2020\/04\/DSC_0153-2048x1365.jpg 2048w\" sizes=\"auto, (max-width: 1024px) 100vw, 1024px\" \/><\/figure><\/li><li class=\"blocks-gallery-item\"><figure><img loading=\"lazy\" decoding=\"async\" width=\"1024\" height=\"683\" src=\"http:\/\/www.amante-menden.de\/wordpress\/wp-content\/uploads\/2020\/04\/DSC_0178-1024x683.jpg\" alt=\"\" data-id=\"4214\" data-link=\"http:\/\/www.amante-menden.de\/?attachment_id=4214\" class=\"wp-image-4214\" srcset=\"https:\/\/www.amante-menden.de\/wordpress\/wp-content\/uploads\/2020\/04\/DSC_0178-1024x683.jpg 1024w, https:\/\/www.amante-menden.de\/wordpress\/wp-content\/uploads\/2020\/04\/DSC_0178-300x200.jpg 300w, https:\/\/www.amante-menden.de\/wordpress\/wp-content\/uploads\/2020\/04\/DSC_0178-768x512.jpg 768w, https:\/\/www.amante-menden.de\/wordpress\/wp-content\/uploads\/2020\/04\/DSC_0178-1536x1024.jpg 1536w, https:\/\/www.amante-menden.de\/wordpress\/wp-content\/uploads\/2020\/04\/DSC_0178-2048x1365.jpg 2048w\" sizes=\"auto, (max-width: 1024px) 100vw, 1024px\" \/><\/figure><\/li><li class=\"blocks-gallery-item\"><figure><img loading=\"lazy\" decoding=\"async\" width=\"683\" height=\"1024\" src=\"http:\/\/www.amante-menden.de\/wordpress\/wp-content\/uploads\/2020\/04\/DSC_0193-683x1024.jpg\" alt=\"\" data-id=\"4215\" data-link=\"http:\/\/www.amante-menden.de\/?attachment_id=4215\" class=\"wp-image-4215\" srcset=\"https:\/\/www.amante-menden.de\/wordpress\/wp-content\/uploads\/2020\/04\/DSC_0193-683x1024.jpg 683w, https:\/\/www.amante-menden.de\/wordpress\/wp-content\/uploads\/2020\/04\/DSC_0193-200x300.jpg 200w, https:\/\/www.amante-menden.de\/wordpress\/wp-content\/uploads\/2020\/04\/DSC_0193-768x1152.jpg 768w, https:\/\/www.amante-menden.de\/wordpress\/wp-content\/uploads\/2020\/04\/DSC_0193-1024x1536.jpg 1024w, https:\/\/www.amante-menden.de\/wordpress\/wp-content\/uploads\/2020\/04\/DSC_0193-1365x2048.jpg 1365w, https:\/\/www.amante-menden.de\/wordpress\/wp-content\/uploads\/2020\/04\/DSC_0193-scaled.jpg 1707w\" sizes=\"auto, (max-width: 683px) 100vw, 683px\" \/><\/figure><\/li><li class=\"blocks-gallery-item\"><figure><img loading=\"lazy\" decoding=\"async\" width=\"1024\" height=\"683\" src=\"http:\/\/www.amante-menden.de\/wordpress\/wp-content\/uploads\/2020\/04\/DSC_0229_b-1024x683.jpg\" alt=\"\" data-id=\"4217\" data-link=\"http:\/\/www.amante-menden.de\/?attachment_id=4217\" class=\"wp-image-4217\" srcset=\"https:\/\/www.amante-menden.de\/wordpress\/wp-content\/uploads\/2020\/04\/DSC_0229_b-1024x683.jpg 1024w, https:\/\/www.amante-menden.de\/wordpress\/wp-content\/uploads\/2020\/04\/DSC_0229_b-300x200.jpg 300w, https:\/\/www.amante-menden.de\/wordpress\/wp-content\/uploads\/2020\/04\/DSC_0229_b-768x512.jpg 768w, https:\/\/www.amante-menden.de\/wordpress\/wp-content\/uploads\/2020\/04\/DSC_0229_b-1536x1024.jpg 1536w, https:\/\/www.amante-menden.de\/wordpress\/wp-content\/uploads\/2020\/04\/DSC_0229_b-2048x1365.jpg 2048w\" sizes=\"auto, (max-width: 1024px) 100vw, 1024px\" \/><\/figure><\/li><li class=\"blocks-gallery-item\"><figure><img loading=\"lazy\" decoding=\"async\" width=\"1024\" height=\"683\" src=\"http:\/\/www.amante-menden.de\/wordpress\/wp-content\/uploads\/2020\/04\/DSC_0233-1024x683.jpg\" alt=\"\" data-id=\"4218\" data-link=\"http:\/\/www.amante-menden.de\/?attachment_id=4218\" class=\"wp-image-4218\" srcset=\"https:\/\/www.amante-menden.de\/wordpress\/wp-content\/uploads\/2020\/04\/DSC_0233-1024x683.jpg 1024w, https:\/\/www.amante-menden.de\/wordpress\/wp-content\/uploads\/2020\/04\/DSC_0233-300x200.jpg 300w, https:\/\/www.amante-menden.de\/wordpress\/wp-content\/uploads\/2020\/04\/DSC_0233-768x512.jpg 768w, https:\/\/www.amante-menden.de\/wordpress\/wp-content\/uploads\/2020\/04\/DSC_0233-1536x1024.jpg 1536w, https:\/\/www.amante-menden.de\/wordpress\/wp-content\/uploads\/2020\/04\/DSC_0233-2048x1365.jpg 2048w\" sizes=\"auto, (max-width: 1024px) 100vw, 1024px\" \/><\/figure><\/li><li class=\"blocks-gallery-item\"><figure><img loading=\"lazy\" decoding=\"async\" width=\"1024\" height=\"576\" src=\"http:\/\/www.amante-menden.de\/wordpress\/wp-content\/uploads\/2020\/04\/Kl\u00e4nge-der-Freude-1024x576.jpg\" alt=\"\" data-id=\"4219\" data-link=\"http:\/\/www.amante-menden.de\/?attachment_id=4219\" class=\"wp-image-4219\" srcset=\"https:\/\/www.amante-menden.de\/wordpress\/wp-content\/uploads\/2020\/04\/Kl\u00e4nge-der-Freude-1024x576.jpg 1024w, https:\/\/www.amante-menden.de\/wordpress\/wp-content\/uploads\/2020\/04\/Kl\u00e4nge-der-Freude-300x169.jpg 300w, https:\/\/www.amante-menden.de\/wordpress\/wp-content\/uploads\/2020\/04\/Kl\u00e4nge-der-Freude-768x432.jpg 768w, https:\/\/www.amante-menden.de\/wordpress\/wp-content\/uploads\/2020\/04\/Kl\u00e4nge-der-Freude.jpg 1280w\" sizes=\"auto, (max-width: 1024px) 100vw, 1024px\" \/><\/figure><\/li><li class=\"blocks-gallery-item\"><figure><img loading=\"lazy\" decoding=\"async\" width=\"1024\" height=\"498\" src=\"http:\/\/www.amante-menden.de\/wordpress\/wp-content\/uploads\/2020\/04\/20191208_174935-1024x498.jpg\" alt=\"\" data-id=\"4220\" data-full-url=\"http:\/\/www.amante-menden.de\/wordpress\/wp-content\/uploads\/2020\/04\/20191208_174935-scaled.jpg\" data-link=\"http:\/\/www.amante-menden.de\/?attachment_id=4220\" class=\"wp-image-4220\" srcset=\"https:\/\/www.amante-menden.de\/wordpress\/wp-content\/uploads\/2020\/04\/20191208_174935-1024x498.jpg 1024w, https:\/\/www.amante-menden.de\/wordpress\/wp-content\/uploads\/2020\/04\/20191208_174935-300x146.jpg 300w, https:\/\/www.amante-menden.de\/wordpress\/wp-content\/uploads\/2020\/04\/20191208_174935-768x373.jpg 768w, https:\/\/www.amante-menden.de\/wordpress\/wp-content\/uploads\/2020\/04\/20191208_174935-1536x747.jpg 1536w, https:\/\/www.amante-menden.de\/wordpress\/wp-content\/uploads\/2020\/04\/20191208_174935-2048x996.jpg 2048w\" sizes=\"auto, (max-width: 1024px) 100vw, 1024px\" \/><\/figure><\/li><\/ul><\/figure>\n\n\n\n<p>Der Gemeinschaftschor Vo\u00dfwinkel-H\u00f6ingen hat amante am 08.12.2019 in die St. Urbanus Vo\u00dfwinkel zum Weihnachtskonzert eingeladen.<\/p>\n","protected":false},"excerpt":{"rendered":"<p>Der Gemeinschaftschor Vo\u00dfwinkel-H\u00f6ingen hat amante am 08.12.2019 in die St. Urbanus Vo\u00dfwinkel zum Weihnachtskonzert eingeladen.<\/p>\n","protected":false},"author":1,"featured_media":0,"parent":3225,"menu_order":1913,"comment_status":"closed","ping_status":"closed","template":"","meta":{"footnotes":""},"class_list":["post-4210","page","type-page","status-publish","hentry"],"_links":{"self":[{"href":"https:\/\/www.amante-menden.de\/index.php?rest_route=\/wp\/v2\/pages\/4210","targetHints":{"allow":["GET"]}}],"collection":[{"href":"https:\/\/www.amante-menden.de\/index.php?rest_route=\/wp\/v2\/pages"}],"about":[{"href":"https:\/\/www.amante-menden.de\/index.php?rest_route=\/wp\/v2\/types\/page"}],"author":[{"embeddable":true,"href":"https:\/\/www.amante-menden.de\/index.php?rest_route=\/wp\/v2\/users\/1"}],"replies":[{"embeddable":true,"href":"https:\/\/www.amante-menden.de\/index.php?rest_route=%2Fwp%2Fv2%2Fcomments&post=4210"}],"version-history":[{"count":1,"href":"https:\/\/www.amante-menden.de\/index.php?rest_route=\/wp\/v2\/pages\/4210\/revisions"}],"predecessor-version":[{"id":4221,"href":"https:\/\/www.amante-menden.de\/index.php?rest_route=\/wp\/v2\/pages\/4210\/revisions\/4221"}],"up":[{"embeddable":true,"href":"https:\/\/www.amante-menden.de\/index.php?rest_route=\/wp\/v2\/pages\/3225"}],"wp:attachment":[{"href":"https:\/\/www.amante-menden.de\/index.php?rest_route=%2Fwp%2Fv2%2Fmedia&parent=4210"}],"curies":[{"name":"wp","href":"https:\/\/api.w.org\/{rel}","templated":true}]}}