{"id":432,"date":"2015-06-03T15:21:10","date_gmt":"2015-06-03T13:21:10","guid":{"rendered":"http:\/\/amante-menden.de\/wordpress\/?page_id=432"},"modified":"2015-06-16T15:14:13","modified_gmt":"2015-06-16T13:14:13","slug":"matinee-mixtour-in-meinerzhagen","status":"publish","type":"page","link":"https:\/\/www.amante-menden.de\/?page_id=432","title":{"rendered":"Matinee &#8222;Mixt(o)ur&#8220; in Meinerzhagen"},"content":{"rendered":"<h3>Matinee mit Freunden zum 20. Geburtstag Veranstaltung des Gemischten Chors &#8222;Mixt(o)ur&#8220; gew\u00e4hrt Einblicke in die Chorszene<\/h3>\n<p><a href=\"http:\/\/amante-menden.de\/wordpress\/wp-content\/uploads\/2015\/06\/martinee.jpg\"><img loading=\"lazy\" decoding=\"async\" class=\"alignnone size-large wp-image-433\" src=\"http:\/\/amante-menden.de\/wordpress\/wp-content\/uploads\/2015\/06\/martinee-1024x683.jpg\" alt=\"martinee\" width=\"640\" height=\"427\" srcset=\"https:\/\/www.amante-menden.de\/wordpress\/wp-content\/uploads\/2015\/06\/martinee-1024x683.jpg 1024w, https:\/\/www.amante-menden.de\/wordpress\/wp-content\/uploads\/2015\/06\/martinee-300x200.jpg 300w, https:\/\/www.amante-menden.de\/wordpress\/wp-content\/uploads\/2015\/06\/martinee-900x600.jpg 900w\" sizes=\"auto, (max-width: 640px) 100vw, 640px\" \/><\/a><\/p>\n<p>Gemischter Chor Mixt(o)ur 1994 Meinerzhagen <a href=\"http:\/\/www.chor-mixtour.de\/\">[mehr]<\/a><\/p>\n<p>Stadthalle Meinerzhagen <a href=\"http:\/\/www.meinerzhagen.de\/Stadthalle.417.0.html\">[mehr]<\/a><\/p>\n<p>&nbsp;<\/p>\n<p style=\"text-align: justify;\">MEINERZHAGEN &#8222;Seid willkommen, seid willkommen, es ist sch\u00f6n, euch heute hier zu sehen\u2026&#8220; Musikalisch, mit einem Willkommenslied von Lorenz Maierhofer, er\u00f6ffnete der gemischte Chor &#8222;Mixt(o)ur&#8220; am Sonntag in der Stadthalle seine launige &#8222;Matinee mit Freunden&#8220;. Unter Leitung von Rosel Neumann setzten die Meinerzhagener, die beim Konzert Ausschnitte aus ihrem Jubil\u00e4umskonzert zum 20. Chorgeburtstag pr\u00e4sentierten, mit dem fr\u00f6hlichen Lied ein klares Ausrufungszeichen.<\/p>\n<p style=\"text-align: justify;\">Als Freunde stimmten der Valberter Frauenchor &#8222;Reine Frauensache&#8220;, die &#8222;M\u00e4dels deL\u00fcKCs&#8220; aus L\u00fcdenscheid, der Mendener Meisterchor &#8222;amante della musica&#8220;, der M\u00e4nnerchor Kierspe und der Plettenberger M\u00e4nnerchor &#8222;Four Valleys&#8220; in den bunten Liederreigen, der die Zuh\u00f6rer in Hochstimmung versetzte, ein. Kurzweilig f\u00fchrten Ulrich M\u00fcller und Steffi Jarosch durch ein Programm, das f\u00fcr jeden &#8211; ob Klassikliebhaber oder Pop-Fan &#8211; musikalische Leckerbissen bereithielt. Einblick erhielten die begeisterten Besucher dabei sowohl in die Vielfalt der heimischen Chorszene wie in den Reichtum der Chorliteratur.<\/p>\n<p style=\"text-align: justify;\">A cappella und mit Begleitung (am Klavier: Robert van der Beck) versammelte &#8222;Mixt(o)ur&#8220; in seinen ausgefeilten Darbietungen gro\u00dfe Namen und ber\u00fchmte Titel. Leonhard Cohen, Andrew Lloyd Webber, Xavier Naidoo und Peter Schilling kamen vielstimmig zu Wort. Bei Gospel (&#8222;Halleluja&#8220;), Musical (&#8222;Wein nicht um mich Argentina&#8220;), Pop (&#8222;Dieser Weg&#8220;) und Neuer Deutscher Welle (&#8222;Major Tom&#8220;) machte der Chor mit sicherem Gesp\u00fcr f\u00fcr feinste Nuancen und Stimmung Halt. Kein Lied, bei dem nicht Bilder im Kopf vor\u00fcber zogen. Ein Bravourst\u00fcck gelang den Valberterinnen unter Leitung von Christoph Ohm, als sie den &#8222;Unheilig&#8220;-Hit &#8222;Geboren um zu leben&#8220; zur &#8222;Reine(n) Frauensache&#8220; machten. Gl\u00e4nzend meisterte der neue Chor seinen ersten gro\u00dfen Auftritt und nahm gleich das ganze &#8222;Universum&#8220; (Annette Humpe) in Besitz. Keck, verschmitzt und gesangstechnisch top brachten die &#8222;M\u00e4dels deL\u00fcKCs&#8220; Rammstein und die Wise Guys unter einen Hut.<\/p>\n<p style=\"text-align: justify;\">Ihren MeisterchorW\u00fcrden machten die sieben jungen Damen unter Leitung von Anja N\u00f6lke alle Ehre. Bei Titeln wie &#8222;Engel&#8220; oder &#8222;Nein, nein, nein&#8220; kamen die Solostimmen zum Tragen. Auf Deutsch und Englisch unterstrich der gemischte Chor &#8222;amante della musica&#8220; (Leitung: Luc vanden Broek) seine Klasse. Den Auftritt in der Stadthalle nutzte der leistungsstarke Meisterchor gleichsam als Generalprobe f\u00fcr das Leistungssingen. Feines Gesp\u00fcr f\u00fcr Intonation und Dynamik zeichnete die Darbietungen der Mendener aus. Ob lustiges Volkslied (&#8222;Muss I denn zum St\u00e4dtele naus&#8220;), ob komplexes Arrangement (&#8222;Australian Spring&#8220;): Die Beitr\u00e4ge hatten Schliff.<\/p>\n<p style=\"text-align: justify;\">Mit zwei h\u00f6chst unterschiedlichen M\u00e4nnerch\u00f6ren &#8211; dem M\u00e4nnerchor Kierspe mit Sofia Wawerla und den &#8222;Four Valleys&#8220; mit Thomas Weidebach &#8211; endete der illustre Streifzug durch die heimische Chorszene. Pr\u00e4chtig zeigten sich sowohl die Kiersper Urgesteine, von Pianistin Alfia M\u00f6llmann begleitet, wie die Plettenberger Newcomer aufgelegt. Mit Filmmusik (&#8222;Conquest of Paradise&#8220;) und Operette (&#8222;Ach, die Weiber!&#8220;) gelang den Kierspern ein rundum gelungener Auftritt. Die G\u00e4ste aus Plettenberg, denen der Schalk im Nacken sa\u00df, packten zu flotten Titeln wie &#8222;Rama Lama Ding Dong&#8220; und &#8222;Girls, girls, girls&#8220; gute Laune, herrliche Stimmen und choreographische Schmankerl aus. Der Applaus war allen Beteiligten nach einem rundum gelungenen Konzert gewiss.<\/p>\n<p style=\"text-align: justify;\">\u00a0Meinerzhagener Zeitung<\/p>\n<p>&nbsp;<\/p>\n","protected":false},"excerpt":{"rendered":"<p>Matinee mit Freunden zum 20. Geburtstag Veranstaltung des Gemischten Chors &#8222;Mixt(o)ur&#8220; gew\u00e4hrt Einblicke in die Chorszene Gemischter Chor Mixt(o)ur 1994 Meinerzhagen [mehr] Stadthalle Meinerzhagen [mehr] &nbsp; MEINERZHAGEN &#8222;Seid willkommen, seid willkommen, es ist sch\u00f6n, euch heute hier zu sehen\u2026&#8220; Musikalisch, &hellip; <a href=\"https:\/\/www.amante-menden.de\/?page_id=432\">Weiterlesen <span class=\"meta-nav\">&rarr;<\/span><\/a><\/p>\n","protected":false},"author":1,"featured_media":0,"parent":156,"menu_order":146,"comment_status":"closed","ping_status":"closed","template":"","meta":{"footnotes":""},"class_list":["post-432","page","type-page","status-publish","hentry"],"_links":{"self":[{"href":"https:\/\/www.amante-menden.de\/index.php?rest_route=\/wp\/v2\/pages\/432","targetHints":{"allow":["GET"]}}],"collection":[{"href":"https:\/\/www.amante-menden.de\/index.php?rest_route=\/wp\/v2\/pages"}],"about":[{"href":"https:\/\/www.amante-menden.de\/index.php?rest_route=\/wp\/v2\/types\/page"}],"author":[{"embeddable":true,"href":"https:\/\/www.amante-menden.de\/index.php?rest_route=\/wp\/v2\/users\/1"}],"replies":[{"embeddable":true,"href":"https:\/\/www.amante-menden.de\/index.php?rest_route=%2Fwp%2Fv2%2Fcomments&post=432"}],"version-history":[{"count":1,"href":"https:\/\/www.amante-menden.de\/index.php?rest_route=\/wp\/v2\/pages\/432\/revisions"}],"predecessor-version":[{"id":434,"href":"https:\/\/www.amante-menden.de\/index.php?rest_route=\/wp\/v2\/pages\/432\/revisions\/434"}],"up":[{"embeddable":true,"href":"https:\/\/www.amante-menden.de\/index.php?rest_route=\/wp\/v2\/pages\/156"}],"wp:attachment":[{"href":"https:\/\/www.amante-menden.de\/index.php?rest_route=%2Fwp%2Fv2%2Fmedia&parent=432"}],"curies":[{"name":"wp","href":"https:\/\/api.w.org\/{rel}","templated":true}]}}