{"id":445,"date":"2015-06-03T15:33:18","date_gmt":"2015-06-03T13:33:18","guid":{"rendered":"http:\/\/amante-menden.de\/wordpress\/?page_id=445"},"modified":"2015-06-16T15:14:56","modified_gmt":"2015-06-16T13:14:56","slug":"bunter-musikalischer-mix-sprach-alle-gaeste-an","status":"publish","type":"page","link":"https:\/\/www.amante-menden.de\/?page_id=445","title":{"rendered":"Bunter musikalischer Mix sprach alle G\u00e4ste an!"},"content":{"rendered":"<h3>700 Besucher im Grohe-Forum in Hemer<\/h3>\n<p><a href=\"http:\/\/amante-menden.de\/wordpress\/wp-content\/uploads\/2015\/06\/gruppe-hemer.jpg\"><img loading=\"lazy\" decoding=\"async\" class=\"alignnone size-full wp-image-446\" src=\"http:\/\/amante-menden.de\/wordpress\/wp-content\/uploads\/2015\/06\/gruppe-hemer.jpg\" alt=\"gruppe-hemer\" width=\"616\" height=\"225\" srcset=\"https:\/\/www.amante-menden.de\/wordpress\/wp-content\/uploads\/2015\/06\/gruppe-hemer.jpg 616w, https:\/\/www.amante-menden.de\/wordpress\/wp-content\/uploads\/2015\/06\/gruppe-hemer-300x110.jpg 300w\" sizes=\"auto, (max-width: 616px) 100vw, 616px\" \/><\/a><\/p>\n<p>Bericht und Foto der IKZ von Dana Schmies<\/p>\n<p style=\"text-align: justify;\">Das gro\u00dfe Weihnachtskonzert ist nun schon seit mehreren Jahren ein Pflichttermin f\u00fcr alle Kenner und Liebhaber des Hemeraner Orchestervereins. So war es auch am Sonntagnachmittag, dem 3. Advent, wieder rappelvoll im Grohe-Forum, als das Orchester und der Gastchor &#8222;amante della musica&#8220; aus Menden die B\u00fchne betraten. Den Chor konnten die Instrumentalisten bereits vor zwei Jahren zum Weihnachtskonzert begr\u00fc\u00dfen.<\/p>\n<p style=\"text-align: justify;\">90 Akteure begeisterten im Grohe-Forum. Auch dieses Mal versprach die Kombination der Hemeraner und Mendener Musiker wieder ein gro\u00dfartiges Konzert. Gemeinsam f\u00fcllten sie mit ihren beinah 90 Akteuren den kompletten B\u00fchnenraum und machten daher nicht nur akustisch, sondern auch optisch eine Menge her. Mit im Programm hatten sie mehrere weihnachtliche, aber auch weniger weihnachtliche St\u00fccke. Daraus ergab sich ein bunter musikalischer Mix, der fast jeden im Publikum ansprechen sollte und das auch tat.<\/p>\n<p style=\"text-align: justify;\">Gleich zu Beginn durften die Zuh\u00f6rerinnen und Zuh\u00f6rer selbst den Chor bei &#8222;Tochter Zion&#8220; kr\u00e4ftig unterst\u00fctzen, begleitet vom Orchesterverein h\u00f6chstpers\u00f6nlich und dirigiert von Martin Niedzwicki. Danach gestalteten die S\u00e4nger und Instrumentalisten das Konzert weitestgehend im Wechsel. Dabei zeigte sich das Orchester f\u00fcr viele klassische und barocke St\u00fccke verantwortlich.<\/p>\n<p style=\"text-align: justify;\">Es spielte nicht nur die glanzvolle Ouvert\u00fcre &#8222;Feodora&#8220; von Tschaikowski, sondern auch das ruhige, besinnliche &#8222;Largo Alla Barocco&#8220;. Bei &#8222;Don&#8217;t Mock Baroque&#8220;, einer \u00e4u\u00dferst humorvollen Vertonung, die Spa\u00df machte, zeigte Solist Julian B\u00fcchner am Bariton sein K\u00f6nnen und erhielt kr\u00e4ftigen Applaus. &#8222;Mach dich blo\u00df nicht \u00fcber Barockmusik lustig&#8220;, lautet die freie \u00dcbersetzung des St\u00fccks.Komplettiert wurde die Instrumentalmusik durch die Einlagen des Chores.<\/p>\n<p style=\"text-align: justify;\">Die S\u00e4nger pr\u00e4sentierten einmal mehr ihre Klasse und bewiesen, dass sie sich auch in diesem Jahr nicht umsonst den Titel &#8222;Meisterchor&#8220; im Chorverband NRW ersungen hatten. Die S\u00e4ngerinnen und S\u00e4nger zeigten ihre unterschiedlichsten Facetten, sei es bei einer sehr lyrische Version vom &#8222;Song of Bethlehem&#8220; oder bei dem Pop-Song &#8222;Hungriges Herz&#8220;. Letzterer, dirigiert von einer S\u00e4ngerin aus dem Chor selbst, ging dabei wirklich unter die Haut. Besonders starken Applaus gab es aber immer dann, wenn Chor und Orchester gemeinsam sangen und spielten. So viele Musiker unter einen Hut zu bringen, das muss erstmal geleistet werden, Martin Niedzwicki schaffte es. Leonard Cohens &#8222;Hallelujah&#8220;-Version h\u00f6rt man bei den meisten Weihnachtskonzerten, aber als der Orchesterverein und &#8222;amante della musica&#8220; das Lied am Sonntagnachmittag zusammen pr\u00e4sentieren, hatte es doch noch mal eine ganz besondere Harmonie.<\/p>\n","protected":false},"excerpt":{"rendered":"<p>700 Besucher im Grohe-Forum in Hemer Bericht und Foto der IKZ von Dana Schmies Das gro\u00dfe Weihnachtskonzert ist nun schon seit mehreren Jahren ein Pflichttermin f\u00fcr alle Kenner und Liebhaber des Hemeraner Orchestervereins. So war es auch am Sonntagnachmittag, dem &hellip; <a href=\"https:\/\/www.amante-menden.de\/?page_id=445\">Weiterlesen <span class=\"meta-nav\">&rarr;<\/span><\/a><\/p>\n","protected":false},"author":1,"featured_media":0,"parent":156,"menu_order":148,"comment_status":"closed","ping_status":"closed","template":"","meta":{"footnotes":""},"class_list":["post-445","page","type-page","status-publish","hentry"],"_links":{"self":[{"href":"https:\/\/www.amante-menden.de\/index.php?rest_route=\/wp\/v2\/pages\/445","targetHints":{"allow":["GET"]}}],"collection":[{"href":"https:\/\/www.amante-menden.de\/index.php?rest_route=\/wp\/v2\/pages"}],"about":[{"href":"https:\/\/www.amante-menden.de\/index.php?rest_route=\/wp\/v2\/types\/page"}],"author":[{"embeddable":true,"href":"https:\/\/www.amante-menden.de\/index.php?rest_route=\/wp\/v2\/users\/1"}],"replies":[{"embeddable":true,"href":"https:\/\/www.amante-menden.de\/index.php?rest_route=%2Fwp%2Fv2%2Fcomments&post=445"}],"version-history":[{"count":1,"href":"https:\/\/www.amante-menden.de\/index.php?rest_route=\/wp\/v2\/pages\/445\/revisions"}],"predecessor-version":[{"id":447,"href":"https:\/\/www.amante-menden.de\/index.php?rest_route=\/wp\/v2\/pages\/445\/revisions\/447"}],"up":[{"embeddable":true,"href":"https:\/\/www.amante-menden.de\/index.php?rest_route=\/wp\/v2\/pages\/156"}],"wp:attachment":[{"href":"https:\/\/www.amante-menden.de\/index.php?rest_route=%2Fwp%2Fv2%2Fmedia&parent=445"}],"curies":[{"name":"wp","href":"https:\/\/api.w.org\/{rel}","templated":true}]}}