{"id":4568,"date":"2023-06-22T13:57:26","date_gmt":"2023-06-22T11:57:26","guid":{"rendered":"https:\/\/www.amante-menden.de\/?page_id=4568"},"modified":"2023-06-22T15:00:42","modified_gmt":"2023-06-22T13:00:42","slug":"amante-startet-mitsing-projekt-fuer-jedermann","status":"publish","type":"page","link":"https:\/\/www.amante-menden.de\/?page_id=4568","title":{"rendered":"amante startet Mitsing-Projekt f\u00fcr Jedermann"},"content":{"rendered":"\n<h1 class=\"wp-block-heading\"><\/h1>\n\n\n\n<figure class=\"wp-block-image\"><a href=\"http:\/\/www.amante-menden.de\/wordpress\/wp-content\/uploads\/2021\/09\/Santas-coming.png\"><img loading=\"lazy\" decoding=\"async\" width=\"872\" height=\"873\" src=\"http:\/\/www.amante-menden.de\/wordpress\/wp-content\/uploads\/2021\/09\/Santas-coming.png\" alt=\"\" class=\"wp-image-4304\" srcset=\"https:\/\/www.amante-menden.de\/wordpress\/wp-content\/uploads\/2021\/09\/Santas-coming.png 872w, https:\/\/www.amante-menden.de\/wordpress\/wp-content\/uploads\/2021\/09\/Santas-coming-300x300.png 300w, https:\/\/www.amante-menden.de\/wordpress\/wp-content\/uploads\/2021\/09\/Santas-coming-150x150.png 150w, https:\/\/www.amante-menden.de\/wordpress\/wp-content\/uploads\/2021\/09\/Santas-coming-768x769.png 768w, https:\/\/www.amante-menden.de\/wordpress\/wp-content\/uploads\/2021\/09\/Santas-coming-144x144.png 144w\" sizes=\"auto, (max-width: 872px) 100vw, 872px\" \/><\/a><\/figure>\n\n\n\n<p>Drei Rentiere ziehen den mit Geschenken beladenen Schlitten durch die L\u00fcfte zwischen Altem Rathaus und St.-Vincenz-Kirche, dazu Konturen eines Weihnachtsbaumes, das schneebedeckte Ortsschild Mendens, ein Notenschl\u00fcssel, f\u00fcnf Notenlinien, Noten und der Schriftzug \u201eSanta\u2018s coming\u201c: Mit diesem Logo macht amante della musica menden bereits seit einigen Tagen auf seinen Kan\u00e4len in den sozialen Netzwerken neugierig auf ein modernes Musikprojekt und l\u00e4sst nun die Katze aus dem Sack: F\u00fcr das gro\u00dfe Weihnachtskonzert am dritten Advent um 15 Uhr in der Sch\u00fctzenhalle H\u00fcingsen entsteht ein Mitsing-Projekt f\u00fcr Jedermann. Erstes Treffen ist am kommenden Donnerstag, 9. September.<\/p>\n\n\n\n<p>\u201eWir m\u00f6chten nicht nur selbst nach Monaten voller Entbehrungen endlich wieder Woche f\u00fcr Woche in unserer Gemeinschaft singen, sondern alle Menschen aus unserer Heimatstadt dazu einladen, mit uns zusammen das besondere Flair der Advents- und Weihnachtszeit zu erleben und auf der B\u00fchne zu stehen. Zu keiner anderen Zeit des Jahres wird so viel und so gerne gesungen \u2013 deshalb laden wir dazu ein, in den n\u00e4chsten Wochen ein tolles Konzertprogramm zu erarbeiten, das wir dann am dritten Advent pr\u00e4sentieren\u201c, wirbt Chorleiter Stefan Risse zum Mitmachen unter seiner musikalischen Regie in Sopran, Alt, Tenor oder Bass.<\/p>\n\n\n\n<p>Es ist aber \u00fcberhaupt nicht erforderlich, Chorerfahrung mitzubringen. \u201eWir erarbeiten alle Lieder f\u00fcrs Konzert komplett neu, niemand muss Sorge haben, nicht mitzukommen. Mit viel Freude gehen wir es an\u201c, verspricht Stefan Risse. Als besonderes Weihnachtsgeschenk hat der Mendener Michael Schmoll, Ehrenmitglied von amante und in der H\u00f6nnestadt bestens bekannter Professor f\u00fcr Musiktheorie, Geh\u00f6rbildung und Arrangement am Institut f\u00fcr Musik der Hochschule Osnabr\u00fcck, versprochen, einige Weihnachtslieder erstmals f\u00fcr gemischten Chor zu arrangieren, die dann am dritten Advent in H\u00fcingsen uraufgef\u00fchrt werden.<\/p>\n\n\n\n<figure class=\"wp-block-image size-large\"><a href=\"https:\/\/www.amante-menden.de\/wordpress\/wp-content\/uploads\/2023\/06\/IMG_4092-scaled.jpg\"><img loading=\"lazy\" decoding=\"async\" width=\"1024\" height=\"683\" src=\"https:\/\/www.amante-menden.de\/wordpress\/wp-content\/uploads\/2023\/06\/IMG_4092-1024x683.jpg\" alt=\"\" class=\"wp-image-4626\" srcset=\"https:\/\/www.amante-menden.de\/wordpress\/wp-content\/uploads\/2023\/06\/IMG_4092-1024x683.jpg 1024w, https:\/\/www.amante-menden.de\/wordpress\/wp-content\/uploads\/2023\/06\/IMG_4092-300x200.jpg 300w, https:\/\/www.amante-menden.de\/wordpress\/wp-content\/uploads\/2023\/06\/IMG_4092-768x512.jpg 768w, https:\/\/www.amante-menden.de\/wordpress\/wp-content\/uploads\/2023\/06\/IMG_4092-1536x1024.jpg 1536w, https:\/\/www.amante-menden.de\/wordpress\/wp-content\/uploads\/2023\/06\/IMG_4092-2048x1365.jpg 2048w\" sizes=\"auto, (max-width: 1024px) 100vw, 1024px\" \/><\/a><\/figure>\n\n\n\n<p>Weil amante die von 2014 bis 2019 durchgef\u00fchrte Benefizkonzert-Reihe zum Tag der deutschen Einheit coronabedingt noch nicht wieder fortsetzen kann, haben sich Vorstand und Chorleitung des sechsfachen Meisterchores dazu entschieden, nach Jahren der bewussten Abstinenz wieder selbst in der Weihnachtszeit zum Konzert einzuladen. \u201eDamit erf\u00fcllen wir vor allem auch einen Wunsch vieler Menschen, die Stammg\u00e4ste bei uns sind\u201c, wei\u00df Thorsten G\u00fcnner, der 2. Vorsitzende von amante, in dessen H\u00e4nden die organisatorischen F\u00e4den liegen.<\/p>\n\n\n\n<p>Was wie beim 3. Oktober bleibt: der Benefizcharakter. Denn der gesamte Erl\u00f6s der Veranstaltung am dritten Advent flie\u00dft in die soziale, caritative und kulturelle Arbeit in der Stadt Menden.<\/p>\n\n\n\n<p>V\u00f6llig unverbindlich kann jeder ohne eine Mitgliedschaft im Chor dabei sein. Das erste Treffen findet am kommenden Donnerstag um 19 Uhr in der Sch\u00fctzenhalle St. Hubertus im Lahrfeld statt, das zweite am 16. September in der Aula der Gesamtschule Menden und das dritte am 23. September im gro\u00dfen Saal der Wilhelmsh\u00f6he \u2013 jeweils um 19 Uhr. Auch beim zweiten und dritten Termin ist es noch m\u00f6glich, neu einzusteigen. Die Details zu allen weiteren Proben werden dann jeweils mit ausreichend Vorlaufzeit intern besprochen.<\/p>\n\n\n\n<p>Das Repertoire f\u00fcr den dritten Advent wird nat\u00fcrlich coronakonform erarbeitet. Das bedeutet: Wer aktiv mitsingen m\u00f6chte, muss zwingend einen vollst\u00e4ndigen Impfschutz, die Genesung von einer Corona-Infektion oder aber entsprechend der aktuellen Fassung der Coronaverordnung des Landes f\u00fcr Ch\u00f6re einen negativen PCR-Test vorweisen, der nicht \u00e4lter als 48 Stunden sein darf.<\/p>\n\n\n\n<p><strong>Leider konnte das Projekt nie beendet werden, da Corona wieder auf dem Vormasch war und im November wieder alles eingestellt werden musste!<\/strong><\/p>\n","protected":false},"excerpt":{"rendered":"<p>Drei Rentiere ziehen den mit Geschenken beladenen Schlitten durch die L\u00fcfte zwischen Altem Rathaus und St.-Vincenz-Kirche, dazu Konturen eines Weihnachtsbaumes, das schneebedeckte Ortsschild Mendens, ein Notenschl\u00fcssel, f\u00fcnf Notenlinien, Noten und der Schriftzug \u201eSanta\u2018s coming\u201c: Mit diesem Logo macht amante della &hellip; <a href=\"https:\/\/www.amante-menden.de\/?page_id=4568\">Weiterlesen <span class=\"meta-nav\">&rarr;<\/span><\/a><\/p>\n","protected":false},"author":1,"featured_media":0,"parent":4558,"menu_order":2104,"comment_status":"closed","ping_status":"closed","template":"","meta":{"footnotes":""},"class_list":["post-4568","page","type-page","status-publish","hentry"],"_links":{"self":[{"href":"https:\/\/www.amante-menden.de\/index.php?rest_route=\/wp\/v2\/pages\/4568","targetHints":{"allow":["GET"]}}],"collection":[{"href":"https:\/\/www.amante-menden.de\/index.php?rest_route=\/wp\/v2\/pages"}],"about":[{"href":"https:\/\/www.amante-menden.de\/index.php?rest_route=\/wp\/v2\/types\/page"}],"author":[{"embeddable":true,"href":"https:\/\/www.amante-menden.de\/index.php?rest_route=\/wp\/v2\/users\/1"}],"replies":[{"embeddable":true,"href":"https:\/\/www.amante-menden.de\/index.php?rest_route=%2Fwp%2Fv2%2Fcomments&post=4568"}],"version-history":[{"count":3,"href":"https:\/\/www.amante-menden.de\/index.php?rest_route=\/wp\/v2\/pages\/4568\/revisions"}],"predecessor-version":[{"id":4627,"href":"https:\/\/www.amante-menden.de\/index.php?rest_route=\/wp\/v2\/pages\/4568\/revisions\/4627"}],"up":[{"embeddable":true,"href":"https:\/\/www.amante-menden.de\/index.php?rest_route=\/wp\/v2\/pages\/4558"}],"wp:attachment":[{"href":"https:\/\/www.amante-menden.de\/index.php?rest_route=%2Fwp%2Fv2%2Fmedia&parent=4568"}],"curies":[{"name":"wp","href":"https:\/\/api.w.org\/{rel}","templated":true}]}}