{"id":4579,"date":"2023-06-22T14:12:40","date_gmt":"2023-06-22T12:12:40","guid":{"rendered":"https:\/\/www.amante-menden.de\/?page_id=4579"},"modified":"2023-06-22T14:12:40","modified_gmt":"2023-06-22T12:12:40","slug":"jahreshauptversammlung-2022-amante-ernennt-lars-becker-zum-ehrenvorsitzenden","status":"publish","type":"page","link":"https:\/\/www.amante-menden.de\/?page_id=4579","title":{"rendered":"Jahreshauptversammlung 2022 \u2013 \u201eamante\u201c ernennt Lars Becker zum Ehrenvorsitzenden"},"content":{"rendered":"\n<p>Nach 23 Jahren endete am vergangenen Samstag auf der Jahreshauptversammlung des sechsfachen Meisterchores amante della musica menden die Amtszeit des 1. Vorsitzenden, Lars Becker, den es mit seiner Familie aus beruflichen Gr\u00fcnden in die L\u00fcneburger Heide zog.<\/p>\n\n\n\n<p>Lars Becker leitete die Geschicke des Chores seit 1999 und das mit Leib und Seele. Der 2. Vorsitzende, Thorsten G\u00fcnner, hob in seiner Laudatio hervor, dass er sich in einem mehr als au\u00dfergew\u00f6hnlichen Ma\u00dfe engagiert und um die Chorgemeinschaft verdient gemacht hat. Auch die Tatsache, dass er w\u00e4hrend beruflicher T\u00e4tigkeiten in Hamburg und Darmstadt stets den Weg zu den Chorproben auf sich nahm, war eine klare \u201eLiebeserkl\u00e4rung\u201c an die Chorgemeinschaft und blieb nicht unerw\u00e4hnt. Nat\u00fcrlich durfte aber auch die eine oder andere Anekdote nicht fehlen, die f\u00fcr Erheiterung unter den Anwesenden sorgte.<\/p>\n\n\n\n<p>Als Dank f\u00fcr seine langj\u00e4hrige Vorstandsarbeit sowie in Anerkennung seiner au\u00dferordentlichen Verdienste um die Chorgemeinschaft wurde Lars Becker durch die Mitgliederversammlung zum Ehrenvorsitzenden ernannt. Seine Urkunde sowie ein Abschiedspr\u00e4sent nahm er mit Standing Ovations und deutlich erkennbarer R\u00fchrung entgegen.<\/p>\n\n\n\n<p>Da die Jahreshauptversammlung im vergangenen Jahr coronabedingt ausfallen musste, wurde sie mit der diesj\u00e4hrigen zusammengefasst, sodass alle Vorstandsposten zur Wahl standen. In das Amt des 1. Vorsitzenden und somit zum Nachfolger von Lars Becker w\u00e4hlten die Mitglieder Thorsten G\u00fcnner, der dem gesch\u00e4ftsf\u00fchrenden Vorstand seit 2016 in der Position des 2. Vorsitzenden angeh\u00f6rte, die nun von Matthias Nagel \u00fcbernommen wird. In ihren \u00c4mtern best\u00e4tigt wurden Petra Nagel als 1. Kassiererin, Tobias Holz (2. Kassierer), Anja Sch\u00fcrmann (1. Schriftf\u00fchrerin), Ulrike G\u00fcnner (2. Schriftf\u00fchrerin) und Sabine Baschista als 1. Notenwartin. Mit Sabine Nitschke (2. Notenwartin) und Sarah Brinkmann (Schnuppermitglied) gibt es auch zwei neue Gesichter in der F\u00fchrungsriege.<\/p>\n\n\n\n<figure class=\"wp-block-image\"><a href=\"https:\/\/www.amante-menden.de\/wordpress\/wp-content\/uploads\/2022\/02\/IMG_4499-2-1-scaled.jpg\"><img loading=\"lazy\" decoding=\"async\" width=\"1024\" height=\"683\" src=\"https:\/\/www.amante-menden.de\/wordpress\/wp-content\/uploads\/2022\/02\/IMG_4499-2-1-1024x683.jpg\" alt=\"\" class=\"wp-image-4422\" srcset=\"https:\/\/www.amante-menden.de\/wordpress\/wp-content\/uploads\/2022\/02\/IMG_4499-2-1-1024x683.jpg 1024w, https:\/\/www.amante-menden.de\/wordpress\/wp-content\/uploads\/2022\/02\/IMG_4499-2-1-300x200.jpg 300w, https:\/\/www.amante-menden.de\/wordpress\/wp-content\/uploads\/2022\/02\/IMG_4499-2-1-768x512.jpg 768w, https:\/\/www.amante-menden.de\/wordpress\/wp-content\/uploads\/2022\/02\/IMG_4499-2-1-1536x1024.jpg 1536w, https:\/\/www.amante-menden.de\/wordpress\/wp-content\/uploads\/2022\/02\/IMG_4499-2-1-2048x1365.jpg 2048w\" sizes=\"auto, (max-width: 1024px) 100vw, 1024px\" \/><\/a><figcaption class=\"wp-element-caption\"><em>Das ist der neue amante-Vorstand mit seinem Ehrenvorsitzenden (v. links): Tobias Holz (2. Kassierer), Lars Becker (Ehrenvorsitzender), Petra Nagel (1. Kassiererin), Matthias Nagel (2. Vorsitzender), Sabine Nitschke (2. Notenwartin), Thorsten G\u00fcnner (1. Vorsitzender), Sabine Baschista (1. Notenwartin), Sarah Brinkmann (kooptiertes Mitglied), Anja Sch\u00fcrmann (1. Schriftf\u00fchrerin) und Ulrike G\u00fcnner (2. Schriftf\u00fchrerin).<\/em><\/figcaption><\/figure>\n\n\n\n<p><br>F\u00fcr ihre langj\u00e4hrige Mitgliedschaft wurden in diesem Jahr insgesamt 39 aktive sowie f\u00f6rdernde Mitglieder geehrt.<br><br><strong>Alle Ehrungen im \u00dcberblick:<\/strong><br><br><strong>5-j\u00e4hrige Mitgliedschaft:<\/strong>&nbsp;Pia Moeller, Anja R\u00f6hrmann (beide aktiv)<br><br><strong>10-j\u00e4hrige Mitgliedschaft:<\/strong>&nbsp;Sabine Baschista, Thorsten G\u00fcnner, Ulrike G\u00fcnner, Petra Nagel, Christina R\u00fcdiger, Dominik Wallot (alle aktiv), Julian Holz, Paul Baschista, Maria-Helene Heggemann, Ulrich Heggemann, Cornelia M\u00fcterthies, Helga Weier (alle f\u00f6rdernd)<br><br><strong>15-j\u00e4hrige Mitgliedschaft:<\/strong>&nbsp;Sarah Brinkmann, Sigrun Holz, Sabine Nitschke, Andrea Schindel, Anja Sch\u00fcrmann, Markus Woitzik (alle aktiv), Gordon Blankenhagen, Gundel Drautzburg, Julia Klute, Andreas R\u00fcdiger, Stephan Sch\u00fcrmann, Helga Volkmer, Reiner Volkmer (alle f\u00f6rdernd)<br><br><strong>20-j\u00e4hrige Mitgliedschaft:<\/strong>&nbsp;Hannelore Stancu, Sarah Stau\u00df, Melanie Wrona (alle aktiv), Sonja Gurris, Marie-Thres Paul, Carina Zebrowski (alle f\u00f6rdernd)<br><br><strong>25-j\u00e4hrige Mitgliedschaft:<\/strong>&nbsp;Nicole Becker (aktiv)<br><br><strong>30-j\u00e4hrige Mitgliedschaft:<\/strong>&nbsp;Astrid Blankenhagen, Burkhard Br\u00fchmann (beide aktiv), Gerhard Sander (f\u00f6rdernd)<br><br><strong>35-j\u00e4hrige Mitgliedschaft:<\/strong>&nbsp;Simone Rekitt (Ehrenmitglied), Irmtraud Mertens (f\u00f6rdernd)<\/p>\n\n\n\n<figure class=\"wp-block-image\"><a href=\"https:\/\/www.amante-menden.de\/wordpress\/wp-content\/uploads\/2022\/02\/IMG_4493-3-scaled.jpg\"><img loading=\"lazy\" decoding=\"async\" width=\"1024\" height=\"683\" src=\"https:\/\/www.amante-menden.de\/wordpress\/wp-content\/uploads\/2022\/02\/IMG_4493-3-1024x683.jpg\" alt=\"\" class=\"wp-image-4427\" srcset=\"https:\/\/www.amante-menden.de\/wordpress\/wp-content\/uploads\/2022\/02\/IMG_4493-3-1024x683.jpg 1024w, https:\/\/www.amante-menden.de\/wordpress\/wp-content\/uploads\/2022\/02\/IMG_4493-3-300x200.jpg 300w, https:\/\/www.amante-menden.de\/wordpress\/wp-content\/uploads\/2022\/02\/IMG_4493-3-768x512.jpg 768w, https:\/\/www.amante-menden.de\/wordpress\/wp-content\/uploads\/2022\/02\/IMG_4493-3-1536x1024.jpg 1536w, https:\/\/www.amante-menden.de\/wordpress\/wp-content\/uploads\/2022\/02\/IMG_4493-3-2048x1365.jpg 2048w\" sizes=\"auto, (max-width: 1024px) 100vw, 1024px\" \/><\/a><figcaption class=\"wp-element-caption\"><em>Das Foto zeigt einige der Mitglieder, die im Rahmen der diesj\u00e4hrigen JHV geehrt wurden.<\/em><\/figcaption><\/figure>\n\n\n\n<p><br>Nat\u00fcrlich wurde der Blick auch in die Zukunft gerichtet. Bereits am 3. M\u00e4rz wird die erste Chorprobe des Jahres unter 2G-plus-Bedingungen stattfinden und auch Auftritte sowie interne Vereinsveranstaltungen, wie das allj\u00e4hrliche Sommerfest, sind f\u00fcr dieses Jahr wieder geplant. Zudem werden sich die \u201eamantaner\u201c im Oktober auf den Weg in die Bundeshauptstadt Berlin begeben.<\/p>\n","protected":false},"excerpt":{"rendered":"<p>Nach 23 Jahren endete am vergangenen Samstag auf der Jahreshauptversammlung des sechsfachen Meisterchores amante della musica menden die Amtszeit des 1. Vorsitzenden, Lars Becker, den es mit seiner Familie aus beruflichen Gr\u00fcnden in die L\u00fcneburger Heide zog. Lars Becker leitete &hellip; <a href=\"https:\/\/www.amante-menden.de\/?page_id=4579\">Weiterlesen <span class=\"meta-nav\">&rarr;<\/span><\/a><\/p>\n","protected":false},"author":1,"featured_media":0,"parent":4558,"menu_order":2201,"comment_status":"closed","ping_status":"closed","template":"","meta":{"footnotes":""},"class_list":["post-4579","page","type-page","status-publish","hentry"],"_links":{"self":[{"href":"https:\/\/www.amante-menden.de\/index.php?rest_route=\/wp\/v2\/pages\/4579","targetHints":{"allow":["GET"]}}],"collection":[{"href":"https:\/\/www.amante-menden.de\/index.php?rest_route=\/wp\/v2\/pages"}],"about":[{"href":"https:\/\/www.amante-menden.de\/index.php?rest_route=\/wp\/v2\/types\/page"}],"author":[{"embeddable":true,"href":"https:\/\/www.amante-menden.de\/index.php?rest_route=\/wp\/v2\/users\/1"}],"replies":[{"embeddable":true,"href":"https:\/\/www.amante-menden.de\/index.php?rest_route=%2Fwp%2Fv2%2Fcomments&post=4579"}],"version-history":[{"count":1,"href":"https:\/\/www.amante-menden.de\/index.php?rest_route=\/wp\/v2\/pages\/4579\/revisions"}],"predecessor-version":[{"id":4580,"href":"https:\/\/www.amante-menden.de\/index.php?rest_route=\/wp\/v2\/pages\/4579\/revisions\/4580"}],"up":[{"embeddable":true,"href":"https:\/\/www.amante-menden.de\/index.php?rest_route=\/wp\/v2\/pages\/4558"}],"wp:attachment":[{"href":"https:\/\/www.amante-menden.de\/index.php?rest_route=%2Fwp%2Fv2%2Fmedia&parent=4579"}],"curies":[{"name":"wp","href":"https:\/\/api.w.org\/{rel}","templated":true}]}}