{"id":4585,"date":"2023-06-22T14:17:28","date_gmt":"2023-06-22T12:17:28","guid":{"rendered":"https:\/\/www.amante-menden.de\/?page_id=4585"},"modified":"2023-06-22T14:50:40","modified_gmt":"2023-06-22T12:50:40","slug":"amante-ueberreicht-spendenscheck-an-den-skfm","status":"publish","type":"page","link":"https:\/\/www.amante-menden.de\/?page_id=4585","title":{"rendered":"amante \u00fcberreicht Spendenscheck an den SKFM"},"content":{"rendered":"\n<figure class=\"wp-block-image\"><a href=\"http:\/\/www.amante-menden.de\/wordpress\/wp-content\/uploads\/2022\/08\/IMG_5023-scaled.jpg\"><img loading=\"lazy\" decoding=\"async\" width=\"1024\" height=\"683\" src=\"http:\/\/www.amante-menden.de\/wordpress\/wp-content\/uploads\/2022\/08\/IMG_5023-1024x683.jpg\" alt=\"amante \u00fcberreicht Spendenscheck an SKFM\" class=\"wp-image-4455\" srcset=\"https:\/\/www.amante-menden.de\/wordpress\/wp-content\/uploads\/2022\/08\/IMG_5023-1024x683.jpg 1024w, https:\/\/www.amante-menden.de\/wordpress\/wp-content\/uploads\/2022\/08\/IMG_5023-300x200.jpg 300w, https:\/\/www.amante-menden.de\/wordpress\/wp-content\/uploads\/2022\/08\/IMG_5023-768x512.jpg 768w, https:\/\/www.amante-menden.de\/wordpress\/wp-content\/uploads\/2022\/08\/IMG_5023-1536x1024.jpg 1536w, https:\/\/www.amante-menden.de\/wordpress\/wp-content\/uploads\/2022\/08\/IMG_5023-2048x1365.jpg 2048w\" sizes=\"auto, (max-width: 1024px) 100vw, 1024px\" \/><\/a><\/figure>\n\n\n\n<p><br>Die N\u00f6te des Mendener De-Cent-Ladens sind auch den S\u00e4ngerinnen und S\u00e4ngern von amante della musica menden nicht verborgen geblieben. Ein in den Proben aufgestelltes Sparschwein f\u00fcllten sie mit einem Betrag von insgesamt 400 Euro f\u00fcr den guten Zweck. Brigitte Schr\u00f6der, Inhaberin der Integra-Schulbegleitung, erfuhr von dieser Aktion und erkl\u00e4rte sich prompt bereit, diesen Spendenbetrag zu verdoppeln. \u201eWir hoffen, die Not etwas lindern zu k\u00f6nnen und freuen uns, dass Frau Schr\u00f6der unsere Spendenaktion unterst\u00fctzt.\u201c, so der 1. Vorsitzende des Chores, Thorsten G\u00fcnner, der in der ersten Probe nach der Sommerpause gemeinsam mit Brigitte Schr\u00f6der den Spendenscheck in H\u00f6he von 800 Euro an Franz Daniel vom SKFM \u00fcberreichte.<\/p>\n","protected":false},"excerpt":{"rendered":"<p>Die N\u00f6te des Mendener De-Cent-Ladens sind auch den S\u00e4ngerinnen und S\u00e4ngern von amante della musica menden nicht verborgen geblieben. Ein in den Proben aufgestelltes Sparschwein f\u00fcllten sie mit einem Betrag von insgesamt 400 Euro f\u00fcr den guten Zweck. Brigitte Schr\u00f6der, &hellip; <a href=\"https:\/\/www.amante-menden.de\/?page_id=4585\">Weiterlesen <span class=\"meta-nav\">&rarr;<\/span><\/a><\/p>\n","protected":false},"author":1,"featured_media":0,"parent":4558,"menu_order":2203,"comment_status":"closed","ping_status":"closed","template":"","meta":{"footnotes":""},"class_list":["post-4585","page","type-page","status-publish","hentry"],"_links":{"self":[{"href":"https:\/\/www.amante-menden.de\/index.php?rest_route=\/wp\/v2\/pages\/4585","targetHints":{"allow":["GET"]}}],"collection":[{"href":"https:\/\/www.amante-menden.de\/index.php?rest_route=\/wp\/v2\/pages"}],"about":[{"href":"https:\/\/www.amante-menden.de\/index.php?rest_route=\/wp\/v2\/types\/page"}],"author":[{"embeddable":true,"href":"https:\/\/www.amante-menden.de\/index.php?rest_route=\/wp\/v2\/users\/1"}],"replies":[{"embeddable":true,"href":"https:\/\/www.amante-menden.de\/index.php?rest_route=%2Fwp%2Fv2%2Fcomments&post=4585"}],"version-history":[{"count":1,"href":"https:\/\/www.amante-menden.de\/index.php?rest_route=\/wp\/v2\/pages\/4585\/revisions"}],"predecessor-version":[{"id":4586,"href":"https:\/\/www.amante-menden.de\/index.php?rest_route=\/wp\/v2\/pages\/4585\/revisions\/4586"}],"up":[{"embeddable":true,"href":"https:\/\/www.amante-menden.de\/index.php?rest_route=\/wp\/v2\/pages\/4558"}],"wp:attachment":[{"href":"https:\/\/www.amante-menden.de\/index.php?rest_route=%2Fwp%2Fv2%2Fmedia&parent=4585"}],"curies":[{"name":"wp","href":"https:\/\/api.w.org\/{rel}","templated":true}]}}