{"id":4594,"date":"2023-06-22T14:20:23","date_gmt":"2023-06-22T12:20:23","guid":{"rendered":"https:\/\/www.amante-menden.de\/?page_id=4594"},"modified":"2023-06-22T14:20:47","modified_gmt":"2023-06-22T12:20:47","slug":"amante-jubilare-2022-auf-der-wilhelmshoehe-geehrt","status":"publish","type":"page","link":"https:\/\/www.amante-menden.de\/?page_id=4594","title":{"rendered":"amante-Jubilare 2022 auf der Wilhelmsh\u00f6he geehrt"},"content":{"rendered":"\n<figure class=\"wp-block-image\"><a href=\"https:\/\/www.amante-menden.de\/wordpress\/wp-content\/uploads\/2022\/11\/PHOTO-2022-11-05-21-16-30-7.jpg\"><img loading=\"lazy\" decoding=\"async\" width=\"1024\" height=\"682\" src=\"https:\/\/www.amante-menden.de\/wordpress\/wp-content\/uploads\/2022\/11\/PHOTO-2022-11-05-21-16-30-7-1024x682.jpg\" alt=\"\" class=\"wp-image-4521\" srcset=\"https:\/\/www.amante-menden.de\/wordpress\/wp-content\/uploads\/2022\/11\/PHOTO-2022-11-05-21-16-30-7-1024x682.jpg 1024w, https:\/\/www.amante-menden.de\/wordpress\/wp-content\/uploads\/2022\/11\/PHOTO-2022-11-05-21-16-30-7-300x200.jpg 300w, https:\/\/www.amante-menden.de\/wordpress\/wp-content\/uploads\/2022\/11\/PHOTO-2022-11-05-21-16-30-7-768x511.jpg 768w, https:\/\/www.amante-menden.de\/wordpress\/wp-content\/uploads\/2022\/11\/PHOTO-2022-11-05-21-16-30-7.jpg 1481w\" sizes=\"auto, (max-width: 1024px) 100vw, 1024px\" \/><\/a><figcaption class=\"wp-element-caption\">Die amante-Jubilare 2022 mit dem 2. Vorsitzenden Matthias Nagel (h.l.) \u2013 von links: Petra Nagel, Dominik Wallot, Sarah Brinkmann, Christina R\u00fcdiger, Melanie Wrona, Hannelore Stancu, Andrea Schindel, Thorsten G\u00fcnner und Ulrike G\u00fcnner. Es fehlen Sabine Nitschke, Markus Woitzik, Nicole Becker und Burkhard Br\u00fchmann.<\/figcaption><\/figure>\n\n\n\n<p><br>Am 5. November, nur wenige Tage nach unserem Benefizkonzert, fanden wir uns wieder auf der Wilhelmsh\u00f6he ein, denn an diesem Tag wurden anl\u00e4sslich der Zentralen Jubilarehrung des Chorverbandes H\u00f6nne-Ruhr auch einige S\u00e4ngerinnen und S\u00e4nger von amante della musica menden f\u00fcr Ihre langj\u00e4hrige Treue zum Chorgesang geehrt.<\/p>\n\n\n\n<p>F\u00fcr 10 Jahre Singen im Chor wurden Thorsten G\u00fcnner, Ulrike G\u00fcnner, Petra Nagel, Christina R\u00fcdiger und Dominik Wallot mit einer Urkunde geehrt. Ganze 15 Jahre halten Sabine Nitschke, Andrea Schindel sowie Markus Woitzik und bereits 20 Jahre Hannelore Stancu, Sarah Brinkmann und Melanie Wrona dem Chorgesang die Treue und bekamen ebenfalls eine Urkunde \u00fcberreicht.<\/p>\n\n\n\n<p>Die Brosche des Deutschen Chorverbandes in Silber f\u00fcr 25 Jahre Singen im Chor erhielt Nicole Becker.<\/p>\n\n\n\n<p>Seit 30 Jahren singt Burkhard Br\u00fchmann im Chor und erhielt hierf\u00fcr ebenfalls eine Urkunde des Chorverbandes H\u00f6nne-Ruhr.<\/p>\n","protected":false},"excerpt":{"rendered":"<p>Am 5. November, nur wenige Tage nach unserem Benefizkonzert, fanden wir uns wieder auf der Wilhelmsh\u00f6he ein, denn an diesem Tag wurden anl\u00e4sslich der Zentralen Jubilarehrung des Chorverbandes H\u00f6nne-Ruhr auch einige S\u00e4ngerinnen und S\u00e4nger von amante della musica menden f\u00fcr &hellip; <a href=\"https:\/\/www.amante-menden.de\/?page_id=4594\">Weiterlesen <span class=\"meta-nav\">&rarr;<\/span><\/a><\/p>\n","protected":false},"author":1,"featured_media":0,"parent":4558,"menu_order":2208,"comment_status":"closed","ping_status":"closed","template":"","meta":{"footnotes":""},"class_list":["post-4594","page","type-page","status-publish","hentry"],"_links":{"self":[{"href":"https:\/\/www.amante-menden.de\/index.php?rest_route=\/wp\/v2\/pages\/4594","targetHints":{"allow":["GET"]}}],"collection":[{"href":"https:\/\/www.amante-menden.de\/index.php?rest_route=\/wp\/v2\/pages"}],"about":[{"href":"https:\/\/www.amante-menden.de\/index.php?rest_route=\/wp\/v2\/types\/page"}],"author":[{"embeddable":true,"href":"https:\/\/www.amante-menden.de\/index.php?rest_route=\/wp\/v2\/users\/1"}],"replies":[{"embeddable":true,"href":"https:\/\/www.amante-menden.de\/index.php?rest_route=%2Fwp%2Fv2%2Fcomments&post=4594"}],"version-history":[{"count":1,"href":"https:\/\/www.amante-menden.de\/index.php?rest_route=\/wp\/v2\/pages\/4594\/revisions"}],"predecessor-version":[{"id":4595,"href":"https:\/\/www.amante-menden.de\/index.php?rest_route=\/wp\/v2\/pages\/4594\/revisions\/4595"}],"up":[{"embeddable":true,"href":"https:\/\/www.amante-menden.de\/index.php?rest_route=\/wp\/v2\/pages\/4558"}],"wp:attachment":[{"href":"https:\/\/www.amante-menden.de\/index.php?rest_route=%2Fwp%2Fv2%2Fmedia&parent=4594"}],"curies":[{"name":"wp","href":"https:\/\/api.w.org\/{rel}","templated":true}]}}