{"id":4610,"date":"2023-06-22T14:47:51","date_gmt":"2023-06-22T12:47:51","guid":{"rendered":"https:\/\/www.amante-menden.de\/?page_id=4610"},"modified":"2023-06-22T14:47:51","modified_gmt":"2023-06-22T12:47:51","slug":"amante-goes-berlin","status":"publish","type":"page","link":"https:\/\/www.amante-menden.de\/?page_id=4610","title":{"rendered":"amante goes Berlin"},"content":{"rendered":"\n<p>Vom 10. bis 15. Oktober reist der Chor mit \u00fcber 40 S\u00e4ngerinnen, S\u00e4ngern und Freunden abermals nach Berlin. Es ist die erste Chorfahrt nach Corona.<\/p>\n\n\n\n<p><br>am Dienstag ging es nach Potsdam:<\/p>\n\n\n\n<figure class=\"wp-block-image size-large\"><a href=\"https:\/\/www.amante-menden.de\/wordpress\/wp-content\/uploads\/2023\/06\/1-scaled.jpg\"><img loading=\"lazy\" decoding=\"async\" width=\"1024\" height=\"547\" src=\"https:\/\/www.amante-menden.de\/wordpress\/wp-content\/uploads\/2023\/06\/1-1024x547.jpg\" alt=\"\" class=\"wp-image-4611\" srcset=\"https:\/\/www.amante-menden.de\/wordpress\/wp-content\/uploads\/2023\/06\/1-1024x547.jpg 1024w, https:\/\/www.amante-menden.de\/wordpress\/wp-content\/uploads\/2023\/06\/1-300x160.jpg 300w, https:\/\/www.amante-menden.de\/wordpress\/wp-content\/uploads\/2023\/06\/1-768x410.jpg 768w, https:\/\/www.amante-menden.de\/wordpress\/wp-content\/uploads\/2023\/06\/1-1536x821.jpg 1536w, https:\/\/www.amante-menden.de\/wordpress\/wp-content\/uploads\/2023\/06\/1-2048x1095.jpg 2048w\" sizes=\"auto, (max-width: 1024px) 100vw, 1024px\" \/><\/a><\/figure>\n\n\n\n<p><br>am Mittwoch Stadtrundgang und Bundestag<\/p>\n\n\n\n<figure class=\"wp-block-image size-large\"><a href=\"https:\/\/www.amante-menden.de\/wordpress\/wp-content\/uploads\/2023\/06\/DSC_0231-scaled.jpg\"><img loading=\"lazy\" decoding=\"async\" width=\"1024\" height=\"683\" src=\"https:\/\/www.amante-menden.de\/wordpress\/wp-content\/uploads\/2023\/06\/DSC_0231-1024x683.jpg\" alt=\"\" class=\"wp-image-4612\" srcset=\"https:\/\/www.amante-menden.de\/wordpress\/wp-content\/uploads\/2023\/06\/DSC_0231-1024x683.jpg 1024w, https:\/\/www.amante-menden.de\/wordpress\/wp-content\/uploads\/2023\/06\/DSC_0231-300x200.jpg 300w, https:\/\/www.amante-menden.de\/wordpress\/wp-content\/uploads\/2023\/06\/DSC_0231-768x512.jpg 768w, https:\/\/www.amante-menden.de\/wordpress\/wp-content\/uploads\/2023\/06\/DSC_0231-1536x1024.jpg 1536w, https:\/\/www.amante-menden.de\/wordpress\/wp-content\/uploads\/2023\/06\/DSC_0231-2048x1365.jpg 2048w\" sizes=\"auto, (max-width: 1024px) 100vw, 1024px\" \/><\/a><\/figure>\n\n\n\n<p><br>am Donnerstag war Shoppingzeit und Berlin bei Nacht erleben<\/p>\n\n\n\n<figure class=\"wp-block-image size-large\"><a href=\"https:\/\/www.amante-menden.de\/wordpress\/wp-content\/uploads\/2023\/06\/54-scaled.jpg\"><img loading=\"lazy\" decoding=\"async\" width=\"1024\" height=\"768\" src=\"https:\/\/www.amante-menden.de\/wordpress\/wp-content\/uploads\/2023\/06\/54-1024x768.jpg\" alt=\"\" class=\"wp-image-4613\" srcset=\"https:\/\/www.amante-menden.de\/wordpress\/wp-content\/uploads\/2023\/06\/54-1024x768.jpg 1024w, https:\/\/www.amante-menden.de\/wordpress\/wp-content\/uploads\/2023\/06\/54-300x225.jpg 300w, https:\/\/www.amante-menden.de\/wordpress\/wp-content\/uploads\/2023\/06\/54-768x576.jpg 768w, https:\/\/www.amante-menden.de\/wordpress\/wp-content\/uploads\/2023\/06\/54-1536x1152.jpg 1536w, https:\/\/www.amante-menden.de\/wordpress\/wp-content\/uploads\/2023\/06\/54-2048x1536.jpg 2048w\" sizes=\"auto, (max-width: 1024px) 100vw, 1024px\" \/><\/a><\/figure>\n\n\n\n<p><br>am Freitag wurde das Olympiastadion besucht und ein Konzert gegeben<\/p>\n\n\n\n<figure class=\"wp-block-image size-large\"><a href=\"https:\/\/www.amante-menden.de\/wordpress\/wp-content\/uploads\/2023\/06\/20221014_202457-scaled.jpg\"><img loading=\"lazy\" decoding=\"async\" width=\"1024\" height=\"576\" src=\"https:\/\/www.amante-menden.de\/wordpress\/wp-content\/uploads\/2023\/06\/20221014_202457-1024x576.jpg\" alt=\"\" class=\"wp-image-4614\" srcset=\"https:\/\/www.amante-menden.de\/wordpress\/wp-content\/uploads\/2023\/06\/20221014_202457-1024x576.jpg 1024w, https:\/\/www.amante-menden.de\/wordpress\/wp-content\/uploads\/2023\/06\/20221014_202457-300x169.jpg 300w, https:\/\/www.amante-menden.de\/wordpress\/wp-content\/uploads\/2023\/06\/20221014_202457-768x432.jpg 768w, https:\/\/www.amante-menden.de\/wordpress\/wp-content\/uploads\/2023\/06\/20221014_202457-1536x864.jpg 1536w, https:\/\/www.amante-menden.de\/wordpress\/wp-content\/uploads\/2023\/06\/20221014_202457-2048x1152.jpg 2048w\" sizes=\"auto, (max-width: 1024px) 100vw, 1024px\" \/><\/a><\/figure>\n","protected":false},"excerpt":{"rendered":"<p>Vom 10. bis 15. Oktober reist der Chor mit \u00fcber 40 S\u00e4ngerinnen, S\u00e4ngern und Freunden abermals nach Berlin. Es ist die erste Chorfahrt nach Corona. am Dienstag ging es nach Potsdam: am Mittwoch Stadtrundgang und Bundestag am Donnerstag war Shoppingzeit &hellip; <a href=\"https:\/\/www.amante-menden.de\/?page_id=4610\">Weiterlesen <span class=\"meta-nav\">&rarr;<\/span><\/a><\/p>\n","protected":false},"author":1,"featured_media":0,"parent":4558,"menu_order":2205,"comment_status":"closed","ping_status":"closed","template":"","meta":{"footnotes":""},"class_list":["post-4610","page","type-page","status-publish","hentry"],"_links":{"self":[{"href":"https:\/\/www.amante-menden.de\/index.php?rest_route=\/wp\/v2\/pages\/4610","targetHints":{"allow":["GET"]}}],"collection":[{"href":"https:\/\/www.amante-menden.de\/index.php?rest_route=\/wp\/v2\/pages"}],"about":[{"href":"https:\/\/www.amante-menden.de\/index.php?rest_route=\/wp\/v2\/types\/page"}],"author":[{"embeddable":true,"href":"https:\/\/www.amante-menden.de\/index.php?rest_route=\/wp\/v2\/users\/1"}],"replies":[{"embeddable":true,"href":"https:\/\/www.amante-menden.de\/index.php?rest_route=%2Fwp%2Fv2%2Fcomments&post=4610"}],"version-history":[{"count":1,"href":"https:\/\/www.amante-menden.de\/index.php?rest_route=\/wp\/v2\/pages\/4610\/revisions"}],"predecessor-version":[{"id":4615,"href":"https:\/\/www.amante-menden.de\/index.php?rest_route=\/wp\/v2\/pages\/4610\/revisions\/4615"}],"up":[{"embeddable":true,"href":"https:\/\/www.amante-menden.de\/index.php?rest_route=\/wp\/v2\/pages\/4558"}],"wp:attachment":[{"href":"https:\/\/www.amante-menden.de\/index.php?rest_route=%2Fwp%2Fv2%2Fmedia&parent=4610"}],"curies":[{"name":"wp","href":"https:\/\/api.w.org\/{rel}","templated":true}]}}