{"id":465,"date":"2015-06-03T20:33:44","date_gmt":"2015-06-03T18:33:44","guid":{"rendered":"http:\/\/amante-menden.de\/wordpress\/?page_id=465"},"modified":"2015-06-16T15:16:18","modified_gmt":"2015-06-16T13:16:18","slug":"jahreshauptversammlung-2013","status":"publish","type":"page","link":"https:\/\/www.amante-menden.de\/?page_id=465","title":{"rendered":"Jahreshauptversammlung 2013"},"content":{"rendered":"<p><a href=\"http:\/\/amante-menden.de\/wordpress\/wp-content\/uploads\/2015\/06\/gruppe2.jpg\"><img loading=\"lazy\" decoding=\"async\" class=\" size-full wp-image-466 aligncenter\" src=\"http:\/\/amante-menden.de\/wordpress\/wp-content\/uploads\/2015\/06\/gruppe2.jpg\" alt=\"gruppe\" width=\"400\" height=\"286\" srcset=\"https:\/\/www.amante-menden.de\/wordpress\/wp-content\/uploads\/2015\/06\/gruppe2.jpg 400w, https:\/\/www.amante-menden.de\/wordpress\/wp-content\/uploads\/2015\/06\/gruppe2-300x215.jpg 300w\" sizes=\"auto, (max-width: 400px) 100vw, 400px\" \/><\/a><\/p>\n<p style=\"text-align: justify;\">Am Samstag, 12. Januar, fand im Foyer der St\u00e4dtischen Gesamtschule Menden\/Hauptschule am Gelben Morgen die Jahreshauptversammlung 2013 von amante della musica menden statt. Insgesamt 58 aktive und f\u00f6rdernde Mitglieder konnte der 1. Vorsitzende Lars Becker zum Jahresmeeting begr\u00fc\u00dfen, bei dem neben den \u00fcblichen Regularien auch wieder die Ehrungen langj\u00e4hriger S\u00e4ngerinnen und S\u00e4nger sowie Neuwahlen auf der Tagesordnung standen.<\/p>\n<p style=\"text-align: justify;\" align=\"justify\">F\u00fcr ihre f\u00fcnfj\u00e4hrige Treue zu amante della musica wurde Anja Rose geehrt, schon seit zehn Jahren singen Sabrina H\u00f6mberg, Eva Weische und Josef Drautzburg beim heimischen Meisterchor. Die 2. Vorsitzende Melanie Ferber ehrte au\u00dferdem Tobias Holz f\u00fcr 15 und Steffi Scholz f\u00fcr 20 Mitgliedsjahre bei amante. Sogar schon seit 25 Jahren geh\u00f6rt Sandra Weier-Kordes dem Sopran des Ensembles an. Alle Jubilare durften sich \u00fcber kleine und gr\u00f6\u00dfere s\u00fc\u00dfe Geschenke freuen.<\/p>\n<p style=\"text-align: justify;\" align=\"justify\">Noch ein zweites Pr\u00e4sent vom Chor bekam Josef Drautzburg. Er kandidierte nach vier Jahren nicht f\u00fcr eine dritte Amtszeit als 1. Schriftf\u00fchrer. Zu seiner Nachfolgerin wurde f\u00fcr zwei Jahre seine bisherige Stellvertreterin Andrea Ferber gew\u00e4hlt, der wiederum als 2. Schriftf\u00fchrerin f\u00fcr ein Jahr Silke H\u00fchner nachfolgt. Sie hatte im Kalenderjahr 2012 in die Vorstandsarbeit hineingeschnuppert.<\/p>\n<p style=\"text-align: justify;\" align=\"justify\">In ihren Funktionen als 1. Vorsitzender und 1. Kassiererin wurden ferner Lars Becker und Sandra Weier-Kordes best\u00e4tigt. Sie gehen ebenso jeweils in ihre achte zweij\u00e4hrige Amtszeit wie Notenwart Tobias Holz. Neues Vorstands-Schnuppermitglied f\u00fcr ein Jahr ist Sabrina H\u00f6mberg, neue Kassenpr\u00fcferin f\u00fcr zwei Jahre ist Silvia Wuske.<\/p>\n<p style=\"text-align: justify;\" align=\"justify\">Martin Schindler wurde f\u00fcr 100-prozentige Anwesenheit bei Proben und Auftritten mit einer s\u00fc\u00dfen Kleinigkeit bedacht, Julia Klute bekam von Lars Becker nachtr\u00e4glich f\u00fcr die Begleitung des Chores am Piano beim Weihnachtskonzert in Hemer am dritten Advent ein Pr\u00e4sent \u00fcberreicht.<\/p>\n<p style=\"text-align: justify;\" align=\"justify\">Abschlie\u00dfend stand die Wahl des Reiseziels f\u00fcr die Chorfahrt 2014 auf dem Programm. Das Rennen machte hier Dresden, so dass der Vorstand nun damit beginnen, konkret die Konzertreise im n\u00e4chsten Jahr zu planen. Nach rund zweieinhalb Stunden waren die Weichen f\u00fcr das Kalenderjahr 2013 gestellt.<\/p>\n<p style=\"text-align: justify;\" align=\"justify\">Weitere interessante Details der Jahreshauptversammlung werden zu einem sp\u00e4teren Zeitpunkt separat ver\u00f6ffentlicht.<\/p>\n","protected":false},"excerpt":{"rendered":"<p>Am Samstag, 12. Januar, fand im Foyer der St\u00e4dtischen Gesamtschule Menden\/Hauptschule am Gelben Morgen die Jahreshauptversammlung 2013 von amante della musica menden statt. Insgesamt 58 aktive und f\u00f6rdernde Mitglieder konnte der 1. Vorsitzende Lars Becker zum Jahresmeeting begr\u00fc\u00dfen, bei dem &hellip; <a href=\"https:\/\/www.amante-menden.de\/?page_id=465\">Weiterlesen <span class=\"meta-nav\">&rarr;<\/span><\/a><\/p>\n","protected":false},"author":1,"featured_media":0,"parent":156,"menu_order":132,"comment_status":"closed","ping_status":"closed","template":"","meta":{"footnotes":""},"class_list":["post-465","page","type-page","status-publish","hentry"],"_links":{"self":[{"href":"https:\/\/www.amante-menden.de\/index.php?rest_route=\/wp\/v2\/pages\/465","targetHints":{"allow":["GET"]}}],"collection":[{"href":"https:\/\/www.amante-menden.de\/index.php?rest_route=\/wp\/v2\/pages"}],"about":[{"href":"https:\/\/www.amante-menden.de\/index.php?rest_route=\/wp\/v2\/types\/page"}],"author":[{"embeddable":true,"href":"https:\/\/www.amante-menden.de\/index.php?rest_route=\/wp\/v2\/users\/1"}],"replies":[{"embeddable":true,"href":"https:\/\/www.amante-menden.de\/index.php?rest_route=%2Fwp%2Fv2%2Fcomments&post=465"}],"version-history":[{"count":2,"href":"https:\/\/www.amante-menden.de\/index.php?rest_route=\/wp\/v2\/pages\/465\/revisions"}],"predecessor-version":[{"id":469,"href":"https:\/\/www.amante-menden.de\/index.php?rest_route=\/wp\/v2\/pages\/465\/revisions\/469"}],"up":[{"embeddable":true,"href":"https:\/\/www.amante-menden.de\/index.php?rest_route=\/wp\/v2\/pages\/156"}],"wp:attachment":[{"href":"https:\/\/www.amante-menden.de\/index.php?rest_route=%2Fwp%2Fv2%2Fmedia&parent=465"}],"curies":[{"name":"wp","href":"https:\/\/api.w.org\/{rel}","templated":true}]}}