{"id":4655,"date":"2023-06-22T15:46:51","date_gmt":"2023-06-22T13:46:51","guid":{"rendered":"https:\/\/www.amante-menden.de\/?page_id=4655"},"modified":"2023-06-22T15:46:51","modified_gmt":"2023-06-22T13:46:51","slug":"stefan-40-jahre-chorleiterjubilaeum-und-amante-feiert-3-tage-lang-mit","status":"publish","type":"page","link":"https:\/\/www.amante-menden.de\/?page_id=4655","title":{"rendered":"Stefan 40 Jahre Chorleiterjubil\u00e4um und amante feiert 3 Tage lang mit"},"content":{"rendered":"\n<p>au\u00dferdem wurde der M\u00e4nnerchor H\u00f6ingen 125 Jahre<\/p>\n\n\n\n<figure class=\"wp-block-gallery has-nested-images columns-default is-cropped wp-block-gallery-1 is-layout-flex wp-block-gallery-is-layout-flex\">\n<figure class=\"wp-block-image size-large\"><a href=\"https:\/\/www.amante-menden.de\/wordpress\/wp-content\/uploads\/2023\/06\/MGV_230512_0002.jpg\"><img loading=\"lazy\" decoding=\"async\" width=\"1024\" height=\"683\" data-id=\"4657\" src=\"https:\/\/www.amante-menden.de\/wordpress\/wp-content\/uploads\/2023\/06\/MGV_230512_0002-1024x683.jpg\" alt=\"\" class=\"wp-image-4657\" srcset=\"https:\/\/www.amante-menden.de\/wordpress\/wp-content\/uploads\/2023\/06\/MGV_230512_0002-1024x683.jpg 1024w, https:\/\/www.amante-menden.de\/wordpress\/wp-content\/uploads\/2023\/06\/MGV_230512_0002-300x200.jpg 300w, https:\/\/www.amante-menden.de\/wordpress\/wp-content\/uploads\/2023\/06\/MGV_230512_0002-768x512.jpg 768w, https:\/\/www.amante-menden.de\/wordpress\/wp-content\/uploads\/2023\/06\/MGV_230512_0002-1536x1024.jpg 1536w, https:\/\/www.amante-menden.de\/wordpress\/wp-content\/uploads\/2023\/06\/MGV_230512_0002-2048x1365.jpg 2048w\" sizes=\"auto, (max-width: 1024px) 100vw, 1024px\" \/><\/a><\/figure>\n\n\n\n<figure class=\"wp-block-image size-large\"><a href=\"https:\/\/www.amante-menden.de\/wordpress\/wp-content\/uploads\/2023\/06\/MGV_230512_0132-1.jpg\"><img loading=\"lazy\" decoding=\"async\" width=\"1024\" height=\"683\" data-id=\"4659\" src=\"https:\/\/www.amante-menden.de\/wordpress\/wp-content\/uploads\/2023\/06\/MGV_230512_0132-1-1024x683.jpg\" alt=\"\" class=\"wp-image-4659\" srcset=\"https:\/\/www.amante-menden.de\/wordpress\/wp-content\/uploads\/2023\/06\/MGV_230512_0132-1-1024x683.jpg 1024w, https:\/\/www.amante-menden.de\/wordpress\/wp-content\/uploads\/2023\/06\/MGV_230512_0132-1-300x200.jpg 300w, https:\/\/www.amante-menden.de\/wordpress\/wp-content\/uploads\/2023\/06\/MGV_230512_0132-1-768x512.jpg 768w, https:\/\/www.amante-menden.de\/wordpress\/wp-content\/uploads\/2023\/06\/MGV_230512_0132-1-1536x1024.jpg 1536w, https:\/\/www.amante-menden.de\/wordpress\/wp-content\/uploads\/2023\/06\/MGV_230512_0132-1-2048x1365.jpg 2048w\" sizes=\"auto, (max-width: 1024px) 100vw, 1024px\" \/><\/a><\/figure>\n\n\n\n<figure class=\"wp-block-image size-large\"><a href=\"https:\/\/www.amante-menden.de\/wordpress\/wp-content\/uploads\/2023\/06\/MGV_230512_0194.jpg\"><img loading=\"lazy\" decoding=\"async\" width=\"1024\" height=\"683\" data-id=\"4658\" src=\"https:\/\/www.amante-menden.de\/wordpress\/wp-content\/uploads\/2023\/06\/MGV_230512_0194-1024x683.jpg\" alt=\"\" class=\"wp-image-4658\" srcset=\"https:\/\/www.amante-menden.de\/wordpress\/wp-content\/uploads\/2023\/06\/MGV_230512_0194-1024x683.jpg 1024w, https:\/\/www.amante-menden.de\/wordpress\/wp-content\/uploads\/2023\/06\/MGV_230512_0194-300x200.jpg 300w, https:\/\/www.amante-menden.de\/wordpress\/wp-content\/uploads\/2023\/06\/MGV_230512_0194-768x512.jpg 768w, https:\/\/www.amante-menden.de\/wordpress\/wp-content\/uploads\/2023\/06\/MGV_230512_0194-1536x1024.jpg 1536w, https:\/\/www.amante-menden.de\/wordpress\/wp-content\/uploads\/2023\/06\/MGV_230512_0194-2048x1365.jpg 2048w\" sizes=\"auto, (max-width: 1024px) 100vw, 1024px\" \/><\/a><\/figure>\n\n\n\n<figure class=\"wp-block-image size-large\"><a href=\"https:\/\/www.amante-menden.de\/wordpress\/wp-content\/uploads\/2023\/06\/MGV_230512_0216-1024x683-1.jpg\"><img loading=\"lazy\" decoding=\"async\" width=\"1024\" height=\"683\" data-id=\"4656\" src=\"https:\/\/www.amante-menden.de\/wordpress\/wp-content\/uploads\/2023\/06\/MGV_230512_0216-1024x683-1.jpg\" alt=\"\" class=\"wp-image-4656\" srcset=\"https:\/\/www.amante-menden.de\/wordpress\/wp-content\/uploads\/2023\/06\/MGV_230512_0216-1024x683-1.jpg 1024w, https:\/\/www.amante-menden.de\/wordpress\/wp-content\/uploads\/2023\/06\/MGV_230512_0216-1024x683-1-300x200.jpg 300w, https:\/\/www.amante-menden.de\/wordpress\/wp-content\/uploads\/2023\/06\/MGV_230512_0216-1024x683-1-768x512.jpg 768w\" sizes=\"auto, (max-width: 1024px) 100vw, 1024px\" \/><\/a><\/figure>\n\n\n\n<figure class=\"wp-block-image size-large\"><a href=\"https:\/\/www.amante-menden.de\/wordpress\/wp-content\/uploads\/2023\/06\/MGV_230512_0321.jpg\"><img loading=\"lazy\" decoding=\"async\" width=\"1024\" height=\"683\" data-id=\"4660\" src=\"https:\/\/www.amante-menden.de\/wordpress\/wp-content\/uploads\/2023\/06\/MGV_230512_0321-1024x683.jpg\" alt=\"\" class=\"wp-image-4660\" srcset=\"https:\/\/www.amante-menden.de\/wordpress\/wp-content\/uploads\/2023\/06\/MGV_230512_0321-1024x683.jpg 1024w, https:\/\/www.amante-menden.de\/wordpress\/wp-content\/uploads\/2023\/06\/MGV_230512_0321-300x200.jpg 300w, https:\/\/www.amante-menden.de\/wordpress\/wp-content\/uploads\/2023\/06\/MGV_230512_0321-768x512.jpg 768w, https:\/\/www.amante-menden.de\/wordpress\/wp-content\/uploads\/2023\/06\/MGV_230512_0321-1536x1024.jpg 1536w, https:\/\/www.amante-menden.de\/wordpress\/wp-content\/uploads\/2023\/06\/MGV_230512_0321-2048x1365.jpg 2048w\" sizes=\"auto, (max-width: 1024px) 100vw, 1024px\" \/><\/a><\/figure>\n\n\n\n<figure class=\"wp-block-image size-large\"><a href=\"https:\/\/www.amante-menden.de\/wordpress\/wp-content\/uploads\/2023\/06\/20230514_002618-scaled.jpg\"><img loading=\"lazy\" decoding=\"async\" width=\"1024\" height=\"576\" data-id=\"4663\" src=\"https:\/\/www.amante-menden.de\/wordpress\/wp-content\/uploads\/2023\/06\/20230514_002618-1024x576.jpg\" alt=\"\" class=\"wp-image-4663\" srcset=\"https:\/\/www.amante-menden.de\/wordpress\/wp-content\/uploads\/2023\/06\/20230514_002618-1024x576.jpg 1024w, https:\/\/www.amante-menden.de\/wordpress\/wp-content\/uploads\/2023\/06\/20230514_002618-300x169.jpg 300w, https:\/\/www.amante-menden.de\/wordpress\/wp-content\/uploads\/2023\/06\/20230514_002618-768x432.jpg 768w, https:\/\/www.amante-menden.de\/wordpress\/wp-content\/uploads\/2023\/06\/20230514_002618-1536x864.jpg 1536w, https:\/\/www.amante-menden.de\/wordpress\/wp-content\/uploads\/2023\/06\/20230514_002618-2048x1152.jpg 2048w\" sizes=\"auto, (max-width: 1024px) 100vw, 1024px\" \/><\/a><\/figure>\n\n\n\n<figure class=\"wp-block-image size-large\"><a href=\"https:\/\/www.amante-menden.de\/wordpress\/wp-content\/uploads\/2023\/06\/MGV_230512_0343.jpg\"><img loading=\"lazy\" decoding=\"async\" width=\"1024\" height=\"683\" data-id=\"4661\" src=\"https:\/\/www.amante-menden.de\/wordpress\/wp-content\/uploads\/2023\/06\/MGV_230512_0343-1024x683.jpg\" alt=\"\" class=\"wp-image-4661\" srcset=\"https:\/\/www.amante-menden.de\/wordpress\/wp-content\/uploads\/2023\/06\/MGV_230512_0343-1024x683.jpg 1024w, https:\/\/www.amante-menden.de\/wordpress\/wp-content\/uploads\/2023\/06\/MGV_230512_0343-300x200.jpg 300w, https:\/\/www.amante-menden.de\/wordpress\/wp-content\/uploads\/2023\/06\/MGV_230512_0343-768x512.jpg 768w, https:\/\/www.amante-menden.de\/wordpress\/wp-content\/uploads\/2023\/06\/MGV_230512_0343-1536x1024.jpg 1536w, https:\/\/www.amante-menden.de\/wordpress\/wp-content\/uploads\/2023\/06\/MGV_230512_0343-2048x1365.jpg 2048w\" sizes=\"auto, (max-width: 1024px) 100vw, 1024px\" \/><\/a><\/figure>\n\n\n\n<figure class=\"wp-block-image size-large\"><a href=\"https:\/\/www.amante-menden.de\/wordpress\/wp-content\/uploads\/2023\/06\/MGV_230512_0430.jpg\"><img loading=\"lazy\" decoding=\"async\" width=\"1024\" height=\"683\" data-id=\"4662\" src=\"https:\/\/www.amante-menden.de\/wordpress\/wp-content\/uploads\/2023\/06\/MGV_230512_0430-1024x683.jpg\" alt=\"\" class=\"wp-image-4662\" srcset=\"https:\/\/www.amante-menden.de\/wordpress\/wp-content\/uploads\/2023\/06\/MGV_230512_0430-1024x683.jpg 1024w, https:\/\/www.amante-menden.de\/wordpress\/wp-content\/uploads\/2023\/06\/MGV_230512_0430-300x200.jpg 300w, https:\/\/www.amante-menden.de\/wordpress\/wp-content\/uploads\/2023\/06\/MGV_230512_0430-768x512.jpg 768w, https:\/\/www.amante-menden.de\/wordpress\/wp-content\/uploads\/2023\/06\/MGV_230512_0430-1536x1024.jpg 1536w, https:\/\/www.amante-menden.de\/wordpress\/wp-content\/uploads\/2023\/06\/MGV_230512_0430-2048x1366.jpg 2048w\" sizes=\"auto, (max-width: 1024px) 100vw, 1024px\" \/><\/a><\/figure>\n<\/figure>\n\n\n\n<p>Fotos: Leonie H\u00f6hne \u2013 Fotografie<\/p>\n","protected":false},"excerpt":{"rendered":"<p>au\u00dferdem wurde der M\u00e4nnerchor H\u00f6ingen 125 Jahre Fotos: Leonie H\u00f6hne \u2013 Fotografie<\/p>\n","protected":false},"author":1,"featured_media":0,"parent":4558,"menu_order":2305,"comment_status":"closed","ping_status":"closed","template":"","meta":{"footnotes":""},"class_list":["post-4655","page","type-page","status-publish","hentry"],"_links":{"self":[{"href":"https:\/\/www.amante-menden.de\/index.php?rest_route=\/wp\/v2\/pages\/4655","targetHints":{"allow":["GET"]}}],"collection":[{"href":"https:\/\/www.amante-menden.de\/index.php?rest_route=\/wp\/v2\/pages"}],"about":[{"href":"https:\/\/www.amante-menden.de\/index.php?rest_route=\/wp\/v2\/types\/page"}],"author":[{"embeddable":true,"href":"https:\/\/www.amante-menden.de\/index.php?rest_route=\/wp\/v2\/users\/1"}],"replies":[{"embeddable":true,"href":"https:\/\/www.amante-menden.de\/index.php?rest_route=%2Fwp%2Fv2%2Fcomments&post=4655"}],"version-history":[{"count":1,"href":"https:\/\/www.amante-menden.de\/index.php?rest_route=\/wp\/v2\/pages\/4655\/revisions"}],"predecessor-version":[{"id":4664,"href":"https:\/\/www.amante-menden.de\/index.php?rest_route=\/wp\/v2\/pages\/4655\/revisions\/4664"}],"up":[{"embeddable":true,"href":"https:\/\/www.amante-menden.de\/index.php?rest_route=\/wp\/v2\/pages\/4558"}],"wp:attachment":[{"href":"https:\/\/www.amante-menden.de\/index.php?rest_route=%2Fwp%2Fv2%2Fmedia&parent=4655"}],"curies":[{"name":"wp","href":"https:\/\/api.w.org\/{rel}","templated":true}]}}